{"id":16791,"date":"2018-05-03T14:23:33","date_gmt":"2018-05-03T13:23:33","guid":{"rendered":"https:\/\/lottohoy.com\/nejcastejsi-dotazy-k-online-loterii\/eurojackpot-loterie-faq\/"},"modified":"2018-05-03T14:23:33","modified_gmt":"2018-05-03T13:23:33","slug":"eurojackpot-loterie-faq","status":"publish","type":"page","link":"https:\/\/lottohoy.com\/cs\/nejcastejsi-dotazy-k-online-loterii\/eurojackpot-loterie-faq\/","title":{"rendered":"Eurojackpot loterie FAQ"},"content":{"rendered":"<p>Hra Eurojackpot prob\u00edh\u00e1 od roku 2012 a \u00fa\u010dastn\u00ed se j\u00ed 17 evropsk\u00fdch zem\u00ed. Losov\u00e1n\u00ed prob\u00edh\u00e1 ka\u017ed\u00e9 \u00fater\u00fd a p\u00e1tek; tikety si m\u016f\u017eete koupit osobn\u011b i online hrou u n\u00e1s.<\/p>\n<h2><strong>ONCE Eurojackpot loterie<\/strong><\/h2>\n<p>Loterie Eurojackpot ve \u0160pan\u011blsku b\u00fdv\u00e1 spojov\u00e1na s ONCE (N\u00e1rodn\u00ed organizace nevidom\u00fdch ve \u0160pan\u011blsku), proto\u017ee je jednou z organizac\u00ed, kter\u00e9 se na loterii pod\u00edlej\u00ed.<\/p>\n<p>V roce 2005 se v d\u016fsledku rostouc\u00edho \u00fasp\u011bchu <a href=\"https:\/\/lottohoy.com\/play\/euromillions\/\"><strong>loterie Euromiliony<\/strong><\/a>, za\u010dala r\u00fdsovat mo\u017enost vytvo\u0159en\u00ed nov\u00e9 evropsk\u00e9 loterie. K definitivn\u00ed dohod\u011b o spu\u0161t\u011bn\u00ed Eurojackpotu v\u0161ak do\u0161lo a\u017e v <strong>roce 2011<\/strong>.<\/p>\n<p>Dohodu p\u016fvodn\u011b podepsaly N\u011bmecko, D\u00e1nsko, Estonsko, Slovinsko, Finsko a Nizozemsko. Pozd\u011bji se p\u0159ipojila It\u00e1lie a teprve <sup>30<\/sup>. \u010dervna 2012 se p\u0159ipojilo \u0160pan\u011blsko.<\/p>\n<p>V \u00fanoru 2013 se p\u0159ipojily Chorvatsko, Island, Loty\u0161sko, Litva, Norsko a \u0160v\u00e9dsko. V \u0159\u00edjnu 2014 se p\u0159ipojilo Ma\u010farsko a \u010cesk\u00e1 republika, v roce 2015 Slovensko a nakonec v roce 2017 Polsko, aby se tak doplnilo sou\u010dasn\u00fdch <strong>18 zem\u00ed, kter\u00e9 se Eurojackpotu \u00fa\u010dastn\u00ed<\/strong>.<\/p>\n<p>Tato loterie s podobn\u00fdmi vlastnostmi jako Euromiliony se li\u0161\u00ed p\u0159edev\u0161\u00edm t\u00edm, \u017ee omezuje maxim\u00e1ln\u00ed jackpot na <strong>120 milion\u016f eur<\/strong>, na rozd\u00edl od Euromilion\u016f, kter\u00e9 jsou omezeny na 250 milion\u016f.<\/p>\n<h2><strong>Jak hr\u00e1t Eurojackpot online<\/strong><\/h2>\n<p>Hr\u00e1t <strong>loterii Eurojackpot<\/strong> na LottoHoy je opravdu snadn\u00e9. Sta\u010d\u00ed postupovat podle n\u00e1sleduj\u00edc\u00edch krok\u016f:<\/p>\n<ul>\n<li style=\"list-style-type: none;\">\n<ul>\n<li>P\u0159ejd\u011bte na str\u00e1nku <a href=\"https:\/\/lottohoy.com\/play\/eurojackpot\/\"><strong>hr\u00e1t Eurojackpot<\/strong><\/a>.<\/li>\n<li>Vyberte <strong>p\u011bt \u010d\u00edsel<\/strong> od 1 do 50<\/li>\n<li>Vyberte <strong>dv\u011b \u010d\u00edsla<\/strong> od 1 do 10<\/li>\n<li>Prove\u010fte platbu<\/li>\n<li>Po\u010dkejte na dal\u0161\u00ed losov\u00e1n\u00ed Eurojackpotu a mo\u017en\u00e1 se stanete milion\u00e1\u0159em!<\/li>\n<\/ul>\n<\/li>\n<\/ul>\n<p>Nejprve <a href=\"https:\/\/lottohoy.com\/signup\/\">si<\/a> v\u0161ak mus\u00edte <a href=\"https:\/\/lottohoy.com\/signup\/\">otev\u0159\u00edt \u00fa\u010det<\/a> na Lottohoy!<\/p>\n<h2><strong>Kdy se Eurojackpot losuje?<\/strong><\/h2>\n<p>Eurojackpot se losuje v <strong>\u00fater\u00fd a v p\u00e1tek ve 21:00 GMT<\/strong>, a to v Helsink\u00e1ch. V mnoha zem\u00edch se vys\u00edl\u00e1 v p\u0159\u00edm\u00e9m p\u0159enosu, v jin\u00fdch, jako nap\u0159\u00edklad ve \u0160pan\u011blsku, se vys\u00edl\u00e1 v p\u00e1tek od 22:15 hod.<\/p>\n<h2><strong>Cena Eurojackpotu<\/strong><\/h2>\n<p>Ofici\u00e1ln\u00ed cena ka\u017ed\u00e9ho tiketu Eurojackpotu v 16 z 18 zem\u00ed, kter\u00e9 jsou sou\u010d\u00e1st\u00ed t\u00e9to evropsk\u00e9 loterie, je 2 EUR (na Islandu a v Norsku se tato cena po\u010d\u00edt\u00e1 v jejich m\u011bn\u00e1ch).<\/p>\n<p>Na LottoHoy.com m\u016f\u017eete hr\u00e1t Eurojackpot od 3,5 \u20ac (pravd\u011bpodobn\u011b nejni\u017e\u0161\u00ed cena ve srovn\u00e1n\u00ed s ostatn\u00edmi online loterijn\u00edmi platformami).<\/p>\n<p><strong>Eurojackpot Cena <\/strong>2 \u20ac<\/p>\n<p><strong>Eurojackpot Cena online <\/strong>3,50 \u20ac<\/p>\n<h2>Eurojackpot vs. ostatn\u00ed loterie<\/h2>\n<p>Pokud se pod\u00edv\u00e1te na n\u00ed\u017ee uvedenou tabulku, zjist\u00edte, <strong>pro\u010d je Eurojackpot<\/strong> mezi loterijn\u00edmi nad\u0161enci <strong>tak zn\u00e1m\u00fd<\/strong>.<\/p>\n<p><b>Loterie Cena online Cena Jackpot Kurzy<\/b><\/p>\n<p>Eurojackpot 2,00 \u20ac 3,00 \u20ac 120 000 000 \u20ac 1 ku 95 344 200 \u20ac<\/p>\n<p>Euromiliony 2,50 \u20ac 3,30 \u20ac 250 000 000 \u20ac 1 ku 139 838 160 \u20ac<\/p>\n<p>SuperEnalotto 1,00 \u20ac 3,00 \u20ac Bez limitu 1 v 622.614.630<\/p>\n<p>PowerBall US 2,00 $ 3,00 \u20ac Bez limitu 1 v 292.201.338<\/p>\n<p>MegaMillions 2,00 $ 3,00 \u20ac Bez limitu 1 v 302.575.350<\/p>\n<p>La Primitiva 1,00 \u20ac 2,00 \u20ac Bez limitu 1 v 139.838.160<\/p>\n<p>PowerBall AU 1,20 $ 1,50 \u20ac Bez limitu 1 v 134.490.400<\/p>\n<p>UK Lottery 2,00 \u00a3 4,00 \u20ac 22.000.000 \u00a3 1 v 45.057.474<\/p>\n<p>Eurojackpot nab\u00edz\u00ed nejen mo\u017enost vyhr\u00e1t <a href=\"https:\/\/lottohoy.com\/jackpots\/\">velk\u00e9 jackpoty<\/a>, ale tak\u00e9 jedny z <strong>nejlep\u0161\u00edch kurz\u016f ve<\/strong> srovn\u00e1n\u00ed s ostatn\u00edmi loteriemi.<\/p>\n<h2><strong>\u0160ance na v\u00fdhru v Eurojackpotu<\/strong><\/h2>\n<p>Sestavili jsme aktu\u00e1ln\u00ed pravd\u011bpodobnost v\u00fdhry v jednotliv\u00fdch kategori\u00edch cen. Na <a href=\"https:\/\/lottohoy.com\/results\/eurojackpot\/\">v\u00fdsledc\u00edch Eurojackpotu<\/a> si m\u016f\u017eete prohl\u00e9dnout tak\u00e9 % \u010d\u00e1stky ur\u010den\u00e9 na rozd\u011blen\u00e9 v\u00fdhry a odhadovanou v\u00fd\u0161i pen\u011bz pro ka\u017edou \u00farove\u0148.<\/p>\n","protected":false},"excerpt":{"rendered":"<p>Hra Eurojackpot prob\u00edh\u00e1 od roku 2012 a \u00fa\u010dastn\u00ed se j\u00ed 17 evropsk\u00fdch zem\u00ed. Losov\u00e1n\u00ed prob\u00edh\u00e1 ka\u017ed\u00e9 \u00fater\u00fd a p\u00e1tek; tikety si m\u016f\u017eete koupit osobn\u011b i online hrou u n\u00e1s. ONCE Eurojackpot loterie Loterie Eurojackpot ve \u0160pan\u011blsku b\u00fdv\u00e1 spojov\u00e1na s ONCE (N\u00e1rodn\u00ed organizace nevidom\u00fdch ve \u0160pan\u011blsku), proto\u017ee je jednou z organizac\u00ed, kter\u00e9 se na loterii pod\u00edlej\u00ed. [&hellip;]<\/p>\n","protected":false},"author":2,"featured_media":0,"parent":16747,"menu_order":4,"comment_status":"closed","ping_status":"closed","template":"eurojackpot-info.php","meta":{"_et_pb_use_builder":"","_et_pb_old_content":"","_et_gb_content_width":"","exclude_from_search":false,"footnotes":""},"class_list":["post-16791","page","type-page","status-publish","hentry"],"yoast_head":"<!-- This site is optimized with the Yoast SEO plugin v23.7 - https:\/\/yoast.com\/wordpress\/plugins\/seo\/ -->\n<title>\u25b7 Eurojackpot online\u3010Hr\u00e1t online loterii\u3011- Lottohoy<\/title>\n<meta name=\"description\" content=\"Eurojackpot je d\u00edky sv\u00fdm obrovsk\u00fdm jackpot\u016fm jednou z nejlep\u0161\u00edch loteri\u00ed. Po\u0159i\u010fte si sv\u016fj tiket hned a z\u00fa\u010dastn\u011bte se p\u0159\u00ed\u0161t\u00edho losov\u00e1n\u00ed!\" \/>\n<meta name=\"robots\" content=\"index, follow, max-snippet:-1, max-image-preview:large, max-video-preview:-1\" \/>\n<link rel=\"canonical\" href=\"https:\/\/lottohoy.com\/cs\/nejcastejsi-dotazy-k-online-loterii\/eurojackpot-loterie-faq\/\" \/>\n<meta property=\"og:locale\" content=\"cs_CZ\" \/>\n<meta property=\"og:type\" content=\"article\" \/>\n<meta property=\"og:title\" content=\"\u25b7 Eurojackpot online\u3010Hr\u00e1t online loterii\u3011- Lottohoy\" \/>\n<meta property=\"og:description\" content=\"Eurojackpot je d\u00edky sv\u00fdm obrovsk\u00fdm jackpot\u016fm jednou z nejlep\u0161\u00edch loteri\u00ed. Po\u0159i\u010fte si sv\u016fj tiket hned a z\u00fa\u010dastn\u011bte se p\u0159\u00ed\u0161t\u00edho losov\u00e1n\u00ed!\" \/>\n<meta property=\"og:url\" content=\"https:\/\/lottohoy.com\/cs\/nejcastejsi-dotazy-k-online-loterii\/eurojackpot-loterie-faq\/\" \/>\n<meta property=\"og:site_name\" content=\"Lottohoy\" \/>\n<meta name=\"twitter:card\" content=\"summary_large_image\" \/>\n<meta name=\"twitter:label1\" content=\"Odhadovan\u00e1 doba \u010dten\u00ed\" \/>\n\t<meta name=\"twitter:data1\" content=\"3 minuty\" \/>\n<script type=\"application\/ld+json\" class=\"yoast-schema-graph\">{\"@context\":\"https:\/\/schema.org\",\"@graph\":[{\"@type\":\"WebPage\",\"@id\":\"https:\/\/lottohoy.com\/cs\/nejcastejsi-dotazy-k-online-loterii\/eurojackpot-loterie-faq\/\",\"url\":\"https:\/\/lottohoy.com\/cs\/nejcastejsi-dotazy-k-online-loterii\/eurojackpot-loterie-faq\/\",\"name\":\"\u25b7 Eurojackpot online\u3010Hr\u00e1t online loterii\u3011- Lottohoy\",\"isPartOf\":{\"@id\":\"https:\/\/lottohoy.com\/cs\/#website\"},\"datePublished\":\"2018-05-03T13:23:33+00:00\",\"dateModified\":\"2018-05-03T13:23:33+00:00\",\"description\":\"Eurojackpot je d\u00edky sv\u00fdm obrovsk\u00fdm jackpot\u016fm jednou z nejlep\u0161\u00edch loteri\u00ed. Po\u0159i\u010fte si sv\u016fj tiket hned a z\u00fa\u010dastn\u011bte se p\u0159\u00ed\u0161t\u00edho losov\u00e1n\u00ed!\",\"breadcrumb\":{\"@id\":\"https:\/\/lottohoy.com\/cs\/nejcastejsi-dotazy-k-online-loterii\/eurojackpot-loterie-faq\/#breadcrumb\"},\"inLanguage\":\"cs\",\"potentialAction\":[{\"@type\":\"ReadAction\",\"target\":[\"https:\/\/lottohoy.com\/cs\/nejcastejsi-dotazy-k-online-loterii\/eurojackpot-loterie-faq\/\"]}]},{\"@type\":\"BreadcrumbList\",\"@id\":\"https:\/\/lottohoy.com\/cs\/nejcastejsi-dotazy-k-online-loterii\/eurojackpot-loterie-faq\/#breadcrumb\",\"itemListElement\":[{\"@type\":\"ListItem\",\"position\":1,\"name\":\"Home\",\"item\":\"https:\/\/lottohoy.com\/cs\/\"},{\"@type\":\"ListItem\",\"position\":2,\"name\":\"Informace o loterii\",\"item\":\"https:\/\/lottohoy.com\/cs\/nejcastejsi-dotazy-k-online-loterii\/\"},{\"@type\":\"ListItem\",\"position\":3,\"name\":\"Eurojackpot loterie FAQ\"}]},{\"@type\":\"WebSite\",\"@id\":\"https:\/\/lottohoy.com\/cs\/#website\",\"url\":\"https:\/\/lottohoy.com\/cs\/\",\"name\":\"Lottohoy\",\"description\":\"\",\"potentialAction\":[{\"@type\":\"SearchAction\",\"target\":{\"@type\":\"EntryPoint\",\"urlTemplate\":\"https:\/\/lottohoy.com\/cs\/?s={search_term_string}\"},\"query-input\":{\"@type\":\"PropertyValueSpecification\",\"valueRequired\":true,\"valueName\":\"search_term_string\"}}],\"inLanguage\":\"cs\"}]}<\/script>\n<!-- \/ Yoast SEO plugin. -->","yoast_head_json":{"title":"\u25b7 Eurojackpot online\u3010Hr\u00e1t online loterii\u3011- Lottohoy","description":"Eurojackpot je d\u00edky sv\u00fdm obrovsk\u00fdm jackpot\u016fm jednou z nejlep\u0161\u00edch loteri\u00ed. Po\u0159i\u010fte si sv\u016fj tiket hned a z\u00fa\u010dastn\u011bte se p\u0159\u00ed\u0161t\u00edho losov\u00e1n\u00ed!","robots":{"index":"index","follow":"follow","max-snippet":"max-snippet:-1","max-image-preview":"max-image-preview:large","max-video-preview":"max-video-preview:-1"},"canonical":"https:\/\/lottohoy.com\/cs\/nejcastejsi-dotazy-k-online-loterii\/eurojackpot-loterie-faq\/","og_locale":"cs_CZ","og_type":"article","og_title":"\u25b7 Eurojackpot online\u3010Hr\u00e1t online loterii\u3011- Lottohoy","og_description":"Eurojackpot je d\u00edky sv\u00fdm obrovsk\u00fdm jackpot\u016fm jednou z nejlep\u0161\u00edch loteri\u00ed. Po\u0159i\u010fte si sv\u016fj tiket hned a z\u00fa\u010dastn\u011bte se p\u0159\u00ed\u0161t\u00edho losov\u00e1n\u00ed!","og_url":"https:\/\/lottohoy.com\/cs\/nejcastejsi-dotazy-k-online-loterii\/eurojackpot-loterie-faq\/","og_site_name":"Lottohoy","twitter_card":"summary_large_image","twitter_misc":{"Odhadovan\u00e1 doba \u010dten\u00ed":"3 minuty"},"schema":{"@context":"https:\/\/schema.org","@graph":[{"@type":"WebPage","@id":"https:\/\/lottohoy.com\/cs\/nejcastejsi-dotazy-k-online-loterii\/eurojackpot-loterie-faq\/","url":"https:\/\/lottohoy.com\/cs\/nejcastejsi-dotazy-k-online-loterii\/eurojackpot-loterie-faq\/","name":"\u25b7 Eurojackpot online\u3010Hr\u00e1t online loterii\u3011- Lottohoy","isPartOf":{"@id":"https:\/\/lottohoy.com\/cs\/#website"},"datePublished":"2018-05-03T13:23:33+00:00","dateModified":"2018-05-03T13:23:33+00:00","description":"Eurojackpot je d\u00edky sv\u00fdm obrovsk\u00fdm jackpot\u016fm jednou z nejlep\u0161\u00edch loteri\u00ed. Po\u0159i\u010fte si sv\u016fj tiket hned a z\u00fa\u010dastn\u011bte se p\u0159\u00ed\u0161t\u00edho losov\u00e1n\u00ed!","breadcrumb":{"@id":"https:\/\/lottohoy.com\/cs\/nejcastejsi-dotazy-k-online-loterii\/eurojackpot-loterie-faq\/#breadcrumb"},"inLanguage":"cs","potentialAction":[{"@type":"ReadAction","target":["https:\/\/lottohoy.com\/cs\/nejcastejsi-dotazy-k-online-loterii\/eurojackpot-loterie-faq\/"]}]},{"@type":"BreadcrumbList","@id":"https:\/\/lottohoy.com\/cs\/nejcastejsi-dotazy-k-online-loterii\/eurojackpot-loterie-faq\/#breadcrumb","itemListElement":[{"@type":"ListItem","position":1,"name":"Home","item":"https:\/\/lottohoy.com\/cs\/"},{"@type":"ListItem","position":2,"name":"Informace o loterii","item":"https:\/\/lottohoy.com\/cs\/nejcastejsi-dotazy-k-online-loterii\/"},{"@type":"ListItem","position":3,"name":"Eurojackpot loterie FAQ"}]},{"@type":"WebSite","@id":"https:\/\/lottohoy.com\/cs\/#website","url":"https:\/\/lottohoy.com\/cs\/","name":"Lottohoy","description":"","potentialAction":[{"@type":"SearchAction","target":{"@type":"EntryPoint","urlTemplate":"https:\/\/lottohoy.com\/cs\/?s={search_term_string}"},"query-input":{"@type":"PropertyValueSpecification","valueRequired":true,"valueName":"search_term_string"}}],"inLanguage":"cs"}]}},"_links":{"self":[{"href":"https:\/\/lottohoy.com\/cs\/wp-json\/wp\/v2\/pages\/16791","targetHints":{"allow":["GET"]}}],"collection":[{"href":"https:\/\/lottohoy.com\/cs\/wp-json\/wp\/v2\/pages"}],"about":[{"href":"https:\/\/lottohoy.com\/cs\/wp-json\/wp\/v2\/types\/page"}],"author":[{"embeddable":true,"href":"https:\/\/lottohoy.com\/cs\/wp-json\/wp\/v2\/users\/2"}],"replies":[{"embeddable":true,"href":"https:\/\/lottohoy.com\/cs\/wp-json\/wp\/v2\/comments?post=16791"}],"version-history":[{"count":0,"href":"https:\/\/lottohoy.com\/cs\/wp-json\/wp\/v2\/pages\/16791\/revisions"}],"up":[{"embeddable":true,"href":"https:\/\/lottohoy.com\/cs\/wp-json\/wp\/v2\/pages\/16747"}],"wp:attachment":[{"href":"https:\/\/lottohoy.com\/cs\/wp-json\/wp\/v2\/media?parent=16791"}],"curies":[{"name":"wp","href":"https:\/\/api.w.org\/{rel}","templated":true}]}}