{"id":16789,"date":"2018-05-03T14:23:36","date_gmt":"2018-05-03T13:23:36","guid":{"rendered":"https:\/\/lottohoy.com\/nejcastejsi-dotazy-k-online-loterii\/nejcastejsi-dotazy-k-loterii-ve-velke-britanii\/"},"modified":"2018-05-03T14:23:36","modified_gmt":"2018-05-03T13:23:36","slug":"nejcastejsi-dotazy-k-loterii-ve-velke-britanii","status":"publish","type":"page","link":"https:\/\/lottohoy.com\/cs\/nejcastejsi-dotazy-k-online-loterii\/nejcastejsi-dotazy-k-loterii-ve-velke-britanii\/","title":{"rendered":"Nej\u010dast\u011bj\u0161\u00ed dotazy k loterii ve Velk\u00e9 Brit\u00e1nii"},"content":{"rendered":"<p>UK Lottery byla zah\u00e1jena v roce 1994. Tato britsk\u00e1 loterie nab\u00edz\u00ed minim\u00e1ln\u00ed jackpot ve v\u00fd\u0161i 2 500 000 liber.<\/p>\n<p>Rem\u00edzy se konaj\u00ed ve st\u0159edu a v sobotu.<\/p>\n<h2><strong>Co je UK Lotto?<\/strong><\/h2>\n<p>Lotto UK je n\u00e1rodn\u00ed loterie Spojen\u00e9ho kr\u00e1lovstv\u00ed. I Vznikla v roce 1994 a od t\u00e9 doby z\u00e1jem o ni roste.<\/p>\n<p>M\u00ed\u010dky, kter\u00e9 ur\u010duj\u00ed v\u00fdhern\u00ed kombinace, jich\u017e je celkem 59, jsou rozd\u011bleny do barev tak, \u017ee ka\u017ed\u00e1 sekvence deseti \u010d\u00edsel m\u00e1 jinou barvu (1 a\u017e 9 jsou b\u00edl\u00e9, 10 a\u017e 19 modr\u00e9, d\u00e1le r\u016f\u017eov\u00e9, zelen\u00e9, \u017elut\u00e9 a fialov\u00e9 ).<\/p>\n<p>Losov\u00e1n\u00ed spo\u010d\u00edv\u00e1 ve vyt\u011b\u017een\u00ed \u0161esti m\u00ed\u010dk\u016f + sedm\u00e9ho jako \u201ebonusu\u201c, ka\u017ed\u00fd s\u00e1zkov\u00fd tiket m\u00e1 p\u0159ipojen\u00fd k\u00f3d z p\u00edsmen a \u010d\u00edsel, kter\u00fd umo\u017e\u0148uje \u00fa\u010dastnit se milion\u00e1\u0159sk\u00e9 tomboly zdarma, ve fyzick\u00e9 spr\u00e1v\u011b.<\/p>\n<p>Minim\u00e1ln\u00ed garantovan\u00fd jackpot je 2 500 000 liber, zat\u00edmco maxim\u00e1ln\u00ed, kter\u00e9ho lze dos\u00e1hnout p\u0159i r\u016fzn\u00fdch p\u0159et\u00e1\u010den\u00edch, je 22 milion\u016f liber.<\/p>\n<p>Existuje \u0161est cenov\u00fdch kategori\u00ed pro <a href=\"https:\/\/lottohoy.com\/results\/lotto-uk\/\">v\u00fdsledky UK lotto<\/a>:<\/p>\n<ul>\n<li>Prvn\u00ed kategorie: Uhodnut\u00edm 6 \u010d\u00edsel vylosovan\u00e9 kombinace.<\/li>\n<li>Druh\u00e1 kategorie: Uhodnut\u00edm 5 \u010d\u00edsel + bonusov\u00e9ho m\u00ed\u010dku z\u00edsk\u00e1te odhadovanou v\u00fdhru 50 000 liber.<\/li>\n<li>T\u0159et\u00ed kategorie: Uhodnut\u00edm p\u011bti \u010d\u00edsel vyhrajete odhadovanou v\u00fdhru 1 000 liber.<\/li>\n<li>\u010ctvrt\u00e1 kategorie: Uhodnete-li \u010dty\u0159i \u010d\u00edsla, vyhr\u00e1v\u00e1te odhadovanou v\u00fdhru 100 liber.<\/li>\n<li>P\u00e1t\u00e1 kategorie: Uhodnut\u00edm t\u0159\u00ed \u010d\u00edsel vyhrajete 25 liber.<\/li>\n<li>\u0160est\u00e1 kategorie: Uhodnete-li dv\u011b \u010d\u00edsla, vyhrajete bezplatn\u00fd los Lucky Lotto.<\/li>\n<\/ul>\n<h2><strong>Jak hr\u00e1t britsk\u00e9 Lotto?<\/strong><\/h2>\n<p>Hr\u00e1t UK Lotto na LottoHoy.com je velmi snadn\u00e9. I Pokud ji\u017e m\u00e1te u\u017eivatelsk\u00fd \u00fa\u010det, sta\u010d\u00ed naj\u00edt str\u00e1nku Lotto UK, uzav\u0159\u00edt po\u017eadovan\u00e9 s\u00e1zky a p\u0159ej\u00edt k platb\u011b.<\/p>\n<p>Ti, kte\u0159\u00ed je\u0161t\u011b nemaj\u00ed u\u017eivatelsk\u00fd \u00fa\u010det, se mohou zaregistrovat b\u011bhem n\u011bkolika sekund ;postup vstupu je stejn\u00fd.<\/p>\n<p>Jakmile se ocitnete na str\u00e1nce hry Lotto UK, uvid\u00edte p\u011bt blok\u016f nebo sloupc\u016f s pol\u00ed\u010dky o\u010d\u00edslovan\u00fdmi 1 a\u017e 59. Pokud chcete uzav\u0159\u00edt jednu s\u00e1zku, mus\u00edte vybrat \u0161est \u010d\u00edsel z prvn\u00edho sloupce (jeden tiket).<\/p>\n<p>Pokud chcete hr\u00e1t ve v\u00edce sloupc\u00edch, zobraz\u00ed se na t\u00e9to str\u00e1nce a\u017e p\u011bt sloupc\u016f, ale kliknut\u00edm na \u010dtvere\u010dek s n\u00e1pisem MORE LINES (V\u00cdCE L\u00cdSTK\u016e) m\u00e1te mo\u017enost m\u00edt tolik tiket\u016f, kolik chcete.<\/p>\n<p>Jakmile se rozhodnete, klikn\u011bte na tla\u010d\u00edtko CONTINUE a prove\u010fte platbu.<\/p>\n<h2><strong>Kolik stoj\u00ed tikety UK Lotto?<\/strong><\/h2>\n<p>Na LottoHoy si m\u016f\u017eete zakoupit tikety britsk\u00e9 loterie od po\u010d\u00e1te\u010dn\u00ed ceny 4,75 \u20ac.<\/p>\n<h2><strong>Pravd\u011bpodobnost v\u00fdhry v UK Lotto<\/strong><\/h2>\n<p>V\u0161ichni chceme p\u0159i <a href=\"https:\/\/lottohoy.com\/play\/lotto-uk\/\"><strong>hran\u00ed UK Lotto<\/strong><\/a> vyhr\u00e1t co nejv\u00edce pen\u011bz . V n\u00e1sleduj\u00edc\u00ed tabulce si m\u016f\u017eete ov\u011b\u0159it, jak\u00e1 je pravd\u011bpodobnost, \u017ee vyhrajete n\u011bkterou z cen.<\/p>\n","protected":false},"excerpt":{"rendered":"<p>UK Lottery byla zah\u00e1jena v roce 1994. Tato britsk\u00e1 loterie nab\u00edz\u00ed minim\u00e1ln\u00ed jackpot ve v\u00fd\u0161i 2 500 000 liber. Rem\u00edzy se konaj\u00ed ve st\u0159edu a v sobotu. Co je UK Lotto? Lotto UK je n\u00e1rodn\u00ed loterie Spojen\u00e9ho kr\u00e1lovstv\u00ed. I Vznikla v roce 1994 a od t\u00e9 doby z\u00e1jem o ni roste. M\u00ed\u010dky, kter\u00e9 ur\u010duj\u00ed v\u00fdhern\u00ed [&hellip;]<\/p>\n","protected":false},"author":2,"featured_media":0,"parent":16747,"menu_order":3,"comment_status":"closed","ping_status":"closed","template":"lotto-uk-info.php","meta":{"_et_pb_use_builder":"","_et_pb_old_content":"","_et_gb_content_width":"","exclude_from_search":false,"footnotes":""},"class_list":["post-16789","page","type-page","status-publish","hentry"],"yoast_head":"<!-- This site is optimized with the Yoast SEO plugin v23.7 - https:\/\/yoast.com\/wordpress\/plugins\/seo\/ -->\n<title>\u25b7 UK Lottery | Jak hr\u00e1t, jackpoty, ceny - Lottohoy<\/title>\n<meta name=\"description\" content=\"Lotto UK je jednou z nejobl\u00edben\u011bj\u0161\u00edch loteri\u00ed. Vyberte si sv\u00e1 obl\u00edben\u00e1 \u010d\u00edsla a po\u0159i\u010fte si tiket hned te\u010f. \u010cekaj\u00ed na v\u00e1s obrovsk\u00e9 jackpoty.\" \/>\n<meta name=\"robots\" content=\"index, follow, max-snippet:-1, max-image-preview:large, max-video-preview:-1\" \/>\n<link rel=\"canonical\" href=\"https:\/\/lottohoy.com\/cs\/nejcastejsi-dotazy-k-online-loterii\/nejcastejsi-dotazy-k-loterii-ve-velke-britanii\/\" \/>\n<meta property=\"og:locale\" content=\"cs_CZ\" \/>\n<meta property=\"og:type\" content=\"article\" \/>\n<meta property=\"og:title\" content=\"\u25b7 UK Lottery | Jak hr\u00e1t, jackpoty, ceny - Lottohoy\" \/>\n<meta property=\"og:description\" content=\"Lotto UK je jednou z nejobl\u00edben\u011bj\u0161\u00edch loteri\u00ed. Vyberte si sv\u00e1 obl\u00edben\u00e1 \u010d\u00edsla a po\u0159i\u010fte si tiket hned te\u010f. \u010cekaj\u00ed na v\u00e1s obrovsk\u00e9 jackpoty.\" \/>\n<meta property=\"og:url\" content=\"https:\/\/lottohoy.com\/cs\/nejcastejsi-dotazy-k-online-loterii\/nejcastejsi-dotazy-k-loterii-ve-velke-britanii\/\" \/>\n<meta property=\"og:site_name\" content=\"Lottohoy\" \/>\n<meta name=\"twitter:card\" content=\"summary_large_image\" \/>\n<meta name=\"twitter:label1\" content=\"Odhadovan\u00e1 doba \u010dten\u00ed\" \/>\n\t<meta name=\"twitter:data1\" content=\"2 minuty\" \/>\n<script type=\"application\/ld+json\" class=\"yoast-schema-graph\">{\"@context\":\"https:\/\/schema.org\",\"@graph\":[{\"@type\":\"WebPage\",\"@id\":\"https:\/\/lottohoy.com\/cs\/nejcastejsi-dotazy-k-online-loterii\/nejcastejsi-dotazy-k-loterii-ve-velke-britanii\/\",\"url\":\"https:\/\/lottohoy.com\/cs\/nejcastejsi-dotazy-k-online-loterii\/nejcastejsi-dotazy-k-loterii-ve-velke-britanii\/\",\"name\":\"\u25b7 UK Lottery | Jak hr\u00e1t, jackpoty, ceny - Lottohoy\",\"isPartOf\":{\"@id\":\"https:\/\/lottohoy.com\/cs\/#website\"},\"datePublished\":\"2018-05-03T13:23:36+00:00\",\"dateModified\":\"2018-05-03T13:23:36+00:00\",\"description\":\"Lotto UK je jednou z nejobl\u00edben\u011bj\u0161\u00edch loteri\u00ed. Vyberte si sv\u00e1 obl\u00edben\u00e1 \u010d\u00edsla a po\u0159i\u010fte si tiket hned te\u010f. \u010cekaj\u00ed na v\u00e1s obrovsk\u00e9 jackpoty.\",\"breadcrumb\":{\"@id\":\"https:\/\/lottohoy.com\/cs\/nejcastejsi-dotazy-k-online-loterii\/nejcastejsi-dotazy-k-loterii-ve-velke-britanii\/#breadcrumb\"},\"inLanguage\":\"cs\",\"potentialAction\":[{\"@type\":\"ReadAction\",\"target\":[\"https:\/\/lottohoy.com\/cs\/nejcastejsi-dotazy-k-online-loterii\/nejcastejsi-dotazy-k-loterii-ve-velke-britanii\/\"]}]},{\"@type\":\"BreadcrumbList\",\"@id\":\"https:\/\/lottohoy.com\/cs\/nejcastejsi-dotazy-k-online-loterii\/nejcastejsi-dotazy-k-loterii-ve-velke-britanii\/#breadcrumb\",\"itemListElement\":[{\"@type\":\"ListItem\",\"position\":1,\"name\":\"Home\",\"item\":\"https:\/\/lottohoy.com\/cs\/\"},{\"@type\":\"ListItem\",\"position\":2,\"name\":\"Informace o loterii\",\"item\":\"https:\/\/lottohoy.com\/cs\/nejcastejsi-dotazy-k-online-loterii\/\"},{\"@type\":\"ListItem\",\"position\":3,\"name\":\"Nej\u010dast\u011bj\u0161\u00ed dotazy k loterii ve Velk\u00e9 Brit\u00e1nii\"}]},{\"@type\":\"WebSite\",\"@id\":\"https:\/\/lottohoy.com\/cs\/#website\",\"url\":\"https:\/\/lottohoy.com\/cs\/\",\"name\":\"Lottohoy\",\"description\":\"\",\"potentialAction\":[{\"@type\":\"SearchAction\",\"target\":{\"@type\":\"EntryPoint\",\"urlTemplate\":\"https:\/\/lottohoy.com\/cs\/?s={search_term_string}\"},\"query-input\":{\"@type\":\"PropertyValueSpecification\",\"valueRequired\":true,\"valueName\":\"search_term_string\"}}],\"inLanguage\":\"cs\"}]}<\/script>\n<!-- \/ Yoast SEO plugin. -->","yoast_head_json":{"title":"\u25b7 UK Lottery | Jak hr\u00e1t, jackpoty, ceny - Lottohoy","description":"Lotto UK je jednou z nejobl\u00edben\u011bj\u0161\u00edch loteri\u00ed. Vyberte si sv\u00e1 obl\u00edben\u00e1 \u010d\u00edsla a po\u0159i\u010fte si tiket hned te\u010f. \u010cekaj\u00ed na v\u00e1s obrovsk\u00e9 jackpoty.","robots":{"index":"index","follow":"follow","max-snippet":"max-snippet:-1","max-image-preview":"max-image-preview:large","max-video-preview":"max-video-preview:-1"},"canonical":"https:\/\/lottohoy.com\/cs\/nejcastejsi-dotazy-k-online-loterii\/nejcastejsi-dotazy-k-loterii-ve-velke-britanii\/","og_locale":"cs_CZ","og_type":"article","og_title":"\u25b7 UK Lottery | Jak hr\u00e1t, jackpoty, ceny - Lottohoy","og_description":"Lotto UK je jednou z nejobl\u00edben\u011bj\u0161\u00edch loteri\u00ed. Vyberte si sv\u00e1 obl\u00edben\u00e1 \u010d\u00edsla a po\u0159i\u010fte si tiket hned te\u010f. \u010cekaj\u00ed na v\u00e1s obrovsk\u00e9 jackpoty.","og_url":"https:\/\/lottohoy.com\/cs\/nejcastejsi-dotazy-k-online-loterii\/nejcastejsi-dotazy-k-loterii-ve-velke-britanii\/","og_site_name":"Lottohoy","twitter_card":"summary_large_image","twitter_misc":{"Odhadovan\u00e1 doba \u010dten\u00ed":"2 minuty"},"schema":{"@context":"https:\/\/schema.org","@graph":[{"@type":"WebPage","@id":"https:\/\/lottohoy.com\/cs\/nejcastejsi-dotazy-k-online-loterii\/nejcastejsi-dotazy-k-loterii-ve-velke-britanii\/","url":"https:\/\/lottohoy.com\/cs\/nejcastejsi-dotazy-k-online-loterii\/nejcastejsi-dotazy-k-loterii-ve-velke-britanii\/","name":"\u25b7 UK Lottery | Jak hr\u00e1t, jackpoty, ceny - Lottohoy","isPartOf":{"@id":"https:\/\/lottohoy.com\/cs\/#website"},"datePublished":"2018-05-03T13:23:36+00:00","dateModified":"2018-05-03T13:23:36+00:00","description":"Lotto UK je jednou z nejobl\u00edben\u011bj\u0161\u00edch loteri\u00ed. Vyberte si sv\u00e1 obl\u00edben\u00e1 \u010d\u00edsla a po\u0159i\u010fte si tiket hned te\u010f. \u010cekaj\u00ed na v\u00e1s obrovsk\u00e9 jackpoty.","breadcrumb":{"@id":"https:\/\/lottohoy.com\/cs\/nejcastejsi-dotazy-k-online-loterii\/nejcastejsi-dotazy-k-loterii-ve-velke-britanii\/#breadcrumb"},"inLanguage":"cs","potentialAction":[{"@type":"ReadAction","target":["https:\/\/lottohoy.com\/cs\/nejcastejsi-dotazy-k-online-loterii\/nejcastejsi-dotazy-k-loterii-ve-velke-britanii\/"]}]},{"@type":"BreadcrumbList","@id":"https:\/\/lottohoy.com\/cs\/nejcastejsi-dotazy-k-online-loterii\/nejcastejsi-dotazy-k-loterii-ve-velke-britanii\/#breadcrumb","itemListElement":[{"@type":"ListItem","position":1,"name":"Home","item":"https:\/\/lottohoy.com\/cs\/"},{"@type":"ListItem","position":2,"name":"Informace o loterii","item":"https:\/\/lottohoy.com\/cs\/nejcastejsi-dotazy-k-online-loterii\/"},{"@type":"ListItem","position":3,"name":"Nej\u010dast\u011bj\u0161\u00ed dotazy k loterii ve Velk\u00e9 Brit\u00e1nii"}]},{"@type":"WebSite","@id":"https:\/\/lottohoy.com\/cs\/#website","url":"https:\/\/lottohoy.com\/cs\/","name":"Lottohoy","description":"","potentialAction":[{"@type":"SearchAction","target":{"@type":"EntryPoint","urlTemplate":"https:\/\/lottohoy.com\/cs\/?s={search_term_string}"},"query-input":{"@type":"PropertyValueSpecification","valueRequired":true,"valueName":"search_term_string"}}],"inLanguage":"cs"}]}},"_links":{"self":[{"href":"https:\/\/lottohoy.com\/cs\/wp-json\/wp\/v2\/pages\/16789","targetHints":{"allow":["GET"]}}],"collection":[{"href":"https:\/\/lottohoy.com\/cs\/wp-json\/wp\/v2\/pages"}],"about":[{"href":"https:\/\/lottohoy.com\/cs\/wp-json\/wp\/v2\/types\/page"}],"author":[{"embeddable":true,"href":"https:\/\/lottohoy.com\/cs\/wp-json\/wp\/v2\/users\/2"}],"replies":[{"embeddable":true,"href":"https:\/\/lottohoy.com\/cs\/wp-json\/wp\/v2\/comments?post=16789"}],"version-history":[{"count":0,"href":"https:\/\/lottohoy.com\/cs\/wp-json\/wp\/v2\/pages\/16789\/revisions"}],"up":[{"embeddable":true,"href":"https:\/\/lottohoy.com\/cs\/wp-json\/wp\/v2\/pages\/16747"}],"wp:attachment":[{"href":"https:\/\/lottohoy.com\/cs\/wp-json\/wp\/v2\/media?parent=16789"}],"curies":[{"name":"wp","href":"https:\/\/api.w.org\/{rel}","templated":true}]}}