{"id":16775,"date":"2018-05-03T14:23:33","date_gmt":"2018-05-03T13:23:33","guid":{"rendered":"https:\/\/lottohoy.com\/nejcastejsi-dotazy-k-online-loterii\/euromillions-loterie-faq\/"},"modified":"2018-05-03T14:23:33","modified_gmt":"2018-05-03T13:23:33","slug":"euromillions-loterie-faq","status":"publish","type":"page","link":"https:\/\/lottohoy.com\/cs\/nejcastejsi-dotazy-k-online-loterii\/euromillions-loterie-faq\/","title":{"rendered":"EuroMillions loterie FAQ"},"content":{"rendered":"<h2>Co je Euromiliony?<\/h2>\n<p>Euromiliony je <strong>loterijn\u00ed hra, kter\u00e1<\/strong> se kon\u00e1 ka\u017ed\u00e9 \u00fater\u00fd a p\u00e1tek ve 21:30 v Pa\u0159\u00ed\u017ei. Jedn\u00e1 se o nejv\u00fdznamn\u011bj\u0161\u00ed loterii v Evrop\u011b, proto\u017ee se j\u00ed \u00fa\u010dastn\u00ed nejv\u00edce lid\u00ed a rozd\u011bluje nejvy\u0161\u0161\u00ed v\u00fdhry.<\/p>\n<p>Prvn\u00ed losov\u00e1n\u00ed se uskute\u010dnilo 13. \u00fanora 2004, p\u0159i\u010dem\u017e hlavn\u00edmi po\u0159adateli loterie byly t\u0159i zem\u011b, konkr\u00e9tn\u011b loterijn\u00ed agentury ve Velk\u00e9 Brit\u00e1nii (Nattional Lottery), Francii (La Fran\u00e7aise des Jeux) a \u0160pan\u011blsku (State Lotteries and Gambling). Jen n\u011bkolik m\u011bs\u00edc\u016f po tomto prvn\u00edm losov\u00e1n\u00ed se p\u0159ipojilo dal\u0161\u00edch \u0161est zem\u00ed: Rakousko, Belgie, Irsko, Lucembursko, Portugalsko a \u0160v\u00fdcarsko.<\/p>\n<p>Mluv\u00edme o pom\u011brn\u011b mlad\u00e9 loterii , proto\u017ee vznikla od vzniku m\u011bny EU Euro (\u20ac). V\u00edce ne\u017e deset let se zkoumala mo\u017enost vytvo\u0159en\u00ed spole\u010dn\u00e9 loterie pro 500 milion\u016f obyvatel Evropsk\u00e9 unie.<\/p>\n<p>V t\u00e9to loterii EuroMillions je pro prvn\u00ed kategorii v\u00fdherc\u016f garantov\u00e1na minim\u00e1ln\u00ed v\u00fdhra 20 000 000 \u20ac a v sou\u010dasnosti stanoven\u00e9 <del>maximum a\u017e 190 000 000 \u20ac<\/del> (tato \u010d\u00e1stka byla dosud ud\u011blena <strong>t\u0159ikr\u00e1t<\/strong> ).<\/p>\n<p>V \u00fater\u00fd 4. \u00fanora 2020 vstoup\u00ed v platnost nov\u00e9 zm\u011bny v loterii Euromiliony. Strop, kter\u00fd m\u016f\u017ee dos\u00e1hnout v\u00fd\u0161e v\u00fdhry ur\u010den\u00e9 pro prvn\u00ed kategorii, se zvy\u0161uje na <strong>200 milion\u016f eur<\/strong>, p\u0159i\u010dem\u017e m\u016f\u017ee postupn\u011b dos\u00e1hnout maxim\u00e1ln\u00ed hranice 250 milion\u016f eur. \u00dapravy se t\u00fdkaj\u00ed tak\u00e9 procentn\u00edch pod\u00edl\u016f ur\u010den\u00fdch na v\u00fdhry v jednotliv\u00fdch kategori\u00edch.<\/p>\n<h2>Jak hr\u00e1t Euromiliony?<\/h2>\n<p>P\u0159i h\u0159e Euromillions je t\u0159eba vz\u00edt v \u00favahu t\u0159i d\u016fle\u017eit\u00e9 faktory: Pravidla, kter\u00fdmi se hra \u0159\u00edd\u00ed, v\u00fdhern\u00ed kategorie a rozd\u011blen\u00ed v\u00fdher a \u201ejackpotu\u201c.<\/p>\n<p>V podstat\u011b jde o v\u00fdb\u011br p\u011bti \u010d\u00edsel v rozmez\u00ed 1 a\u017e 50 a dvou hv\u011bzdi\u010dek v rozmez\u00ed 1 a\u017e 12. \u010c\u00edm v\u00edce \u010d\u00edsel a hv\u011bzdi\u010dek spr\u00e1vn\u011b vyberete, t\u00edm vy\u0161\u0161\u00ed bude v\u00fdhra. Je to tak snadn\u00e9!<\/p>\n<p>Kdy\u017e vstoup\u00edte do <strong>sekce Hrajte Euromiliony<\/strong>, zobraz\u00ed se v\u00e1m \u0159\u00e1dek slo\u017een\u00fd z p\u011bti sloupc\u016f, z nich\u017e ka\u017ed\u00fd se skl\u00e1d\u00e1 z 50 pol\u00ed\u010dek o\u010d\u00edslovan\u00fdch od 1 do 50, a druh\u00e1 \u010d\u00e1st, kter\u00e1 se skl\u00e1d\u00e1 z 12 pol\u00ed\u010dek (\u0161\u0165astn\u00fdch hv\u011bzdi\u010dek) o\u010d\u00edslovan\u00fdch od 1 do 12. V tomto \u0159\u00e1dku se zobraz\u00ed i dal\u0161\u00ed \u010d\u00edsla, kter\u00e1 jsou o\u010d\u00edslov\u00e1na od 1 do 12.<\/p>\n<p>Jak vid\u00edte, zpo\u010d\u00e1tku je k dispozici \u0159ada s p\u011bti hern\u00edmi sloupci, v nich\u017e lze uzav\u00edrat s\u00e1zky, ale po\u010det \u0159ad lze roz\u0161\u00ed\u0159it jednoduch\u00fdm kliknut\u00edm na pol\u00ed\u010dko V\u00cdCE \u0158AD.<\/p>\n<p>V ka\u017ed\u00e9 z t\u011bchto tabulek nebo \u0159\u00e1dk\u016f je t\u0159eba prov\u00e9st s\u00e1zky (p\u011bt \u010d\u00edsel a dv\u011b hv\u011bzdy). Krom\u011b toho je lze prov\u00e9st ru\u010dn\u011b, v\u00fdb\u011brem preferovan\u00fdch \u010d\u00edsel, nebo n\u00e1hodn\u011b pomoc\u00ed tla\u010d\u00edtka RYCHL\u00dd V\u00ddB\u011aR, kter\u00e9 se zobraz\u00ed nad ka\u017ed\u00fdm sloupcem.<\/p>\n<p>Jakmile vypln\u00edte v\u0161echny tipy, kter\u00e9 chcete hr\u00e1t, budete moci v prav\u00e9m doln\u00edm rohu konzultovat celkovou \u010d\u00e1stku.<\/p>\n<p>Kliknut\u00edm na pol\u00ed\u010dko CONTINUE se dostanete k potvrzen\u00ed objedn\u00e1vky a proveden\u00ed platby, kde si m\u016f\u017eete vybrat, zda ji provedete sv\u00fdmi d\u0159\u00edve vlo\u017een\u00fdmi prost\u0159edky, nebo n\u011bkterou z v\u00edce ne\u017e <strong>20 platebn\u00edch metod, kter\u00e9<\/strong> nab\u00edz\u00edme.<\/p>\n<h3>Cena s\u00e1zky Euromillions<\/h3>\n<p>Ofici\u00e1ln\u00ed cena jednotliv\u00fdch s\u00e1zek se li\u0161\u00ed v z\u00e1vislosti na zemi a jej\u00ed m\u011bn\u011b. Pro hrubou p\u0159edstavu ji porovn\u00e1v\u00e1me s eurem.<\/p>\n<p>Spole\u010dn\u011b s celkovou v\u00fd\u0161\u00ed s\u00e1zek na Euromiliony byl v n\u011bkter\u00fdch zem\u00edch po\u0159\u00e1daj\u00edc\u00edch tuto loterii zaveden dopln\u011bk: <strong>theMillion<\/strong>.<\/p>\n<p>Toto losov\u00e1n\u00ed se v ka\u017ed\u00e9 z t\u011bchto zem\u00ed kon\u00e1 ka\u017ed\u00fd t\u00fdden, p\u0159i\u010dem\u017e s\u00e1zky se kupuj\u00ed v p\u00e1tek. Jedine\u010dn\u00fd k\u00f3d je poskytov\u00e1n automaticky, a pokud se v\u00fdhern\u00ed \u010d\u00edslo shoduje s va\u0161\u00edm tiketem, vyhrajete 1 000 000 eur bez ohledu na to, zda va\u0161e kombinace byla vylosov\u00e1na, \u010di nikoli.<\/p>\n<h2>Speci\u00e1ln\u00ed losov\u00e1n\u00ed Euromilion\u016f<\/h2>\n<p><strong>Dopl\u0148kov\u00e1 losov\u00e1n\u00ed Euromilion\u016f<\/strong> se konaj\u00ed v r\u016fzn\u00fdch po\u0159adatelsk\u00fdch zem\u00edch. V n\u011bkter\u00fdch p\u0159\u00edpadech se stejnou \u010d\u00e1stkou s\u00e1zek Euromillions, v jin\u00fdch p\u0159\u00edpadech se samostatnou \u010d\u00e1stkou.<\/p>\n<h4><em>\u201eD\u00e9\u0161\u0165 milion\u016f\u201c<\/em><\/h4>\n<p><strong>D\u00e9\u0161\u0165 Euromilion\u016f je slosov\u00e1n\u00ed, <\/strong>ve kter\u00e9m hraj\u00ed v\u0161echny z\u00fa\u010dastn\u011bn\u00e9 zem\u011b a v r\u00e1mci jednoho slosov\u00e1n\u00ed vytvo\u0159\u00ed n\u011bkolik milion\u00e1\u0159\u016f.<\/p>\n<p>V\u00fdherci budou vybr\u00e1ni n\u00e1hodn\u011b ze v\u0161ech tiket\u016f za\u0159azen\u00fdch do slosov\u00e1n\u00ed b\u011bhem t\u00e9to speci\u00e1ln\u00ed akce, kter\u00e1 se bude konat p\u0159i ur\u010den\u00fdch p\u0159\u00edle\u017eitostech v pr\u016fb\u011bhu cel\u00e9ho roku.<\/p>\n<p><b><em>\u201eSuper losov\u00e1n\u00ed\u201c:<\/em><\/b><\/p>\n<p>Tehdy se z\u00fa\u010dastn\u011bn\u00e9 loterijn\u00ed organizace rozhodnou nab\u00eddnout <strong>zvl\u00e1\u0161tn\u00ed garantovan\u00fd fond pro<\/strong> prvn\u00ed kategorii (jackpot), p\u0159\u00edtomn\u00fd v ka\u017ed\u00e9m vyhl\u00e1\u0161en\u00e9m losov\u00e1n\u00ed.<\/p>\n<p>Od roku 2017 se ka\u017edoro\u010dn\u011b konaj\u00ed dv\u011b takov\u00e1 losov\u00e1n\u00ed s v\u00fdhern\u00ed \u010d\u00e1stkou 130 000 000 eur. <strong>Od 1<\/strong><sup><strong>.<\/strong><\/sup><strong>\u00fanora 2020 se budou konat t\u0159i<\/strong>\u201e<strong>super losov\u00e1n\u00ed\u201c ro\u010dn\u011b<\/strong>, p\u0159i\u010dem\u017e se v z\u00e1sad\u011b p\u0159edpokl\u00e1d\u00e1, \u017ee garantovan\u00e1 \u010d\u00e1stka se bude zvy\u0161ovat bez ohledu na hodnotu p\u0159edchoz\u00edho losov\u00e1n\u00ed, a\u0165 u\u017e vyhran\u00e9ho, nebo ne.<\/p>\n<p>V p\u0159\u00edpad\u011b, \u017ee v prvn\u00ed kategorii nebude \u017e\u00e1dn\u00fd v\u00fdherce, bude se jackpot kumulovat pro dal\u0161\u00ed slosov\u00e1n\u00ed, dokud nebude dosa\u017eeno maxim\u00e1ln\u00ed \u010d\u00e1stky 190 000 000 \u20ac.<\/p>\n<h4><em>Speci\u00e1ln\u00ed slosov\u00e1n\u00ed:<\/em><\/h4>\n<p>Tyto slosov\u00e1n\u00ed se naz\u00fdvaj\u00ed tak\u00e9 <strong>Velk\u00fd p\u00e1tek<\/strong>, jedn\u00e1 se o slosov\u00e1n\u00ed s garantovan\u00fdm minim\u00e1ln\u00edm dev\u00edtim\u00edstn\u00fdm jackpotem a funguj\u00ed podle naprosto stejn\u00fdch pravidel jako b\u011b\u017en\u00e1 slosov\u00e1n\u00ed.<\/p>\n<p>Jackpotov\u00fd fond Euromilion\u016f <strong>Velk\u00fd p\u00e1tek<\/strong> se skl\u00e1d\u00e1 ze 4,8 % spole\u010dn\u00e9ho v\u00fdhern\u00edho fondu pro prvn\u00ed kumulace po op\u011btovn\u00e9m spu\u0161t\u011bn\u00ed jackpotu s garantovanou minim\u00e1ln\u00ed \u010d\u00e1stkou. Po dal\u0161\u00edch osmi slosov\u00e1n\u00edch se do Fondu na pos\u00edlen\u00ed v\u00fdhry vypl\u00e1c\u00ed 21 %.<\/p>\n<h3>\u0160ance na v\u00fdhru v sout\u011b\u017ei Euromillion<\/h3>\n<p>N\u00ed\u017ee si m\u016f\u017eete prohl\u00e9dnout tabulku, ve kter\u00e9 jsme shrnuli v\u0161echny \u0161ance na v\u00fdhru v jednotliv\u00fdch kategori\u00edch. Zkombinujte tyto kurzy s nejnov\u011bj\u0161\u00edmi <strong>v\u00fdsledky sout\u011b\u017ee Euromiliony<\/strong> a zvy\u0161te tak sv\u00e9 \u0161ance na v\u00fdhru.<\/p>\n","protected":false},"excerpt":{"rendered":"<p>Co je Euromiliony? Euromiliony je loterijn\u00ed hra, kter\u00e1 se kon\u00e1 ka\u017ed\u00e9 \u00fater\u00fd a p\u00e1tek ve 21:30 v Pa\u0159\u00ed\u017ei. Jedn\u00e1 se o nejv\u00fdznamn\u011bj\u0161\u00ed loterii v Evrop\u011b, proto\u017ee se j\u00ed \u00fa\u010dastn\u00ed nejv\u00edce lid\u00ed a rozd\u011bluje nejvy\u0161\u0161\u00ed v\u00fdhry. Prvn\u00ed losov\u00e1n\u00ed se uskute\u010dnilo 13. \u00fanora 2004, p\u0159i\u010dem\u017e hlavn\u00edmi po\u0159adateli loterie byly t\u0159i zem\u011b, konkr\u00e9tn\u011b loterijn\u00ed agentury ve Velk\u00e9 Brit\u00e1nii [&hellip;]<\/p>\n","protected":false},"author":2,"featured_media":0,"parent":16747,"menu_order":3,"comment_status":"closed","ping_status":"closed","template":"euromillions-at-info.php","meta":{"_et_pb_use_builder":"","_et_pb_old_content":"","_et_gb_content_width":"","exclude_from_search":false,"footnotes":""},"class_list":["post-16775","page","type-page","status-publish","hentry"],"yoast_head":"<!-- This site is optimized with the Yoast SEO plugin v23.7 - https:\/\/yoast.com\/wordpress\/plugins\/seo\/ -->\n<title>\u25b7 Pr\u016fvodce loteri\u00ed Euromillions\u30102021\u3011Jak hr\u00e1t na Lottohoy?<\/title>\n<meta name=\"description\" content=\"Euromillions je nejv\u011bt\u0161\u00ed a nejobl\u00edben\u011bj\u0161\u00ed evropsk\u00e1 loterie. V\u00edce informac\u00ed o pravidlech, rozd\u011blen\u00ed v\u00fdher a p\u0159ehazov\u00e1n\u00ed jackpot\u016f se dozv\u00edte na na\u0161\u00ed str\u00e1nce s nej\u010dast\u011bj\u0161\u00edmi dotazy.\" \/>\n<meta name=\"robots\" content=\"index, follow, max-snippet:-1, max-image-preview:large, max-video-preview:-1\" \/>\n<link rel=\"canonical\" href=\"https:\/\/lottohoy.com\/cs\/nejcastejsi-dotazy-k-online-loterii\/euromillions-loterie-faq\/\" \/>\n<meta property=\"og:locale\" content=\"cs_CZ\" \/>\n<meta property=\"og:type\" content=\"article\" \/>\n<meta property=\"og:title\" content=\"\u25b7 Pr\u016fvodce loteri\u00ed Euromillions\u30102021\u3011Jak hr\u00e1t na Lottohoy?\" \/>\n<meta property=\"og:description\" content=\"Euromillions je nejv\u011bt\u0161\u00ed a nejobl\u00edben\u011bj\u0161\u00ed evropsk\u00e1 loterie. V\u00edce informac\u00ed o pravidlech, rozd\u011blen\u00ed v\u00fdher a p\u0159ehazov\u00e1n\u00ed jackpot\u016f se dozv\u00edte na na\u0161\u00ed str\u00e1nce s nej\u010dast\u011bj\u0161\u00edmi dotazy.\" \/>\n<meta property=\"og:url\" content=\"https:\/\/lottohoy.com\/cs\/nejcastejsi-dotazy-k-online-loterii\/euromillions-loterie-faq\/\" \/>\n<meta property=\"og:site_name\" content=\"Lottohoy\" \/>\n<meta name=\"twitter:card\" content=\"summary_large_image\" \/>\n<meta name=\"twitter:label1\" content=\"Odhadovan\u00e1 doba \u010dten\u00ed\" \/>\n\t<meta name=\"twitter:data1\" content=\"5 minut\" \/>\n<script type=\"application\/ld+json\" class=\"yoast-schema-graph\">{\"@context\":\"https:\/\/schema.org\",\"@graph\":[{\"@type\":\"WebPage\",\"@id\":\"https:\/\/lottohoy.com\/cs\/nejcastejsi-dotazy-k-online-loterii\/euromillions-loterie-faq\/\",\"url\":\"https:\/\/lottohoy.com\/cs\/nejcastejsi-dotazy-k-online-loterii\/euromillions-loterie-faq\/\",\"name\":\"\u25b7 Pr\u016fvodce loteri\u00ed Euromillions\u30102021\u3011Jak hr\u00e1t na Lottohoy?\",\"isPartOf\":{\"@id\":\"https:\/\/lottohoy.com\/cs\/#website\"},\"datePublished\":\"2018-05-03T13:23:33+00:00\",\"dateModified\":\"2018-05-03T13:23:33+00:00\",\"description\":\"Euromillions je nejv\u011bt\u0161\u00ed a nejobl\u00edben\u011bj\u0161\u00ed evropsk\u00e1 loterie. V\u00edce informac\u00ed o pravidlech, rozd\u011blen\u00ed v\u00fdher a p\u0159ehazov\u00e1n\u00ed jackpot\u016f se dozv\u00edte na na\u0161\u00ed str\u00e1nce s nej\u010dast\u011bj\u0161\u00edmi dotazy.\",\"breadcrumb\":{\"@id\":\"https:\/\/lottohoy.com\/cs\/nejcastejsi-dotazy-k-online-loterii\/euromillions-loterie-faq\/#breadcrumb\"},\"inLanguage\":\"cs\",\"potentialAction\":[{\"@type\":\"ReadAction\",\"target\":[\"https:\/\/lottohoy.com\/cs\/nejcastejsi-dotazy-k-online-loterii\/euromillions-loterie-faq\/\"]}]},{\"@type\":\"BreadcrumbList\",\"@id\":\"https:\/\/lottohoy.com\/cs\/nejcastejsi-dotazy-k-online-loterii\/euromillions-loterie-faq\/#breadcrumb\",\"itemListElement\":[{\"@type\":\"ListItem\",\"position\":1,\"name\":\"Home\",\"item\":\"https:\/\/lottohoy.com\/cs\/\"},{\"@type\":\"ListItem\",\"position\":2,\"name\":\"Informace o loterii\",\"item\":\"https:\/\/lottohoy.com\/cs\/nejcastejsi-dotazy-k-online-loterii\/\"},{\"@type\":\"ListItem\",\"position\":3,\"name\":\"EuroMillions loterie FAQ\"}]},{\"@type\":\"WebSite\",\"@id\":\"https:\/\/lottohoy.com\/cs\/#website\",\"url\":\"https:\/\/lottohoy.com\/cs\/\",\"name\":\"Lottohoy\",\"description\":\"\",\"potentialAction\":[{\"@type\":\"SearchAction\",\"target\":{\"@type\":\"EntryPoint\",\"urlTemplate\":\"https:\/\/lottohoy.com\/cs\/?s={search_term_string}\"},\"query-input\":{\"@type\":\"PropertyValueSpecification\",\"valueRequired\":true,\"valueName\":\"search_term_string\"}}],\"inLanguage\":\"cs\"}]}<\/script>\n<!-- \/ Yoast SEO plugin. -->","yoast_head_json":{"title":"\u25b7 Pr\u016fvodce loteri\u00ed Euromillions\u30102021\u3011Jak hr\u00e1t na Lottohoy?","description":"Euromillions je nejv\u011bt\u0161\u00ed a nejobl\u00edben\u011bj\u0161\u00ed evropsk\u00e1 loterie. V\u00edce informac\u00ed o pravidlech, rozd\u011blen\u00ed v\u00fdher a p\u0159ehazov\u00e1n\u00ed jackpot\u016f se dozv\u00edte na na\u0161\u00ed str\u00e1nce s nej\u010dast\u011bj\u0161\u00edmi dotazy.","robots":{"index":"index","follow":"follow","max-snippet":"max-snippet:-1","max-image-preview":"max-image-preview:large","max-video-preview":"max-video-preview:-1"},"canonical":"https:\/\/lottohoy.com\/cs\/nejcastejsi-dotazy-k-online-loterii\/euromillions-loterie-faq\/","og_locale":"cs_CZ","og_type":"article","og_title":"\u25b7 Pr\u016fvodce loteri\u00ed Euromillions\u30102021\u3011Jak hr\u00e1t na Lottohoy?","og_description":"Euromillions je nejv\u011bt\u0161\u00ed a nejobl\u00edben\u011bj\u0161\u00ed evropsk\u00e1 loterie. V\u00edce informac\u00ed o pravidlech, rozd\u011blen\u00ed v\u00fdher a p\u0159ehazov\u00e1n\u00ed jackpot\u016f se dozv\u00edte na na\u0161\u00ed str\u00e1nce s nej\u010dast\u011bj\u0161\u00edmi dotazy.","og_url":"https:\/\/lottohoy.com\/cs\/nejcastejsi-dotazy-k-online-loterii\/euromillions-loterie-faq\/","og_site_name":"Lottohoy","twitter_card":"summary_large_image","twitter_misc":{"Odhadovan\u00e1 doba \u010dten\u00ed":"5 minut"},"schema":{"@context":"https:\/\/schema.org","@graph":[{"@type":"WebPage","@id":"https:\/\/lottohoy.com\/cs\/nejcastejsi-dotazy-k-online-loterii\/euromillions-loterie-faq\/","url":"https:\/\/lottohoy.com\/cs\/nejcastejsi-dotazy-k-online-loterii\/euromillions-loterie-faq\/","name":"\u25b7 Pr\u016fvodce loteri\u00ed Euromillions\u30102021\u3011Jak hr\u00e1t na Lottohoy?","isPartOf":{"@id":"https:\/\/lottohoy.com\/cs\/#website"},"datePublished":"2018-05-03T13:23:33+00:00","dateModified":"2018-05-03T13:23:33+00:00","description":"Euromillions je nejv\u011bt\u0161\u00ed a nejobl\u00edben\u011bj\u0161\u00ed evropsk\u00e1 loterie. V\u00edce informac\u00ed o pravidlech, rozd\u011blen\u00ed v\u00fdher a p\u0159ehazov\u00e1n\u00ed jackpot\u016f se dozv\u00edte na na\u0161\u00ed str\u00e1nce s nej\u010dast\u011bj\u0161\u00edmi dotazy.","breadcrumb":{"@id":"https:\/\/lottohoy.com\/cs\/nejcastejsi-dotazy-k-online-loterii\/euromillions-loterie-faq\/#breadcrumb"},"inLanguage":"cs","potentialAction":[{"@type":"ReadAction","target":["https:\/\/lottohoy.com\/cs\/nejcastejsi-dotazy-k-online-loterii\/euromillions-loterie-faq\/"]}]},{"@type":"BreadcrumbList","@id":"https:\/\/lottohoy.com\/cs\/nejcastejsi-dotazy-k-online-loterii\/euromillions-loterie-faq\/#breadcrumb","itemListElement":[{"@type":"ListItem","position":1,"name":"Home","item":"https:\/\/lottohoy.com\/cs\/"},{"@type":"ListItem","position":2,"name":"Informace o loterii","item":"https:\/\/lottohoy.com\/cs\/nejcastejsi-dotazy-k-online-loterii\/"},{"@type":"ListItem","position":3,"name":"EuroMillions loterie FAQ"}]},{"@type":"WebSite","@id":"https:\/\/lottohoy.com\/cs\/#website","url":"https:\/\/lottohoy.com\/cs\/","name":"Lottohoy","description":"","potentialAction":[{"@type":"SearchAction","target":{"@type":"EntryPoint","urlTemplate":"https:\/\/lottohoy.com\/cs\/?s={search_term_string}"},"query-input":{"@type":"PropertyValueSpecification","valueRequired":true,"valueName":"search_term_string"}}],"inLanguage":"cs"}]}},"_links":{"self":[{"href":"https:\/\/lottohoy.com\/cs\/wp-json\/wp\/v2\/pages\/16775","targetHints":{"allow":["GET"]}}],"collection":[{"href":"https:\/\/lottohoy.com\/cs\/wp-json\/wp\/v2\/pages"}],"about":[{"href":"https:\/\/lottohoy.com\/cs\/wp-json\/wp\/v2\/types\/page"}],"author":[{"embeddable":true,"href":"https:\/\/lottohoy.com\/cs\/wp-json\/wp\/v2\/users\/2"}],"replies":[{"embeddable":true,"href":"https:\/\/lottohoy.com\/cs\/wp-json\/wp\/v2\/comments?post=16775"}],"version-history":[{"count":0,"href":"https:\/\/lottohoy.com\/cs\/wp-json\/wp\/v2\/pages\/16775\/revisions"}],"up":[{"embeddable":true,"href":"https:\/\/lottohoy.com\/cs\/wp-json\/wp\/v2\/pages\/16747"}],"wp:attachment":[{"href":"https:\/\/lottohoy.com\/cs\/wp-json\/wp\/v2\/media?parent=16775"}],"curies":[{"name":"wp","href":"https:\/\/api.w.org\/{rel}","templated":true}]}}