{"id":16751,"date":"2018-05-03T14:23:34","date_gmt":"2018-05-03T13:23:34","guid":{"rendered":"https:\/\/lottohoy.com\/nejcastejsi-dotazy-k-online-loterii\/powerball-loterie-faq\/"},"modified":"2018-05-03T14:23:34","modified_gmt":"2018-05-03T13:23:34","slug":"powerball-loterie-faq","status":"publish","type":"page","link":"https:\/\/lottohoy.com\/cs\/nejcastejsi-dotazy-k-online-loterii\/powerball-loterie-faq\/","title":{"rendered":"Powerball loterie FAQ"},"content":{"rendered":"<p>Powerball je nejv\u00fdznamn\u011bj\u0161\u00ed americkou loteri\u00ed (spolu s <a href=\"https:\/\/lottohoy.com\/play\/mega-millions\/\">MegaMillions<\/a>) Hraje se ve 44 st\u00e1tech, krom\u011b Portorika a Americk\u00fdch Panensk\u00fdch ostrov\u016f. Od nyn\u011bj\u0161ka <a href=\"https:\/\/lottohoy.com\/play\/powerball\/\">si<\/a> m\u016f\u017eete <a href=\"https:\/\/lottohoy.com\/play\/powerball\/\">Powerball koupit<\/a> tak\u00e9 <a href=\"https:\/\/lottohoy.com\/play\/powerball\/\">online<\/a> na LottoHoy.<\/p>\n<h2><strong>Powerball loterie<\/strong><\/h2>\n<p>Nejcharakteristi\u010dt\u011bj\u0161\u00edm rysem loterie Powerball je, \u017ee m\u00e1 po\u010d\u00e1te\u010dn\u00ed <strong>minim\u00e1ln\u00ed jackpot 40 milion\u016f dolar\u016f<\/strong>, kter\u00fd se neomezen\u011b zvy\u0161uje v p\u0159\u00edpad\u011b, \u017ee v prvn\u00ed kategorii nen\u00ed \u017e\u00e1dn\u00fd v\u00fdherce.<\/p>\n<p>V\u00fdherci zvl\u00e1\u0161tn\u00ed kategorie si mohou vybrat, zda si v\u00fdhru vyzvednou najednou (bez dan\u00ed a v\u00fddaj\u016f), nebo ji obdr\u017e\u00ed rozd\u011blenou ve 30 anuit\u00e1ch.<\/p>\n<h2><strong>Jak loterie Powerball funguje?<\/strong><\/h2>\n<p><a href=\"https:\/\/lottohoy.com\/play\/powerball\/\"><strong>Hr\u00e1t Powerball<\/strong><\/a> je tak jednoduch\u00e9, jako vybrat <strong>p\u011bt \u010d\u00edsel<\/strong>v rozmez\u00ed od 1 do 69 b\u00edl\u00fdch m\u00ed\u010dk\u016f a <strong>jedno \u010d\u00edslo<\/strong> v rozmez\u00ed od 1 do 26 \u010derven\u00fdch m\u00ed\u010dk\u016f).<\/p>\n<p><strong>V\u00fdhern\u00ed \u010d\u00edsla<\/strong> se vyb\u00edraj\u00ed pomoc\u00ed dvou kuli\u010dkov\u00fdch automat\u016f. Z prvn\u00edho stroje se vyb\u00edr\u00e1 p\u011bt b\u00edl\u00fdch m\u00ed\u010dk\u016f a z druh\u00e9ho stroje \u010derven\u00e9 m\u00ed\u010dky.<\/p>\n<p>Chcete-li <strong>vyhr\u00e1t v\u00fdhru<\/strong>, mus\u00edte se shodovat alespo\u0148 s \u010d\u00edslem Powerball, to v\u00e1m p\u0159inese nejni\u017e\u0161\u00ed v\u00fdhru. Celkem je k dispozici dev\u011bt v\u00fdhern\u00edch kategori\u00ed podle toho, kolik \u010d\u00edsel jste uhodli.<\/p>\n<h2><strong>Kdy se Powerball losuje?<\/strong><\/h2>\n<p>Ofici\u00e1ln\u00ed slosov\u00e1n\u00ed Powerballu se kon\u00e1 ka\u017ed\u00e9 <strong>pond\u011bl\u00ed,<\/strong> <strong>st\u0159edu a sobotu ve 22:59 SE\u010c<\/strong> na Florid\u011b ve Spojen\u00fdch st\u00e1tech (ve \u010dtvrtek a v ned\u011bli ve 4:59 SE\u010c).<\/p>\n<p>Losov\u00e1n\u00ed se vys\u00edl\u00e1 v televizi pro cel\u00e9 Spojen\u00e9 st\u00e1ty a kr\u00e1tce pot\u00e9, co skon\u010d\u00ed z\u00e1v\u011bre\u010dn\u00e1 kontrola, m\u016f\u017eete v na\u0161\u00ed online platform\u011b vid\u011bt <a href=\"https:\/\/lottohoy.com\/results\/powerball\/\"><strong>v\u00fdsledek ofici\u00e1ln\u00edho losov\u00e1n\u00ed Powerball<\/strong><\/a>.<\/p>\n<h2><strong>Kolik stoj\u00ed tikety Powerball?<\/strong><\/h2>\n<p>Powerball si m\u016f\u017eete zahr\u00e1t online na LottoHoy od 3,95 \u20ac To je <strong>nejlep\u0161\u00ed mo\u017enost, kterou<\/strong> nab\u00edz\u00ed jak\u00fdkoli online zprost\u0159edkovatel.<\/p>\n<p>Nezapome\u0148te, \u017ee hr\u00e1t Powerball na LottoHoy je stejn\u00e9, jako byste ho hr\u00e1li p\u0159\u00edmo v USA. Jedn\u00e1me va\u0161\u00edm jm\u00e9nem, tiket kupujeme od <strong>ofici\u00e1ln\u00edho prodejce<\/strong>, tak\u017ee m\u00e1te t <strong>jistotu, \u017ee<\/strong> obdr\u017e\u00edte svou v\u00fdhru.<\/p>\n<h2><strong>Kde koupit tikety Powerball online?<\/strong><\/h2>\n<p><strong>Tikety Powerball si<\/strong> m\u016f\u017eete <strong>zakoupit<\/strong> na LottoHoy. Na rozd\u00edl od hran\u00ed prost\u0159ednictv\u00edm fyzick\u00fdch prodejn\u00edch m\u00edst m\u00e1 hran\u00ed s mnoho v\u00fdhod. Zde jsou n\u011bkter\u00e9 z nich:<\/p>\n<ul>\n<li style=\"list-style-type: none;\">\n<ul>\n<li>Pohodl\u00ed, \u017ee m\u016f\u017eete <strong>hr\u00e1t kdykoli<\/strong> b\u011bhem dne i noci, 24 hodin denn\u011b, 7 dn\u00ed v t\u00fddnu.<\/li>\n<li>Lze hr\u00e1t z <strong>jak\u00e9hokoli mobiln\u00edho za\u0159\u00edzen\u00ed<\/strong>, tabletu nebo po\u010d\u00edta\u010de.<\/li>\n<li><strong>Kdokoli m\u016f\u017ee hr\u00e1t<\/strong> z libovoln\u00e9 zem\u011bpisn\u00e9 polohy se z\u00e1kladn\u00edm p\u0159ipojen\u00edm k internetu.<\/li>\n<li>Je <strong>100% bezpe\u010dn\u00e1<\/strong>. Tiket je zakoupen p\u0159\u00edmo od autorizovan\u00e9 provozovny (nebo subjektu nab\u00edzej\u00edc\u00edho slu\u017ebu), a <strong>\u00fa\u010dast je<\/strong> tedy <strong>re\u00e1ln\u00e1<\/strong>.<\/li>\n<li><strong>V\u00fdhry jsou<\/strong> po ka\u017ed\u00e9m losov\u00e1n\u00ed <strong>automaticky p\u0159ips\u00e1ny<\/strong> na v\u00e1\u0161 u\u017eivatelsk\u00fd \u00fa\u010det.<\/li>\n<li>V\u0161echny proveden\u00e9 transakce m\u016f\u017eete vid\u011bt ve sv\u00e9m <strong>u\u017eivatelsk\u00e9m profilu<\/strong>.<\/li>\n<li>Vyberte si z <strong>\u0161irok\u00e9 \u0161k\u00e1ly platebn\u00edch metod<\/strong>, p\u0159\u00edjm\u016f a v\u00fdb\u011br\u016f.<\/li>\n<li>\u00a0<\/li>\n<\/ul>\n<\/li>\n<\/ul>\n<h2><strong>Jak\u00e1 \u010d\u00edsla Powerball padaj\u00ed nej\u010dast\u011bji?<\/strong><\/h2>\n<p>Jak v\u00edte, na na\u0161\u00ed str\u00e1nce s <a href=\"https:\/\/lottohoy.com\/results\/powerball\/\"><strong>v\u00fdsledky hry Powerball<\/strong><\/a> m\u00e1me v\u00fdsledky losov\u00e1n\u00ed z posledn\u00edch dvou let. Anal\u00fdza <strong>v\u00fdhern\u00edch \u010d\u00edsel<\/strong> v\u00e1m m\u016f\u017ee pomoci zv\u00fd\u0161it va\u0161e \u0161ance na z\u00edsk\u00e1n\u00ed v\u00fdhry.<\/p>\n<p>Nej\u010dast\u011bji vylosovan\u00e1 \u010d\u00edsla jsou <strong>8, 26, 22, 23 a 36.<\/strong> Naopak nejm\u00e9n\u011b vylosovan\u00e1 \u010d\u00edsla jsou <strong>15, 51, 37, 47, 12, 4 a 24<\/strong>.<\/p>\n<h2><strong>\u0160ance na v\u00fdhru v PowerBall<\/strong><\/h2>\n<p>N\u00ed\u017ee si m\u016f\u017eete prohl\u00e9dnout <strong>pravd\u011bpodobnost v\u00fdhry<\/strong> v jednotliv\u00fdch kategori\u00edch hry Powerball.<\/p>\n","protected":false},"excerpt":{"rendered":"<p>Powerball je nejv\u00fdznamn\u011bj\u0161\u00ed americkou loteri\u00ed (spolu s MegaMillions) Hraje se ve 44 st\u00e1tech, krom\u011b Portorika a Americk\u00fdch Panensk\u00fdch ostrov\u016f. Od nyn\u011bj\u0161ka si m\u016f\u017eete Powerball koupit tak\u00e9 online na LottoHoy. Powerball loterie Nejcharakteristi\u010dt\u011bj\u0161\u00edm rysem loterie Powerball je, \u017ee m\u00e1 po\u010d\u00e1te\u010dn\u00ed minim\u00e1ln\u00ed jackpot 40 milion\u016f dolar\u016f, kter\u00fd se neomezen\u011b zvy\u0161uje v p\u0159\u00edpad\u011b, \u017ee v prvn\u00ed kategorii nen\u00ed [&hellip;]<\/p>\n","protected":false},"author":2,"featured_media":0,"parent":16747,"menu_order":1,"comment_status":"closed","ping_status":"closed","template":"powerball-usa-info.php","meta":{"_et_pb_use_builder":"","_et_pb_old_content":"","_et_gb_content_width":"","exclude_from_search":false,"footnotes":""},"class_list":["post-16751","page","type-page","status-publish","hentry"],"yoast_head":"<!-- This site is optimized with the Yoast SEO plugin v23.7 - https:\/\/yoast.com\/wordpress\/plugins\/seo\/ -->\n<title>\u25b7 Nej\u010dast\u011bj\u0161\u00ed dotazy k Powerballu a pr\u016fvodce online loteri\u00ed | Lottohoy<\/title>\n<meta name=\"description\" content=\"Kompletn\u00ed pr\u016fvodce o Powerballu, jedn\u00e9 z nejobl\u00edben\u011bj\u0161\u00edch loteri\u00ed v Americe. Kupte si nyn\u00ed online tiket Powerball a spl\u0148te si sv\u00e9 sny!\" \/>\n<meta name=\"robots\" content=\"index, follow, max-snippet:-1, max-image-preview:large, max-video-preview:-1\" \/>\n<link rel=\"canonical\" href=\"https:\/\/lottohoy.com\/cs\/nejcastejsi-dotazy-k-online-loterii\/powerball-loterie-faq\/\" \/>\n<meta property=\"og:locale\" content=\"cs_CZ\" \/>\n<meta property=\"og:type\" content=\"article\" \/>\n<meta property=\"og:title\" content=\"\u25b7 Nej\u010dast\u011bj\u0161\u00ed dotazy k Powerballu a pr\u016fvodce online loteri\u00ed | Lottohoy\" \/>\n<meta property=\"og:description\" content=\"Kompletn\u00ed pr\u016fvodce o Powerballu, jedn\u00e9 z nejobl\u00edben\u011bj\u0161\u00edch loteri\u00ed v Americe. Kupte si nyn\u00ed online tiket Powerball a spl\u0148te si sv\u00e9 sny!\" \/>\n<meta property=\"og:url\" content=\"https:\/\/lottohoy.com\/cs\/nejcastejsi-dotazy-k-online-loterii\/powerball-loterie-faq\/\" \/>\n<meta property=\"og:site_name\" content=\"Lottohoy\" \/>\n<meta name=\"twitter:card\" content=\"summary_large_image\" \/>\n<meta name=\"twitter:label1\" content=\"Odhadovan\u00e1 doba \u010dten\u00ed\" \/>\n\t<meta name=\"twitter:data1\" content=\"3 minuty\" \/>\n<script type=\"application\/ld+json\" class=\"yoast-schema-graph\">{\"@context\":\"https:\/\/schema.org\",\"@graph\":[{\"@type\":\"WebPage\",\"@id\":\"https:\/\/lottohoy.com\/cs\/nejcastejsi-dotazy-k-online-loterii\/powerball-loterie-faq\/\",\"url\":\"https:\/\/lottohoy.com\/cs\/nejcastejsi-dotazy-k-online-loterii\/powerball-loterie-faq\/\",\"name\":\"\u25b7 Nej\u010dast\u011bj\u0161\u00ed dotazy k Powerballu a pr\u016fvodce online loteri\u00ed | Lottohoy\",\"isPartOf\":{\"@id\":\"https:\/\/lottohoy.com\/cs\/#website\"},\"datePublished\":\"2018-05-03T13:23:34+00:00\",\"dateModified\":\"2018-05-03T13:23:34+00:00\",\"description\":\"Kompletn\u00ed pr\u016fvodce o Powerballu, jedn\u00e9 z nejobl\u00edben\u011bj\u0161\u00edch loteri\u00ed v Americe. Kupte si nyn\u00ed online tiket Powerball a spl\u0148te si sv\u00e9 sny!\",\"breadcrumb\":{\"@id\":\"https:\/\/lottohoy.com\/cs\/nejcastejsi-dotazy-k-online-loterii\/powerball-loterie-faq\/#breadcrumb\"},\"inLanguage\":\"cs\",\"potentialAction\":[{\"@type\":\"ReadAction\",\"target\":[\"https:\/\/lottohoy.com\/cs\/nejcastejsi-dotazy-k-online-loterii\/powerball-loterie-faq\/\"]}]},{\"@type\":\"BreadcrumbList\",\"@id\":\"https:\/\/lottohoy.com\/cs\/nejcastejsi-dotazy-k-online-loterii\/powerball-loterie-faq\/#breadcrumb\",\"itemListElement\":[{\"@type\":\"ListItem\",\"position\":1,\"name\":\"Home\",\"item\":\"https:\/\/lottohoy.com\/cs\/\"},{\"@type\":\"ListItem\",\"position\":2,\"name\":\"Informace o loterii\",\"item\":\"https:\/\/lottohoy.com\/cs\/nejcastejsi-dotazy-k-online-loterii\/\"},{\"@type\":\"ListItem\",\"position\":3,\"name\":\"Powerball loterie FAQ\"}]},{\"@type\":\"WebSite\",\"@id\":\"https:\/\/lottohoy.com\/cs\/#website\",\"url\":\"https:\/\/lottohoy.com\/cs\/\",\"name\":\"Lottohoy\",\"description\":\"\",\"potentialAction\":[{\"@type\":\"SearchAction\",\"target\":{\"@type\":\"EntryPoint\",\"urlTemplate\":\"https:\/\/lottohoy.com\/cs\/?s={search_term_string}\"},\"query-input\":{\"@type\":\"PropertyValueSpecification\",\"valueRequired\":true,\"valueName\":\"search_term_string\"}}],\"inLanguage\":\"cs\"}]}<\/script>\n<!-- \/ Yoast SEO plugin. -->","yoast_head_json":{"title":"\u25b7 Nej\u010dast\u011bj\u0161\u00ed dotazy k Powerballu a pr\u016fvodce online loteri\u00ed | Lottohoy","description":"Kompletn\u00ed pr\u016fvodce o Powerballu, jedn\u00e9 z nejobl\u00edben\u011bj\u0161\u00edch loteri\u00ed v Americe. Kupte si nyn\u00ed online tiket Powerball a spl\u0148te si sv\u00e9 sny!","robots":{"index":"index","follow":"follow","max-snippet":"max-snippet:-1","max-image-preview":"max-image-preview:large","max-video-preview":"max-video-preview:-1"},"canonical":"https:\/\/lottohoy.com\/cs\/nejcastejsi-dotazy-k-online-loterii\/powerball-loterie-faq\/","og_locale":"cs_CZ","og_type":"article","og_title":"\u25b7 Nej\u010dast\u011bj\u0161\u00ed dotazy k Powerballu a pr\u016fvodce online loteri\u00ed | Lottohoy","og_description":"Kompletn\u00ed pr\u016fvodce o Powerballu, jedn\u00e9 z nejobl\u00edben\u011bj\u0161\u00edch loteri\u00ed v Americe. Kupte si nyn\u00ed online tiket Powerball a spl\u0148te si sv\u00e9 sny!","og_url":"https:\/\/lottohoy.com\/cs\/nejcastejsi-dotazy-k-online-loterii\/powerball-loterie-faq\/","og_site_name":"Lottohoy","twitter_card":"summary_large_image","twitter_misc":{"Odhadovan\u00e1 doba \u010dten\u00ed":"3 minuty"},"schema":{"@context":"https:\/\/schema.org","@graph":[{"@type":"WebPage","@id":"https:\/\/lottohoy.com\/cs\/nejcastejsi-dotazy-k-online-loterii\/powerball-loterie-faq\/","url":"https:\/\/lottohoy.com\/cs\/nejcastejsi-dotazy-k-online-loterii\/powerball-loterie-faq\/","name":"\u25b7 Nej\u010dast\u011bj\u0161\u00ed dotazy k Powerballu a pr\u016fvodce online loteri\u00ed | Lottohoy","isPartOf":{"@id":"https:\/\/lottohoy.com\/cs\/#website"},"datePublished":"2018-05-03T13:23:34+00:00","dateModified":"2018-05-03T13:23:34+00:00","description":"Kompletn\u00ed pr\u016fvodce o Powerballu, jedn\u00e9 z nejobl\u00edben\u011bj\u0161\u00edch loteri\u00ed v Americe. Kupte si nyn\u00ed online tiket Powerball a spl\u0148te si sv\u00e9 sny!","breadcrumb":{"@id":"https:\/\/lottohoy.com\/cs\/nejcastejsi-dotazy-k-online-loterii\/powerball-loterie-faq\/#breadcrumb"},"inLanguage":"cs","potentialAction":[{"@type":"ReadAction","target":["https:\/\/lottohoy.com\/cs\/nejcastejsi-dotazy-k-online-loterii\/powerball-loterie-faq\/"]}]},{"@type":"BreadcrumbList","@id":"https:\/\/lottohoy.com\/cs\/nejcastejsi-dotazy-k-online-loterii\/powerball-loterie-faq\/#breadcrumb","itemListElement":[{"@type":"ListItem","position":1,"name":"Home","item":"https:\/\/lottohoy.com\/cs\/"},{"@type":"ListItem","position":2,"name":"Informace o loterii","item":"https:\/\/lottohoy.com\/cs\/nejcastejsi-dotazy-k-online-loterii\/"},{"@type":"ListItem","position":3,"name":"Powerball loterie FAQ"}]},{"@type":"WebSite","@id":"https:\/\/lottohoy.com\/cs\/#website","url":"https:\/\/lottohoy.com\/cs\/","name":"Lottohoy","description":"","potentialAction":[{"@type":"SearchAction","target":{"@type":"EntryPoint","urlTemplate":"https:\/\/lottohoy.com\/cs\/?s={search_term_string}"},"query-input":{"@type":"PropertyValueSpecification","valueRequired":true,"valueName":"search_term_string"}}],"inLanguage":"cs"}]}},"_links":{"self":[{"href":"https:\/\/lottohoy.com\/cs\/wp-json\/wp\/v2\/pages\/16751","targetHints":{"allow":["GET"]}}],"collection":[{"href":"https:\/\/lottohoy.com\/cs\/wp-json\/wp\/v2\/pages"}],"about":[{"href":"https:\/\/lottohoy.com\/cs\/wp-json\/wp\/v2\/types\/page"}],"author":[{"embeddable":true,"href":"https:\/\/lottohoy.com\/cs\/wp-json\/wp\/v2\/users\/2"}],"replies":[{"embeddable":true,"href":"https:\/\/lottohoy.com\/cs\/wp-json\/wp\/v2\/comments?post=16751"}],"version-history":[{"count":0,"href":"https:\/\/lottohoy.com\/cs\/wp-json\/wp\/v2\/pages\/16751\/revisions"}],"up":[{"embeddable":true,"href":"https:\/\/lottohoy.com\/cs\/wp-json\/wp\/v2\/pages\/16747"}],"wp:attachment":[{"href":"https:\/\/lottohoy.com\/cs\/wp-json\/wp\/v2\/media?parent=16751"}],"curies":[{"name":"wp","href":"https:\/\/api.w.org\/{rel}","templated":true}]}}