{"id":16747,"date":"2018-05-03T14:23:32","date_gmt":"2018-05-03T13:23:32","guid":{"rendered":"https:\/\/lottohoy.com\/nejcastejsi-dotazy-k-online-loterii\/"},"modified":"2025-03-30T12:06:08","modified_gmt":"2025-03-30T11:06:08","slug":"nejcastejsi-dotazy-k-online-loterii","status":"publish","type":"page","link":"https:\/\/lottohoy.com\/cs\/nejcastejsi-dotazy-k-online-loterii\/","title":{"rendered":"Informace o loterii"},"content":{"rendered":"<p>\u017dijeme v nov\u00e9 dob\u011b a tradice jsou p\u0159ekon\u00e1v\u00e1ny inovacemi. V\u0161e se m\u011bn\u00ed a v\u0161e je st\u00e1le rychlej\u0161\u00ed a snaz\u0161\u00ed, abyste mohli dos\u00e1hnout v\u00edce a vyt\u011b\u017eit ze \u017eivota maximum.<\/p>\n<p>To se t\u00fdk\u00e1 i loterie , a v dne\u0161n\u00ed dob\u011b je <a href=\"https:\/\/lottohoy.com\/play\/\"><strong>hran\u00ed online loterie<\/strong><\/a> dostupn\u00e9 v\u0161em po cel\u00e9m sv\u011bt\u011b prost\u0159ednictv\u00edm internetu.<\/p>\n<h2><b>Co je to online loterie?<\/b><\/h2>\n<p><strong>Loterie online<\/strong> je st\u00e1le \u201etypickou\u201c loteri\u00ed s t\u00edm rozd\u00edlem, \u017ee n\u00e1kupy prob\u00edhaj\u00ed online prost\u0159ednictv\u00edm internetu. T\u00e9m\u011b\u0159 ka\u017ed\u00e1 loterie na sv\u011bt\u011b je p\u0159\u00edstupn\u00e1 odkudkoli na sv\u011bt\u011b!<\/p>\n<p>A\u0165 jste kdekoli, budete si moci zahr\u00e1t nejzn\u00e1m\u011bj\u0161\u00ed loterie z druh\u00e9ho konce sv\u011bta. Stejn\u00e9 v\u00fdhry, stejn\u00e9 mo\u017enosti. Hr\u00e1\u010d z Filip\u00edn m\u016f\u017ee hr\u00e1t americkou <a href=\"https:\/\/lottohoy.com\/play\/mega-millions\/\"><strong>loterii MegaMillions<\/strong><\/a>, nebo kanadsk\u00fd hr\u00e1\u010d m\u016f\u017ee .<\/p>\n<h2>Jak se p\u0159ihl\u00e1sit o v\u00fdhru?<\/h2>\n<p>V p\u0159\u00edpad\u011b \u00fapln\u00e9 nebo \u010d\u00e1ste\u010dn\u00e9 shody kombinace v\u00e1mi vybran\u00fdch \u010d\u00edsel nebo m\u00ed\u010dk\u016f s <a href=\"https:\/\/lottohoy.com\/results\/\"><strong>ofici\u00e1ln\u00edm<\/strong><\/a> v\u00fdsledkem hran\u00e9 <a href=\"https:\/\/lottohoy.com\/results\/\"><strong>loterie<\/strong><\/a> je p\u0159\u00edslu\u0161n\u00e1 v\u00fdhra p\u0159ips\u00e1na p\u0159\u00edmo na \u00fa\u010det u\u017eivatele. Tyto prost\u0159edky jsou od tohoto okam\u017eiku k dispozici.<\/p>\n<h2>Lze loterii hr\u00e1t online?<\/h2>\n<p>Samoz\u0159ejm\u011b, je to velmi snadn\u00e9. Sta\u010d\u00ed <a href=\"https:\/\/lottohoy.com\/signup\/\"><strong>se zaregistrovat na LottoHoy<\/strong><\/a> pomoc\u00ed mobiln\u00edho telefonu, notebooku nebo stoln\u00edho po\u010d\u00edta\u010de a za\u010d\u00edt hr\u00e1t sv\u00e9 obl\u00edben\u00e9 hry bez ohledu na to, kde se nach\u00e1z\u00edte .<\/p>\n<h2><b>Jak si koupit losy online<\/b><\/h2>\n<p>Po vstupu na LottoHoy si mus\u00edte vybrat loterii, kterou chcete hr\u00e1t. Postupujte podle pokyn\u016f, kter\u00e9 jsou uvedeny pro v\u00fdb\u011br kombinace, a vypl\u0148te tolik sloupc\u016f, kolik chcete.<\/p>\n<p>Pot\u00e9 sta\u010d\u00ed prov\u00e9st platbu jednou z r\u016fzn\u00fdch platebn\u00edch metod, kter\u00e9 nab\u00edz\u00edme, a los nebo losy budou okam\u017eit\u011b va\u0161e.<\/p>\n<h2><b>Kter\u00e1 online loterie je nejlep\u0161\u00ed?<\/b><\/h2>\n<p>Ka\u017ed\u00e1 loterie m\u00e1 sv\u00e9 v\u00fdhody, sta\u010d\u00ed si jen naj\u00edt, kter\u00e1 nab\u00edz\u00ed funkce, kter\u00e9 v\u00e1m nejl\u00e9pe vyhovuj\u00ed. .<\/p>\n<p>N\u011bkter\u00e9 loterie maj\u00ed <a href=\"https:\/\/lottohoy.com\/jackpots\/\"><strong>obrovsk\u00e9 jackpoty<\/strong><\/a> pro v\u00fdherce prvn\u00ed kategorie, ve kter\u00e9 se nashrom\u00e1\u017edily jackpoty z p\u0159edchoz\u00edch losov\u00e1n\u00ed bez v\u00fdherce. N\u011bkter\u00e9 z nich dos\u00e1hly a\u017e deseticifern\u00fdch \u010d\u00e1stek (<del>nejv\u011bt\u0161\u00ed dosud ud\u011blen\u00fd jackpot \u010dinil <\/del><strong><del>1,5 miliardy dolar\u016f<\/del><\/strong>). to bylo v \u0159\u00edjnu 2023, ale dnes byla tato \u010d\u00e1stka ji\u017e dvakr\u00e1t p\u0159ekon\u00e1na, p\u0159i\u010dem\u017e nejv\u011bt\u0161\u00ed v\u00fdhry maj\u00ed a\u017e do dne\u0161n\u00edho dne, prvn\u00edho dne roku 2025, dv\u011b americk\u00e9 loterie.<\/p>\n<p><strong>Loterie Powerball s rekordn\u00ed \u010d\u00e1stkou 2 040 milion\u016f dolar\u016f a v p\u0159\u00edpad\u011b loterie Megamillions s \u010d\u00e1stkou 1 602 milion\u016f dolar\u016f.<\/strong><\/p>\n<p>Existuj\u00ed dal\u0161\u00ed loterie, kter\u00e9 rozd\u011bluj\u00ed losov\u00e1n\u00ed v\u00fdher mezi r\u016fzn\u00e9 kategorie, tak\u017ee m\u016f\u017ee b\u00fdt mnohem v\u00edce v\u00fdherc\u016f s men\u0161\u00edmi \u010d\u00e1stkami.<\/p>\n","protected":false},"excerpt":{"rendered":"<p>\u017dijeme v nov\u00e9 dob\u011b a tradice jsou p\u0159ekon\u00e1v\u00e1ny inovacemi. V\u0161e se m\u011bn\u00ed a v\u0161e je st\u00e1le rychlej\u0161\u00ed a snaz\u0161\u00ed, abyste mohli dos\u00e1hnout v\u00edce a vyt\u011b\u017eit ze \u017eivota maximum. To se t\u00fdk\u00e1 i loterie , a v dne\u0161n\u00ed dob\u011b je hran\u00ed online loterie dostupn\u00e9 v\u0161em po cel\u00e9m sv\u011bt\u011b prost\u0159ednictv\u00edm internetu. Co je to online loterie? Loterie [&hellip;]<\/p>\n","protected":false},"author":2,"featured_media":0,"parent":0,"menu_order":3,"comment_status":"closed","ping_status":"closed","template":"Information.php","meta":{"_et_pb_use_builder":"","_et_pb_old_content":"","_et_gb_content_width":"","exclude_from_search":false,"footnotes":""},"class_list":["post-16747","page","type-page","status-publish","hentry"],"yoast_head":"<!-- This site is optimized with the Yoast SEO plugin v23.7 - https:\/\/yoast.com\/wordpress\/plugins\/seo\/ -->\n<title>Nej\u010dast\u011bj\u0161\u00ed dotazy k online loterii - Lottohoy<\/title>\n<meta name=\"description\" content=\"V\u0161e, co pot\u0159ebujete v\u011bd\u011bt o online loterii! Najd\u011bte odpov\u011b\u010f na nej\u010dast\u011bj\u0161\u00ed ot\u00e1zky a spl\u0148te si sv\u00e9 sny na Lottohoy.\" \/>\n<meta name=\"robots\" content=\"index, follow, max-snippet:-1, max-image-preview:large, max-video-preview:-1\" \/>\n<link rel=\"canonical\" href=\"https:\/\/lottohoy.com\/cs\/nejcastejsi-dotazy-k-online-loterii\/\" \/>\n<meta property=\"og:locale\" content=\"cs_CZ\" \/>\n<meta property=\"og:type\" content=\"article\" \/>\n<meta property=\"og:title\" content=\"Nej\u010dast\u011bj\u0161\u00ed dotazy k online loterii - Lottohoy\" \/>\n<meta property=\"og:description\" content=\"V\u0161e, co pot\u0159ebujete v\u011bd\u011bt o online loterii! Najd\u011bte odpov\u011b\u010f na nej\u010dast\u011bj\u0161\u00ed ot\u00e1zky a spl\u0148te si sv\u00e9 sny na Lottohoy.\" \/>\n<meta property=\"og:url\" content=\"https:\/\/lottohoy.com\/cs\/nejcastejsi-dotazy-k-online-loterii\/\" \/>\n<meta property=\"og:site_name\" content=\"Lottohoy\" \/>\n<meta property=\"article:modified_time\" content=\"2025-03-30T11:06:08+00:00\" \/>\n<meta name=\"twitter:card\" content=\"summary_large_image\" \/>\n<meta name=\"twitter:label1\" content=\"Odhadovan\u00e1 doba \u010dten\u00ed\" \/>\n\t<meta name=\"twitter:data1\" content=\"2 minuty\" \/>\n<script type=\"application\/ld+json\" class=\"yoast-schema-graph\">{\"@context\":\"https:\/\/schema.org\",\"@graph\":[{\"@type\":\"WebPage\",\"@id\":\"https:\/\/lottohoy.com\/cs\/nejcastejsi-dotazy-k-online-loterii\/\",\"url\":\"https:\/\/lottohoy.com\/cs\/nejcastejsi-dotazy-k-online-loterii\/\",\"name\":\"Nej\u010dast\u011bj\u0161\u00ed dotazy k online loterii - Lottohoy\",\"isPartOf\":{\"@id\":\"https:\/\/lottohoy.com\/cs\/#website\"},\"datePublished\":\"2018-05-03T13:23:32+00:00\",\"dateModified\":\"2025-03-30T11:06:08+00:00\",\"description\":\"V\u0161e, co pot\u0159ebujete v\u011bd\u011bt o online loterii! Najd\u011bte odpov\u011b\u010f na nej\u010dast\u011bj\u0161\u00ed ot\u00e1zky a spl\u0148te si sv\u00e9 sny na Lottohoy.\",\"breadcrumb\":{\"@id\":\"https:\/\/lottohoy.com\/cs\/nejcastejsi-dotazy-k-online-loterii\/#breadcrumb\"},\"inLanguage\":\"cs\",\"potentialAction\":[{\"@type\":\"ReadAction\",\"target\":[\"https:\/\/lottohoy.com\/cs\/nejcastejsi-dotazy-k-online-loterii\/\"]}]},{\"@type\":\"BreadcrumbList\",\"@id\":\"https:\/\/lottohoy.com\/cs\/nejcastejsi-dotazy-k-online-loterii\/#breadcrumb\",\"itemListElement\":[{\"@type\":\"ListItem\",\"position\":1,\"name\":\"Home\",\"item\":\"https:\/\/lottohoy.com\/cs\/\"},{\"@type\":\"ListItem\",\"position\":2,\"name\":\"Informace o loterii\"}]},{\"@type\":\"WebSite\",\"@id\":\"https:\/\/lottohoy.com\/cs\/#website\",\"url\":\"https:\/\/lottohoy.com\/cs\/\",\"name\":\"Lottohoy\",\"description\":\"\",\"potentialAction\":[{\"@type\":\"SearchAction\",\"target\":{\"@type\":\"EntryPoint\",\"urlTemplate\":\"https:\/\/lottohoy.com\/cs\/?s={search_term_string}\"},\"query-input\":{\"@type\":\"PropertyValueSpecification\",\"valueRequired\":true,\"valueName\":\"search_term_string\"}}],\"inLanguage\":\"cs\"}]}<\/script>\n<!-- \/ Yoast SEO plugin. -->","yoast_head_json":{"title":"Nej\u010dast\u011bj\u0161\u00ed dotazy k online loterii - Lottohoy","description":"V\u0161e, co pot\u0159ebujete v\u011bd\u011bt o online loterii! Najd\u011bte odpov\u011b\u010f na nej\u010dast\u011bj\u0161\u00ed ot\u00e1zky a spl\u0148te si sv\u00e9 sny na Lottohoy.","robots":{"index":"index","follow":"follow","max-snippet":"max-snippet:-1","max-image-preview":"max-image-preview:large","max-video-preview":"max-video-preview:-1"},"canonical":"https:\/\/lottohoy.com\/cs\/nejcastejsi-dotazy-k-online-loterii\/","og_locale":"cs_CZ","og_type":"article","og_title":"Nej\u010dast\u011bj\u0161\u00ed dotazy k online loterii - Lottohoy","og_description":"V\u0161e, co pot\u0159ebujete v\u011bd\u011bt o online loterii! Najd\u011bte odpov\u011b\u010f na nej\u010dast\u011bj\u0161\u00ed ot\u00e1zky a spl\u0148te si sv\u00e9 sny na Lottohoy.","og_url":"https:\/\/lottohoy.com\/cs\/nejcastejsi-dotazy-k-online-loterii\/","og_site_name":"Lottohoy","article_modified_time":"2025-03-30T11:06:08+00:00","twitter_card":"summary_large_image","twitter_misc":{"Odhadovan\u00e1 doba \u010dten\u00ed":"2 minuty"},"schema":{"@context":"https:\/\/schema.org","@graph":[{"@type":"WebPage","@id":"https:\/\/lottohoy.com\/cs\/nejcastejsi-dotazy-k-online-loterii\/","url":"https:\/\/lottohoy.com\/cs\/nejcastejsi-dotazy-k-online-loterii\/","name":"Nej\u010dast\u011bj\u0161\u00ed dotazy k online loterii - Lottohoy","isPartOf":{"@id":"https:\/\/lottohoy.com\/cs\/#website"},"datePublished":"2018-05-03T13:23:32+00:00","dateModified":"2025-03-30T11:06:08+00:00","description":"V\u0161e, co pot\u0159ebujete v\u011bd\u011bt o online loterii! Najd\u011bte odpov\u011b\u010f na nej\u010dast\u011bj\u0161\u00ed ot\u00e1zky a spl\u0148te si sv\u00e9 sny na Lottohoy.","breadcrumb":{"@id":"https:\/\/lottohoy.com\/cs\/nejcastejsi-dotazy-k-online-loterii\/#breadcrumb"},"inLanguage":"cs","potentialAction":[{"@type":"ReadAction","target":["https:\/\/lottohoy.com\/cs\/nejcastejsi-dotazy-k-online-loterii\/"]}]},{"@type":"BreadcrumbList","@id":"https:\/\/lottohoy.com\/cs\/nejcastejsi-dotazy-k-online-loterii\/#breadcrumb","itemListElement":[{"@type":"ListItem","position":1,"name":"Home","item":"https:\/\/lottohoy.com\/cs\/"},{"@type":"ListItem","position":2,"name":"Informace o loterii"}]},{"@type":"WebSite","@id":"https:\/\/lottohoy.com\/cs\/#website","url":"https:\/\/lottohoy.com\/cs\/","name":"Lottohoy","description":"","potentialAction":[{"@type":"SearchAction","target":{"@type":"EntryPoint","urlTemplate":"https:\/\/lottohoy.com\/cs\/?s={search_term_string}"},"query-input":{"@type":"PropertyValueSpecification","valueRequired":true,"valueName":"search_term_string"}}],"inLanguage":"cs"}]}},"_links":{"self":[{"href":"https:\/\/lottohoy.com\/cs\/wp-json\/wp\/v2\/pages\/16747","targetHints":{"allow":["GET"]}}],"collection":[{"href":"https:\/\/lottohoy.com\/cs\/wp-json\/wp\/v2\/pages"}],"about":[{"href":"https:\/\/lottohoy.com\/cs\/wp-json\/wp\/v2\/types\/page"}],"author":[{"embeddable":true,"href":"https:\/\/lottohoy.com\/cs\/wp-json\/wp\/v2\/users\/2"}],"replies":[{"embeddable":true,"href":"https:\/\/lottohoy.com\/cs\/wp-json\/wp\/v2\/comments?post=16747"}],"version-history":[{"count":1,"href":"https:\/\/lottohoy.com\/cs\/wp-json\/wp\/v2\/pages\/16747\/revisions"}],"predecessor-version":[{"id":17775,"href":"https:\/\/lottohoy.com\/cs\/wp-json\/wp\/v2\/pages\/16747\/revisions\/17775"}],"wp:attachment":[{"href":"https:\/\/lottohoy.com\/cs\/wp-json\/wp\/v2\/media?parent=16747"}],"curies":[{"name":"wp","href":"https:\/\/api.w.org\/{rel}","templated":true}]}}