{"id":16735,"date":"2018-08-23T10:30:41","date_gmt":"2018-08-23T09:30:41","guid":{"rendered":"https:\/\/lottohoy.com\/hrat\/hrat-v-sobotu-lotto\/"},"modified":"2018-08-23T10:30:41","modified_gmt":"2018-08-23T09:30:41","slug":"hrat-v-sobotu-lotto","status":"publish","type":"page","link":"https:\/\/lottohoy.com\/cs\/hrat\/hrat-v-sobotu-lotto\/","title":{"rendered":"Hr\u00e1t v sobotu Lotto"},"content":{"rendered":"<p>Pro dopln\u011bn\u00ed t\u00fddenn\u00ed nab\u00eddky loteri\u00ed v Austr\u00e1lii bylo vytvo\u0159eno Saturday Lotto. Jedn\u00e1 se o hru, kter\u00e1 se v sou\u010dasn\u00e9 dob\u011b podob\u00e1 evropsk\u00fdm loteri\u00edm a skl\u00e1d\u00e1 se ze syst\u00e9mu m\u00ed\u010dk\u016f ta\u017een\u00fdch z bubnu, aby se ur\u010dila kombinace \u0161esti \u010d\u00edsel.<\/p>\n<p>Tato loterie m\u00e1 s\u00e9rii v\u00fdjime\u010dn\u00fdch losov\u00e1n\u00ed, tzv. superv\u00fdher s v\u00fdhrou a\u017e 20 000 000 australsk\u00fdch dolar\u016f, kter\u00e1 se realizuj\u00ed ka\u017ed\u00fdch \u0161est nebo sedm b\u011b\u017en\u00fdch losov\u00e1n\u00ed.<\/p>\n<p>Krom\u011b toho maj\u00ed tak\u00e9 dal\u0161\u00ed speci\u00e1ln\u00ed tomboly, \u201emegadraw\u201c, obvykle kolem V\u00e1noc a Nov\u00e9ho roku, s odhadovanou v\u00fdhrou a\u017e 30 000 000 AUD.<\/p>\n<h2><strong>Jak hr\u00e1t Saturday Lotto v Austr\u00e1lii<\/strong><\/h2>\n<p>Pro uzav\u0159en\u00ed s\u00e1zky Saturday Lotto mus\u00ed hr\u00e1\u010d vybrat \u0161est \u010d\u00edsel z tabulky, kter\u00e1 se skl\u00e1d\u00e1 ze 45 o\u010d\u00edslovan\u00fdch \u010dtverc\u016f od 1 do 45 v tomto po\u0159ad\u00ed.<\/p>\n<p>P\u0159i losov\u00e1n\u00ed se vyt\u00e1hne \u0161est hlavn\u00edch m\u00ed\u010dk\u016f a dva dopl\u0148kov\u00e9, tzv. Tyto kuli\u010dky maj\u00ed za \u00fakol p\u0159idat plus v\u00fdherc\u016fm druh\u00e9 a p\u00e1t\u00e9 kategorie. Pro z\u00edsk\u00e1n\u00ed v\u00fdhry v \u0161est\u00e9 kategorii je nezbytn\u00e9, aby tyto dv\u011b koule odpov\u00eddaly alespo\u0148 jedn\u00e9 z hlavn\u00edch koul\u00ed.<\/p>\n<h2><strong>Kdy se losuje sobotn\u00ed Lotto AU?<\/strong><\/h2>\n<p>Jedin\u00e9 t\u00fddenn\u00ed losov\u00e1n\u00ed se kon\u00e1 ka\u017edou sobotu ve 20:30 australsk\u00e9ho m\u00edstn\u00edho \u010dasu. Prodej los\u016f se uzav\u00edr\u00e1 hodinu p\u0159ed losov\u00e1n\u00edm a po skon\u010den\u00ed losov\u00e1n\u00ed se prodej znovu otev\u0159e pro losov\u00e1n\u00ed v n\u00e1sleduj\u00edc\u00edm t\u00fddnu.<\/p>\n<h2><strong>Kolik stoj\u00ed sobotn\u00ed Lotto?<\/strong><\/h2>\n<p>Na LottoHoy m\u016f\u017eete hr\u00e1t sobotn\u00ed Lotto od 1,50 \u20ac za odehran\u00fd sloupec. (Tato \u010d\u00e1stka se m\u016f\u017ee li\u0161it v z\u00e1vislosti na sm\u011bnn\u00e9m kurzu dolaru v\u016f\u010di euru). D\u00edky t\u00e9to n\u00edzk\u00e9 cen\u011b je to jedna z nejatraktivn\u011bj\u0161\u00edch her, kterou si m\u016f\u017eete zahr\u00e1t ka\u017ed\u00fd t\u00fdden.<\/p>\n<h2><strong>Jak si koupit program Saturday Lotto<\/strong><\/h2>\n<p>Pokud nem\u00e1te bydli\u0161t\u011b v Austr\u00e1lii nebo nem\u016f\u017eete b\u00fdt v zemi fyzicky, je z\u00edsk\u00e1n\u00ed loterie prost\u0159ednictv\u00edm na\u0161\u00ed online platformy snadn\u00e9 a praktick\u00e9.<\/p>\n<p>Sta\u010d\u00ed postupovat podle n\u00e1sleduj\u00edc\u00edch krok\u016f:<\/p>\n<ol>\n<li>Vstupte na str\u00e1nku hry Saturday Lotto.<\/li>\n<li>V ka\u017ed\u00e9m sloupci nebo \u0159\u00e1dku mus\u00edte vybrat \u0161est \u010d\u00edsel z 45 dostupn\u00fdch.<\/li>\n<li>Po\u010det sloupc\u016f pro hru m\u016f\u017eete roz\u0161\u00ed\u0159it kliknut\u00edm na \u201e<strong>V\u00edce \u0159\u00e1dk\u016f<\/strong>\u201c.<\/li>\n<li>Pot\u00e9 kliknut\u00edm na \u201ePokra\u010dovat\u201c p\u0159ejd\u011bte na str\u00e1nku s platbami.<\/li>\n<li>Na obrazovce s platbami se zobraz\u00ed \u0161irok\u00e1 \u0161k\u00e1la platebn\u00edch metod, od kreditn\u00edch \/ debetn\u00edch karet p\u0159es zn\u00e1m\u00e9 syst\u00e9my jako Skrill nebo Neteller a\u017e po dlouh\u00fd seznam dal\u0161\u00edch platebn\u00edch metod.<\/li>\n<\/ol>\n","protected":false},"excerpt":{"rendered":"<p>Pro dopln\u011bn\u00ed t\u00fddenn\u00ed nab\u00eddky loteri\u00ed v Austr\u00e1lii bylo vytvo\u0159eno Saturday Lotto. Jedn\u00e1 se o hru, kter\u00e1 se v sou\u010dasn\u00e9 dob\u011b podob\u00e1 evropsk\u00fdm loteri\u00edm a skl\u00e1d\u00e1 se ze syst\u00e9mu m\u00ed\u010dk\u016f ta\u017een\u00fdch z bubnu, aby se ur\u010dila kombinace \u0161esti \u010d\u00edsel. Tato loterie m\u00e1 s\u00e9rii v\u00fdjime\u010dn\u00fdch losov\u00e1n\u00ed, tzv. superv\u00fdher s v\u00fdhrou a\u017e 20 000 000 australsk\u00fdch dolar\u016f, kter\u00e1 [&hellip;]<\/p>\n","protected":false},"author":2,"featured_media":0,"parent":16577,"menu_order":19,"comment_status":"closed","ping_status":"closed","template":"saturday-lotto.php","meta":{"_et_pb_use_builder":"","_et_pb_old_content":"","_et_gb_content_width":"","exclude_from_search":false,"footnotes":""},"class_list":["post-16735","page","type-page","status-publish","hentry"],"yoast_head":"<!-- This site is optimized with the Yoast SEO plugin v23.7 - https:\/\/yoast.com\/wordpress\/plugins\/seo\/ -->\n<title>Hrajte Saturday Lotto online - trefte aussie jackpot je\u0161t\u011b dnes!<\/title>\n<meta name=\"description\" content=\"Chcete-li uzav\u0159\u00edt s\u00e1zku Saturday Lotto, mus\u00edte si vybrat 6 obl\u00edben\u00fdch \u010d\u00edsel z tabulky, kter\u00e1 se skl\u00e1d\u00e1 ze 45 \u010d\u00edsel. Hrajte nyn\u00ed a sta\u0148te se milion\u00e1\u0159em je\u0161t\u011b dnes!\" \/>\n<meta name=\"robots\" content=\"index, follow, max-snippet:-1, max-image-preview:large, max-video-preview:-1\" \/>\n<link rel=\"canonical\" href=\"https:\/\/lottohoy.com\/cs\/hrat\/hrat-v-sobotu-lotto\/\" \/>\n<meta property=\"og:locale\" content=\"cs_CZ\" \/>\n<meta property=\"og:type\" content=\"article\" \/>\n<meta property=\"og:title\" content=\"Hrajte Saturday Lotto online - trefte aussie jackpot je\u0161t\u011b dnes!\" \/>\n<meta property=\"og:description\" content=\"Chcete-li uzav\u0159\u00edt s\u00e1zku Saturday Lotto, mus\u00edte si vybrat 6 obl\u00edben\u00fdch \u010d\u00edsel z tabulky, kter\u00e1 se skl\u00e1d\u00e1 ze 45 \u010d\u00edsel. Hrajte nyn\u00ed a sta\u0148te se milion\u00e1\u0159em je\u0161t\u011b dnes!\" \/>\n<meta property=\"og:url\" content=\"https:\/\/lottohoy.com\/cs\/hrat\/hrat-v-sobotu-lotto\/\" \/>\n<meta property=\"og:site_name\" content=\"Lottohoy\" \/>\n<meta name=\"twitter:card\" content=\"summary_large_image\" \/>\n<meta name=\"twitter:label1\" content=\"Odhadovan\u00e1 doba \u010dten\u00ed\" \/>\n\t<meta name=\"twitter:data1\" content=\"2 minuty\" \/>\n<script type=\"application\/ld+json\" class=\"yoast-schema-graph\">{\"@context\":\"https:\/\/schema.org\",\"@graph\":[{\"@type\":\"WebPage\",\"@id\":\"https:\/\/lottohoy.com\/cs\/hrat\/hrat-v-sobotu-lotto\/\",\"url\":\"https:\/\/lottohoy.com\/cs\/hrat\/hrat-v-sobotu-lotto\/\",\"name\":\"Hrajte Saturday Lotto online - trefte aussie jackpot je\u0161t\u011b dnes!\",\"isPartOf\":{\"@id\":\"https:\/\/lottohoy.com\/cs\/#website\"},\"datePublished\":\"2018-08-23T09:30:41+00:00\",\"dateModified\":\"2018-08-23T09:30:41+00:00\",\"description\":\"Chcete-li uzav\u0159\u00edt s\u00e1zku Saturday Lotto, mus\u00edte si vybrat 6 obl\u00edben\u00fdch \u010d\u00edsel z tabulky, kter\u00e1 se skl\u00e1d\u00e1 ze 45 \u010d\u00edsel. Hrajte nyn\u00ed a sta\u0148te se milion\u00e1\u0159em je\u0161t\u011b dnes!\",\"breadcrumb\":{\"@id\":\"https:\/\/lottohoy.com\/cs\/hrat\/hrat-v-sobotu-lotto\/#breadcrumb\"},\"inLanguage\":\"cs\",\"potentialAction\":[{\"@type\":\"ReadAction\",\"target\":[\"https:\/\/lottohoy.com\/cs\/hrat\/hrat-v-sobotu-lotto\/\"]}]},{\"@type\":\"BreadcrumbList\",\"@id\":\"https:\/\/lottohoy.com\/cs\/hrat\/hrat-v-sobotu-lotto\/#breadcrumb\",\"itemListElement\":[{\"@type\":\"ListItem\",\"position\":1,\"name\":\"Home\",\"item\":\"https:\/\/lottohoy.com\/cs\/\"},{\"@type\":\"ListItem\",\"position\":2,\"name\":\"Hr\u00e1t loterie\",\"item\":\"https:\/\/lottohoy.com\/cs\/hrat\/\"},{\"@type\":\"ListItem\",\"position\":3,\"name\":\"Hr\u00e1t v sobotu Lotto\"}]},{\"@type\":\"WebSite\",\"@id\":\"https:\/\/lottohoy.com\/cs\/#website\",\"url\":\"https:\/\/lottohoy.com\/cs\/\",\"name\":\"Lottohoy\",\"description\":\"\",\"potentialAction\":[{\"@type\":\"SearchAction\",\"target\":{\"@type\":\"EntryPoint\",\"urlTemplate\":\"https:\/\/lottohoy.com\/cs\/?s={search_term_string}\"},\"query-input\":{\"@type\":\"PropertyValueSpecification\",\"valueRequired\":true,\"valueName\":\"search_term_string\"}}],\"inLanguage\":\"cs\"}]}<\/script>\n<!-- \/ Yoast SEO plugin. -->","yoast_head_json":{"title":"Hrajte Saturday Lotto online - trefte aussie jackpot je\u0161t\u011b dnes!","description":"Chcete-li uzav\u0159\u00edt s\u00e1zku Saturday Lotto, mus\u00edte si vybrat 6 obl\u00edben\u00fdch \u010d\u00edsel z tabulky, kter\u00e1 se skl\u00e1d\u00e1 ze 45 \u010d\u00edsel. Hrajte nyn\u00ed a sta\u0148te se milion\u00e1\u0159em je\u0161t\u011b dnes!","robots":{"index":"index","follow":"follow","max-snippet":"max-snippet:-1","max-image-preview":"max-image-preview:large","max-video-preview":"max-video-preview:-1"},"canonical":"https:\/\/lottohoy.com\/cs\/hrat\/hrat-v-sobotu-lotto\/","og_locale":"cs_CZ","og_type":"article","og_title":"Hrajte Saturday Lotto online - trefte aussie jackpot je\u0161t\u011b dnes!","og_description":"Chcete-li uzav\u0159\u00edt s\u00e1zku Saturday Lotto, mus\u00edte si vybrat 6 obl\u00edben\u00fdch \u010d\u00edsel z tabulky, kter\u00e1 se skl\u00e1d\u00e1 ze 45 \u010d\u00edsel. Hrajte nyn\u00ed a sta\u0148te se milion\u00e1\u0159em je\u0161t\u011b dnes!","og_url":"https:\/\/lottohoy.com\/cs\/hrat\/hrat-v-sobotu-lotto\/","og_site_name":"Lottohoy","twitter_card":"summary_large_image","twitter_misc":{"Odhadovan\u00e1 doba \u010dten\u00ed":"2 minuty"},"schema":{"@context":"https:\/\/schema.org","@graph":[{"@type":"WebPage","@id":"https:\/\/lottohoy.com\/cs\/hrat\/hrat-v-sobotu-lotto\/","url":"https:\/\/lottohoy.com\/cs\/hrat\/hrat-v-sobotu-lotto\/","name":"Hrajte Saturday Lotto online - trefte aussie jackpot je\u0161t\u011b dnes!","isPartOf":{"@id":"https:\/\/lottohoy.com\/cs\/#website"},"datePublished":"2018-08-23T09:30:41+00:00","dateModified":"2018-08-23T09:30:41+00:00","description":"Chcete-li uzav\u0159\u00edt s\u00e1zku Saturday Lotto, mus\u00edte si vybrat 6 obl\u00edben\u00fdch \u010d\u00edsel z tabulky, kter\u00e1 se skl\u00e1d\u00e1 ze 45 \u010d\u00edsel. Hrajte nyn\u00ed a sta\u0148te se milion\u00e1\u0159em je\u0161t\u011b dnes!","breadcrumb":{"@id":"https:\/\/lottohoy.com\/cs\/hrat\/hrat-v-sobotu-lotto\/#breadcrumb"},"inLanguage":"cs","potentialAction":[{"@type":"ReadAction","target":["https:\/\/lottohoy.com\/cs\/hrat\/hrat-v-sobotu-lotto\/"]}]},{"@type":"BreadcrumbList","@id":"https:\/\/lottohoy.com\/cs\/hrat\/hrat-v-sobotu-lotto\/#breadcrumb","itemListElement":[{"@type":"ListItem","position":1,"name":"Home","item":"https:\/\/lottohoy.com\/cs\/"},{"@type":"ListItem","position":2,"name":"Hr\u00e1t loterie","item":"https:\/\/lottohoy.com\/cs\/hrat\/"},{"@type":"ListItem","position":3,"name":"Hr\u00e1t v sobotu Lotto"}]},{"@type":"WebSite","@id":"https:\/\/lottohoy.com\/cs\/#website","url":"https:\/\/lottohoy.com\/cs\/","name":"Lottohoy","description":"","potentialAction":[{"@type":"SearchAction","target":{"@type":"EntryPoint","urlTemplate":"https:\/\/lottohoy.com\/cs\/?s={search_term_string}"},"query-input":{"@type":"PropertyValueSpecification","valueRequired":true,"valueName":"search_term_string"}}],"inLanguage":"cs"}]}},"_links":{"self":[{"href":"https:\/\/lottohoy.com\/cs\/wp-json\/wp\/v2\/pages\/16735","targetHints":{"allow":["GET"]}}],"collection":[{"href":"https:\/\/lottohoy.com\/cs\/wp-json\/wp\/v2\/pages"}],"about":[{"href":"https:\/\/lottohoy.com\/cs\/wp-json\/wp\/v2\/types\/page"}],"author":[{"embeddable":true,"href":"https:\/\/lottohoy.com\/cs\/wp-json\/wp\/v2\/users\/2"}],"replies":[{"embeddable":true,"href":"https:\/\/lottohoy.com\/cs\/wp-json\/wp\/v2\/comments?post=16735"}],"version-history":[{"count":0,"href":"https:\/\/lottohoy.com\/cs\/wp-json\/wp\/v2\/pages\/16735\/revisions"}],"up":[{"embeddable":true,"href":"https:\/\/lottohoy.com\/cs\/wp-json\/wp\/v2\/pages\/16577"}],"wp:attachment":[{"href":"https:\/\/lottohoy.com\/cs\/wp-json\/wp\/v2\/media?parent=16735"}],"curies":[{"name":"wp","href":"https:\/\/api.w.org\/{rel}","templated":true}]}}