{"id":16734,"date":"2018-08-22T10:27:06","date_gmt":"2018-08-22T09:27:06","guid":{"rendered":"https:\/\/lottohoy.com\/hrat\/hrat-powerball-au\/"},"modified":"2018-08-22T10:27:06","modified_gmt":"2018-08-22T09:27:06","slug":"hrat-powerball-au","status":"publish","type":"page","link":"https:\/\/lottohoy.com\/cs\/hrat\/hrat-powerball-au\/","title":{"rendered":"Hr\u00e1t Powerball AU"},"content":{"rendered":"<p>Powerball AU vznikl v roce 1996 a ofici\u00e1ln\u011b na n\u011bj dohl\u00ed\u017e\u00ed australsk\u00e1 vl\u00e1da, provozuje ho v\u0161ak spole\u010dnost Tatts Group.<\/p>\n<p>V dubnu 2018 do\u0161lo k v\u00fdznamn\u00e9 zm\u011bn\u011b jej\u00edch pravidel, aby se p\u0159izp\u016fsobila nab\u00eddce ostatn\u00edch sv\u011btov\u00fdch loteri\u00ed a zv\u00fd\u0161ila se tak pravd\u011bpodobnost v\u00fdhry v\u011bt\u0161\u00edch jackpot\u016f.<\/p>\n<p>Nezam\u011b\u0148ujte AU Powerball s americkou Powerball, proto\u017ee a\u010dkoli maj\u00ed podobn\u00e9 rysy, existuj\u00ed mezi nimi v\u00fdznamn\u00e9 rozd\u00edly.<\/p>\n<p>N\u011bkter\u00e9 v\u00fdhody, kter\u00e9 stoj\u00ed za to vz\u00edt v \u00favahu, kdy\u017e s\u00e1z\u00edte na Powerball AU, jsou n\u00e1sleduj\u00edc\u00ed:<\/p>\n<ul>\n<li>Z v\u00fdher se neodv\u00e1d\u00ed dan\u011b.<\/li>\n<li>V\u00fdherci obdr\u017e\u00ed celou z\u00edskanou v\u00fdhru, zat\u00edmco US Powerball umo\u017e\u0148uje v\u00fdb\u011br v anuit\u00e1ch, nebo pokud se rozhodnete pro jednor\u00e1zovou v\u00fdplatu, mus\u00edte \u010delit zna\u010dn\u00e9mu mno\u017estv\u00ed feder\u00e1ln\u00edch, st\u00e1tn\u00edch a provin\u010dn\u00edch dan\u00ed.<\/li>\n<li>Syst\u00e9m rozd\u011blov\u00e1n\u00ed v\u00fdher pro ni\u017e\u0161\u00ed kategorie je pom\u011brn\u00fd k inkasu, nam\u00edsto stanoven\u00ed pevn\u00fdch \u010d\u00e1stek jako v USA.<\/li>\n<\/ul>\n<h2><strong>Jak hr\u00e1t hru Australia PowerBall ?<\/strong><\/h2>\n<p>Stejn\u011b jako mnoho jin\u00fdch loterijn\u00edch her zalo\u017een\u00fdch na \u010d\u00edslech se i PowerBall AU skl\u00e1d\u00e1 ze dvou r\u016fzn\u00fdch \u010d\u00e1st\u00ed v ka\u017ed\u00e9m hern\u00edm sloupci:<\/p>\n<p>V prvn\u00ed z nich jsou \u010d\u00edsla od 1 do 35 v\u010detn\u011b, p\u0159i\u010dem\u017e mus\u00edte vybrat sedm \u010d\u00edsel. V doln\u00ed \u010d\u00e1sti se nach\u00e1z\u00ed druh\u00fd odd\u00edl, ve kter\u00e9m budeme muset vybrat \u010d\u00edslo Powerball v rozmez\u00ed 1 a\u017e 20.<\/p>\n<p>Pro z\u00edsk\u00e1n\u00ed minim\u00e1ln\u00ed v\u00fdhry mus\u00ed hr\u00e1\u010d trefit dv\u011b \u010d\u00edsla a Powerball.<\/p>\n<h2><strong>Kdy se losuje australsk\u00fd PowerBall?<\/strong><\/h2>\n<p>Losuje se pouze jednou t\u00fddn\u011b, a to v\u017edy ve \u010dtvrtek ve 21:30 m\u00edstn\u00edho \u010dasu. Prodej tiket\u016f kon\u010d\u00ed hodinu p\u0159ed losov\u00e1n\u00edm a po jeho skon\u010den\u00ed se znovu otev\u00edr\u00e1 pro losov\u00e1n\u00ed v n\u00e1sleduj\u00edc\u00edm t\u00fddnu.<\/p>\n<h2><strong>Kolik stoj\u00ed hra Australia PowerBall?<\/strong><\/h2>\n<p>V LottoHoy si m\u016f\u017eete zahr\u00e1t australsk\u00fd Powerball od 2 \u20ac za sloupec. V t\u00e9to loterii je povinn\u00e9 hr\u00e1t minim\u00e1ln\u011b \u010dty\u0159i sloupe\u010dky. (Tato \u010d\u00e1stka se m\u016f\u017ee li\u0161it v z\u00e1vislosti na sm\u011bnn\u00e9m kurzu dolaru v\u016f\u010di euru).<\/p>\n<h2><strong>Jak hr\u00e1t australskou loterii PowerBall<\/strong><\/h2>\n<p>N\u00e1kup tiket\u016f Australia&#8217;s PowerBall a \u00fa\u010dast ve v\u0161ech slosov\u00e1n\u00edch je prost\u0159ednictv\u00edm na\u0161\u00ed online platformy opravdu snadn\u00e1 a u\u017eivatelsky p\u0159\u00edv\u011btiv\u00e1.<\/p>\n<p>Kdy\u017e vstoup\u00edme na hern\u00ed str\u00e1nku, platforma m\u00e1 p\u011bt sloupc\u016f (<em>naz\u00fdvan\u00fdch tak\u00e9 \u0159\u00e1dky<\/em>), ale m\u016f\u017eete je roz\u0161\u00ed\u0159it, kolikr\u00e1t chcete, jednoduch\u00fdm kliknut\u00edm na pol\u00ed\u010dko \u201e<strong>V\u00edce \u0159\u00e1dk\u016f<\/strong>\u201c.<\/p>\n<p>V ka\u017ed\u00e9m sloupci m\u016f\u017eete uzav\u0159\u00edt s\u00e1zku a vyplnit tolik sloupc\u016f, kolik chcete. Chcete-li s\u00e1zku zadat,l mus\u00edte ozna\u010dit sedm pol\u00ed\u010dek v ka\u017ed\u00e9m sloupci prvn\u00ed skupiny a jedno kulat\u00e9 pol\u00ed\u010dko druh\u00e9 skupiny.<\/p>\n<p>Tak\u00e9 m\u00e1te mo\u017enost nechat syst\u00e9m, aby s\u00e1m vybral n\u00e1hodn\u00e9 kombinace pro hr\u00e1\u010de. Tento n\u00e1hodn\u00fd v\u00fdb\u011br provedete tak, \u017ee p\u0159ejedete kurzorem nad sloupcem a zobraz\u00ed se horn\u00ed pole s n\u00e1pisem \u201eRychl\u00fd v\u00fdb\u011br\u201c.<\/p>\n<p>Po um\u00edst\u011bn\u00ed po\u017eadovan\u00e9ho po\u010dtu sloupc\u016f (s\u00e1zek) se zobraz\u00ed zelen\u00e9 pole s n\u00e1pisem \u201ePokra\u010dovat\u201c. Kliknut\u00edm na n\u011bj se dostanete na obrazovku spln\u011bn\u00ed podm\u00ednek, kde pokra\u010dujete v platb\u011b kliknut\u00edm na pol\u00ed\u010dko \u201eZaplatit nyn\u00ed\u201c.<\/p>\n<p>Na nov\u00e9 obrazovce se zobraz\u00ed dostupn\u00e9 platebn\u00ed metody. Od kreditn\u00edch karet a syst\u00e9m\u016f zn\u00e1m\u00fdch jako Skrill nebo Neteller a\u017e po \u0161irokou \u0161k\u00e1lu metod v\u010detn\u011b kryptom\u011bn.<\/p>\n","protected":false},"excerpt":{"rendered":"<p>Powerball AU vznikl v roce 1996 a ofici\u00e1ln\u011b na n\u011bj dohl\u00ed\u017e\u00ed australsk\u00e1 vl\u00e1da, provozuje ho v\u0161ak spole\u010dnost Tatts Group. V dubnu 2018 do\u0161lo k v\u00fdznamn\u00e9 zm\u011bn\u011b jej\u00edch pravidel, aby se p\u0159izp\u016fsobila nab\u00eddce ostatn\u00edch sv\u011btov\u00fdch loteri\u00ed a zv\u00fd\u0161ila se tak pravd\u011bpodobnost v\u00fdhry v\u011bt\u0161\u00edch jackpot\u016f. Nezam\u011b\u0148ujte AU Powerball s americkou Powerball, proto\u017ee a\u010dkoli maj\u00ed podobn\u00e9 rysy, existuj\u00ed [&hellip;]<\/p>\n","protected":false},"author":2,"featured_media":0,"parent":16577,"menu_order":17,"comment_status":"closed","ping_status":"closed","template":"powerball-au.php","meta":{"_et_pb_use_builder":"","_et_pb_old_content":"","_et_gb_content_width":"","exclude_from_search":false,"footnotes":""},"class_list":["post-16734","page","type-page","status-publish","hentry"],"yoast_head":"<!-- This site is optimized with the Yoast SEO plugin v23.7 - https:\/\/yoast.com\/wordpress\/plugins\/seo\/ -->\n<title>Hrajte PowerBall AU - vyhrajte jackpot v australsk\u00e9m lottu<\/title>\n<meta name=\"description\" content=\"Vyberte si sv\u00fdch obl\u00edben\u00fdch 7 \u010d\u00edsel od 1 do 35 v\u010detn\u011b a \u010d\u00edslo Powerball od 1 do 20. Je to tak snadn\u00e9 st\u00e1t se milion\u00e1\u0159em!\" \/>\n<meta name=\"robots\" content=\"index, follow, max-snippet:-1, max-image-preview:large, max-video-preview:-1\" \/>\n<link rel=\"canonical\" href=\"https:\/\/lottohoy.com\/cs\/hrat\/hrat-powerball-au\/\" \/>\n<meta property=\"og:locale\" content=\"cs_CZ\" \/>\n<meta property=\"og:type\" content=\"article\" \/>\n<meta property=\"og:title\" content=\"Hrajte PowerBall AU - vyhrajte jackpot v australsk\u00e9m lottu\" \/>\n<meta property=\"og:description\" content=\"Vyberte si sv\u00fdch obl\u00edben\u00fdch 7 \u010d\u00edsel od 1 do 35 v\u010detn\u011b a \u010d\u00edslo Powerball od 1 do 20. Je to tak snadn\u00e9 st\u00e1t se milion\u00e1\u0159em!\" \/>\n<meta property=\"og:url\" content=\"https:\/\/lottohoy.com\/cs\/hrat\/hrat-powerball-au\/\" \/>\n<meta property=\"og:site_name\" content=\"Lottohoy\" \/>\n<meta name=\"twitter:card\" content=\"summary_large_image\" \/>\n<meta name=\"twitter:label1\" content=\"Odhadovan\u00e1 doba \u010dten\u00ed\" \/>\n\t<meta name=\"twitter:data1\" content=\"3 minuty\" \/>\n<script type=\"application\/ld+json\" class=\"yoast-schema-graph\">{\"@context\":\"https:\/\/schema.org\",\"@graph\":[{\"@type\":\"WebPage\",\"@id\":\"https:\/\/lottohoy.com\/cs\/hrat\/hrat-powerball-au\/\",\"url\":\"https:\/\/lottohoy.com\/cs\/hrat\/hrat-powerball-au\/\",\"name\":\"Hrajte PowerBall AU - vyhrajte jackpot v australsk\u00e9m lottu\",\"isPartOf\":{\"@id\":\"https:\/\/lottohoy.com\/cs\/#website\"},\"datePublished\":\"2018-08-22T09:27:06+00:00\",\"dateModified\":\"2018-08-22T09:27:06+00:00\",\"description\":\"Vyberte si sv\u00fdch obl\u00edben\u00fdch 7 \u010d\u00edsel od 1 do 35 v\u010detn\u011b a \u010d\u00edslo Powerball od 1 do 20. Je to tak snadn\u00e9 st\u00e1t se milion\u00e1\u0159em!\",\"breadcrumb\":{\"@id\":\"https:\/\/lottohoy.com\/cs\/hrat\/hrat-powerball-au\/#breadcrumb\"},\"inLanguage\":\"cs\",\"potentialAction\":[{\"@type\":\"ReadAction\",\"target\":[\"https:\/\/lottohoy.com\/cs\/hrat\/hrat-powerball-au\/\"]}]},{\"@type\":\"BreadcrumbList\",\"@id\":\"https:\/\/lottohoy.com\/cs\/hrat\/hrat-powerball-au\/#breadcrumb\",\"itemListElement\":[{\"@type\":\"ListItem\",\"position\":1,\"name\":\"Home\",\"item\":\"https:\/\/lottohoy.com\/cs\/\"},{\"@type\":\"ListItem\",\"position\":2,\"name\":\"Hr\u00e1t loterie\",\"item\":\"https:\/\/lottohoy.com\/cs\/hrat\/\"},{\"@type\":\"ListItem\",\"position\":3,\"name\":\"Hr\u00e1t Powerball AU\"}]},{\"@type\":\"WebSite\",\"@id\":\"https:\/\/lottohoy.com\/cs\/#website\",\"url\":\"https:\/\/lottohoy.com\/cs\/\",\"name\":\"Lottohoy\",\"description\":\"\",\"potentialAction\":[{\"@type\":\"SearchAction\",\"target\":{\"@type\":\"EntryPoint\",\"urlTemplate\":\"https:\/\/lottohoy.com\/cs\/?s={search_term_string}\"},\"query-input\":{\"@type\":\"PropertyValueSpecification\",\"valueRequired\":true,\"valueName\":\"search_term_string\"}}],\"inLanguage\":\"cs\"}]}<\/script>\n<!-- \/ Yoast SEO plugin. -->","yoast_head_json":{"title":"Hrajte PowerBall AU - vyhrajte jackpot v australsk\u00e9m lottu","description":"Vyberte si sv\u00fdch obl\u00edben\u00fdch 7 \u010d\u00edsel od 1 do 35 v\u010detn\u011b a \u010d\u00edslo Powerball od 1 do 20. Je to tak snadn\u00e9 st\u00e1t se milion\u00e1\u0159em!","robots":{"index":"index","follow":"follow","max-snippet":"max-snippet:-1","max-image-preview":"max-image-preview:large","max-video-preview":"max-video-preview:-1"},"canonical":"https:\/\/lottohoy.com\/cs\/hrat\/hrat-powerball-au\/","og_locale":"cs_CZ","og_type":"article","og_title":"Hrajte PowerBall AU - vyhrajte jackpot v australsk\u00e9m lottu","og_description":"Vyberte si sv\u00fdch obl\u00edben\u00fdch 7 \u010d\u00edsel od 1 do 35 v\u010detn\u011b a \u010d\u00edslo Powerball od 1 do 20. Je to tak snadn\u00e9 st\u00e1t se milion\u00e1\u0159em!","og_url":"https:\/\/lottohoy.com\/cs\/hrat\/hrat-powerball-au\/","og_site_name":"Lottohoy","twitter_card":"summary_large_image","twitter_misc":{"Odhadovan\u00e1 doba \u010dten\u00ed":"3 minuty"},"schema":{"@context":"https:\/\/schema.org","@graph":[{"@type":"WebPage","@id":"https:\/\/lottohoy.com\/cs\/hrat\/hrat-powerball-au\/","url":"https:\/\/lottohoy.com\/cs\/hrat\/hrat-powerball-au\/","name":"Hrajte PowerBall AU - vyhrajte jackpot v australsk\u00e9m lottu","isPartOf":{"@id":"https:\/\/lottohoy.com\/cs\/#website"},"datePublished":"2018-08-22T09:27:06+00:00","dateModified":"2018-08-22T09:27:06+00:00","description":"Vyberte si sv\u00fdch obl\u00edben\u00fdch 7 \u010d\u00edsel od 1 do 35 v\u010detn\u011b a \u010d\u00edslo Powerball od 1 do 20. Je to tak snadn\u00e9 st\u00e1t se milion\u00e1\u0159em!","breadcrumb":{"@id":"https:\/\/lottohoy.com\/cs\/hrat\/hrat-powerball-au\/#breadcrumb"},"inLanguage":"cs","potentialAction":[{"@type":"ReadAction","target":["https:\/\/lottohoy.com\/cs\/hrat\/hrat-powerball-au\/"]}]},{"@type":"BreadcrumbList","@id":"https:\/\/lottohoy.com\/cs\/hrat\/hrat-powerball-au\/#breadcrumb","itemListElement":[{"@type":"ListItem","position":1,"name":"Home","item":"https:\/\/lottohoy.com\/cs\/"},{"@type":"ListItem","position":2,"name":"Hr\u00e1t loterie","item":"https:\/\/lottohoy.com\/cs\/hrat\/"},{"@type":"ListItem","position":3,"name":"Hr\u00e1t Powerball AU"}]},{"@type":"WebSite","@id":"https:\/\/lottohoy.com\/cs\/#website","url":"https:\/\/lottohoy.com\/cs\/","name":"Lottohoy","description":"","potentialAction":[{"@type":"SearchAction","target":{"@type":"EntryPoint","urlTemplate":"https:\/\/lottohoy.com\/cs\/?s={search_term_string}"},"query-input":{"@type":"PropertyValueSpecification","valueRequired":true,"valueName":"search_term_string"}}],"inLanguage":"cs"}]}},"_links":{"self":[{"href":"https:\/\/lottohoy.com\/cs\/wp-json\/wp\/v2\/pages\/16734","targetHints":{"allow":["GET"]}}],"collection":[{"href":"https:\/\/lottohoy.com\/cs\/wp-json\/wp\/v2\/pages"}],"about":[{"href":"https:\/\/lottohoy.com\/cs\/wp-json\/wp\/v2\/types\/page"}],"author":[{"embeddable":true,"href":"https:\/\/lottohoy.com\/cs\/wp-json\/wp\/v2\/users\/2"}],"replies":[{"embeddable":true,"href":"https:\/\/lottohoy.com\/cs\/wp-json\/wp\/v2\/comments?post=16734"}],"version-history":[{"count":0,"href":"https:\/\/lottohoy.com\/cs\/wp-json\/wp\/v2\/pages\/16734\/revisions"}],"up":[{"embeddable":true,"href":"https:\/\/lottohoy.com\/cs\/wp-json\/wp\/v2\/pages\/16577"}],"wp:attachment":[{"href":"https:\/\/lottohoy.com\/cs\/wp-json\/wp\/v2\/media?parent=16734"}],"curies":[{"name":"wp","href":"https:\/\/api.w.org\/{rel}","templated":true}]}}