{"id":16723,"date":"2020-08-10T15:56:27","date_gmt":"2020-08-10T14:56:27","guid":{"rendered":"https:\/\/lottohoy.com\/hrat\/hrat-mega-sena\/"},"modified":"2020-08-10T15:56:27","modified_gmt":"2020-08-10T14:56:27","slug":"hrat-mega-sena","status":"publish","type":"page","link":"https:\/\/lottohoy.com\/cs\/hrat\/hrat-mega-sena\/","title":{"rendered":"Hr\u00e1t Mega Sena"},"content":{"rendered":"<h2>Zahrajte si Mega Sena online<\/h2>\n<p>Mega Sena je nejv\u011bt\u0161\u00ed loterie v Braz\u00edlii a v cel\u00e9 Ji\u017en\u00ed Americe. Od b\u0159ezna 1996 ji po\u0159\u00e1d\u00e1 feder\u00e1ln\u00ed banka Caixa Economica.<\/p>\n<p>Hr\u00e1t loterii Mega Sena online m\u016f\u017ee hr\u00e1\u010d p\u0159\u00edmo prost\u0159ednictv\u00edm loterijn\u00edch platforem, jako je ta na\u0161e. Pro hran\u00ed Mega Sena je nezbytn\u011b nutn\u00e9 b\u00fdt star\u0161\u00ed 18 let, co\u017e vy\u017eaduje organiz\u00e1tor.<\/p>\n<p>Po vstupu na str\u00e1nku hry Mega Sena prost\u0159ednictv\u00edm na\u0161\u00ed platformy se zobraz\u00ed \u0161ablona s r\u016fzn\u00fdmi sloupci (naz\u00fdvan\u00fdmi tak\u00e9 \u0159\u00e1dky) hry, kde mus\u00edte uv\u00e9st hru, kterou chcete prov\u00e9st (Ka\u017ed\u00fd sloupec nebo \u0159\u00e1dek bude odpov\u00eddat s\u00e1zce). Tyto po\u010d\u00e1te\u010dn\u00ed sloupce m\u016f\u017eete zv\u011bt\u0161it kliknut\u00edm na pol\u00ed\u010dko V\u00cdCE LINEK a objev\u00ed se dal\u0161\u00ed sloupce, kde m\u016f\u017eete na stejnou hru uzav\u0159\u00edt v\u00edce s\u00e1zek.<\/p>\n<p>To lze opakovat tolikr\u00e1t, kolik sloupc\u016f nebo \u0159ad chcete vsadit.<\/p>\n<p>Chcete-li uzav\u0159\u00edt s\u00e1zku na sloupec, mus\u00ed b\u00fdt v prvn\u00edm poli ozna\u010deno 6 z 60 pol\u00ed\u010dek.<\/p>\n<p>Tento tah lze prov\u00e9st ru\u010dn\u011b, tj. ozna\u010den\u00edm p\u0159\u00edmo na ka\u017ed\u00e9m z \u010d\u00edsel, kter\u00e9 chcete, aby bylo sou\u010d\u00e1st\u00ed va\u0161\u00ed s\u00e1zkov\u00e9 kombinace. A tak\u00e9, pokud si to p\u0159ejete, m\u016f\u017eete nechat syst\u00e9m, aby s\u00e1m n\u00e1hodn\u011b vybral s\u00e1zkovou kombinaci.<\/p>\n<p>Pokud je s\u00e1zka vyhodnocena, v\u00fdhern\u00ed \u010d\u00e1stka je automaticky p\u0159ips\u00e1na na u\u017eivatelsk\u00fd \u00fa\u010det.<\/p>\n<h2>Ve kter\u00e9 dny se konaj\u00ed slosov\u00e1n\u00ed?<\/h2>\n<p>Mega Sena po\u0159\u00e1d\u00e1 ka\u017ed\u00fd t\u00fdden dv\u011b slosov\u00e1n\u00ed, a to ve st\u0159edu a v sobotu ve 20:00 hodin m\u00edstn\u00edho \u010dasu. (UTC-3)<\/p>\n<p>P\u0159\u00edjem vstupenek online je ofici\u00e1ln\u011b uzav\u0159en p\u0159ibli\u017en\u011b 3 hodiny p\u0159ed ofici\u00e1ln\u00edm \u010dasem a znovu se otev\u00edr\u00e1 po skon\u010den\u00ed losov\u00e1n\u00ed, aby bylo mo\u017en\u00e9 potvrdit vstupenky pro nov\u00e1 losov\u00e1n\u00ed.<\/p>\n<h2>V\u00fdhody n\u00e1kupu Mega Seny online<\/h2>\n<p>S\u00e1zen\u00ed na Mega Senu online prost\u0159ednictv\u00edm na\u0161\u00ed platformy, kter\u00e1 umo\u017e\u0148uje hr\u00e1\u010d\u016fm z cel\u00e9ho sv\u011bta nakupovat tikety bez ohledu na zemi, ve kter\u00e9 \u017eij\u00ed, m\u00e1 mnoho v\u00fdhod.<\/p>\n<p>Mezi mnoha dal\u0161\u00edmi jsou to n\u011bkter\u00e9 z hlavn\u00edch v\u00fdhod hran\u00ed prost\u0159ednictv\u00edm LottoHoy:<\/p>\n<ul>\n<li>Bezpe\u010dnost transakc\u00ed.<\/li>\n<li>Nep\u0159etr\u017eit\u00fd p\u0159\u00edstup k n\u00e1kupu a s\u00e1zen\u00ed ka\u017ed\u00fd den v roce. .<\/li>\n<li>N\u00e1kup tiket\u016f odkudkoli na sv\u011bt\u011b, bez front a cestov\u00e1n\u00ed.<\/li>\n<li>D\u00edky online n\u00e1kupu se vyhnete ztr\u00e1t\u011b nebo chybn\u00e9mu um\u00edst\u011bn\u00ed, tiket z\u016fst\u00e1v\u00e1 v\u017edy bezpe\u010dn\u011b na u\u017eivatelsk\u00e9m \u00fa\u010dtu.<\/li>\n<li>Vyhran\u00e9 ceny jsou ihned zaps\u00e1ny na u\u017eivatelsk\u00e9m \u00fa\u010dtu a jsou k dispozici od prvn\u00edho okam\u017eiku, po oslav\u011b slosov\u00e1n\u00ed a po zve\u0159ejn\u011bn\u00ed ofici\u00e1ln\u00edch v\u00fdsledk\u016f jsou na u\u017eivatelsk\u00e9m \u00fa\u010dtu zaps\u00e1ny vyhran\u00e9 \u010d\u00e1stky.<\/li>\n<li>Bu\u010fte informov\u00e1ni o kumulovan\u00fdch v\u00fdhr\u00e1ch a mimo\u0159\u00e1dn\u00fdch slosov\u00e1n\u00edch.<\/li>\n<\/ul>\n","protected":false},"excerpt":{"rendered":"<p>Zahrajte si Mega Sena online Mega Sena je nejv\u011bt\u0161\u00ed loterie v Braz\u00edlii a v cel\u00e9 Ji\u017en\u00ed Americe. Od b\u0159ezna 1996 ji po\u0159\u00e1d\u00e1 feder\u00e1ln\u00ed banka Caixa Economica. Hr\u00e1t loterii Mega Sena online m\u016f\u017ee hr\u00e1\u010d p\u0159\u00edmo prost\u0159ednictv\u00edm loterijn\u00edch platforem, jako je ta na\u0161e. Pro hran\u00ed Mega Sena je nezbytn\u011b nutn\u00e9 b\u00fdt star\u0161\u00ed 18 let, co\u017e vy\u017eaduje organiz\u00e1tor. [&hellip;]<\/p>\n","protected":false},"author":2,"featured_media":0,"parent":16577,"menu_order":16,"comment_status":"closed","ping_status":"closed","template":"megasena.php","meta":{"_et_pb_use_builder":"","_et_pb_old_content":"","_et_gb_content_width":"","exclude_from_search":false,"footnotes":""},"class_list":["post-16723","page","type-page","status-publish","hentry"],"yoast_head":"<!-- This site is optimized with the Yoast SEO plugin v23.7 - https:\/\/yoast.com\/wordpress\/plugins\/seo\/ -->\n<title>Zahrajte si loterii Mega Sena online - LottoHoy.com<\/title>\n<meta name=\"description\" content=\"S\u00e1zejte kdykoli b\u011bhem dne i noci, hrajte loterii Mega Sena online, bez front a bez nutnosti cestovat.\" \/>\n<meta name=\"robots\" content=\"index, follow, max-snippet:-1, max-image-preview:large, max-video-preview:-1\" \/>\n<link rel=\"canonical\" href=\"https:\/\/lottohoy.com\/cs\/hrat\/hrat-mega-sena\/\" \/>\n<meta property=\"og:locale\" content=\"cs_CZ\" \/>\n<meta property=\"og:type\" content=\"article\" \/>\n<meta property=\"og:title\" content=\"Zahrajte si loterii Mega Sena online - LottoHoy.com\" \/>\n<meta property=\"og:description\" content=\"S\u00e1zejte kdykoli b\u011bhem dne i noci, hrajte loterii Mega Sena online, bez front a bez nutnosti cestovat.\" \/>\n<meta property=\"og:url\" content=\"https:\/\/lottohoy.com\/cs\/hrat\/hrat-mega-sena\/\" \/>\n<meta property=\"og:site_name\" content=\"Lottohoy\" \/>\n<meta name=\"twitter:card\" content=\"summary_large_image\" \/>\n<meta name=\"twitter:label1\" content=\"Odhadovan\u00e1 doba \u010dten\u00ed\" \/>\n\t<meta name=\"twitter:data1\" content=\"2 minuty\" \/>\n<script type=\"application\/ld+json\" class=\"yoast-schema-graph\">{\"@context\":\"https:\/\/schema.org\",\"@graph\":[{\"@type\":\"WebPage\",\"@id\":\"https:\/\/lottohoy.com\/cs\/hrat\/hrat-mega-sena\/\",\"url\":\"https:\/\/lottohoy.com\/cs\/hrat\/hrat-mega-sena\/\",\"name\":\"Zahrajte si loterii Mega Sena online - LottoHoy.com\",\"isPartOf\":{\"@id\":\"https:\/\/lottohoy.com\/cs\/#website\"},\"datePublished\":\"2020-08-10T14:56:27+00:00\",\"dateModified\":\"2020-08-10T14:56:27+00:00\",\"description\":\"S\u00e1zejte kdykoli b\u011bhem dne i noci, hrajte loterii Mega Sena online, bez front a bez nutnosti cestovat.\",\"breadcrumb\":{\"@id\":\"https:\/\/lottohoy.com\/cs\/hrat\/hrat-mega-sena\/#breadcrumb\"},\"inLanguage\":\"cs\",\"potentialAction\":[{\"@type\":\"ReadAction\",\"target\":[\"https:\/\/lottohoy.com\/cs\/hrat\/hrat-mega-sena\/\"]}]},{\"@type\":\"BreadcrumbList\",\"@id\":\"https:\/\/lottohoy.com\/cs\/hrat\/hrat-mega-sena\/#breadcrumb\",\"itemListElement\":[{\"@type\":\"ListItem\",\"position\":1,\"name\":\"Home\",\"item\":\"https:\/\/lottohoy.com\/cs\/\"},{\"@type\":\"ListItem\",\"position\":2,\"name\":\"Hr\u00e1t loterie\",\"item\":\"https:\/\/lottohoy.com\/cs\/hrat\/\"},{\"@type\":\"ListItem\",\"position\":3,\"name\":\"Hr\u00e1t Mega Sena\"}]},{\"@type\":\"WebSite\",\"@id\":\"https:\/\/lottohoy.com\/cs\/#website\",\"url\":\"https:\/\/lottohoy.com\/cs\/\",\"name\":\"Lottohoy\",\"description\":\"\",\"potentialAction\":[{\"@type\":\"SearchAction\",\"target\":{\"@type\":\"EntryPoint\",\"urlTemplate\":\"https:\/\/lottohoy.com\/cs\/?s={search_term_string}\"},\"query-input\":{\"@type\":\"PropertyValueSpecification\",\"valueRequired\":true,\"valueName\":\"search_term_string\"}}],\"inLanguage\":\"cs\"}]}<\/script>\n<!-- \/ Yoast SEO plugin. -->","yoast_head_json":{"title":"Zahrajte si loterii Mega Sena online - LottoHoy.com","description":"S\u00e1zejte kdykoli b\u011bhem dne i noci, hrajte loterii Mega Sena online, bez front a bez nutnosti cestovat.","robots":{"index":"index","follow":"follow","max-snippet":"max-snippet:-1","max-image-preview":"max-image-preview:large","max-video-preview":"max-video-preview:-1"},"canonical":"https:\/\/lottohoy.com\/cs\/hrat\/hrat-mega-sena\/","og_locale":"cs_CZ","og_type":"article","og_title":"Zahrajte si loterii Mega Sena online - LottoHoy.com","og_description":"S\u00e1zejte kdykoli b\u011bhem dne i noci, hrajte loterii Mega Sena online, bez front a bez nutnosti cestovat.","og_url":"https:\/\/lottohoy.com\/cs\/hrat\/hrat-mega-sena\/","og_site_name":"Lottohoy","twitter_card":"summary_large_image","twitter_misc":{"Odhadovan\u00e1 doba \u010dten\u00ed":"2 minuty"},"schema":{"@context":"https:\/\/schema.org","@graph":[{"@type":"WebPage","@id":"https:\/\/lottohoy.com\/cs\/hrat\/hrat-mega-sena\/","url":"https:\/\/lottohoy.com\/cs\/hrat\/hrat-mega-sena\/","name":"Zahrajte si loterii Mega Sena online - LottoHoy.com","isPartOf":{"@id":"https:\/\/lottohoy.com\/cs\/#website"},"datePublished":"2020-08-10T14:56:27+00:00","dateModified":"2020-08-10T14:56:27+00:00","description":"S\u00e1zejte kdykoli b\u011bhem dne i noci, hrajte loterii Mega Sena online, bez front a bez nutnosti cestovat.","breadcrumb":{"@id":"https:\/\/lottohoy.com\/cs\/hrat\/hrat-mega-sena\/#breadcrumb"},"inLanguage":"cs","potentialAction":[{"@type":"ReadAction","target":["https:\/\/lottohoy.com\/cs\/hrat\/hrat-mega-sena\/"]}]},{"@type":"BreadcrumbList","@id":"https:\/\/lottohoy.com\/cs\/hrat\/hrat-mega-sena\/#breadcrumb","itemListElement":[{"@type":"ListItem","position":1,"name":"Home","item":"https:\/\/lottohoy.com\/cs\/"},{"@type":"ListItem","position":2,"name":"Hr\u00e1t loterie","item":"https:\/\/lottohoy.com\/cs\/hrat\/"},{"@type":"ListItem","position":3,"name":"Hr\u00e1t Mega Sena"}]},{"@type":"WebSite","@id":"https:\/\/lottohoy.com\/cs\/#website","url":"https:\/\/lottohoy.com\/cs\/","name":"Lottohoy","description":"","potentialAction":[{"@type":"SearchAction","target":{"@type":"EntryPoint","urlTemplate":"https:\/\/lottohoy.com\/cs\/?s={search_term_string}"},"query-input":{"@type":"PropertyValueSpecification","valueRequired":true,"valueName":"search_term_string"}}],"inLanguage":"cs"}]}},"_links":{"self":[{"href":"https:\/\/lottohoy.com\/cs\/wp-json\/wp\/v2\/pages\/16723","targetHints":{"allow":["GET"]}}],"collection":[{"href":"https:\/\/lottohoy.com\/cs\/wp-json\/wp\/v2\/pages"}],"about":[{"href":"https:\/\/lottohoy.com\/cs\/wp-json\/wp\/v2\/types\/page"}],"author":[{"embeddable":true,"href":"https:\/\/lottohoy.com\/cs\/wp-json\/wp\/v2\/users\/2"}],"replies":[{"embeddable":true,"href":"https:\/\/lottohoy.com\/cs\/wp-json\/wp\/v2\/comments?post=16723"}],"version-history":[{"count":0,"href":"https:\/\/lottohoy.com\/cs\/wp-json\/wp\/v2\/pages\/16723\/revisions"}],"up":[{"embeddable":true,"href":"https:\/\/lottohoy.com\/cs\/wp-json\/wp\/v2\/pages\/16577"}],"wp:attachment":[{"href":"https:\/\/lottohoy.com\/cs\/wp-json\/wp\/v2\/media?parent=16723"}],"curies":[{"name":"wp","href":"https:\/\/api.w.org\/{rel}","templated":true}]}}