{"id":16722,"date":"2020-08-10T21:38:27","date_gmt":"2020-08-10T20:38:27","guid":{"rendered":"https:\/\/lottohoy.com\/hrat\/hrat-lotto-america\/"},"modified":"2020-08-10T21:38:27","modified_gmt":"2020-08-10T20:38:27","slug":"hrat-lotto-america","status":"publish","type":"page","link":"https:\/\/lottohoy.com\/cs\/hrat\/hrat-lotto-america\/","title":{"rendered":"Hr\u00e1t Lotto America"},"content":{"rendered":"<h2>Jak hrajete Lotto America online?<\/h2>\n<p>Hern\u00ed sloupec se skl\u00e1d\u00e1 z 52 pol\u00ed\u010dek o\u010d\u00edslovan\u00fdch od 1 do 52 pro hlavn\u00ed \u010d\u00edsla a druh\u00e9ho pol\u00ed\u010dka o\u010d\u00edslovan\u00e9ho od 1 do 10 pro hv\u011bzdn\u00fd m\u00ed\u010dek (Lotto America Star Ball).<\/p>\n<p>Hr\u00e1\u010d mus\u00ed vybrat 5 hlavn\u00edch \u010d\u00edsel r\u00e1me\u010dku mezi 1 a 52 a dal\u0161\u00ed mezi \u010d\u00edsly uveden\u00fdmi od 1 do 10 pro hv\u011bzdn\u00fd m\u00ed\u010dek.<\/p>\n<p>Tento v\u00fdb\u011br lze prov\u00e9st ru\u010dn\u011b tak, \u017ee ve sloupci vyberete a ozna\u010d\u00edte 5+1 \u010d\u00edsla kombinace, kterou chcete hr\u00e1t, nebo vyberete pole \u201eRychl\u00fd v\u00fdb\u011br\u201c, kter\u00e9 se zobraz\u00ed, kdy\u017e kurzor p\u0159ejede p\u0159es horn\u00ed \u010d\u00e1st sloupce, a umo\u017en\u00edte tak syst\u00e9mu, aby s\u00e1m n\u00e1hodn\u011b vybral kombinaci, kterou chcete hr\u00e1t.<\/p>\n<h2>Ve kter\u00e9 dny hrajete Lotto America?<\/h2>\n<p>Losov\u00e1n\u00ed Lotto America se kon\u00e1 v Tallahassee na Florid\u011b ka\u017edou st\u0159edu a sobotu kolem 23:15 \/ 22:15 m\u00edstn\u00edho \u010dasu v z\u00e1vislosti na stavu.<\/p>\n<p>Online prodej tiket\u016f se zpravidla uzav\u00edr\u00e1 2 hodiny p\u0159ed losov\u00e1n\u00edm z d\u016fvodu spr\u00e1vy a zabezpe\u010den\u00ed platformy spolupracuj\u00edc\u00edmi agenty.<\/p>\n<h2>Kolik stoj\u00ed losy Lotto America?<\/h2>\n<p>Na Lottohoy si m\u016f\u017eete koupit ofici\u00e1ln\u00ed losy Lotto America ji\u017e od 2 \u20ac, (Tato \u010d\u00e1stka se m\u016f\u017ee li\u0161it v z\u00e1vislosti na kurzu dolaru v\u016f\u010di euru).<\/p>\n<h2>Jak koupit Lotto America online<\/h2>\n<p>N\u00e1kup tiket\u016f a hran\u00ed loterie Lotto America je prost\u0159ednictv\u00edm na\u0161\u00ed online platformy opravdu snadn\u00e9 a pohodln\u00e9.<\/p>\n<p>Na hern\u00ed str\u00e1nce Lotto America m\u016f\u017eete uzav\u0159\u00edt libovolnou s\u00e1zku. Zobraz\u00ed se v\u00e1m \u0161ablona s 5 sloupci (naz\u00fdvan\u00fdmi tak\u00e9 \u0159\u00e1dky), kterou v\u0161ak m\u016f\u017eete libovoln\u011b roz\u0161\u00ed\u0159it jednoduch\u00fdm kliknut\u00edm na pol\u00ed\u010dko \u201eV\u00edce \u0159\u00e1dk\u016f\u201c.<\/p>\n<p>V ka\u017ed\u00e9m sloupci mus\u00edte za\u0161krtnout 5 pol\u00ed\u010dek mezi 1 a 51 a 1 pol\u00ed\u010dko mezi 1 a 10 v pol\u00ed\u010dku n\u00ed\u017ee.<\/p>\n<p>Tuto volbu m\u016f\u017eete prov\u00e9st ru\u010dn\u011b za\u0161krtnut\u00edm jednotliv\u00fdch pol\u00ed\u010dek nebo nechat syst\u00e9m n\u00e1hodn\u011b vybrat kombinaci.<\/p>\n<p>Kliknut\u00edm na tla\u010d\u00edtko \u201ePokra\u010dovat\u201c budete p\u0159esm\u011brov\u00e1ni na platebn\u00ed str\u00e1nku. Hr\u00e1\u010d m\u016f\u017ee potvrdit nebo p\u0159idat dal\u0161\u00ed tikety ke sv\u00fdm s\u00e1zk\u00e1m.<\/p>\n<h2>Ceny Lotto America<\/h2>\n<p>P\u0159edpokl\u00e1d\u00e1 se minim\u00e1ln\u00ed jackpot ve v\u00fd\u0161i 2 000 000 dolar\u016f, kter\u00fd se kumuluje pro dal\u0161\u00ed losov\u00e1n\u00ed v p\u0159\u00edpad\u011b, \u017ee nen\u00ed \u017e\u00e1dn\u00fd v\u00fdherce prvn\u00ed kategorie.<\/p>\n<p>K dispozici je 9 v\u00fdhern\u00edch kategori\u00ed<\/p>\n<p>&#8211; Prvn\u00ed kategorie pro ty, kte\u0159\u00ed uhodnou kompletn\u00ed v\u00fdhern\u00ed kombinaci (5 hlavn\u00edch \u010d\u00edsel + Star Ball).<\/p>\n<p>&#8211; Druh\u00e1 kategorie, pro ty, kte\u0159\u00ed uhodnou 5 hlavn\u00edch \u010d\u00edsel.<\/p>\n<p>&#8211; T\u0159et\u00ed kategorie, pro 4 hlavn\u00ed \u010d\u00edsla + Star Ball.<\/p>\n<p>&#8211; \u010ctvrt\u00e1 kategorie, pro ty, kte\u0159\u00ed maj\u00ed 4 hlavn\u00ed \u010d\u00edsla<\/p>\n<p>&#8211; P\u00e1t\u00e1 kategorie. Pro v\u00fdherce, kte\u0159\u00ed z\u00edskaj\u00ed 3 hlavn\u00ed \u010d\u00edsla + Star Ball<\/p>\n<p>&#8211; \u0160est\u00e1 kategorie. Pro v\u00fdherce se 3 \u0161\u0165astn\u00fdmi \u010d\u00edsly,<\/p>\n<p>&#8211; Sedm\u00e1 kategorie. Pro 2 hlavn\u00ed \u010d\u00edsla + Star Ball<\/p>\n<p>&#8211; Osm\u00e1 kategorie. Pro v\u00fdherce 1 hlavn\u00edho \u010d\u00edsla + Star Ball<\/p>\n<p>&#8211; Dev\u00e1t\u00e1 kategorie: Pro ty, kte\u0159\u00ed maj\u00ed pouze Star Ball<\/p>\n","protected":false},"excerpt":{"rendered":"<p>Jak hrajete Lotto America online? Hern\u00ed sloupec se skl\u00e1d\u00e1 z 52 pol\u00ed\u010dek o\u010d\u00edslovan\u00fdch od 1 do 52 pro hlavn\u00ed \u010d\u00edsla a druh\u00e9ho pol\u00ed\u010dka o\u010d\u00edslovan\u00e9ho od 1 do 10 pro hv\u011bzdn\u00fd m\u00ed\u010dek (Lotto America Star Ball). Hr\u00e1\u010d mus\u00ed vybrat 5 hlavn\u00edch \u010d\u00edsel r\u00e1me\u010dku mezi 1 a 52 a dal\u0161\u00ed mezi \u010d\u00edsly uveden\u00fdmi od 1 do 10 [&hellip;]<\/p>\n","protected":false},"author":2,"featured_media":0,"parent":16577,"menu_order":15,"comment_status":"closed","ping_status":"closed","template":"lotto-america.php","meta":{"_et_pb_use_builder":"","_et_pb_old_content":"","_et_gb_content_width":"","exclude_from_search":false,"footnotes":""},"class_list":["post-16722","page","type-page","status-publish","hentry"],"yoast_head":"<!-- This site is optimized with the Yoast SEO plugin v23.7 - https:\/\/yoast.com\/wordpress\/plugins\/seo\/ -->\n<title>Hrajte Lotto America, loterii USA - LottoHoy.com<\/title>\n<meta name=\"description\" content=\"Mezi \u0161irokou \u0161k\u00e1lou loteri\u00ed v USA navrhujeme zahr\u00e1t si Lotto America a u\u017e\u00edt si jeho 9 kategori\u00ed v\u00fdher.\" \/>\n<meta name=\"robots\" content=\"index, follow, max-snippet:-1, max-image-preview:large, max-video-preview:-1\" \/>\n<link rel=\"canonical\" href=\"https:\/\/lottohoy.com\/cs\/hrat\/hrat-lotto-america\/\" \/>\n<meta property=\"og:locale\" content=\"cs_CZ\" \/>\n<meta property=\"og:type\" content=\"article\" \/>\n<meta property=\"og:title\" content=\"Hrajte Lotto America, loterii USA - LottoHoy.com\" \/>\n<meta property=\"og:description\" content=\"Mezi \u0161irokou \u0161k\u00e1lou loteri\u00ed v USA navrhujeme zahr\u00e1t si Lotto America a u\u017e\u00edt si jeho 9 kategori\u00ed v\u00fdher.\" \/>\n<meta property=\"og:url\" content=\"https:\/\/lottohoy.com\/cs\/hrat\/hrat-lotto-america\/\" \/>\n<meta property=\"og:site_name\" content=\"Lottohoy\" \/>\n<meta name=\"twitter:card\" content=\"summary_large_image\" \/>\n<meta name=\"twitter:label1\" content=\"Odhadovan\u00e1 doba \u010dten\u00ed\" \/>\n\t<meta name=\"twitter:data1\" content=\"2 minuty\" \/>\n<script type=\"application\/ld+json\" class=\"yoast-schema-graph\">{\"@context\":\"https:\/\/schema.org\",\"@graph\":[{\"@type\":\"WebPage\",\"@id\":\"https:\/\/lottohoy.com\/cs\/hrat\/hrat-lotto-america\/\",\"url\":\"https:\/\/lottohoy.com\/cs\/hrat\/hrat-lotto-america\/\",\"name\":\"Hrajte Lotto America, loterii USA - LottoHoy.com\",\"isPartOf\":{\"@id\":\"https:\/\/lottohoy.com\/cs\/#website\"},\"datePublished\":\"2020-08-10T20:38:27+00:00\",\"dateModified\":\"2020-08-10T20:38:27+00:00\",\"description\":\"Mezi \u0161irokou \u0161k\u00e1lou loteri\u00ed v USA navrhujeme zahr\u00e1t si Lotto America a u\u017e\u00edt si jeho 9 kategori\u00ed v\u00fdher.\",\"breadcrumb\":{\"@id\":\"https:\/\/lottohoy.com\/cs\/hrat\/hrat-lotto-america\/#breadcrumb\"},\"inLanguage\":\"cs\",\"potentialAction\":[{\"@type\":\"ReadAction\",\"target\":[\"https:\/\/lottohoy.com\/cs\/hrat\/hrat-lotto-america\/\"]}]},{\"@type\":\"BreadcrumbList\",\"@id\":\"https:\/\/lottohoy.com\/cs\/hrat\/hrat-lotto-america\/#breadcrumb\",\"itemListElement\":[{\"@type\":\"ListItem\",\"position\":1,\"name\":\"Home\",\"item\":\"https:\/\/lottohoy.com\/cs\/\"},{\"@type\":\"ListItem\",\"position\":2,\"name\":\"Hr\u00e1t loterie\",\"item\":\"https:\/\/lottohoy.com\/cs\/hrat\/\"},{\"@type\":\"ListItem\",\"position\":3,\"name\":\"Hr\u00e1t Lotto America\"}]},{\"@type\":\"WebSite\",\"@id\":\"https:\/\/lottohoy.com\/cs\/#website\",\"url\":\"https:\/\/lottohoy.com\/cs\/\",\"name\":\"Lottohoy\",\"description\":\"\",\"potentialAction\":[{\"@type\":\"SearchAction\",\"target\":{\"@type\":\"EntryPoint\",\"urlTemplate\":\"https:\/\/lottohoy.com\/cs\/?s={search_term_string}\"},\"query-input\":{\"@type\":\"PropertyValueSpecification\",\"valueRequired\":true,\"valueName\":\"search_term_string\"}}],\"inLanguage\":\"cs\"}]}<\/script>\n<!-- \/ Yoast SEO plugin. -->","yoast_head_json":{"title":"Hrajte Lotto America, loterii USA - LottoHoy.com","description":"Mezi \u0161irokou \u0161k\u00e1lou loteri\u00ed v USA navrhujeme zahr\u00e1t si Lotto America a u\u017e\u00edt si jeho 9 kategori\u00ed v\u00fdher.","robots":{"index":"index","follow":"follow","max-snippet":"max-snippet:-1","max-image-preview":"max-image-preview:large","max-video-preview":"max-video-preview:-1"},"canonical":"https:\/\/lottohoy.com\/cs\/hrat\/hrat-lotto-america\/","og_locale":"cs_CZ","og_type":"article","og_title":"Hrajte Lotto America, loterii USA - LottoHoy.com","og_description":"Mezi \u0161irokou \u0161k\u00e1lou loteri\u00ed v USA navrhujeme zahr\u00e1t si Lotto America a u\u017e\u00edt si jeho 9 kategori\u00ed v\u00fdher.","og_url":"https:\/\/lottohoy.com\/cs\/hrat\/hrat-lotto-america\/","og_site_name":"Lottohoy","twitter_card":"summary_large_image","twitter_misc":{"Odhadovan\u00e1 doba \u010dten\u00ed":"2 minuty"},"schema":{"@context":"https:\/\/schema.org","@graph":[{"@type":"WebPage","@id":"https:\/\/lottohoy.com\/cs\/hrat\/hrat-lotto-america\/","url":"https:\/\/lottohoy.com\/cs\/hrat\/hrat-lotto-america\/","name":"Hrajte Lotto America, loterii USA - LottoHoy.com","isPartOf":{"@id":"https:\/\/lottohoy.com\/cs\/#website"},"datePublished":"2020-08-10T20:38:27+00:00","dateModified":"2020-08-10T20:38:27+00:00","description":"Mezi \u0161irokou \u0161k\u00e1lou loteri\u00ed v USA navrhujeme zahr\u00e1t si Lotto America a u\u017e\u00edt si jeho 9 kategori\u00ed v\u00fdher.","breadcrumb":{"@id":"https:\/\/lottohoy.com\/cs\/hrat\/hrat-lotto-america\/#breadcrumb"},"inLanguage":"cs","potentialAction":[{"@type":"ReadAction","target":["https:\/\/lottohoy.com\/cs\/hrat\/hrat-lotto-america\/"]}]},{"@type":"BreadcrumbList","@id":"https:\/\/lottohoy.com\/cs\/hrat\/hrat-lotto-america\/#breadcrumb","itemListElement":[{"@type":"ListItem","position":1,"name":"Home","item":"https:\/\/lottohoy.com\/cs\/"},{"@type":"ListItem","position":2,"name":"Hr\u00e1t loterie","item":"https:\/\/lottohoy.com\/cs\/hrat\/"},{"@type":"ListItem","position":3,"name":"Hr\u00e1t Lotto America"}]},{"@type":"WebSite","@id":"https:\/\/lottohoy.com\/cs\/#website","url":"https:\/\/lottohoy.com\/cs\/","name":"Lottohoy","description":"","potentialAction":[{"@type":"SearchAction","target":{"@type":"EntryPoint","urlTemplate":"https:\/\/lottohoy.com\/cs\/?s={search_term_string}"},"query-input":{"@type":"PropertyValueSpecification","valueRequired":true,"valueName":"search_term_string"}}],"inLanguage":"cs"}]}},"_links":{"self":[{"href":"https:\/\/lottohoy.com\/cs\/wp-json\/wp\/v2\/pages\/16722","targetHints":{"allow":["GET"]}}],"collection":[{"href":"https:\/\/lottohoy.com\/cs\/wp-json\/wp\/v2\/pages"}],"about":[{"href":"https:\/\/lottohoy.com\/cs\/wp-json\/wp\/v2\/types\/page"}],"author":[{"embeddable":true,"href":"https:\/\/lottohoy.com\/cs\/wp-json\/wp\/v2\/users\/2"}],"replies":[{"embeddable":true,"href":"https:\/\/lottohoy.com\/cs\/wp-json\/wp\/v2\/comments?post=16722"}],"version-history":[{"count":0,"href":"https:\/\/lottohoy.com\/cs\/wp-json\/wp\/v2\/pages\/16722\/revisions"}],"up":[{"embeddable":true,"href":"https:\/\/lottohoy.com\/cs\/wp-json\/wp\/v2\/pages\/16577"}],"wp:attachment":[{"href":"https:\/\/lottohoy.com\/cs\/wp-json\/wp\/v2\/media?parent=16722"}],"curies":[{"name":"wp","href":"https:\/\/api.w.org\/{rel}","templated":true}]}}