{"id":16711,"date":"2020-08-10T22:50:30","date_gmt":"2020-08-10T21:50:30","guid":{"rendered":"https:\/\/lottohoy.com\/hrat\/hrat-lotto-6aus49\/"},"modified":"2020-08-10T22:50:30","modified_gmt":"2020-08-10T21:50:30","slug":"hrat-lotto-6aus49","status":"publish","type":"page","link":"https:\/\/lottohoy.com\/cs\/hrat\/hrat-lotto-6aus49\/","title":{"rendered":"Hr\u00e1t Lotto 6aus49"},"content":{"rendered":"<h2>Hr\u00e1t Lotto 6aus49 online<\/h2>\n<p>6aus49 je nejzn\u00e1m\u011bj\u0161\u00ed loterie v N\u011bmecku, zn\u00e1m\u00e1 tak\u00e9 jako n\u011bmeck\u00e9 lotto. Pravidla jsou velmi jednoduch\u00e1, hr\u00e1\u010di mus\u00ed vybrat z tabulky, kter\u00e1 se skl\u00e1d\u00e1 ze 49 pol\u00ed\u010dek o\u010d\u00edslovan\u00fdch od 1 do 49, 6 \u010d\u00edsel hlavn\u00ed kombinace plus speci\u00e1ln\u00ed bonusov\u00e9 \u010d\u00edslo zn\u00e1m\u00e9 jako Superzahl, ze seznamu o\u010d\u00edslovan\u00e9ho od 0 do 9<\/p>\n<p>V\u00fdb\u011br t\u011bchto \u010d\u00edsel prov\u00e1d\u011bj\u00ed dva stroje. Z prvn\u00edho stroje se vyt\u00e1hnou o\u010d\u00edslovan\u00e9 kuli\u010dky (6 hlavn\u00edch) a z druh\u00e9ho stroje se vyt\u00e1hne kuli\u010dka pro ur\u010den\u00ed \u010d\u00edsla S\u00fapezahl.<\/p>\n<h2>Jak hr\u00e1t 6aus49 online?<\/h2>\n<p>Hr\u00e1t n\u011bmeck\u00e9 lotto 6aus49 online je opravdu snadn\u00e9, sta\u010d\u00ed si na LottoHoy vytvo\u0159it u\u017eivatelsk\u00fd \u00fa\u010det, abyste m\u011bli p\u0159\u00edstup ke v\u0161em informac\u00edm o platb\u00e1ch, p\u0159edplatn\u00e9m, zakoupen\u00fdch tiketech, statistik\u00e1ch atd. a mohli si vybrat losov\u00e1n\u00ed, kter\u00e1 chcete hr\u00e1t.<\/p>\n<p>Na t\u00e9\u017ee hern\u00ed str\u00e1nce je p\u011bt sloupc\u016f s\u00e1zek (naz\u00fdvan\u00fdch tak\u00e9 \u0159\u00e1dky), ka\u017ed\u00fd z p\u011bti sloupc\u016f m\u00e1 pol\u00ed\u010dka o\u010d\u00edslovan\u00e1 od 1 do 49) a vy jich m\u016f\u017eete vyplnit tolik, kolik chcete. Ka\u017ed\u00fd sloupec se vztahuje k jedn\u00e9 s\u00e1zce, jej\u00ed\u017e cena je 2,50 \u20ac.<\/p>\n<p>Pr\u00e1v\u011b v t\u011bchto sloupc\u00edch nebo \u0159ad\u00e1ch se 49 \u010d\u00edsly je t\u0159eba zvolit po\u017eadovanou kombinaci, p\u0159i\u010dem\u017e se p\u0159edpokl\u00e1d\u00e1, \u017ee pro jednoduchou hru je t\u0159eba ozna\u010dit 6 \u010d\u00edsel.<\/p>\n<p>Syst\u00e9m n\u00e1m umo\u017e\u0148uje vyplnit tyto kolonky ru\u010dn\u011b nebo prost\u0159ednictv\u00edm mo\u017enosti rychl\u00e9ho v\u00fdb\u011bru, kter\u00e1 se objev\u00ed nad ka\u017edou tabulkou, nechat syst\u00e9m, aby s\u00e1m n\u00e1hodn\u00fdm zp\u016fsobem vybral kombinaci na\u0161\u00ed s\u00e1zky.<\/p>\n<p>Po v\u00fdb\u011bru \u010d\u00edsel v jednom nebo n\u011bkolika sloupc\u00edch p\u0159ejd\u011bte do pole CONTINUE a p\u0159ejd\u011bte k v\u00fdplat\u011b. Je to tak jednoduch\u00e9.<\/p>\n<h2>Jak\u00e9 v\u00fdhry 6aus49 rozd\u00e1v\u00e1?<\/h2>\n<p>Lotto 6aus49 m\u00e1 dev\u011bt r\u016fzn\u00fdch \u00farovn\u00ed v\u00fdher. Chcete-li vyhr\u00e1t jackpot, mus\u00edte m\u00edt shodn\u00fdch v\u0161ech \u0161est hlavn\u00edch \u010d\u00edsel a Superzahl. Va\u0161e celkov\u00e1 \u0161ance na v\u00fdhru jak\u00e9koli ceny v Lotto 6aus9 je 1 ku 31. N\u011bmeck\u00e9 lotto nab\u00edz\u00ed velmi dobrou \u0161anci na v\u00fdhru.<\/p>\n<p>Pro v\u00fdsledky 6aus49 existuje dev\u011bt kategori\u00ed<\/p>\n<p>&#8211; Prvn\u00ed kategorie: Pro v\u00fdherce 6 \u010d\u00edsel + Superzahl.<\/p>\n<p>&#8211; Druh\u00e1 kategorie: Pro 6 v\u00fdher hlavn\u00ed kombinace.<\/p>\n<p>&#8211; T\u0159et\u00ed kategorie: Pro 5 z\u00e1sah\u016f kombinace + Superzahl.<\/p>\n<p>&#8211; \u010ctvrt\u00e1 kategorie: 5 z\u00e1sah\u016f hlavn\u00ed kombinace.<\/p>\n<p>&#8211; P\u00e1t\u00e1 kategorie: 4 z\u00e1sahy kombinace + Superzahl.<\/p>\n<p>&#8211; \u0160est\u00e1 kategorie: 4 z\u00e1sahy hlavn\u00ed kombinace.<\/p>\n<p>&#8211; Sedm\u00e1 kategorie: 3 z\u00e1sahy + Superzahl.<\/p>\n<p>&#8211; Osm\u00e1 kategorie: 3 z\u00e1sahy.<\/p>\n<p>&#8211; Dev\u00e1t\u00e1 kategorie: Dev\u00e1t\u00e1: 2 z\u00e1sahy + Superzahl.<\/p>\n<h2>Kdy se bude 6aus49 losovat?<\/h2>\n<p>Losov\u00e1n\u00ed loterie 6aus49 prob\u00edh\u00e1 ka\u017edou st\u0159edu v 18:25 h. (SE\u010c) a v sobotu v 19:25 h. (SE\u010c).<\/p>\n<p>Chcete-li hr\u00e1t lotto 6aus49 online, je p\u0159\u00edjem n\u00e1kup\u016f uzav\u0159en 2 hodiny p\u0159ed oslavou slosov\u00e1n\u00ed, a to z administrativn\u00edch a bezpe\u010dnostn\u00edch d\u016fvod\u016f.<\/p>\n<h2>Kolik stoj\u00ed hra 6aus49?<\/h2>\n<p>Cena ka\u017ed\u00e9ho tiketu 6aus49 v LottoHoy je od 2,50 eur a zahrnuje ve\u0161ker\u00e9 n\u00e1klady na manipulaci a spr\u00e1vu n\u00e1kupu prost\u0159ednictv\u00edm ofici\u00e1ln\u00edch prodejc\u016f a\/nebo podobn\u011b.<\/p>\n","protected":false},"excerpt":{"rendered":"<p>Hr\u00e1t Lotto 6aus49 online 6aus49 je nejzn\u00e1m\u011bj\u0161\u00ed loterie v N\u011bmecku, zn\u00e1m\u00e1 tak\u00e9 jako n\u011bmeck\u00e9 lotto. Pravidla jsou velmi jednoduch\u00e1, hr\u00e1\u010di mus\u00ed vybrat z tabulky, kter\u00e1 se skl\u00e1d\u00e1 ze 49 pol\u00ed\u010dek o\u010d\u00edslovan\u00fdch od 1 do 49, 6 \u010d\u00edsel hlavn\u00ed kombinace plus speci\u00e1ln\u00ed bonusov\u00e9 \u010d\u00edslo zn\u00e1m\u00e9 jako Superzahl, ze seznamu o\u010d\u00edslovan\u00e9ho od 0 do 9 V\u00fdb\u011br t\u011bchto [&hellip;]<\/p>\n","protected":false},"author":2,"featured_media":0,"parent":16577,"menu_order":13,"comment_status":"closed","ping_status":"closed","template":"lotto-german.php","meta":{"_et_pb_use_builder":"","_et_pb_old_content":"","_et_gb_content_width":"","exclude_from_search":false,"footnotes":""},"class_list":["post-16711","page","type-page","status-publish","hentry"],"yoast_head":"<!-- This site is optimized with the Yoast SEO plugin v23.7 - https:\/\/yoast.com\/wordpress\/plugins\/seo\/ -->\n<title>Hrajte Lotto 6aus49, n\u011bmeckou loterii - LottoHoy.com<\/title>\n<meta name=\"description\" content=\"Zaj\u00edmavou alternativou je hr\u00e1t lotto 6aus49, n\u011bmeckou loterii, kter\u00e1 ka\u017ed\u00fd t\u00fdden generuje nov\u00e9 \u0161\u0165astn\u00e9 a spokojen\u00e9 v\u00fdherce.\" \/>\n<meta name=\"robots\" content=\"index, follow, max-snippet:-1, max-image-preview:large, max-video-preview:-1\" \/>\n<link rel=\"canonical\" href=\"https:\/\/lottohoy.com\/cs\/hrat\/hrat-lotto-6aus49\/\" \/>\n<meta property=\"og:locale\" content=\"cs_CZ\" \/>\n<meta property=\"og:type\" content=\"article\" \/>\n<meta property=\"og:title\" content=\"Hrajte Lotto 6aus49, n\u011bmeckou loterii - LottoHoy.com\" \/>\n<meta property=\"og:description\" content=\"Zaj\u00edmavou alternativou je hr\u00e1t lotto 6aus49, n\u011bmeckou loterii, kter\u00e1 ka\u017ed\u00fd t\u00fdden generuje nov\u00e9 \u0161\u0165astn\u00e9 a spokojen\u00e9 v\u00fdherce.\" \/>\n<meta property=\"og:url\" content=\"https:\/\/lottohoy.com\/cs\/hrat\/hrat-lotto-6aus49\/\" \/>\n<meta property=\"og:site_name\" content=\"Lottohoy\" \/>\n<meta name=\"twitter:card\" content=\"summary_large_image\" \/>\n<meta name=\"twitter:label1\" content=\"Odhadovan\u00e1 doba \u010dten\u00ed\" \/>\n\t<meta name=\"twitter:data1\" content=\"3 minuty\" \/>\n<script type=\"application\/ld+json\" class=\"yoast-schema-graph\">{\"@context\":\"https:\/\/schema.org\",\"@graph\":[{\"@type\":\"WebPage\",\"@id\":\"https:\/\/lottohoy.com\/cs\/hrat\/hrat-lotto-6aus49\/\",\"url\":\"https:\/\/lottohoy.com\/cs\/hrat\/hrat-lotto-6aus49\/\",\"name\":\"Hrajte Lotto 6aus49, n\u011bmeckou loterii - LottoHoy.com\",\"isPartOf\":{\"@id\":\"https:\/\/lottohoy.com\/cs\/#website\"},\"datePublished\":\"2020-08-10T21:50:30+00:00\",\"dateModified\":\"2020-08-10T21:50:30+00:00\",\"description\":\"Zaj\u00edmavou alternativou je hr\u00e1t lotto 6aus49, n\u011bmeckou loterii, kter\u00e1 ka\u017ed\u00fd t\u00fdden generuje nov\u00e9 \u0161\u0165astn\u00e9 a spokojen\u00e9 v\u00fdherce.\",\"breadcrumb\":{\"@id\":\"https:\/\/lottohoy.com\/cs\/hrat\/hrat-lotto-6aus49\/#breadcrumb\"},\"inLanguage\":\"cs\",\"potentialAction\":[{\"@type\":\"ReadAction\",\"target\":[\"https:\/\/lottohoy.com\/cs\/hrat\/hrat-lotto-6aus49\/\"]}]},{\"@type\":\"BreadcrumbList\",\"@id\":\"https:\/\/lottohoy.com\/cs\/hrat\/hrat-lotto-6aus49\/#breadcrumb\",\"itemListElement\":[{\"@type\":\"ListItem\",\"position\":1,\"name\":\"Home\",\"item\":\"https:\/\/lottohoy.com\/cs\/\"},{\"@type\":\"ListItem\",\"position\":2,\"name\":\"Hr\u00e1t loterie\",\"item\":\"https:\/\/lottohoy.com\/cs\/hrat\/\"},{\"@type\":\"ListItem\",\"position\":3,\"name\":\"Hr\u00e1t Lotto 6aus49\"}]},{\"@type\":\"WebSite\",\"@id\":\"https:\/\/lottohoy.com\/cs\/#website\",\"url\":\"https:\/\/lottohoy.com\/cs\/\",\"name\":\"Lottohoy\",\"description\":\"\",\"potentialAction\":[{\"@type\":\"SearchAction\",\"target\":{\"@type\":\"EntryPoint\",\"urlTemplate\":\"https:\/\/lottohoy.com\/cs\/?s={search_term_string}\"},\"query-input\":{\"@type\":\"PropertyValueSpecification\",\"valueRequired\":true,\"valueName\":\"search_term_string\"}}],\"inLanguage\":\"cs\"}]}<\/script>\n<!-- \/ Yoast SEO plugin. -->","yoast_head_json":{"title":"Hrajte Lotto 6aus49, n\u011bmeckou loterii - LottoHoy.com","description":"Zaj\u00edmavou alternativou je hr\u00e1t lotto 6aus49, n\u011bmeckou loterii, kter\u00e1 ka\u017ed\u00fd t\u00fdden generuje nov\u00e9 \u0161\u0165astn\u00e9 a spokojen\u00e9 v\u00fdherce.","robots":{"index":"index","follow":"follow","max-snippet":"max-snippet:-1","max-image-preview":"max-image-preview:large","max-video-preview":"max-video-preview:-1"},"canonical":"https:\/\/lottohoy.com\/cs\/hrat\/hrat-lotto-6aus49\/","og_locale":"cs_CZ","og_type":"article","og_title":"Hrajte Lotto 6aus49, n\u011bmeckou loterii - LottoHoy.com","og_description":"Zaj\u00edmavou alternativou je hr\u00e1t lotto 6aus49, n\u011bmeckou loterii, kter\u00e1 ka\u017ed\u00fd t\u00fdden generuje nov\u00e9 \u0161\u0165astn\u00e9 a spokojen\u00e9 v\u00fdherce.","og_url":"https:\/\/lottohoy.com\/cs\/hrat\/hrat-lotto-6aus49\/","og_site_name":"Lottohoy","twitter_card":"summary_large_image","twitter_misc":{"Odhadovan\u00e1 doba \u010dten\u00ed":"3 minuty"},"schema":{"@context":"https:\/\/schema.org","@graph":[{"@type":"WebPage","@id":"https:\/\/lottohoy.com\/cs\/hrat\/hrat-lotto-6aus49\/","url":"https:\/\/lottohoy.com\/cs\/hrat\/hrat-lotto-6aus49\/","name":"Hrajte Lotto 6aus49, n\u011bmeckou loterii - LottoHoy.com","isPartOf":{"@id":"https:\/\/lottohoy.com\/cs\/#website"},"datePublished":"2020-08-10T21:50:30+00:00","dateModified":"2020-08-10T21:50:30+00:00","description":"Zaj\u00edmavou alternativou je hr\u00e1t lotto 6aus49, n\u011bmeckou loterii, kter\u00e1 ka\u017ed\u00fd t\u00fdden generuje nov\u00e9 \u0161\u0165astn\u00e9 a spokojen\u00e9 v\u00fdherce.","breadcrumb":{"@id":"https:\/\/lottohoy.com\/cs\/hrat\/hrat-lotto-6aus49\/#breadcrumb"},"inLanguage":"cs","potentialAction":[{"@type":"ReadAction","target":["https:\/\/lottohoy.com\/cs\/hrat\/hrat-lotto-6aus49\/"]}]},{"@type":"BreadcrumbList","@id":"https:\/\/lottohoy.com\/cs\/hrat\/hrat-lotto-6aus49\/#breadcrumb","itemListElement":[{"@type":"ListItem","position":1,"name":"Home","item":"https:\/\/lottohoy.com\/cs\/"},{"@type":"ListItem","position":2,"name":"Hr\u00e1t loterie","item":"https:\/\/lottohoy.com\/cs\/hrat\/"},{"@type":"ListItem","position":3,"name":"Hr\u00e1t Lotto 6aus49"}]},{"@type":"WebSite","@id":"https:\/\/lottohoy.com\/cs\/#website","url":"https:\/\/lottohoy.com\/cs\/","name":"Lottohoy","description":"","potentialAction":[{"@type":"SearchAction","target":{"@type":"EntryPoint","urlTemplate":"https:\/\/lottohoy.com\/cs\/?s={search_term_string}"},"query-input":{"@type":"PropertyValueSpecification","valueRequired":true,"valueName":"search_term_string"}}],"inLanguage":"cs"}]}},"_links":{"self":[{"href":"https:\/\/lottohoy.com\/cs\/wp-json\/wp\/v2\/pages\/16711","targetHints":{"allow":["GET"]}}],"collection":[{"href":"https:\/\/lottohoy.com\/cs\/wp-json\/wp\/v2\/pages"}],"about":[{"href":"https:\/\/lottohoy.com\/cs\/wp-json\/wp\/v2\/types\/page"}],"author":[{"embeddable":true,"href":"https:\/\/lottohoy.com\/cs\/wp-json\/wp\/v2\/users\/2"}],"replies":[{"embeddable":true,"href":"https:\/\/lottohoy.com\/cs\/wp-json\/wp\/v2\/comments?post=16711"}],"version-history":[{"count":0,"href":"https:\/\/lottohoy.com\/cs\/wp-json\/wp\/v2\/pages\/16711\/revisions"}],"up":[{"embeddable":true,"href":"https:\/\/lottohoy.com\/cs\/wp-json\/wp\/v2\/pages\/16577"}],"wp:attachment":[{"href":"https:\/\/lottohoy.com\/cs\/wp-json\/wp\/v2\/media?parent=16711"}],"curies":[{"name":"wp","href":"https:\/\/api.w.org\/{rel}","templated":true}]}}