{"id":16709,"date":"2019-03-22T15:50:45","date_gmt":"2019-03-22T15:50:45","guid":{"rendered":"https:\/\/lottohoy.com\/?page_id=16709"},"modified":"2025-03-25T10:29:03","modified_gmt":"2025-03-25T10:29:03","slug":"hrat-francouzske-lotto","status":"publish","type":"page","link":"https:\/\/lottohoy.com\/cs\/hrat\/hrat-francouzske-lotto\/","title":{"rendered":"Hr\u00e1t francouzsk\u00e9 Lotto"},"content":{"rendered":"<h2>Hr\u00e1t francouzsk\u00e9 Lotto online<\/h2>\n<p>Francouzsk\u00e1 loterie je jednou z nejobl\u00edben\u011bj\u0161\u00edch her, kter\u00e9 nab\u00edz\u00ed spole\u010dnost Fran\u00e7aise des Jeux (FDJ), provozovatel v\u0161ech loterijn\u00edch her ve Francii.<\/p>\n<p>Stejn\u011b jako v\u011bt\u0161ina loteri\u00ed po cel\u00e9m sv\u011bt\u011b je i francouzsk\u00e9 Lotto ur\u010deno pro plnolet\u00e9 hr\u00e1\u010de. V tomto p\u0159\u00edpad\u011b Francie stanovila v\u011bk 18 let, aby se mohli \u00fa\u010dastnit v\u0161ech jej\u00edch her a vyb\u00edrat v nich v\u00fdhry.<\/p>\n<h2>Jak hr\u00e1t francouzsk\u00e9 Lotto<\/h2>\n<p>Chcete-li hr\u00e1t francouzsk\u00e9 Lotto online, m\u00e1te v z\u00e1sad\u011b dv\u011b mo\u017enosti: m\u016f\u017eete tak u\u010dinit p\u0159\u00edmo prost\u0159ednictv\u00edm webov\u00fdch str\u00e1nek La Fran\u00e7aise des Jeux, kter\u00e9 se nach\u00e1zej\u00ed ve Francii, nebo prost\u0159ednictv\u00edm LottoHoy.<\/p>\n<p>Jakmile se na str\u00e1nku hry French Lotto dostanete p\u0159es LottoHoy.com, objev\u00ed se \u0161ablona s p\u011bti sloupci nebo hern\u00edmi liniemi, kde ka\u017ed\u00fd sloupec bude odpov\u00eddat s\u00e1zce. K t\u011bmto p\u011bti po\u010d\u00e1te\u010dn\u00edm sloupc\u016fm lze kliknut\u00edm na tla\u010d\u00edtko MORE LINES p\u0159idat dal\u0161\u00ed a objev\u00ed se p\u011bt dal\u0161\u00edch sloupc\u016f, ve kter\u00fdch m\u016f\u017eete na stejnou hru uzav\u0159\u00edt v\u00edce s\u00e1zek.<\/p>\n<p>Tento postup lze opakovat tolikr\u00e1t, kolik sloupc\u016f nebo \u0159ad chcete vsadit.<\/p>\n<p>Chcete-li uzav\u0159\u00edt s\u00e1zku ve sloupci, mus\u00edte <strong>vybrat p\u011bt \u010d\u00edsel ze 49, kter\u00e1 se objev\u00ed v prvn\u00edm kvadrantu, a dal\u0161\u00ed \u010d\u00edslo ve druh\u00e9m poli mezi kruhy s \u010d\u00edsly 1 a\u017e 10. V p\u0159\u00edpad\u011b, \u017ee chcete uzav\u0159\u00edt s\u00e1zku<\/strong> ve sloupci <strong>, mus\u00edte vybrat p\u011bt \u010d\u00edsel ze 49, kter\u00e1 se objev\u00ed v prvn\u00edm kvadrantu.<\/strong><\/p>\n<p>To lze prov\u00e9st ru\u010dn\u011b, a to tak, \u017ee ozna\u010d\u00edte p\u0159\u00edmo ka\u017ed\u00e9 z \u010d\u00edsel, kter\u00e9 chcete, aby bylo sou\u010d\u00e1st\u00ed va\u0161\u00ed s\u00e1zkov\u00e9 kombinace. Pokud si to p\u0159ejete, m\u016f\u017eete nav\u00edc nechat syst\u00e9m, aby kombinaci vybral n\u00e1hodn\u011b s\u00e1m.<\/p>\n<p>V p\u0159\u00edpad\u011b, \u017ee je s\u00e1zka vyhodnocena, je v\u00fdhern\u00ed \u010d\u00e1stka automaticky p\u0159evedena na \u00fa\u010det u\u017eivatele.<\/p>\n<h2>Ve kter\u00fdch dnech se hraje francouzsk\u00e9 Lotto?<\/h2>\n<p>Losov\u00e1n\u00ed francouzsk\u00e9ho Lotta se kon\u00e1 ka\u017ed\u00fd t\u00fdden t\u0159ikr\u00e1t: v pond\u011bl\u00ed, ve st\u0159edu a v sobotu ve 20:35 m\u00edstn\u00edho \u010dasu.<\/p>\n<p>P\u0159\u00edjem tiket\u016f se ofici\u00e1ln\u011b uzav\u00edr\u00e1 v 18:00 m\u00edstn\u00edho \u010dasu a znovu se otev\u00edr\u00e1 po skon\u010den\u00ed losov\u00e1n\u00ed, aby bylo mo\u017en\u00e9 p\u0159ij\u00edmat tikety pro nov\u00e1 losov\u00e1n\u00ed.<\/p>\n<h2>V\u00fdhody n\u00e1kupu francouzsk\u00e9ho Lotto online<\/h2>\n<p>S\u00e1zen\u00ed na francouzsk\u00e9 Lotto online m\u00e1 mnoho v\u00fdhod, zejm\u00e9na s ohledem na spot\u0159ebitelsk\u00e9 trendy a souvisej\u00edc\u00ed jednoduchost.<\/p>\n<p>Mezi mnoha dal\u0161\u00edmi jsou to n\u011bkter\u00e9 z hlavn\u00edch v\u00fdhod hran\u00ed prost\u0159ednictv\u00edm LottoHoy:<\/p>\n<ul>\n<li>Bezpe\u010dnost transakc\u00ed.<\/li>\n<li>Mo\u017enost p\u0159\u00edstupu 24 hodin denn\u011b, 7 dn\u00ed v t\u00fddnu ka\u017ed\u00fd den v roce pro n\u00e1kupy a s\u00e1zky.<\/li>\n<li>N\u00e1kup tiket\u016f odkudkoli na sv\u011bt\u011b, bez front a cestov\u00e1n\u00ed.<\/li>\n<li>D\u00edky online n\u00e1kupu je tiket v\u017edy v bezpe\u010d\u00ed va\u0161eho u\u017eivatelsk\u00e9ho \u00fa\u010dtu.<\/li>\n<li>Vyhran\u00e9 v\u00fdhry jsou po realizaci slosov\u00e1n\u00ed a po zve\u0159ejn\u011bn\u00ed <a href=\"https:\/\/lottohoy.com\/results\/lotto-fr\/\"><strong>v\u00fdsledk\u016f francouzsk\u00e9 loterie<\/strong><\/a> okam\u017eit\u011b p\u0159evedeny na v\u00e1\u0161 u\u017eivatelsk\u00fd \u00fa\u010det.<\/li>\n<li>Bu\u010fte informov\u00e1ni o p\u0159et\u00e1\u010den\u00ed a mimo\u0159\u00e1dn\u00fdch losov\u00e1n\u00edch.<\/li>\n<\/ul>\n","protected":false},"excerpt":{"rendered":"<p>Hr\u00e1t francouzsk\u00e9 Lotto online Francouzsk\u00e1 loterie je jednou z nejobl\u00edben\u011bj\u0161\u00edch her, kter\u00e9 nab\u00edz\u00ed spole\u010dnost Fran\u00e7aise des Jeux (FDJ), provozovatel v\u0161ech loterijn\u00edch her ve Francii. Stejn\u011b jako v\u011bt\u0161ina loteri\u00ed po cel\u00e9m sv\u011bt\u011b je i francouzsk\u00e9 Lotto ur\u010deno pro plnolet\u00e9 hr\u00e1\u010de. V tomto p\u0159\u00edpad\u011b Francie stanovila v\u011bk 18 let, aby se mohli \u00fa\u010dastnit v\u0161ech jej\u00edch her a [&hellip;]<\/p>\n","protected":false},"author":7,"featured_media":0,"parent":16577,"menu_order":12,"comment_status":"closed","ping_status":"closed","template":"lotto-fr.php","meta":{"_et_pb_use_builder":"","_et_pb_old_content":"","_et_gb_content_width":"","exclude_from_search":false,"footnotes":""},"class_list":["post-16709","page","type-page","status-publish","hentry"],"yoast_head":"<!-- This site is optimized with the Yoast SEO plugin v23.7 - https:\/\/yoast.com\/wordpress\/plugins\/seo\/ -->\n<title>Hrajte francouzsk\u00e9 Lotto online, nejv\u011bt\u0161\u00ed francouzskou loterii<\/title>\n<meta name=\"description\" content=\"Na LottoHoy je kone\u010dn\u011b k dispozici nejimportovan\u011bj\u0161\u00ed loterie Francie. Kupte si tikety odkudkoli a poci\u0165te vzru\u0161en\u00ed z v\u00fdhry ve francouzsk\u00e9m Lotto.\" \/>\n<meta name=\"robots\" content=\"index, follow, max-snippet:-1, max-image-preview:large, max-video-preview:-1\" \/>\n<link rel=\"canonical\" href=\"https:\/\/lottohoy.com\/cs\/hrat\/hrat-francouzske-lotto\/\" \/>\n<meta property=\"og:locale\" content=\"cs_CZ\" \/>\n<meta property=\"og:type\" content=\"article\" \/>\n<meta property=\"og:title\" content=\"Hrajte francouzsk\u00e9 Lotto online, nejv\u011bt\u0161\u00ed francouzskou loterii\" \/>\n<meta property=\"og:description\" content=\"Na LottoHoy je kone\u010dn\u011b k dispozici nejimportovan\u011bj\u0161\u00ed loterie Francie. Kupte si tikety odkudkoli a poci\u0165te vzru\u0161en\u00ed z v\u00fdhry ve francouzsk\u00e9m Lotto.\" \/>\n<meta property=\"og:url\" content=\"https:\/\/lottohoy.com\/cs\/hrat\/hrat-francouzske-lotto\/\" \/>\n<meta property=\"og:site_name\" content=\"Lottohoy\" \/>\n<meta property=\"article:modified_time\" content=\"2025-03-25T10:29:03+00:00\" \/>\n<meta name=\"twitter:card\" content=\"summary_large_image\" \/>\n<meta name=\"twitter:label1\" content=\"Odhadovan\u00e1 doba \u010dten\u00ed\" \/>\n\t<meta name=\"twitter:data1\" content=\"2 minuty\" \/>\n<script type=\"application\/ld+json\" class=\"yoast-schema-graph\">{\"@context\":\"https:\/\/schema.org\",\"@graph\":[{\"@type\":\"WebPage\",\"@id\":\"https:\/\/lottohoy.com\/cs\/hrat\/hrat-francouzske-lotto\/\",\"url\":\"https:\/\/lottohoy.com\/cs\/hrat\/hrat-francouzske-lotto\/\",\"name\":\"Hrajte francouzsk\u00e9 Lotto online, nejv\u011bt\u0161\u00ed francouzskou loterii\",\"isPartOf\":{\"@id\":\"https:\/\/lottohoy.com\/cs\/#website\"},\"datePublished\":\"2019-03-22T15:50:45+00:00\",\"dateModified\":\"2025-03-25T10:29:03+00:00\",\"description\":\"Na LottoHoy je kone\u010dn\u011b k dispozici nejimportovan\u011bj\u0161\u00ed loterie Francie. Kupte si tikety odkudkoli a poci\u0165te vzru\u0161en\u00ed z v\u00fdhry ve francouzsk\u00e9m Lotto.\",\"breadcrumb\":{\"@id\":\"https:\/\/lottohoy.com\/cs\/hrat\/hrat-francouzske-lotto\/#breadcrumb\"},\"inLanguage\":\"cs\",\"potentialAction\":[{\"@type\":\"ReadAction\",\"target\":[\"https:\/\/lottohoy.com\/cs\/hrat\/hrat-francouzske-lotto\/\"]}]},{\"@type\":\"BreadcrumbList\",\"@id\":\"https:\/\/lottohoy.com\/cs\/hrat\/hrat-francouzske-lotto\/#breadcrumb\",\"itemListElement\":[{\"@type\":\"ListItem\",\"position\":1,\"name\":\"Home\",\"item\":\"https:\/\/lottohoy.com\/cs\/\"},{\"@type\":\"ListItem\",\"position\":2,\"name\":\"Hr\u00e1t loterie\",\"item\":\"https:\/\/lottohoy.com\/cs\/hrat\/\"},{\"@type\":\"ListItem\",\"position\":3,\"name\":\"Hr\u00e1t francouzsk\u00e9 Lotto\"}]},{\"@type\":\"WebSite\",\"@id\":\"https:\/\/lottohoy.com\/cs\/#website\",\"url\":\"https:\/\/lottohoy.com\/cs\/\",\"name\":\"Lottohoy\",\"description\":\"\",\"potentialAction\":[{\"@type\":\"SearchAction\",\"target\":{\"@type\":\"EntryPoint\",\"urlTemplate\":\"https:\/\/lottohoy.com\/cs\/?s={search_term_string}\"},\"query-input\":{\"@type\":\"PropertyValueSpecification\",\"valueRequired\":true,\"valueName\":\"search_term_string\"}}],\"inLanguage\":\"cs\"}]}<\/script>\n<!-- \/ Yoast SEO plugin. -->","yoast_head_json":{"title":"Hrajte francouzsk\u00e9 Lotto online, nejv\u011bt\u0161\u00ed francouzskou loterii","description":"Na LottoHoy je kone\u010dn\u011b k dispozici nejimportovan\u011bj\u0161\u00ed loterie Francie. Kupte si tikety odkudkoli a poci\u0165te vzru\u0161en\u00ed z v\u00fdhry ve francouzsk\u00e9m Lotto.","robots":{"index":"index","follow":"follow","max-snippet":"max-snippet:-1","max-image-preview":"max-image-preview:large","max-video-preview":"max-video-preview:-1"},"canonical":"https:\/\/lottohoy.com\/cs\/hrat\/hrat-francouzske-lotto\/","og_locale":"cs_CZ","og_type":"article","og_title":"Hrajte francouzsk\u00e9 Lotto online, nejv\u011bt\u0161\u00ed francouzskou loterii","og_description":"Na LottoHoy je kone\u010dn\u011b k dispozici nejimportovan\u011bj\u0161\u00ed loterie Francie. Kupte si tikety odkudkoli a poci\u0165te vzru\u0161en\u00ed z v\u00fdhry ve francouzsk\u00e9m Lotto.","og_url":"https:\/\/lottohoy.com\/cs\/hrat\/hrat-francouzske-lotto\/","og_site_name":"Lottohoy","article_modified_time":"2025-03-25T10:29:03+00:00","twitter_card":"summary_large_image","twitter_misc":{"Odhadovan\u00e1 doba \u010dten\u00ed":"2 minuty"},"schema":{"@context":"https:\/\/schema.org","@graph":[{"@type":"WebPage","@id":"https:\/\/lottohoy.com\/cs\/hrat\/hrat-francouzske-lotto\/","url":"https:\/\/lottohoy.com\/cs\/hrat\/hrat-francouzske-lotto\/","name":"Hrajte francouzsk\u00e9 Lotto online, nejv\u011bt\u0161\u00ed francouzskou loterii","isPartOf":{"@id":"https:\/\/lottohoy.com\/cs\/#website"},"datePublished":"2019-03-22T15:50:45+00:00","dateModified":"2025-03-25T10:29:03+00:00","description":"Na LottoHoy je kone\u010dn\u011b k dispozici nejimportovan\u011bj\u0161\u00ed loterie Francie. Kupte si tikety odkudkoli a poci\u0165te vzru\u0161en\u00ed z v\u00fdhry ve francouzsk\u00e9m Lotto.","breadcrumb":{"@id":"https:\/\/lottohoy.com\/cs\/hrat\/hrat-francouzske-lotto\/#breadcrumb"},"inLanguage":"cs","potentialAction":[{"@type":"ReadAction","target":["https:\/\/lottohoy.com\/cs\/hrat\/hrat-francouzske-lotto\/"]}]},{"@type":"BreadcrumbList","@id":"https:\/\/lottohoy.com\/cs\/hrat\/hrat-francouzske-lotto\/#breadcrumb","itemListElement":[{"@type":"ListItem","position":1,"name":"Home","item":"https:\/\/lottohoy.com\/cs\/"},{"@type":"ListItem","position":2,"name":"Hr\u00e1t loterie","item":"https:\/\/lottohoy.com\/cs\/hrat\/"},{"@type":"ListItem","position":3,"name":"Hr\u00e1t francouzsk\u00e9 Lotto"}]},{"@type":"WebSite","@id":"https:\/\/lottohoy.com\/cs\/#website","url":"https:\/\/lottohoy.com\/cs\/","name":"Lottohoy","description":"","potentialAction":[{"@type":"SearchAction","target":{"@type":"EntryPoint","urlTemplate":"https:\/\/lottohoy.com\/cs\/?s={search_term_string}"},"query-input":{"@type":"PropertyValueSpecification","valueRequired":true,"valueName":"search_term_string"}}],"inLanguage":"cs"}]}},"_links":{"self":[{"href":"https:\/\/lottohoy.com\/cs\/wp-json\/wp\/v2\/pages\/16709","targetHints":{"allow":["GET"]}}],"collection":[{"href":"https:\/\/lottohoy.com\/cs\/wp-json\/wp\/v2\/pages"}],"about":[{"href":"https:\/\/lottohoy.com\/cs\/wp-json\/wp\/v2\/types\/page"}],"author":[{"embeddable":true,"href":"https:\/\/lottohoy.com\/cs\/wp-json\/wp\/v2\/users\/7"}],"replies":[{"embeddable":true,"href":"https:\/\/lottohoy.com\/cs\/wp-json\/wp\/v2\/comments?post=16709"}],"version-history":[{"count":1,"href":"https:\/\/lottohoy.com\/cs\/wp-json\/wp\/v2\/pages\/16709\/revisions"}],"predecessor-version":[{"id":16710,"href":"https:\/\/lottohoy.com\/cs\/wp-json\/wp\/v2\/pages\/16709\/revisions\/16710"}],"up":[{"embeddable":true,"href":"https:\/\/lottohoy.com\/cs\/wp-json\/wp\/v2\/pages\/16577"}],"wp:attachment":[{"href":"https:\/\/lottohoy.com\/cs\/wp-json\/wp\/v2\/media?parent=16709"}],"curies":[{"name":"wp","href":"https:\/\/api.w.org\/{rel}","templated":true}]}}