{"id":16692,"date":"2020-08-10T17:04:41","date_gmt":"2020-08-10T16:04:41","guid":{"rendered":"https:\/\/lottohoy.com\/hrat\/hraci-set-pro-zivot-velka-britanie\/"},"modified":"2020-08-10T17:04:41","modified_gmt":"2020-08-10T16:04:41","slug":"hraci-set-pro-zivot-velka-britanie","status":"publish","type":"page","link":"https:\/\/lottohoy.com\/cs\/hrat\/hraci-set-pro-zivot-velka-britanie\/","title":{"rendered":"Hrac\u00ed set pro \u017eivot (Velk\u00e1 Brit\u00e1nie)"},"content":{"rendered":"<h2>Hrac\u00ed set pro \u017eivot (Velk\u00e1 Brit\u00e1nie)<\/h2>\n<p>Set for Life je loterie od The National Lottery, kterou provozuje spole\u010dnost Camelot a kter\u00e1 nejlep\u0161\u00edm hr\u00e1\u010d\u016fm nab\u00edz\u00ed mo\u017enost vyhr\u00e1t 10 000 liber m\u011bs\u00ed\u010dn\u011b po dobu 30 let. Hr\u00e1\u010d\u016fm mimo Velkou Brit\u00e1nii v\u0161ak spole\u010dnost Camelot poskytne celkovou pen\u011b\u017en\u00ed alternativu odpov\u00eddaj\u00edc\u00ed \u010d\u00e1stce, kterou byste museli zaplatit na rent\u00e1ch nebo kumulovan\u00e9 \u010d\u00e1stce za dan\u00e9 slosov\u00e1n\u00ed v prvn\u00ed kategorii Zp\u016fsob hry je velmi jednoduch\u00fd, hr\u00e1\u010di mus\u00ed vybrat z tabulky slo\u017een\u00e9 ze 47 pol\u00ed\u010dek o\u010d\u00edslovan\u00fdch od 1 do 47 5 \u010d\u00edsel hlavn\u00ed kombinace a nav\u00edc speci\u00e1ln\u00ed bonusov\u00e9 \u010d\u00edslo zn\u00e1m\u00e9 jako Life Ball ze seznamu o\u010d\u00edslovan\u00e9ho od 1 do 10<\/p>\n<h2>Jak hr\u00e1t hru Set for Life (UK) online?<\/h2>\n<p>Hr\u00e1t Set for Life (UK) online je opravdu snadn\u00e9, sta\u010d\u00ed si na LottoHoy vytvo\u0159it u\u017eivatelsk\u00fd \u00fa\u010det, abyste m\u011bli p\u0159\u00edstup ke v\u0161em informac\u00edm o sb\u00edrk\u00e1ch, platb\u00e1ch, p\u0159edplatn\u00e9m, zakoupen\u00fdch tiketech, statistik\u00e1ch atd&#8230; Na hern\u00ed str\u00e1nce se zobrazuje p\u011bt sloupc\u016f s\u00e1zek (naz\u00fdvan\u00fdch tak\u00e9 \u0159\u00e1dky), ka\u017ed\u00fd z p\u011bti sloupc\u016f m\u00e1 pol\u00ed\u010dka o\u010d\u00edslovan\u00e1 od 1 do 47 jako hlavn\u00ed \u010d\u00edsla a ve spodn\u00ed \u010d\u00e1sti sloupce s kole\u010dky o\u010d\u00edslovan\u00fdmi od 1 do 10 si vyberte dal\u0161\u00ed \u010d\u00edslo) a M\u016f\u017eete vyplnit libovoln\u00fd po\u010det sloupc\u016f nebo \u0159\u00e1dk\u016f s\u00e1zek. Kliknut\u00edm na pol\u00ed\u010dko \u201ev\u00edce \u0159\u00e1dk\u016f\u201c se objev\u00ed dal\u0161\u00edch p\u011bt sloupc\u016f a tak d\u00e1le, dokud budete cht\u00edt. Ka\u017ed\u00fd sloupec se vztahuje k jedn\u00e9 s\u00e1zce, jej\u00ed\u017e cena je 4 eura v z\u00e1vislosti na sm\u011bnn\u00e9m kurzu s britskou librou Syst\u00e9m umo\u017e\u0148uje vyplnit tato pole ru\u010dn\u011b nebo pomoc\u00ed pole rychl\u00e9ho v\u00fdb\u011bru, kter\u00e9 se objev\u00ed nad ka\u017edou tabulkou, nechat syst\u00e9m s\u00e1m n\u00e1hodn\u011b vybrat kombinaci na\u0161\u00ed s\u00e1zky. Po v\u00fdb\u011bru \u010d\u00edsel v jednom nebo v\u00edce sloupc\u00edch p\u0159ejd\u011bte na pol\u00ed\u010dko CONTINUE a p\u0159ejd\u011bte k jejich v\u00fdplat\u011b. Je to tak jednoduch\u00e9.<\/p>\n<h2>Jak\u00e9 v\u00fdhry spole\u010dnost Set for Life (UK) rozd\u00e1v\u00e1?<\/h2>\n<p>Hra Set for Life (UK) m\u00e1 osm (8) r\u016fzn\u00fdch kategori\u00ed v\u00fdher. Chcete-li vyhr\u00e1t hlavn\u00ed cenu, mus\u00edte shodit p\u011bt nejlep\u0161\u00edch \u010d\u00edsel a m\u00ed\u010dek Life Ball. Pro v\u00fdsledky hry Set for Life (UK) existuje osm kategori\u00ed &#8211; Prvn\u00ed kategorie: Pro 5 \u010d\u00edsel + m\u00ed\u010dek Life Ball &#8211; Druh\u00e1 kategorie: T\u0159et\u00ed kategorie: 4 kombinace + Life Ball &#8211; \u010ctvrt\u00e1 kategorie: 5 hlavn\u00edch kombina\u010dn\u00edch desek + Life Ball: 4 z\u00e1sahy kombinace. &#8211; P\u00e1t\u00e1 kategorie: \u0160est\u00e1 kategorie: 3 z\u00e1sahy kombinace + m\u00ed\u010d Life Ball &#8211; \u0160est\u00e1 kategorie: 3 z\u00e1sahy kombinace + m\u00ed\u010d Life Ball: Sedm\u00e1 kategorie: 3 z\u00e1sahy hlavn\u00ed kombinace &#8211; Sedm\u00e1 kategorie: 3 z\u00e1sahy hlavn\u00ed kombinace: Osm\u00e1 kategorie: 2 z\u00e1sahy + m\u00ed\u010d Life Ball &#8211; Osm\u00e1 kategorie: 2 z\u00e1sahy hlavn\u00ed kombinace + m\u00ed\u010d Life Ball: 2 z\u00e1sahy<\/p>\n<h2>Kdy se hra Set for Life (UK) losuje?<\/h2>\n<p>Obvykle se losov\u00e1n\u00ed loterie Set for Life (UK) kon\u00e1 ka\u017ed\u00e9 pond\u011bl\u00ed a \u010dtvrtek, v obou p\u0159\u00edpadech ve 20:00 GMT Pro online prodej je p\u0159\u00edjem n\u00e1kup\u016f uzav\u0159en 2 hodiny p\u0159ed oslavou losov\u00e1n\u00ed, a to z administrativn\u00edch a bezpe\u010dnostn\u00edch d\u016fvod\u016f.<\/p>\n<h2>Kolik stoj\u00ed hra Set for Life (UK)?<\/h2>\n<p>Cena ka\u017ed\u00e9ho tiketu Set for Life (UK) v LottoHoy je od 4 \u20ac a zahrnuje ve\u0161ker\u00e9 n\u00e1klady na manipulaci a spr\u00e1vu n\u00e1kup\u016f prost\u0159ednictv\u00edm ofici\u00e1ln\u00edch prodejc\u016f a\/nebo podobn\u00fdch subjekt\u016f.<\/p>\n","protected":false},"excerpt":{"rendered":"<p>Hrac\u00ed set pro \u017eivot (Velk\u00e1 Brit\u00e1nie) Set for Life je loterie od The National Lottery, kterou provozuje spole\u010dnost Camelot a kter\u00e1 nejlep\u0161\u00edm hr\u00e1\u010d\u016fm nab\u00edz\u00ed mo\u017enost vyhr\u00e1t 10 000 liber m\u011bs\u00ed\u010dn\u011b po dobu 30 let. Hr\u00e1\u010d\u016fm mimo Velkou Brit\u00e1nii v\u0161ak spole\u010dnost Camelot poskytne celkovou pen\u011b\u017en\u00ed alternativu odpov\u00eddaj\u00edc\u00ed \u010d\u00e1stce, kterou byste museli zaplatit na rent\u00e1ch nebo kumulovan\u00e9 [&hellip;]<\/p>\n","protected":false},"author":2,"featured_media":0,"parent":16577,"menu_order":11,"comment_status":"closed","ping_status":"closed","template":"set-for-life.php","meta":{"_et_pb_use_builder":"","_et_pb_old_content":"","_et_gb_content_width":"","exclude_from_search":false,"footnotes":""},"class_list":["post-16692","page","type-page","status-publish","hentry"],"yoast_head":"<!-- This site is optimized with the Yoast SEO plugin v23.7 - https:\/\/yoast.com\/wordpress\/plugins\/seo\/ -->\n<title>M\u011bjte \u0161t\u011bst\u00ed p\u0159i hran\u00ed loterie Set for Life (UK) -LottoHoy.com<\/title>\n<meta name=\"description\" content=\"M\u016f\u017eete si snadno vybrat \u010d\u00edsla a hr\u00e1t Set for Life (UK) online ve v\u0161ech taz\u00edch, kter\u00e9 chcete, ani\u017e byste p\u0159i\u0161li o n\u011bjak\u00fd z nich.\" \/>\n<meta name=\"robots\" content=\"index, follow, max-snippet:-1, max-image-preview:large, max-video-preview:-1\" \/>\n<link rel=\"canonical\" href=\"https:\/\/lottohoy.com\/cs\/hrat\/hraci-set-pro-zivot-velka-britanie\/\" \/>\n<meta property=\"og:locale\" content=\"cs_CZ\" \/>\n<meta property=\"og:type\" content=\"article\" \/>\n<meta property=\"og:title\" content=\"M\u011bjte \u0161t\u011bst\u00ed p\u0159i hran\u00ed loterie Set for Life (UK) -LottoHoy.com\" \/>\n<meta property=\"og:description\" content=\"M\u016f\u017eete si snadno vybrat \u010d\u00edsla a hr\u00e1t Set for Life (UK) online ve v\u0161ech taz\u00edch, kter\u00e9 chcete, ani\u017e byste p\u0159i\u0161li o n\u011bjak\u00fd z nich.\" \/>\n<meta property=\"og:url\" content=\"https:\/\/lottohoy.com\/cs\/hrat\/hraci-set-pro-zivot-velka-britanie\/\" \/>\n<meta property=\"og:site_name\" content=\"Lottohoy\" \/>\n<meta name=\"twitter:card\" content=\"summary_large_image\" \/>\n<meta name=\"twitter:label1\" content=\"Odhadovan\u00e1 doba \u010dten\u00ed\" \/>\n\t<meta name=\"twitter:data1\" content=\"3 minuty\" \/>\n<script type=\"application\/ld+json\" class=\"yoast-schema-graph\">{\"@context\":\"https:\/\/schema.org\",\"@graph\":[{\"@type\":\"WebPage\",\"@id\":\"https:\/\/lottohoy.com\/cs\/hrat\/hraci-set-pro-zivot-velka-britanie\/\",\"url\":\"https:\/\/lottohoy.com\/cs\/hrat\/hraci-set-pro-zivot-velka-britanie\/\",\"name\":\"M\u011bjte \u0161t\u011bst\u00ed p\u0159i hran\u00ed loterie Set for Life (UK) -LottoHoy.com\",\"isPartOf\":{\"@id\":\"https:\/\/lottohoy.com\/cs\/#website\"},\"datePublished\":\"2020-08-10T16:04:41+00:00\",\"dateModified\":\"2020-08-10T16:04:41+00:00\",\"description\":\"M\u016f\u017eete si snadno vybrat \u010d\u00edsla a hr\u00e1t Set for Life (UK) online ve v\u0161ech taz\u00edch, kter\u00e9 chcete, ani\u017e byste p\u0159i\u0161li o n\u011bjak\u00fd z nich.\",\"breadcrumb\":{\"@id\":\"https:\/\/lottohoy.com\/cs\/hrat\/hraci-set-pro-zivot-velka-britanie\/#breadcrumb\"},\"inLanguage\":\"cs\",\"potentialAction\":[{\"@type\":\"ReadAction\",\"target\":[\"https:\/\/lottohoy.com\/cs\/hrat\/hraci-set-pro-zivot-velka-britanie\/\"]}]},{\"@type\":\"BreadcrumbList\",\"@id\":\"https:\/\/lottohoy.com\/cs\/hrat\/hraci-set-pro-zivot-velka-britanie\/#breadcrumb\",\"itemListElement\":[{\"@type\":\"ListItem\",\"position\":1,\"name\":\"Home\",\"item\":\"https:\/\/lottohoy.com\/cs\/\"},{\"@type\":\"ListItem\",\"position\":2,\"name\":\"Hr\u00e1t loterie\",\"item\":\"https:\/\/lottohoy.com\/cs\/hrat\/\"},{\"@type\":\"ListItem\",\"position\":3,\"name\":\"Hrac\u00ed set pro \u017eivot (Velk\u00e1 Brit\u00e1nie)\"}]},{\"@type\":\"WebSite\",\"@id\":\"https:\/\/lottohoy.com\/cs\/#website\",\"url\":\"https:\/\/lottohoy.com\/cs\/\",\"name\":\"Lottohoy\",\"description\":\"\",\"potentialAction\":[{\"@type\":\"SearchAction\",\"target\":{\"@type\":\"EntryPoint\",\"urlTemplate\":\"https:\/\/lottohoy.com\/cs\/?s={search_term_string}\"},\"query-input\":{\"@type\":\"PropertyValueSpecification\",\"valueRequired\":true,\"valueName\":\"search_term_string\"}}],\"inLanguage\":\"cs\"}]}<\/script>\n<!-- \/ Yoast SEO plugin. -->","yoast_head_json":{"title":"M\u011bjte \u0161t\u011bst\u00ed p\u0159i hran\u00ed loterie Set for Life (UK) -LottoHoy.com","description":"M\u016f\u017eete si snadno vybrat \u010d\u00edsla a hr\u00e1t Set for Life (UK) online ve v\u0161ech taz\u00edch, kter\u00e9 chcete, ani\u017e byste p\u0159i\u0161li o n\u011bjak\u00fd z nich.","robots":{"index":"index","follow":"follow","max-snippet":"max-snippet:-1","max-image-preview":"max-image-preview:large","max-video-preview":"max-video-preview:-1"},"canonical":"https:\/\/lottohoy.com\/cs\/hrat\/hraci-set-pro-zivot-velka-britanie\/","og_locale":"cs_CZ","og_type":"article","og_title":"M\u011bjte \u0161t\u011bst\u00ed p\u0159i hran\u00ed loterie Set for Life (UK) -LottoHoy.com","og_description":"M\u016f\u017eete si snadno vybrat \u010d\u00edsla a hr\u00e1t Set for Life (UK) online ve v\u0161ech taz\u00edch, kter\u00e9 chcete, ani\u017e byste p\u0159i\u0161li o n\u011bjak\u00fd z nich.","og_url":"https:\/\/lottohoy.com\/cs\/hrat\/hraci-set-pro-zivot-velka-britanie\/","og_site_name":"Lottohoy","twitter_card":"summary_large_image","twitter_misc":{"Odhadovan\u00e1 doba \u010dten\u00ed":"3 minuty"},"schema":{"@context":"https:\/\/schema.org","@graph":[{"@type":"WebPage","@id":"https:\/\/lottohoy.com\/cs\/hrat\/hraci-set-pro-zivot-velka-britanie\/","url":"https:\/\/lottohoy.com\/cs\/hrat\/hraci-set-pro-zivot-velka-britanie\/","name":"M\u011bjte \u0161t\u011bst\u00ed p\u0159i hran\u00ed loterie Set for Life (UK) -LottoHoy.com","isPartOf":{"@id":"https:\/\/lottohoy.com\/cs\/#website"},"datePublished":"2020-08-10T16:04:41+00:00","dateModified":"2020-08-10T16:04:41+00:00","description":"M\u016f\u017eete si snadno vybrat \u010d\u00edsla a hr\u00e1t Set for Life (UK) online ve v\u0161ech taz\u00edch, kter\u00e9 chcete, ani\u017e byste p\u0159i\u0161li o n\u011bjak\u00fd z nich.","breadcrumb":{"@id":"https:\/\/lottohoy.com\/cs\/hrat\/hraci-set-pro-zivot-velka-britanie\/#breadcrumb"},"inLanguage":"cs","potentialAction":[{"@type":"ReadAction","target":["https:\/\/lottohoy.com\/cs\/hrat\/hraci-set-pro-zivot-velka-britanie\/"]}]},{"@type":"BreadcrumbList","@id":"https:\/\/lottohoy.com\/cs\/hrat\/hraci-set-pro-zivot-velka-britanie\/#breadcrumb","itemListElement":[{"@type":"ListItem","position":1,"name":"Home","item":"https:\/\/lottohoy.com\/cs\/"},{"@type":"ListItem","position":2,"name":"Hr\u00e1t loterie","item":"https:\/\/lottohoy.com\/cs\/hrat\/"},{"@type":"ListItem","position":3,"name":"Hrac\u00ed set pro \u017eivot (Velk\u00e1 Brit\u00e1nie)"}]},{"@type":"WebSite","@id":"https:\/\/lottohoy.com\/cs\/#website","url":"https:\/\/lottohoy.com\/cs\/","name":"Lottohoy","description":"","potentialAction":[{"@type":"SearchAction","target":{"@type":"EntryPoint","urlTemplate":"https:\/\/lottohoy.com\/cs\/?s={search_term_string}"},"query-input":{"@type":"PropertyValueSpecification","valueRequired":true,"valueName":"search_term_string"}}],"inLanguage":"cs"}]}},"_links":{"self":[{"href":"https:\/\/lottohoy.com\/cs\/wp-json\/wp\/v2\/pages\/16692","targetHints":{"allow":["GET"]}}],"collection":[{"href":"https:\/\/lottohoy.com\/cs\/wp-json\/wp\/v2\/pages"}],"about":[{"href":"https:\/\/lottohoy.com\/cs\/wp-json\/wp\/v2\/types\/page"}],"author":[{"embeddable":true,"href":"https:\/\/lottohoy.com\/cs\/wp-json\/wp\/v2\/users\/2"}],"replies":[{"embeddable":true,"href":"https:\/\/lottohoy.com\/cs\/wp-json\/wp\/v2\/comments?post=16692"}],"version-history":[{"count":0,"href":"https:\/\/lottohoy.com\/cs\/wp-json\/wp\/v2\/pages\/16692\/revisions"}],"up":[{"embeddable":true,"href":"https:\/\/lottohoy.com\/cs\/wp-json\/wp\/v2\/pages\/16577"}],"wp:attachment":[{"href":"https:\/\/lottohoy.com\/cs\/wp-json\/wp\/v2\/media?parent=16692"}],"curies":[{"name":"wp","href":"https:\/\/api.w.org\/{rel}","templated":true}]}}