{"id":16686,"date":"2020-08-10T17:39:45","date_gmt":"2020-08-10T16:39:45","guid":{"rendered":"https:\/\/lottohoy.com\/hrat\/hrat-thunderball\/"},"modified":"2020-08-10T17:39:45","modified_gmt":"2020-08-10T16:39:45","slug":"hrat-thunderball","status":"publish","type":"page","link":"https:\/\/lottohoy.com\/cs\/hrat\/hrat-thunderball\/","title":{"rendered":"Hr\u00e1t Thunderball"},"content":{"rendered":"<h2>Zahrajte si Thunderball online<\/h2>\n<p>Thunderball je atypick\u00e1 loterie s pevnou v\u00fdhrou 500 000 liber pro ka\u017ed\u00e9ho z nejlep\u0161\u00edch v\u00fdherc\u016f, kterou provozuje The National Lottery prost\u0159ednictv\u00edm spole\u010dnosti Camelot. Chcete-li hr\u00e1t loterii Thunderball online, m\u016f\u017eete vyu\u017e\u00edt online loterijn\u00ed platformu, jako je ta na\u0161e, kter\u00e1 poskytuje ve\u0161ker\u00e9 pohodl\u00ed domova a spolehlivost dat a transakc\u00ed \u0161ifrovan\u00fdch kv\u016fli bezpe\u010dnosti. Stejn\u011b jako v naprost\u00e9 v\u011bt\u0161in\u011b loteri\u00ed se vy\u017eaduje, aby hraj\u00edc\u00ed osoba byla plnolet\u00e1, aby si mohla vyzvednout v\u00fdhru, pokud tomu tak je. Po vstupu na str\u00e1nku hry Thunderball prost\u0159ednictv\u00edm na\u0161\u00ed platformy se zobraz\u00ed \u0161ablona s r\u016fzn\u00fdmi sloupci, do kter\u00fdch m\u016f\u017eete vkl\u00e1dat sv\u00e9 s\u00e1zky, \u0159\u00edk\u00e1me jim tak\u00e9 hern\u00ed linie. Ka\u017ed\u00fd sloupec nebo \u0159ada bude odpov\u00eddat jedn\u00e9 s\u00e1zce. Tyto po\u010d\u00e1te\u010dn\u00ed sloupce m\u016f\u017eete zv\u011bt\u0161it kliknut\u00edm na pol\u00ed\u010dko V\u00cdCE \u0158\u00c1DK\u016e a objev\u00ed se dal\u0161\u00ed sloupce, ve kter\u00fdch m\u016f\u017eete na stejnou hru uzav\u0159\u00edt v\u00edce s\u00e1zek. To lze opakovat tolikr\u00e1t, kolik sloupc\u016f nebo \u0159ad chcete vsadit. Chcete-li uzav\u0159\u00edt s\u00e1zku na sloupec, je t\u0159eba ozna\u010dit 5 z 39 pol\u00ed\u010dek v prvn\u00edm r\u00e1me\u010dku a k tomu po\u010det kole\u010dek o\u010d\u00edslovan\u00fdch od 1 do 14. S\u00e1zku lze uzav\u0159\u00edt dv\u011bma zp\u016fsoby, a to ru\u010dn\u011b, tj. p\u0159\u00edm\u00fdm ozna\u010den\u00edm pol\u00ed\u010dka ka\u017ed\u00e9ho \u010d\u00edsla, kter\u00e9 chcete, aby bylo sou\u010d\u00e1st\u00ed va\u0161\u00ed s\u00e1zkov\u00e9 kombinace. Nebo, pokud si to p\u0159ejete, m\u016f\u017eete nechat syst\u00e9m, aby s\u00e1m n\u00e1hodn\u011b vybral s\u00e1zkovou kombinaci, a to tak, \u017ee p\u0159ejedete kurzorem p\u0159es horn\u00ed \u010d\u00e1st sloupce, kde se zobraz\u00ed pole s n\u00e1pisem \u201erychl\u00fd v\u00fdb\u011br\u201c, a kliknete na toto pole V p\u0159\u00edpad\u011b, \u017ee je s\u00e1zka vyhodnocena, je v\u00fdhern\u00ed \u010d\u00e1stka automaticky p\u0159ips\u00e1na na u\u017eivatelsk\u00fd \u00fa\u010det.<\/p>\n<h2>Kdy se Thunderball losuje?<\/h2>\n<p>P\u016fvodn\u011b se losovalo pouze v sobotu, nyn\u00ed se Thunderball losuje ka\u017ed\u00e9 \u00fater\u00fd, st\u0159edu, p\u00e1tek a sobotu ve 20:00 SE\u010c P\u0159\u00edjem online tiket\u016f prost\u0159ednictv\u00edm na\u0161\u00ed platformy se uzav\u00edr\u00e1 p\u0159ibli\u017en\u011b 2 hodiny p\u0159ed ofici\u00e1ln\u00edm \u010dasem losov\u00e1n\u00ed a znovu se otev\u00edr\u00e1 po skon\u010den\u00ed losov\u00e1n\u00ed, aby se potvrdily tikety pro dal\u0161\u00ed losov\u00e1n\u00ed.<\/p>\n<h2>Jak\u00e9 jsou v\u00fdhody n\u00e1kupu los\u016f Thunderball online?<\/h2>\n<p>Koupit Thunderball online prost\u0159ednictv\u00edm na\u0161\u00ed platformy umo\u017e\u0148uje hr\u00e1\u010d\u016fm z cel\u00e9ho sv\u011bta koupit si tikety bez ohledu na zemi, ve kter\u00e9 \u017eij\u00ed, a z jak\u00e9koliv situace, s jednoduch\u00fdm p\u0159ipojen\u00edm k internetu a prost\u0159ednictv\u00edm jak\u00e9hokoliv za\u0159\u00edzen\u00ed, tabletu, mobilu nebo po\u010d\u00edta\u010de Mezi mnoha dal\u0161\u00edmi, to jsou n\u011bkter\u00e9 z hlavn\u00edch v\u00fdhod hry prost\u0159ednictv\u00edm LottoHoy: &#8211; Bezpe\u010dnost v\u0161ech ekonomick\u00fdch a datov\u00fdch transakc\u00ed &#8211; nep\u0159etr\u017eit\u00fd p\u0159\u00edstup ka\u017ed\u00fd den v roce pro va\u0161e n\u00e1kupy a s\u00e1zky. &#8211; N\u00e1kup tiket\u016f odkudkoli na sv\u011bt\u011b, bez front a cestov\u00e1n\u00ed a v kteroukoli denn\u00ed \u010di no\u010dn\u00ed dobu &#8211; D\u00edky online n\u00e1kupu je vylou\u010dena ztr\u00e1ta nebo zneu\u017eit\u00ed, tiket z\u016fst\u00e1v\u00e1 v\u017edy bezpe\u010dn\u011b na u\u017eivatelsk\u00e9m \u00fa\u010dtu a ofici\u00e1ln\u00ed tiket v bezpe\u010dnostn\u00ed kame\u0159e. &#8211; Vyhran\u00e9 ceny jsou okam\u017eit\u011b ulo\u017eeny na u\u017eivatelsk\u00e9m \u00fa\u010dtu a jsou k dispozici od prvn\u00edho okam\u017eiku. Po skon\u010den\u00ed slosov\u00e1n\u00ed a zve\u0159ejn\u011bn\u00ed ofici\u00e1ln\u00edch v\u00fdsledk\u016f jsou vyhran\u00e9 \u010d\u00e1stky zaps\u00e1ny na u\u017eivatelsk\u00fd \u00fa\u010det. &#8211; Bu\u010fte informov\u00e1ni o kumulovan\u00fdch v\u00fdhr\u00e1ch a mimo\u0159\u00e1dn\u00fdch slosov\u00e1n\u00edch.<\/p>\n","protected":false},"excerpt":{"rendered":"<p>Zahrajte si Thunderball online Thunderball je atypick\u00e1 loterie s pevnou v\u00fdhrou 500 000 liber pro ka\u017ed\u00e9ho z nejlep\u0161\u00edch v\u00fdherc\u016f, kterou provozuje The National Lottery prost\u0159ednictv\u00edm spole\u010dnosti Camelot. Chcete-li hr\u00e1t loterii Thunderball online, m\u016f\u017eete vyu\u017e\u00edt online loterijn\u00ed platformu, jako je ta na\u0161e, kter\u00e1 poskytuje ve\u0161ker\u00e9 pohodl\u00ed domova a spolehlivost dat a transakc\u00ed \u0161ifrovan\u00fdch kv\u016fli bezpe\u010dnosti. Stejn\u011b [&hellip;]<\/p>\n","protected":false},"author":2,"featured_media":0,"parent":16577,"menu_order":10,"comment_status":"closed","ping_status":"closed","template":"thunderball.php","meta":{"_et_pb_use_builder":"","_et_pb_old_content":"","_et_gb_content_width":"","exclude_from_search":false,"footnotes":""},"class_list":["post-16686","page","type-page","status-publish","hentry"],"yoast_head":"<!-- This site is optimized with the Yoast SEO plugin v23.7 - https:\/\/yoast.com\/wordpress\/plugins\/seo\/ -->\n<title>S\u00e1zen\u00ed na loterii Thunderball online - Lottohoy.com<\/title>\n<meta name=\"description\" content=\"Hran\u00ed t\u00e9to loterie online usnad\u0148uje mnoha hr\u00e1\u010d\u016fm p\u0159\u00edstup k jejich pevn\u00fdm v\u00fdhr\u00e1m ve v\u0161ech kategori\u00edch.\" \/>\n<meta name=\"robots\" content=\"index, follow, max-snippet:-1, max-image-preview:large, max-video-preview:-1\" \/>\n<link rel=\"canonical\" href=\"https:\/\/lottohoy.com\/cs\/hrat\/hrat-thunderball\/\" \/>\n<meta property=\"og:locale\" content=\"cs_CZ\" \/>\n<meta property=\"og:type\" content=\"article\" \/>\n<meta property=\"og:title\" content=\"S\u00e1zen\u00ed na loterii Thunderball online - Lottohoy.com\" \/>\n<meta property=\"og:description\" content=\"Hran\u00ed t\u00e9to loterie online usnad\u0148uje mnoha hr\u00e1\u010d\u016fm p\u0159\u00edstup k jejich pevn\u00fdm v\u00fdhr\u00e1m ve v\u0161ech kategori\u00edch.\" \/>\n<meta property=\"og:url\" content=\"https:\/\/lottohoy.com\/cs\/hrat\/hrat-thunderball\/\" \/>\n<meta property=\"og:site_name\" content=\"Lottohoy\" \/>\n<meta name=\"twitter:card\" content=\"summary_large_image\" \/>\n<meta name=\"twitter:label1\" content=\"Odhadovan\u00e1 doba \u010dten\u00ed\" \/>\n\t<meta name=\"twitter:data1\" content=\"3 minuty\" \/>\n<script type=\"application\/ld+json\" class=\"yoast-schema-graph\">{\"@context\":\"https:\/\/schema.org\",\"@graph\":[{\"@type\":\"WebPage\",\"@id\":\"https:\/\/lottohoy.com\/cs\/hrat\/hrat-thunderball\/\",\"url\":\"https:\/\/lottohoy.com\/cs\/hrat\/hrat-thunderball\/\",\"name\":\"S\u00e1zen\u00ed na loterii Thunderball online - Lottohoy.com\",\"isPartOf\":{\"@id\":\"https:\/\/lottohoy.com\/cs\/#website\"},\"datePublished\":\"2020-08-10T16:39:45+00:00\",\"dateModified\":\"2020-08-10T16:39:45+00:00\",\"description\":\"Hran\u00ed t\u00e9to loterie online usnad\u0148uje mnoha hr\u00e1\u010d\u016fm p\u0159\u00edstup k jejich pevn\u00fdm v\u00fdhr\u00e1m ve v\u0161ech kategori\u00edch.\",\"breadcrumb\":{\"@id\":\"https:\/\/lottohoy.com\/cs\/hrat\/hrat-thunderball\/#breadcrumb\"},\"inLanguage\":\"cs\",\"potentialAction\":[{\"@type\":\"ReadAction\",\"target\":[\"https:\/\/lottohoy.com\/cs\/hrat\/hrat-thunderball\/\"]}]},{\"@type\":\"BreadcrumbList\",\"@id\":\"https:\/\/lottohoy.com\/cs\/hrat\/hrat-thunderball\/#breadcrumb\",\"itemListElement\":[{\"@type\":\"ListItem\",\"position\":1,\"name\":\"Home\",\"item\":\"https:\/\/lottohoy.com\/cs\/\"},{\"@type\":\"ListItem\",\"position\":2,\"name\":\"Hr\u00e1t loterie\",\"item\":\"https:\/\/lottohoy.com\/cs\/hrat\/\"},{\"@type\":\"ListItem\",\"position\":3,\"name\":\"Hr\u00e1t Thunderball\"}]},{\"@type\":\"WebSite\",\"@id\":\"https:\/\/lottohoy.com\/cs\/#website\",\"url\":\"https:\/\/lottohoy.com\/cs\/\",\"name\":\"Lottohoy\",\"description\":\"\",\"potentialAction\":[{\"@type\":\"SearchAction\",\"target\":{\"@type\":\"EntryPoint\",\"urlTemplate\":\"https:\/\/lottohoy.com\/cs\/?s={search_term_string}\"},\"query-input\":{\"@type\":\"PropertyValueSpecification\",\"valueRequired\":true,\"valueName\":\"search_term_string\"}}],\"inLanguage\":\"cs\"}]}<\/script>\n<!-- \/ Yoast SEO plugin. -->","yoast_head_json":{"title":"S\u00e1zen\u00ed na loterii Thunderball online - Lottohoy.com","description":"Hran\u00ed t\u00e9to loterie online usnad\u0148uje mnoha hr\u00e1\u010d\u016fm p\u0159\u00edstup k jejich pevn\u00fdm v\u00fdhr\u00e1m ve v\u0161ech kategori\u00edch.","robots":{"index":"index","follow":"follow","max-snippet":"max-snippet:-1","max-image-preview":"max-image-preview:large","max-video-preview":"max-video-preview:-1"},"canonical":"https:\/\/lottohoy.com\/cs\/hrat\/hrat-thunderball\/","og_locale":"cs_CZ","og_type":"article","og_title":"S\u00e1zen\u00ed na loterii Thunderball online - Lottohoy.com","og_description":"Hran\u00ed t\u00e9to loterie online usnad\u0148uje mnoha hr\u00e1\u010d\u016fm p\u0159\u00edstup k jejich pevn\u00fdm v\u00fdhr\u00e1m ve v\u0161ech kategori\u00edch.","og_url":"https:\/\/lottohoy.com\/cs\/hrat\/hrat-thunderball\/","og_site_name":"Lottohoy","twitter_card":"summary_large_image","twitter_misc":{"Odhadovan\u00e1 doba \u010dten\u00ed":"3 minuty"},"schema":{"@context":"https:\/\/schema.org","@graph":[{"@type":"WebPage","@id":"https:\/\/lottohoy.com\/cs\/hrat\/hrat-thunderball\/","url":"https:\/\/lottohoy.com\/cs\/hrat\/hrat-thunderball\/","name":"S\u00e1zen\u00ed na loterii Thunderball online - Lottohoy.com","isPartOf":{"@id":"https:\/\/lottohoy.com\/cs\/#website"},"datePublished":"2020-08-10T16:39:45+00:00","dateModified":"2020-08-10T16:39:45+00:00","description":"Hran\u00ed t\u00e9to loterie online usnad\u0148uje mnoha hr\u00e1\u010d\u016fm p\u0159\u00edstup k jejich pevn\u00fdm v\u00fdhr\u00e1m ve v\u0161ech kategori\u00edch.","breadcrumb":{"@id":"https:\/\/lottohoy.com\/cs\/hrat\/hrat-thunderball\/#breadcrumb"},"inLanguage":"cs","potentialAction":[{"@type":"ReadAction","target":["https:\/\/lottohoy.com\/cs\/hrat\/hrat-thunderball\/"]}]},{"@type":"BreadcrumbList","@id":"https:\/\/lottohoy.com\/cs\/hrat\/hrat-thunderball\/#breadcrumb","itemListElement":[{"@type":"ListItem","position":1,"name":"Home","item":"https:\/\/lottohoy.com\/cs\/"},{"@type":"ListItem","position":2,"name":"Hr\u00e1t loterie","item":"https:\/\/lottohoy.com\/cs\/hrat\/"},{"@type":"ListItem","position":3,"name":"Hr\u00e1t Thunderball"}]},{"@type":"WebSite","@id":"https:\/\/lottohoy.com\/cs\/#website","url":"https:\/\/lottohoy.com\/cs\/","name":"Lottohoy","description":"","potentialAction":[{"@type":"SearchAction","target":{"@type":"EntryPoint","urlTemplate":"https:\/\/lottohoy.com\/cs\/?s={search_term_string}"},"query-input":{"@type":"PropertyValueSpecification","valueRequired":true,"valueName":"search_term_string"}}],"inLanguage":"cs"}]}},"_links":{"self":[{"href":"https:\/\/lottohoy.com\/cs\/wp-json\/wp\/v2\/pages\/16686","targetHints":{"allow":["GET"]}}],"collection":[{"href":"https:\/\/lottohoy.com\/cs\/wp-json\/wp\/v2\/pages"}],"about":[{"href":"https:\/\/lottohoy.com\/cs\/wp-json\/wp\/v2\/types\/page"}],"author":[{"embeddable":true,"href":"https:\/\/lottohoy.com\/cs\/wp-json\/wp\/v2\/users\/2"}],"replies":[{"embeddable":true,"href":"https:\/\/lottohoy.com\/cs\/wp-json\/wp\/v2\/comments?post=16686"}],"version-history":[{"count":0,"href":"https:\/\/lottohoy.com\/cs\/wp-json\/wp\/v2\/pages\/16686\/revisions"}],"up":[{"embeddable":true,"href":"https:\/\/lottohoy.com\/cs\/wp-json\/wp\/v2\/pages\/16577"}],"wp:attachment":[{"href":"https:\/\/lottohoy.com\/cs\/wp-json\/wp\/v2\/media?parent=16686"}],"curies":[{"name":"wp","href":"https:\/\/api.w.org\/{rel}","templated":true}]}}