{"id":16685,"date":"2018-05-03T14:23:28","date_gmt":"2018-05-03T13:23:28","guid":{"rendered":"https:\/\/lottohoy.com\/hrat\/hrat-uk-loterie\/"},"modified":"2018-05-03T14:23:28","modified_gmt":"2018-05-03T13:23:28","slug":"hrat-uk-loterie","status":"publish","type":"page","link":"https:\/\/lottohoy.com\/cs\/hrat\/hrat-uk-loterie\/","title":{"rendered":"Hr\u00e1t UK loterie"},"content":{"rendered":"<h2><strong>Hr\u00e1t Lotto UK online<\/strong><\/h2>\n<p>UK Lotto je n\u00e1rodn\u00ed loterie Spojen\u00e9ho kr\u00e1lovstv\u00ed, podle pravidel mohou hr\u00e1t a vyb\u00edrat ceny osoby star\u0161\u00ed 18 let, kter\u00e9 mus\u00ed m\u00edt bydli\u0161t\u011b ve Spojen\u00e9m kr\u00e1lovstv\u00ed nebo na ostrov\u011b Man. Na\u0161t\u011bst\u00ed je mo\u017en\u00e9 hr\u00e1t tuto loterii tak\u00e9 prost\u0159ednictv\u00edm online platforem, jako je LottoHoy.com.<\/p>\n<p>V p\u0159\u00edpad\u011b v\u00fdhry se \u010d\u00e1stka v\u00fdhry automaticky zap\u00ed\u0161e na u\u017eivatelsk\u00fd \u00fa\u010det, a pokud se jedn\u00e1 o velmi vysokou \u010d\u00e1stku, nab\u00edz\u00edme ve\u0161kerou pot\u0159ebnou podporu, aby bylo mo\u017en\u00e9 v\u00fdhru co nejjednodu\u0161eji vyzvednout.<\/p>\n<h2><strong>Jak hr\u00e1t UK Lotto online?<\/strong><\/h2>\n<p>Nejprve otev\u0159ete str\u00e1nku UK Lotto play, kde uvid\u00edte \u0159\u00e1dek s p\u011bti hern\u00edmi tikety. Ka\u017ed\u00fd z nich m\u00e1 59 pol\u00ed\u010dek ozna\u010den\u00fdch \u010d\u00edsly 1 a\u017e 59 v uveden\u00e9m po\u0159ad\u00ed.<\/p>\n<p>Abyste mohli vsadit, mus\u00edte vybrat \u0161est z 59 nab\u00edzen\u00fdch \u010d\u00edsel a tuto akci zopakovat v tolika sloupc\u00edch, kolik chcete hr\u00e1t. Cena jedn\u00e9 s\u00e1zky je 4,06 EUR.<\/p>\n<p>Ka\u017ed\u00fd sloupec odpov\u00edd\u00e1 jedn\u00e9 s\u00e1zce, a proto \u010d\u00e1stka, kter\u00e1 bude vyplacena, vznikne vyn\u00e1soben\u00edm v\u00fd\u0161e s\u00e1zky po\u010dtem odehran\u00fdch blok\u016f.<\/p>\n<h2><strong>Ve kter\u00fdch dnech se losuje UK Lotto?<\/strong><\/h2>\n<p>Losov\u00e1n\u00ed UK lotto se kon\u00e1 ka\u017edou st\u0159edu ve 20:00 GMT a v sobotu ve 20:30 GMT. Prodej los\u016f ofici\u00e1ln\u011b kon\u010d\u00ed v 19:30 GMT.<\/p>\n<h2><strong>V\u00fdhody hran\u00ed UK lotto online<\/strong><\/h2>\n<p>N\u00e1kup Lotto UK online m\u00e1 mnoho v\u00fdhod, zejm\u00e9na s ohledem na nov\u00e9 spot\u0159ebitelsk\u00e9 trendy a souvisej\u00edc\u00ed jednoduchost.<\/p>\n<p>Toto jsou n\u011bkter\u00e9 z hlavn\u00edch v\u00fdhod hran\u00ed na LottoHoy:<\/p>\n<ul>\n<li>Bezpe\u010dnost transakc\u00ed d\u00edky protokolu HTTPS.<\/li>\n<li>Losy si m\u016f\u017eete koupit 24 hodin denn\u011b 7 dn\u00ed v t\u00fddnu ka\u017ed\u00fd den v roce. Ji\u017e se nemus\u00edte starat o otev\u00edrac\u00ed dobu prodejn\u00edch m\u00edst.<\/li>\n<li>Odkudkoli, bez front a bez nutnosti opustit d\u016fm. Sta\u010d\u00ed m\u00edt mobiln\u00ed za\u0159\u00edzen\u00ed, tablet nebo po\u010d\u00edta\u010d s p\u0159ipojen\u00edm k internetu. Neexistuj\u00ed \u017e\u00e1dn\u00e9 geografick\u00e9 p\u0159ek\u00e1\u017eky pro hran\u00ed UK Lotto.<\/li>\n<li>P\u0159i n\u00e1kupu online tiket nikdy neztrat\u00edte, v\u017edy bude na va\u0161em \u00fa\u010dtu. Prost\u0159ednictv\u00edm na\u0161\u00ed platformy budete m\u00edt nejen p\u0159ehled o zakoupen\u00e9m tiketu, ale v p\u0159\u00edpad\u011b v\u00fdhry budete okam\u017eit\u011b informov\u00e1ni prost\u0159ednictv\u00edm sv\u00e9ho u\u017eivatelsk\u00e9ho \u00fa\u010dtu.<\/li>\n<li>Vyhran\u00e9 ceny obdr\u017e\u00edte okam\u017eit\u011b na sv\u016fj u\u017eivatelsk\u00fd \u00fa\u010det. Po realizaci losov\u00e1n\u00ed a po zve\u0159ejn\u011bn\u00ed p\u0159\u00edslu\u0161n\u00fdch ofici\u00e1ln\u00edch <a href=\"https:\/\/lottohoy.com\/results\/lotto-uk\/\"><strong>v\u00fdsledk\u016f britsk\u00e9ho lotta<\/strong><\/a> bude vyhran\u00e1 \u010d\u00e1stka zaps\u00e1na na v\u00e1\u0161 u\u017eivatelsk\u00fd \u00fa\u010det.<\/li>\n<li>Bu\u010fte informov\u00e1ni o kumulovan\u00fdch jackpotech a mimo\u0159\u00e1dn\u00fdch slosov\u00e1n\u00edch. T\u00edmto zp\u016fsobem m\u016f\u017eete p\u0159edem zn\u00e1t nejd\u016fle\u017eit\u011bj\u0161\u00ed jackpoty a m\u016f\u017eete upravit svou s\u00e1zku tak, abyste z\u00edskali supermilionov\u00fd jackpot.<\/li>\n<\/ul>\n","protected":false},"excerpt":{"rendered":"<p>Hr\u00e1t Lotto UK online UK Lotto je n\u00e1rodn\u00ed loterie Spojen\u00e9ho kr\u00e1lovstv\u00ed, podle pravidel mohou hr\u00e1t a vyb\u00edrat ceny osoby star\u0161\u00ed 18 let, kter\u00e9 mus\u00ed m\u00edt bydli\u0161t\u011b ve Spojen\u00e9m kr\u00e1lovstv\u00ed nebo na ostrov\u011b Man. Na\u0161t\u011bst\u00ed je mo\u017en\u00e9 hr\u00e1t tuto loterii tak\u00e9 prost\u0159ednictv\u00edm online platforem, jako je LottoHoy.com. V p\u0159\u00edpad\u011b v\u00fdhry se \u010d\u00e1stka v\u00fdhry automaticky zap\u00ed\u0161e na [&hellip;]<\/p>\n","protected":false},"author":2,"featured_media":0,"parent":16577,"menu_order":9,"comment_status":"closed","ping_status":"closed","template":"lotto-uk.php","meta":{"_et_pb_use_builder":"","_et_pb_old_content":"","_et_gb_content_width":"","exclude_from_search":false,"footnotes":""},"class_list":["post-16685","page","type-page","status-publish","hentry"],"yoast_head":"<!-- This site is optimized with the Yoast SEO plugin v23.7 - https:\/\/yoast.com\/wordpress\/plugins\/seo\/ -->\n<title>Hrajte britskou loterii online - nejv\u011bt\u0161\u00ed britsk\u00e1 loterie - LottoHoy<\/title>\n<meta name=\"description\" content=\"Sta\u010d\u00ed si vybrat 6 z 59 nab\u00edzen\u00fdch \u010d\u00edsel a v tolika sloupc\u00edch, kolik chcete hr\u00e1t. Hrajte bezpe\u010dn\u011b na Lottohoy a sta\u0148te se dal\u0161\u00edm milion\u00e1\u0159em!\" \/>\n<meta name=\"robots\" content=\"index, follow, max-snippet:-1, max-image-preview:large, max-video-preview:-1\" \/>\n<link rel=\"canonical\" href=\"https:\/\/lottohoy.com\/cs\/hrat\/hrat-uk-loterie\/\" \/>\n<meta property=\"og:locale\" content=\"cs_CZ\" \/>\n<meta property=\"og:type\" content=\"article\" \/>\n<meta property=\"og:title\" content=\"Hrajte britskou loterii online - nejv\u011bt\u0161\u00ed britsk\u00e1 loterie - LottoHoy\" \/>\n<meta property=\"og:description\" content=\"Sta\u010d\u00ed si vybrat 6 z 59 nab\u00edzen\u00fdch \u010d\u00edsel a v tolika sloupc\u00edch, kolik chcete hr\u00e1t. Hrajte bezpe\u010dn\u011b na Lottohoy a sta\u0148te se dal\u0161\u00edm milion\u00e1\u0159em!\" \/>\n<meta property=\"og:url\" content=\"https:\/\/lottohoy.com\/cs\/hrat\/hrat-uk-loterie\/\" \/>\n<meta property=\"og:site_name\" content=\"Lottohoy\" \/>\n<meta name=\"twitter:card\" content=\"summary_large_image\" \/>\n<meta name=\"twitter:label1\" content=\"Odhadovan\u00e1 doba \u010dten\u00ed\" \/>\n\t<meta name=\"twitter:data1\" content=\"2 minuty\" \/>\n<script type=\"application\/ld+json\" class=\"yoast-schema-graph\">{\"@context\":\"https:\/\/schema.org\",\"@graph\":[{\"@type\":\"WebPage\",\"@id\":\"https:\/\/lottohoy.com\/cs\/hrat\/hrat-uk-loterie\/\",\"url\":\"https:\/\/lottohoy.com\/cs\/hrat\/hrat-uk-loterie\/\",\"name\":\"Hrajte britskou loterii online - nejv\u011bt\u0161\u00ed britsk\u00e1 loterie - LottoHoy\",\"isPartOf\":{\"@id\":\"https:\/\/lottohoy.com\/cs\/#website\"},\"datePublished\":\"2018-05-03T13:23:28+00:00\",\"dateModified\":\"2018-05-03T13:23:28+00:00\",\"description\":\"Sta\u010d\u00ed si vybrat 6 z 59 nab\u00edzen\u00fdch \u010d\u00edsel a v tolika sloupc\u00edch, kolik chcete hr\u00e1t. Hrajte bezpe\u010dn\u011b na Lottohoy a sta\u0148te se dal\u0161\u00edm milion\u00e1\u0159em!\",\"breadcrumb\":{\"@id\":\"https:\/\/lottohoy.com\/cs\/hrat\/hrat-uk-loterie\/#breadcrumb\"},\"inLanguage\":\"cs\",\"potentialAction\":[{\"@type\":\"ReadAction\",\"target\":[\"https:\/\/lottohoy.com\/cs\/hrat\/hrat-uk-loterie\/\"]}]},{\"@type\":\"BreadcrumbList\",\"@id\":\"https:\/\/lottohoy.com\/cs\/hrat\/hrat-uk-loterie\/#breadcrumb\",\"itemListElement\":[{\"@type\":\"ListItem\",\"position\":1,\"name\":\"Home\",\"item\":\"https:\/\/lottohoy.com\/cs\/\"},{\"@type\":\"ListItem\",\"position\":2,\"name\":\"Hr\u00e1t loterie\",\"item\":\"https:\/\/lottohoy.com\/cs\/hrat\/\"},{\"@type\":\"ListItem\",\"position\":3,\"name\":\"Hr\u00e1t UK loterie\"}]},{\"@type\":\"WebSite\",\"@id\":\"https:\/\/lottohoy.com\/cs\/#website\",\"url\":\"https:\/\/lottohoy.com\/cs\/\",\"name\":\"Lottohoy\",\"description\":\"\",\"potentialAction\":[{\"@type\":\"SearchAction\",\"target\":{\"@type\":\"EntryPoint\",\"urlTemplate\":\"https:\/\/lottohoy.com\/cs\/?s={search_term_string}\"},\"query-input\":{\"@type\":\"PropertyValueSpecification\",\"valueRequired\":true,\"valueName\":\"search_term_string\"}}],\"inLanguage\":\"cs\"}]}<\/script>\n<!-- \/ Yoast SEO plugin. -->","yoast_head_json":{"title":"Hrajte britskou loterii online - nejv\u011bt\u0161\u00ed britsk\u00e1 loterie - LottoHoy","description":"Sta\u010d\u00ed si vybrat 6 z 59 nab\u00edzen\u00fdch \u010d\u00edsel a v tolika sloupc\u00edch, kolik chcete hr\u00e1t. Hrajte bezpe\u010dn\u011b na Lottohoy a sta\u0148te se dal\u0161\u00edm milion\u00e1\u0159em!","robots":{"index":"index","follow":"follow","max-snippet":"max-snippet:-1","max-image-preview":"max-image-preview:large","max-video-preview":"max-video-preview:-1"},"canonical":"https:\/\/lottohoy.com\/cs\/hrat\/hrat-uk-loterie\/","og_locale":"cs_CZ","og_type":"article","og_title":"Hrajte britskou loterii online - nejv\u011bt\u0161\u00ed britsk\u00e1 loterie - LottoHoy","og_description":"Sta\u010d\u00ed si vybrat 6 z 59 nab\u00edzen\u00fdch \u010d\u00edsel a v tolika sloupc\u00edch, kolik chcete hr\u00e1t. Hrajte bezpe\u010dn\u011b na Lottohoy a sta\u0148te se dal\u0161\u00edm milion\u00e1\u0159em!","og_url":"https:\/\/lottohoy.com\/cs\/hrat\/hrat-uk-loterie\/","og_site_name":"Lottohoy","twitter_card":"summary_large_image","twitter_misc":{"Odhadovan\u00e1 doba \u010dten\u00ed":"2 minuty"},"schema":{"@context":"https:\/\/schema.org","@graph":[{"@type":"WebPage","@id":"https:\/\/lottohoy.com\/cs\/hrat\/hrat-uk-loterie\/","url":"https:\/\/lottohoy.com\/cs\/hrat\/hrat-uk-loterie\/","name":"Hrajte britskou loterii online - nejv\u011bt\u0161\u00ed britsk\u00e1 loterie - LottoHoy","isPartOf":{"@id":"https:\/\/lottohoy.com\/cs\/#website"},"datePublished":"2018-05-03T13:23:28+00:00","dateModified":"2018-05-03T13:23:28+00:00","description":"Sta\u010d\u00ed si vybrat 6 z 59 nab\u00edzen\u00fdch \u010d\u00edsel a v tolika sloupc\u00edch, kolik chcete hr\u00e1t. Hrajte bezpe\u010dn\u011b na Lottohoy a sta\u0148te se dal\u0161\u00edm milion\u00e1\u0159em!","breadcrumb":{"@id":"https:\/\/lottohoy.com\/cs\/hrat\/hrat-uk-loterie\/#breadcrumb"},"inLanguage":"cs","potentialAction":[{"@type":"ReadAction","target":["https:\/\/lottohoy.com\/cs\/hrat\/hrat-uk-loterie\/"]}]},{"@type":"BreadcrumbList","@id":"https:\/\/lottohoy.com\/cs\/hrat\/hrat-uk-loterie\/#breadcrumb","itemListElement":[{"@type":"ListItem","position":1,"name":"Home","item":"https:\/\/lottohoy.com\/cs\/"},{"@type":"ListItem","position":2,"name":"Hr\u00e1t loterie","item":"https:\/\/lottohoy.com\/cs\/hrat\/"},{"@type":"ListItem","position":3,"name":"Hr\u00e1t UK loterie"}]},{"@type":"WebSite","@id":"https:\/\/lottohoy.com\/cs\/#website","url":"https:\/\/lottohoy.com\/cs\/","name":"Lottohoy","description":"","potentialAction":[{"@type":"SearchAction","target":{"@type":"EntryPoint","urlTemplate":"https:\/\/lottohoy.com\/cs\/?s={search_term_string}"},"query-input":{"@type":"PropertyValueSpecification","valueRequired":true,"valueName":"search_term_string"}}],"inLanguage":"cs"}]}},"_links":{"self":[{"href":"https:\/\/lottohoy.com\/cs\/wp-json\/wp\/v2\/pages\/16685","targetHints":{"allow":["GET"]}}],"collection":[{"href":"https:\/\/lottohoy.com\/cs\/wp-json\/wp\/v2\/pages"}],"about":[{"href":"https:\/\/lottohoy.com\/cs\/wp-json\/wp\/v2\/types\/page"}],"author":[{"embeddable":true,"href":"https:\/\/lottohoy.com\/cs\/wp-json\/wp\/v2\/users\/2"}],"replies":[{"embeddable":true,"href":"https:\/\/lottohoy.com\/cs\/wp-json\/wp\/v2\/comments?post=16685"}],"version-history":[{"count":0,"href":"https:\/\/lottohoy.com\/cs\/wp-json\/wp\/v2\/pages\/16685\/revisions"}],"up":[{"embeddable":true,"href":"https:\/\/lottohoy.com\/cs\/wp-json\/wp\/v2\/pages\/16577"}],"wp:attachment":[{"href":"https:\/\/lottohoy.com\/cs\/wp-json\/wp\/v2\/media?parent=16685"}],"curies":[{"name":"wp","href":"https:\/\/api.w.org\/{rel}","templated":true}]}}