{"id":16670,"date":"2018-08-21T10:08:33","date_gmt":"2018-08-21T09:08:33","guid":{"rendered":"https:\/\/lottohoy.com\/hrat\/hrat-la-primitiva\/"},"modified":"2018-08-21T10:08:33","modified_gmt":"2018-08-21T09:08:33","slug":"hrat-la-primitiva","status":"publish","type":"page","link":"https:\/\/lottohoy.com\/cs\/hrat\/hrat-la-primitiva\/","title":{"rendered":"Hr\u00e1t La Primitiva"},"content":{"rendered":"<p>Hra, kterou dnes zn\u00e1me pod n\u00e1zvem \u201eLa primitiva\u201c, je nejstar\u0161\u00ed loterijn\u00ed hrou ve \u0160pan\u011blsku. Od sv\u00e9ho vzniku v roce 1763 se vyv\u00edjela velmi podobn\u011b jako sou\u010dasn\u00fd syst\u00e9m a nab\u00edzela v\u00fdb\u011br \u010dty\u0159 \u010d\u00edsel z celkov\u00fdch 90. Z tohoto d\u016fvodu byla zn\u00e1m\u00e1 jako \u201eloterie podle \u010d\u00edsel\u201c. Tato loterie byla definitivn\u011b nazv\u00e1na La Primitiva, a to v d\u016fsledku vytvo\u0159en\u00ed nov\u00e9 loterie, kter\u00e1 se prod\u00e1vala prost\u0159ednictv\u00edm los\u016f, na nich\u017e bylo vyti\u0161t\u011bno \u010d\u00edslo, s n\u00edm\u017e se \u00fa\u010dastnily losov\u00e1n\u00ed. dnes ji zn\u00e1me jako N\u00e1rodn\u00ed loterii. V roce 1862 se vl\u00e1da rozhodla d\u0159\u00edv\u011bj\u0161\u00ed losov\u00e1n\u00ed Primitivy utlumit, aby dala v\u011bt\u0161\u00ed d\u016fraz na \u010d\u00edselnou loterii, proto\u017ee se t\u011b\u0161ila velk\u00e9 oblib\u011b; a teprve po v\u00edce ne\u017e sto letech, v roce 1985, se loterie Primitiva vr\u00e1tila k \u017eivotu s pomoc\u00ed <b><strong>Loter\u00edas y Apuestas del Estado (LAE<\/strong><\/b>) , org\u00e1nu odpov\u011bdn\u00e9ho za loterie ve \u0160pan\u011blsku.<\/p>\n<h2>Dosavadn\u00ed zm\u011bny v p\u0159edpisech<\/h2>\n<ul>\n<li>La Primitiva se zm\u011bnila z t\u00fddenn\u00edho losov\u00e1n\u00ed na dv\u011b losov\u00e1n\u00ed (<i><em>\u010dtvrtek a sobota, od kv\u011btna 1990<\/em><\/i>).<\/li>\n<li>P\u016fvodn\u00ed cena byla 25 Ptas. (P\u0159ibli\u017en\u011b 0,15 EUR) a postupn\u011b se zvy\u0161ovala a\u017e na sou\u010dasnou cenu.<\/li>\n<li>V roce 1991 byla vytvo\u0159ena dodate\u010dn\u00e1 kuli\u010dka \u201e<b><strong>n\u00e1hrada<\/strong><\/b>\u201c.<\/li>\n<li>V roce 2012 byla p\u0159id\u00e1na je\u0161t\u011b jedna mo\u017enost hr\u00e1t v losov\u00e1n\u00ed Primitiva s voliteln\u00fdm losem spojen\u00fdm se stejn\u00fdm tiketem Primitiva, \u201e<b><strong>\u017dol\u00edkem<\/strong><\/b>.<\/li>\n<\/ul>\n<h2>Jak se hraje Primitiva<\/h2>\n<p>Ke h\u0159e Primitiva sta\u010d\u00ed vybrat \u0161est \u010d\u00edsel ze sloupce slo\u017een\u00e9ho z celkem 49 \u010d\u00edsel (o\u010d\u00edslovan\u00fdch od 1 do 49). S\u00e1zku m\u016f\u017eete uzav\u0159\u00edt n\u011bkolika zp\u016fsoby: Jednoduchou, v\u00edcen\u00e1sobnou a sn\u00ed\u017eenou s\u00e1zkou.<\/p>\n<ul>\n<li><b><strong>Jednoduch\u00e1 s\u00e1zka: <\/strong><\/b>Pou\u017eijte libovoln\u00fd po\u010det hern\u00edch sloupc\u016f, minim\u00e1ln\u011b 1 a maxim\u00e1ln\u011b 8 sloupc\u016f. P\u0159i h\u0159e online m\u016f\u017eete vsadit tolik sloupc\u016f, kolik si hr\u00e1\u010d p\u0159eje.<\/li>\n<li><b><strong>V\u00edcen\u00e1sobn\u00e1 s\u00e1zka: <\/strong><\/b>V tomto p\u0159\u00edpad\u011b se pou\u017eije pouze prvn\u00ed sloupec tiketu a m\u016f\u017eete si vybrat ze 7 a\u017e 11 \u010d\u00edsel. \u010c\u00edm v\u00edce \u010d\u00edsel je ozna\u010deno, t\u00edm v\u011bt\u0161\u00edho po\u010dtu s\u00e1zek se \u00fa\u010dastn\u00edte.<\/li>\n<li><b><strong>Sn\u00ed\u017een\u00e1 s\u00e1zka<\/strong><\/b>: Tuto s\u00e1zku poskytuje s\u00e1m syst\u00e9m a obvykle se pou\u017e\u00edv\u00e1 v\u00fdhradn\u011b na fyzick\u00e9m tiketu.<\/li>\n<\/ul>\n<p>Cena jedn\u00e9 s\u00e1zky u Lottohoy je pouze 2,00 eur.<\/p>\n<h3>Jak funguje slosov\u00e1n\u00ed Primitiva?<\/h3>\n<p>Losov\u00e1n\u00ed prob\u00edh\u00e1 pomoc\u00ed dvou bubn\u016f. V jednom z bubn\u016f je obsa\u017eeno 49 o\u010d\u00edslovan\u00fdch m\u00ed\u010dk\u016f, z nich\u017e se vylosuje 6 \u010d\u00edsel pro v\u00fdhern\u00ed kombinaci, a sedm\u00fd m\u00ed\u010dek, kter\u00fd se naz\u00fdv\u00e1 \u201edopl\u0148ovac\u00ed\u201c. Toto dopl\u0148kov\u00e9 \u010d\u00edslo nen\u00ed na tiketu vybr\u00e1no, a jak jeho n\u00e1zev napov\u00edd\u00e1, slou\u017e\u00ed k dopln\u011bn\u00ed t\u011bch s\u00e1zek, kter\u00e9 odpov\u00eddaj\u00ed p\u011bti ze \u0161esti \u010d\u00edsel v\u00fdhern\u00ed kombinace. V\u00fdhra do druh\u00e9 kategorie p\u011bti \u010d\u00edsel plus dopl\u0148kov\u00e9. M\u00ed\u010dek N\u00e1hrada je vyta\u017een z druh\u00e9ho bubnu. Toto refunda\u010dn\u00ed \u010d\u00edslo slou\u017e\u00ed k odm\u011bn\u011b v\u00fdhradn\u011b t\u011bm hr\u00e1\u010d\u016fm, kte\u0159\u00ed toto \u010d\u00edslo tref\u00ed, a jako v\u00fdhru obdr\u017e\u00ed \u010d\u00e1stku jedn\u00e9 s\u00e1zky.<\/p>\n<h2>Kdy se hraje hra La Primitiva?<\/h2>\n<p>Primitiva se hraje dvakr\u00e1t t\u00fddn\u011b, ve \u010dtvrtek a v sobotu. Losov\u00e1n\u00ed prob\u00edh\u00e1 ve 21:40 \u0161pan\u011blsk\u00e9ho \u010dasu p\u0159i ve\u0159ejn\u00e9m ceremoni\u00e1lu v losovac\u00ed m\u00edstnosti Loter\u00edas y Apuestas del Estado (LAE) v Madridu. P\u0159edpisy Primitiva po\u010d\u00edtaj\u00ed s mo\u017enost\u00ed zm\u011bny m\u00edsta, data a \u010dasu kon\u00e1n\u00ed losov\u00e1n\u00ed nebo \u00fapravy term\u00edn\u016f.<\/p>\n<h2>Kolik stoj\u00ed losov\u00e1n\u00ed Primitiva?<\/h2>\n<p>Na LottoHoy si m\u016f\u017eete zahr\u00e1t Primitivu od vyvol\u00e1vac\u00ed ceny 2,5 \u20ac za sloupec. A\u010dkoli ofici\u00e1ln\u011b maj\u00ed k t\u00e9to h\u0159e p\u0159\u00edstup pouze obyvatel\u00e9 \u0160pan\u011blska, v sou\u010dasn\u00e9 dob\u011b a prost\u0159ednictv\u00edm online platforem m\u016f\u017eete p\u0159istupovat k n\u00e1kupu tiket\u016f a \u00fa\u010dastnit se losov\u00e1n\u00ed z kter\u00e9koli zem\u011b.<\/p>\n<h2>Jak si koupit La Primitiva online?<\/h2>\n<p>N\u00e1kup a \u00fa\u010dast v tombole Primitiva prost\u0159ednictv\u00edm na\u0161\u00ed platformy je velmi jednoduch\u00e1, snadn\u00e1 a pohodln\u00e1. Po vstupu na str\u00e1nku hry m\u016f\u017eete uzav\u0159\u00edt po\u017eadovanou s\u00e1zku nebo s\u00e1zky pomoc\u00ed zobrazen\u00fdch sloupc\u016f (naz\u00fdvan\u00fdch tak\u00e9 \u010d\u00e1ry). Zpo\u010d\u00e1tku se zobraz\u00ed p\u011bt sloupc\u016f, kter\u00e9 v\u0161ak m\u016f\u017eete libovoln\u011b roz\u0161\u00ed\u0159it pouh\u00fdm kliknut\u00edm na pol\u00ed\u010dko \u201e<b><strong>V\u00edce \u0159\u00e1dk\u016f<\/strong><\/b>\u201c. V ka\u017ed\u00e9m sloupci bude vybr\u00e1no \u0161est \u010d\u00edsel pro nastaven\u00ed va\u0161\u00ed hry. Tuto kombinaci lze prov\u00e9st ru\u010dn\u011b nebo nechat syst\u00e9m, aby s\u00e1m vybral n\u00e1hodnou kombinaci pro hr\u00e1\u010de. Tento n\u00e1hodn\u00fd v\u00fdb\u011br provedete tak, \u017ee um\u00edst\u00edte kurzor na sloupec a zobraz\u00ed se horn\u00ed pole s n\u00e1pisem \u201erychl\u00fd v\u00fdb\u011br\u201c. Jakmile je po\u010det sloupc\u016f (s\u00e1zek) ur\u010den a hr\u00e1\u010d je p\u0159ipraven hr\u00e1t, zobraz\u00ed se zelen\u00e9 pole \u201epokra\u010dovat\u201c. Po vstupu do ko\u0161\u00edku se objev\u00ed nov\u00e1 obrazovka, na kter\u00e9 se zobraz\u00ed \u0159ada platebn\u00edch metod: od kreditn\u00edch karet a syst\u00e9m\u016f zn\u00e1m\u00fdch jako Skrill nebo Neteller a\u017e po \u0161irokou \u0161k\u00e1lu n\u00e1rodn\u00edch platebn\u00edch metod, a to i prost\u0159ednictv\u00edm kryptom\u011bn.<\/p>\n<h2>Ceny Primitiva<\/h2>\n<p>Pades\u00e1t p\u011bt procent z ka\u017ed\u00e9ho slosov\u00e1n\u00ed jde na v\u00fdplatu cen, 10 % je ur\u010deno na v\u00fdplatu n\u00e1hrad a ze zb\u00fdvaj\u00edc\u00edch 35 % se pro ka\u017ed\u00e9ho v\u00fdherce p\u00e1t\u00e9 kategorie odd\u011bl\u00ed \u010d\u00e1stka odpov\u00eddaj\u00edc\u00ed fixn\u00ed platb\u011b 8 \u20ac a zbytek se rozd\u011bl\u00ed mezi \u010dty\u0159i hlavn\u00ed kategorie plus speci\u00e1ln\u00ed kategorii.<\/p>\n<ul>\n<li><b><strong>Zvl\u00e1\u0161tn\u00ed kategorie<\/strong><\/b> pro ty, kte\u0159\u00ed tref\u00ed kompletn\u00ed v\u00fdhern\u00ed kombinaci (\u0161est \u010d\u00edsel + n\u00e1hrada). Tato kategorie z\u00edsk\u00e1v\u00e1 p\u0159ibli\u017en\u011b 6,18 % z v\u00fdnosu plus p\u0159\u00edpadnou \u010d\u00e1stku z kumulovan\u00e9ho banku. Minim\u00e1ln\u011b jsou garantov\u00e1ny dva miliony eur.<\/li>\n<li><b><strong>Prvn\u00ed kategorie<\/strong><\/b>, pro v\u00fdherce hlavn\u00ed kombinace \u0161esti \u010d\u00edsel. T\u00e9to kategorii je ur\u010deno 12,04 % sb\u00edrky, kter\u00e1 bude rozd\u011blena mezi v\u0161echny \u00fasp\u011b\u0161n\u00e9 u\u017eivatele t\u00e9to kategorie.<\/li>\n<li><b><strong>Druh\u00e1 kategorie<\/strong><\/b>, pro p\u011btice shodn\u00fdch \u010d\u00edsel plus jedno dopl\u0148kov\u00e9. V t\u00e9to kategorii je v\u00fdherc\u016fm rozd\u011bleno 1,80 % sb\u00edrky.<\/li>\n<li><b><strong>T\u0159et\u00ed kategorie<\/strong><\/b>, pro v\u00fdherce p\u011bti shodn\u00fdch \u010d\u00edsel, kte\u0159\u00ed si rozd\u011bl\u00ed 3,91 %.<\/li>\n<li><b><strong>\u010ctvrt\u00e1 kategorie<\/strong><\/b>, pro v\u00fdherce \u010dty\u0159 \u010d\u00edsel,si rozd\u011bluj\u00ed 6,32 %.<\/li>\n<li><b><strong>P\u00e1t\u00e1 kategorie<\/strong><\/b>, pro v\u00fdherce t\u0159\u00ed \u010d\u00edsel, maj\u00ed pevnou v\u00fdhru, ka\u017ed\u00fd 8 \u20ac a to znamen\u00e1 p\u0159ibli\u017en\u011b 14,12 % sb\u00edrky.<\/li>\n<li><b><strong>N\u00e1hrada<\/strong><\/b>, pro v\u00fdherce \u010d\u00edsel pova\u017eovan\u00fdch za n\u00e1hradu, byl vytvo\u0159en fond s 10 % inkasa ka\u017ed\u00e9ho slosov\u00e1n\u00ed, aby pevn\u00e1 platba odpov\u00eddala v\u00fd\u0161i jednoduch\u00e9 s\u00e1zky.<\/li>\n<\/ul>\n<p>V\u00fd\u0161e z\u00edskan\u00fdch v\u00fdher se zapisuje p\u0159\u00edmo na \u00fa\u010dty registrovan\u00fdch u\u017eivatel\u016f.<\/p>\n","protected":false},"excerpt":{"rendered":"<p>Hra, kterou dnes zn\u00e1me pod n\u00e1zvem \u201eLa primitiva\u201c, je nejstar\u0161\u00ed loterijn\u00ed hrou ve \u0160pan\u011blsku. Od sv\u00e9ho vzniku v roce 1763 se vyv\u00edjela velmi podobn\u011b jako sou\u010dasn\u00fd syst\u00e9m a nab\u00edzela v\u00fdb\u011br \u010dty\u0159 \u010d\u00edsel z celkov\u00fdch 90. Z tohoto d\u016fvodu byla zn\u00e1m\u00e1 jako \u201eloterie podle \u010d\u00edsel\u201c. Tato loterie byla definitivn\u011b nazv\u00e1na La Primitiva, a to v d\u016fsledku [&hellip;]<\/p>\n","protected":false},"author":2,"featured_media":0,"parent":16577,"menu_order":6,"comment_status":"closed","ping_status":"closed","template":"la-primitiva.php","meta":{"_et_pb_use_builder":"","_et_pb_old_content":"","_et_gb_content_width":"","exclude_from_search":false,"footnotes":""},"class_list":["post-16670","page","type-page","status-publish","hentry"],"yoast_head":"<!-- This site is optimized with the Yoast SEO plugin v23.7 - https:\/\/yoast.com\/wordpress\/plugins\/seo\/ -->\n<title>Hrajte La Primitiva online - \u0160pan\u011blsk\u00e1 online loterie - Lottohoy<\/title>\n<meta name=\"description\" content=\"Pro hran\u00ed Primitivy sta\u010d\u00ed vybrat 6 \u010d\u00edsel ze sloupce slo\u017een\u00e9ho z celkem 49 \u010d\u00edsel (o\u010d\u00edslovan\u00fdch od 1 do 49). Hrajte nyn\u00ed a vyhrajte!\" \/>\n<meta name=\"robots\" content=\"index, follow, max-snippet:-1, max-image-preview:large, max-video-preview:-1\" \/>\n<link rel=\"canonical\" href=\"https:\/\/lottohoy.com\/cs\/hrat\/hrat-la-primitiva\/\" \/>\n<meta property=\"og:locale\" content=\"cs_CZ\" \/>\n<meta property=\"og:type\" content=\"article\" \/>\n<meta property=\"og:title\" content=\"Hrajte La Primitiva online - \u0160pan\u011blsk\u00e1 online loterie - Lottohoy\" \/>\n<meta property=\"og:description\" content=\"Pro hran\u00ed Primitivy sta\u010d\u00ed vybrat 6 \u010d\u00edsel ze sloupce slo\u017een\u00e9ho z celkem 49 \u010d\u00edsel (o\u010d\u00edslovan\u00fdch od 1 do 49). Hrajte nyn\u00ed a vyhrajte!\" \/>\n<meta property=\"og:url\" content=\"https:\/\/lottohoy.com\/cs\/hrat\/hrat-la-primitiva\/\" \/>\n<meta property=\"og:site_name\" content=\"Lottohoy\" \/>\n<meta name=\"twitter:card\" content=\"summary_large_image\" \/>\n<meta name=\"twitter:label1\" content=\"Odhadovan\u00e1 doba \u010dten\u00ed\" \/>\n\t<meta name=\"twitter:data1\" content=\"6 minut\" \/>\n<script type=\"application\/ld+json\" class=\"yoast-schema-graph\">{\"@context\":\"https:\/\/schema.org\",\"@graph\":[{\"@type\":\"WebPage\",\"@id\":\"https:\/\/lottohoy.com\/cs\/hrat\/hrat-la-primitiva\/\",\"url\":\"https:\/\/lottohoy.com\/cs\/hrat\/hrat-la-primitiva\/\",\"name\":\"Hrajte La Primitiva online - \u0160pan\u011blsk\u00e1 online loterie - Lottohoy\",\"isPartOf\":{\"@id\":\"https:\/\/lottohoy.com\/cs\/#website\"},\"datePublished\":\"2018-08-21T09:08:33+00:00\",\"dateModified\":\"2018-08-21T09:08:33+00:00\",\"description\":\"Pro hran\u00ed Primitivy sta\u010d\u00ed vybrat 6 \u010d\u00edsel ze sloupce slo\u017een\u00e9ho z celkem 49 \u010d\u00edsel (o\u010d\u00edslovan\u00fdch od 1 do 49). Hrajte nyn\u00ed a vyhrajte!\",\"breadcrumb\":{\"@id\":\"https:\/\/lottohoy.com\/cs\/hrat\/hrat-la-primitiva\/#breadcrumb\"},\"inLanguage\":\"cs\",\"potentialAction\":[{\"@type\":\"ReadAction\",\"target\":[\"https:\/\/lottohoy.com\/cs\/hrat\/hrat-la-primitiva\/\"]}]},{\"@type\":\"BreadcrumbList\",\"@id\":\"https:\/\/lottohoy.com\/cs\/hrat\/hrat-la-primitiva\/#breadcrumb\",\"itemListElement\":[{\"@type\":\"ListItem\",\"position\":1,\"name\":\"Home\",\"item\":\"https:\/\/lottohoy.com\/cs\/\"},{\"@type\":\"ListItem\",\"position\":2,\"name\":\"Hr\u00e1t loterie\",\"item\":\"https:\/\/lottohoy.com\/cs\/hrat\/\"},{\"@type\":\"ListItem\",\"position\":3,\"name\":\"Hr\u00e1t La Primitiva\"}]},{\"@type\":\"WebSite\",\"@id\":\"https:\/\/lottohoy.com\/cs\/#website\",\"url\":\"https:\/\/lottohoy.com\/cs\/\",\"name\":\"Lottohoy\",\"description\":\"\",\"potentialAction\":[{\"@type\":\"SearchAction\",\"target\":{\"@type\":\"EntryPoint\",\"urlTemplate\":\"https:\/\/lottohoy.com\/cs\/?s={search_term_string}\"},\"query-input\":{\"@type\":\"PropertyValueSpecification\",\"valueRequired\":true,\"valueName\":\"search_term_string\"}}],\"inLanguage\":\"cs\"}]}<\/script>\n<!-- \/ Yoast SEO plugin. -->","yoast_head_json":{"title":"Hrajte La Primitiva online - \u0160pan\u011blsk\u00e1 online loterie - Lottohoy","description":"Pro hran\u00ed Primitivy sta\u010d\u00ed vybrat 6 \u010d\u00edsel ze sloupce slo\u017een\u00e9ho z celkem 49 \u010d\u00edsel (o\u010d\u00edslovan\u00fdch od 1 do 49). Hrajte nyn\u00ed a vyhrajte!","robots":{"index":"index","follow":"follow","max-snippet":"max-snippet:-1","max-image-preview":"max-image-preview:large","max-video-preview":"max-video-preview:-1"},"canonical":"https:\/\/lottohoy.com\/cs\/hrat\/hrat-la-primitiva\/","og_locale":"cs_CZ","og_type":"article","og_title":"Hrajte La Primitiva online - \u0160pan\u011blsk\u00e1 online loterie - Lottohoy","og_description":"Pro hran\u00ed Primitivy sta\u010d\u00ed vybrat 6 \u010d\u00edsel ze sloupce slo\u017een\u00e9ho z celkem 49 \u010d\u00edsel (o\u010d\u00edslovan\u00fdch od 1 do 49). Hrajte nyn\u00ed a vyhrajte!","og_url":"https:\/\/lottohoy.com\/cs\/hrat\/hrat-la-primitiva\/","og_site_name":"Lottohoy","twitter_card":"summary_large_image","twitter_misc":{"Odhadovan\u00e1 doba \u010dten\u00ed":"6 minut"},"schema":{"@context":"https:\/\/schema.org","@graph":[{"@type":"WebPage","@id":"https:\/\/lottohoy.com\/cs\/hrat\/hrat-la-primitiva\/","url":"https:\/\/lottohoy.com\/cs\/hrat\/hrat-la-primitiva\/","name":"Hrajte La Primitiva online - \u0160pan\u011blsk\u00e1 online loterie - Lottohoy","isPartOf":{"@id":"https:\/\/lottohoy.com\/cs\/#website"},"datePublished":"2018-08-21T09:08:33+00:00","dateModified":"2018-08-21T09:08:33+00:00","description":"Pro hran\u00ed Primitivy sta\u010d\u00ed vybrat 6 \u010d\u00edsel ze sloupce slo\u017een\u00e9ho z celkem 49 \u010d\u00edsel (o\u010d\u00edslovan\u00fdch od 1 do 49). Hrajte nyn\u00ed a vyhrajte!","breadcrumb":{"@id":"https:\/\/lottohoy.com\/cs\/hrat\/hrat-la-primitiva\/#breadcrumb"},"inLanguage":"cs","potentialAction":[{"@type":"ReadAction","target":["https:\/\/lottohoy.com\/cs\/hrat\/hrat-la-primitiva\/"]}]},{"@type":"BreadcrumbList","@id":"https:\/\/lottohoy.com\/cs\/hrat\/hrat-la-primitiva\/#breadcrumb","itemListElement":[{"@type":"ListItem","position":1,"name":"Home","item":"https:\/\/lottohoy.com\/cs\/"},{"@type":"ListItem","position":2,"name":"Hr\u00e1t loterie","item":"https:\/\/lottohoy.com\/cs\/hrat\/"},{"@type":"ListItem","position":3,"name":"Hr\u00e1t La Primitiva"}]},{"@type":"WebSite","@id":"https:\/\/lottohoy.com\/cs\/#website","url":"https:\/\/lottohoy.com\/cs\/","name":"Lottohoy","description":"","potentialAction":[{"@type":"SearchAction","target":{"@type":"EntryPoint","urlTemplate":"https:\/\/lottohoy.com\/cs\/?s={search_term_string}"},"query-input":{"@type":"PropertyValueSpecification","valueRequired":true,"valueName":"search_term_string"}}],"inLanguage":"cs"}]}},"_links":{"self":[{"href":"https:\/\/lottohoy.com\/cs\/wp-json\/wp\/v2\/pages\/16670","targetHints":{"allow":["GET"]}}],"collection":[{"href":"https:\/\/lottohoy.com\/cs\/wp-json\/wp\/v2\/pages"}],"about":[{"href":"https:\/\/lottohoy.com\/cs\/wp-json\/wp\/v2\/types\/page"}],"author":[{"embeddable":true,"href":"https:\/\/lottohoy.com\/cs\/wp-json\/wp\/v2\/users\/2"}],"replies":[{"embeddable":true,"href":"https:\/\/lottohoy.com\/cs\/wp-json\/wp\/v2\/comments?post=16670"}],"version-history":[{"count":0,"href":"https:\/\/lottohoy.com\/cs\/wp-json\/wp\/v2\/pages\/16670\/revisions"}],"up":[{"embeddable":true,"href":"https:\/\/lottohoy.com\/cs\/wp-json\/wp\/v2\/pages\/16577"}],"wp:attachment":[{"href":"https:\/\/lottohoy.com\/cs\/wp-json\/wp\/v2\/media?parent=16670"}],"curies":[{"name":"wp","href":"https:\/\/api.w.org\/{rel}","templated":true}]}}