{"id":16664,"date":"2019-02-13T18:44:38","date_gmt":"2019-02-13T18:44:38","guid":{"rendered":"https:\/\/lottohoy.com\/hrat\/hrat-el-gordo-de-la-primitiva\/"},"modified":"2019-02-13T18:44:38","modified_gmt":"2019-02-13T18:44:38","slug":"hrat-el-gordo-de-la-primitiva","status":"publish","type":"page","link":"https:\/\/lottohoy.com\/cs\/hrat\/hrat-el-gordo-de-la-primitiva\/","title":{"rendered":"Hr\u00e1t El Gordo de la Primitiva"},"content":{"rendered":"<h2>Hr\u00e1t el Gordo online<\/h2>\n<p><sup>31<\/sup>. \u0159\u00edjna 1993 se uskute\u010dnilo prvn\u00ed losov\u00e1n\u00ed hry Gordo de la Primitiva, kter\u00e1 se v sou\u010dasnosti losuje ka\u017edou ned\u011bli, a\u010dkoli prvn\u00ed losov\u00e1n\u00ed se konala pouze jednou m\u011bs\u00ed\u010dn\u011b, posledn\u00ed ned\u011bli v m\u011bs\u00edci. Tato struktura tomboly se udr\u017eela a\u017e do losov\u00e1n\u00ed <sup>12<\/sup>. \u0159\u00edjna 1997. V sou\u010dasn\u00e9 dob\u011b je hr\u00e1t Gordo de la Primitiva online opravdu jednoduch\u00e9. Nab\u00edz\u00edme v\u00e1m mo\u017enost zakoupit si tikety ka\u017ed\u00fd den v t\u00fddnu, 24 hodin denn\u011b.<\/p>\n<h2>Jak hr\u00e1t Gordo de la Primitiva?<\/h2>\n<p>Hra el Gordo spo\u010d\u00edv\u00e1 ve v\u00fdb\u011bru p\u011bti \u010d\u00edsel z tabulky s 54 pozicemi o\u010d\u00edslovan\u00fdmi od 1 do 54. \u010c\u00edsla se vyb\u00edraj\u00ed podle toho, zda se jedn\u00e1 o \u010d\u00edsla. Krom\u011b toho je t\u0159eba vybrat jedno kl\u00ed\u010dov\u00e9 \u010d\u00edslo z druh\u00e9 tabulky o\u010d\u00edslovan\u00e9 od 0 do 9. V z\u00e1sad\u011b existuj\u00ed dva zp\u016fsoby hry el Gordo: jednoduch\u00e1 s\u00e1zka a v\u00edcen\u00e1sobn\u00e1 s\u00e1zka. <b><strong>Jednoduch\u00e1 s\u00e1zka<\/strong><\/b>, spo\u010d\u00edv\u00e1 ve v\u00fdb\u011bru p\u011bti \u010d\u00edsel z prvn\u00ed tabulky, kter\u00e1 obsahuje 54 pol\u00ed\u010dek o\u010d\u00edslovan\u00fdch 1 a\u017e 54, a jednoho kl\u00ed\u010dov\u00e9ho \u010d\u00edsla (naz\u00fdvan\u00e9ho tak\u00e9 \u00fahrada) z druh\u00e9 tabulky, kter\u00e1 nab\u00edz\u00ed tiket a obsahuje 10 o\u010d\u00edslovan\u00fdch pol\u00ed\u010dek od 0 do 9. P\u0159i jednoduch\u00e9 s\u00e1zce je t\u0159eba vybrat jedno kl\u00ed\u010dov\u00e9 \u010d\u00edslo z druh\u00e9 tabulky. Jeden tiket stoj\u00ed pouze 3 EUR, pokud si ho po\u0159\u00edd\u00edte na Lottohoy. Toto \u010d\u00edslo kl\u00ed\u010de nebo n\u00e1hrady je spole\u010dn\u00e9 pro v\u0161echny s\u00e1zky nebo bloky, kter\u00e9 jsou na jednom tiketu vlo\u017eeny do hry. <b><strong>V\u00edcen\u00e1sobn\u00e1 s\u00e1zka <\/strong><\/b>se prov\u00e1d\u00ed v\u00fdhradn\u011b v prvn\u00edm bloku tiketu a m\u016f\u017eete ozna\u010dit minim\u00e1ln\u011b 6 pol\u00ed\u010dek a maxim\u00e1ln\u011b 11 pol\u00ed\u010dek prvn\u00ed tabulky plus \u010d\u00edslo kl\u00ed\u010de nebo n\u00e1hrady p\u0159ilo\u017een\u00e9 tabulky. P\u0159i vypl\u0148ov\u00e1n\u00ed v\u00edcen\u00e1sobn\u00e9 s\u00e1zky se po\u010det ozna\u010den\u00fdch \u010d\u00edsel a bude p\u0159\u00edmo souviset s proveden\u00fdmi s\u00e1zkami a jejich n\u00e1klady.<\/p>\n<p><b>Vyto\u010den\u00e9 s\u00e1zky celkem<\/b><\/p>\n<p>6 6<\/p>\n<p>7 21<\/p>\n<p>8 56<\/p>\n<p>9 126<\/p>\n<p>10 252<\/p>\n<p>11 462<\/p>\n<h2>Kter\u00fd den se losuje el Gordo de la Primitiva?<\/h2>\n<p>El Gordo de la Primitiva se losuje jednou t\u00fddn\u011b, v\u017edy v ned\u011bli a kon\u00e1 se ve 21:30 hodin st\u0159edoevropsk\u00e9ho \u010dasu v Madridu. Pro p\u0159\u00edstup k t\u011bmto slosov\u00e1n\u00edm je t\u0159eba vz\u00edt v \u00favahu \u010dasy uz\u00e1v\u011brek. P\u0159i h\u0159e online je normalizovan\u00fd \u010dasov\u00fd harmonogram kolem 13:00 v z\u00e1vislosti na zemi, kde se hraje (doporu\u010dujeme konzultovat p\u0159edem).<\/p>\n<h2>Hrajte Gordo de la Primitiva online<\/h2>\n<p>Hran\u00ed hry Gordo de la Primitiva online m\u00e1 oproti tradi\u010dn\u00ed h\u0159e ov\u011b\u0159uj\u00edc\u00ed platnost tiketu na fyzick\u00e9 loterijn\u00ed spr\u00e1v\u011b mnoho v\u00fdhod. S p\u0159\u00edchodem nov\u00fdch technologi\u00ed bylo usnadn\u011bno mnoho \u010dinnost\u00ed, kter\u00e9 umo\u017e\u0148uj\u00ed dos\u00e1hnout pohodl\u00ed, z\u00edskat \u010das a bezpe\u010dnost. \u0160ance vyhr\u00e1t jakoukoli cenu hry Gordo de la Primitiva hran\u00edm online jsou naprosto stejn\u00e9 jako p\u0159i n\u00e1kupu fyzick\u00e9ho tiketu v loterijn\u00ed spr\u00e1v\u011b a online loterijn\u00ed platformy, jako je ta na\u0161e, to velmi usnad\u0148uj\u00ed. Sta\u010d\u00ed si vytvo\u0159it u\u017eivatelsk\u00fd \u00fa\u010det v LottoHoy, a t\u00edm z\u00edskat p\u0159\u00edstup ke v\u0161em informac\u00edm o sb\u00edrk\u00e1ch a platb\u00e1ch s naprost\u00fdm zabezpe\u010den\u00edm. Kdy\u017e v na\u0161\u00ed platform\u011b vstoup\u00edte do sekce hry Gordo de la Primitiva, v horn\u00ed \u010d\u00e1sti se nach\u00e1z\u00ed li\u0161ta s nab\u00eddkou \u010dty\u0159 mo\u017enost\u00ed:<\/p>\n<ul>\n<li><b><strong>Hr\u00e1t Gordo de la Primitiva<\/strong><\/b>: V t\u00e9to sekci si m\u016f\u017eete vybrat sv\u00e1 obl\u00edben\u00e1 \u010d\u00edsla ve v\u0161ech sloupc\u00edch, kter\u00e9 chcete. V z\u00e1sad\u011b se zobrazuje p\u011bt sloupc\u016f, ale svou s\u00e1zku m\u016f\u017eete roz\u0161\u00ed\u0159it na libovoln\u00fd po\u010det sloupc\u016f, sta\u010d\u00ed kliknout na pol\u00ed\u010dko pod prvn\u00edm sloupcem s n\u00e1pisem \u201ev\u00edce \u0159ad\u201c.<\/li>\n<li><b><strong>V\u00fdsledky hry Gordo de la Primitiva:<\/strong><\/b> S informacemi o posledn\u00edm tahu se konala v\u00fdhern\u00ed kombinace a rozd\u011blen\u00ed v\u00fdher jednotliv\u00fdch kategori\u00ed. M\u016f\u017eete se tak\u00e9 dostat k informac\u00edm o p\u0159edchoz\u00edch slosov\u00e1n\u00edch a v\u00fd\u0161i jejich v\u00fdher.<\/li>\n<li><b><strong>Informace o losov\u00e1n\u00ed Gordo de la Primitiva:<\/strong><\/b> Ve\u0161ker\u00e9 informace t\u00fdkaj\u00edc\u00ed se t\u00e9to hry, kategorie v\u00fdher, procenta sb\u00edrky p\u0159i\u0159azen\u00e1 ka\u017ed\u00e9 kategorii a mo\u017enosti zisku v ka\u017ed\u00e9 kategorii.<\/li>\n<li><b><strong>Novinky hry Gordo de la Primitiva<\/strong><\/b>: V\u0161e o novink\u00e1ch t\u00fdkaj\u00edc\u00edch se tohoto typu loterie.<\/li>\n<\/ul>\n<p>Hned n\u00ed\u017ee je zobrazena prvn\u00ed \u0159ada hry, kter\u00e1 se skl\u00e1d\u00e1 z p\u011bti sloupc\u016f (nebo tiket\u016f). M\u016f\u017eete hr\u00e1t jeden sloupec nebo tolik, kolik chcete, m\u016f\u017eete dokonce p\u0159idat dal\u0161\u00ed \u0159\u00e1dky a hr\u00e1t v\u00edce \u010d\u00edsel. Ka\u017ed\u00fd ze sloupc\u016f nebo \u0159\u00e1dk\u016f je o\u010d\u00edslov\u00e1n od 1 do 54 a pr\u00e1v\u011b v n\u011bm je t\u0159eba prov\u00e9st po\u017eadovan\u00fd tip, p\u0159i\u010dem\u017e se vych\u00e1z\u00ed ze z\u00e1kladu, kter\u00fd <b><strong>mus\u00ed b\u00fdt ozna\u010den p\u011bti pol\u00ed\u010dky nebo \u010d\u00edsly <\/strong><\/b>pro jednoduch\u00fd tah. Syst\u00e9m v\u00e1m umo\u017e\u0148uje vyplnit tato pol\u00ed\u010dka sv\u00fdmi obl\u00edben\u00fdmi \u010d\u00edsly ru\u010dn\u011b nebo prost\u0159ednictv\u00edm mo\u017enosti rychl\u00e9ho v\u00fdb\u011bru, kter\u00e1 se objev\u00ed nad ka\u017edou tabulkou. T\u00edmto zp\u016fsobem je to s\u00e1m syst\u00e9m, kdo n\u00e1hodn\u011b vyb\u00edr\u00e1 kombinaci, kter\u00e1 m\u00e1 b\u00fdt zahr\u00e1na.<\/p>\n","protected":false},"excerpt":{"rendered":"<p>Hr\u00e1t el Gordo online 31. \u0159\u00edjna 1993 se uskute\u010dnilo prvn\u00ed losov\u00e1n\u00ed hry Gordo de la Primitiva, kter\u00e1 se v sou\u010dasnosti losuje ka\u017edou ned\u011bli, a\u010dkoli prvn\u00ed losov\u00e1n\u00ed se konala pouze jednou m\u011bs\u00ed\u010dn\u011b, posledn\u00ed ned\u011bli v m\u011bs\u00edci. Tato struktura tomboly se udr\u017eela a\u017e do losov\u00e1n\u00ed 12. \u0159\u00edjna 1997. V sou\u010dasn\u00e9 dob\u011b je hr\u00e1t Gordo de la Primitiva [&hellip;]<\/p>\n","protected":false},"author":2,"featured_media":0,"parent":16577,"menu_order":6,"comment_status":"closed","ping_status":"closed","template":"el-gordo.php","meta":{"_et_pb_use_builder":"","_et_pb_old_content":"","_et_gb_content_width":"","exclude_from_search":false,"footnotes":""},"class_list":["post-16664","page","type-page","status-publish","hentry"],"yoast_head":"<!-- This site is optimized with the Yoast SEO plugin v23.7 - https:\/\/yoast.com\/wordpress\/plugins\/seo\/ -->\n<title>\u0160pan\u011blsk\u00e1 loterie online<\/title>\n<meta name=\"description\" content=\"Zahrajte si nyn\u00ed El Gordo de La Primitiva, jednu z nejzn\u00e1m\u011bj\u0161\u00edch \u0161pan\u011blsk\u00fdch loteri\u00ed s fantastick\u00fdmi v\u00fdhrami a jackpoty, kter\u00e9 v\u00e1m mohou nav\u017edy zm\u011bnit \u017eivot.\" \/>\n<meta name=\"robots\" content=\"index, follow, max-snippet:-1, max-image-preview:large, max-video-preview:-1\" \/>\n<link rel=\"canonical\" href=\"https:\/\/lottohoy.com\/cs\/hrat\/hrat-el-gordo-de-la-primitiva\/\" \/>\n<meta property=\"og:locale\" content=\"cs_CZ\" \/>\n<meta property=\"og:type\" content=\"article\" \/>\n<meta property=\"og:title\" content=\"\u0160pan\u011blsk\u00e1 loterie online\" \/>\n<meta property=\"og:description\" content=\"Zahrajte si nyn\u00ed El Gordo de La Primitiva, jednu z nejzn\u00e1m\u011bj\u0161\u00edch \u0161pan\u011blsk\u00fdch loteri\u00ed s fantastick\u00fdmi v\u00fdhrami a jackpoty, kter\u00e9 v\u00e1m mohou nav\u017edy zm\u011bnit \u017eivot.\" \/>\n<meta property=\"og:url\" content=\"https:\/\/lottohoy.com\/cs\/hrat\/hrat-el-gordo-de-la-primitiva\/\" \/>\n<meta property=\"og:site_name\" content=\"Lottohoy\" \/>\n<meta name=\"twitter:card\" content=\"summary_large_image\" \/>\n<meta name=\"twitter:label1\" content=\"Odhadovan\u00e1 doba \u010dten\u00ed\" \/>\n\t<meta name=\"twitter:data1\" content=\"4 minuty\" \/>\n<script type=\"application\/ld+json\" class=\"yoast-schema-graph\">{\"@context\":\"https:\/\/schema.org\",\"@graph\":[{\"@type\":\"WebPage\",\"@id\":\"https:\/\/lottohoy.com\/cs\/hrat\/hrat-el-gordo-de-la-primitiva\/\",\"url\":\"https:\/\/lottohoy.com\/cs\/hrat\/hrat-el-gordo-de-la-primitiva\/\",\"name\":\"\u0160pan\u011blsk\u00e1 loterie online\",\"isPartOf\":{\"@id\":\"https:\/\/lottohoy.com\/cs\/#website\"},\"datePublished\":\"2019-02-13T18:44:38+00:00\",\"dateModified\":\"2019-02-13T18:44:38+00:00\",\"description\":\"Zahrajte si nyn\u00ed El Gordo de La Primitiva, jednu z nejzn\u00e1m\u011bj\u0161\u00edch \u0161pan\u011blsk\u00fdch loteri\u00ed s fantastick\u00fdmi v\u00fdhrami a jackpoty, kter\u00e9 v\u00e1m mohou nav\u017edy zm\u011bnit \u017eivot.\",\"breadcrumb\":{\"@id\":\"https:\/\/lottohoy.com\/cs\/hrat\/hrat-el-gordo-de-la-primitiva\/#breadcrumb\"},\"inLanguage\":\"cs\",\"potentialAction\":[{\"@type\":\"ReadAction\",\"target\":[\"https:\/\/lottohoy.com\/cs\/hrat\/hrat-el-gordo-de-la-primitiva\/\"]}]},{\"@type\":\"BreadcrumbList\",\"@id\":\"https:\/\/lottohoy.com\/cs\/hrat\/hrat-el-gordo-de-la-primitiva\/#breadcrumb\",\"itemListElement\":[{\"@type\":\"ListItem\",\"position\":1,\"name\":\"Home\",\"item\":\"https:\/\/lottohoy.com\/cs\/\"},{\"@type\":\"ListItem\",\"position\":2,\"name\":\"Hr\u00e1t loterie\",\"item\":\"https:\/\/lottohoy.com\/cs\/hrat\/\"},{\"@type\":\"ListItem\",\"position\":3,\"name\":\"Hr\u00e1t El Gordo de la Primitiva\"}]},{\"@type\":\"WebSite\",\"@id\":\"https:\/\/lottohoy.com\/cs\/#website\",\"url\":\"https:\/\/lottohoy.com\/cs\/\",\"name\":\"Lottohoy\",\"description\":\"\",\"potentialAction\":[{\"@type\":\"SearchAction\",\"target\":{\"@type\":\"EntryPoint\",\"urlTemplate\":\"https:\/\/lottohoy.com\/cs\/?s={search_term_string}\"},\"query-input\":{\"@type\":\"PropertyValueSpecification\",\"valueRequired\":true,\"valueName\":\"search_term_string\"}}],\"inLanguage\":\"cs\"}]}<\/script>\n<!-- \/ Yoast SEO plugin. -->","yoast_head_json":{"title":"\u0160pan\u011blsk\u00e1 loterie online","description":"Zahrajte si nyn\u00ed El Gordo de La Primitiva, jednu z nejzn\u00e1m\u011bj\u0161\u00edch \u0161pan\u011blsk\u00fdch loteri\u00ed s fantastick\u00fdmi v\u00fdhrami a jackpoty, kter\u00e9 v\u00e1m mohou nav\u017edy zm\u011bnit \u017eivot.","robots":{"index":"index","follow":"follow","max-snippet":"max-snippet:-1","max-image-preview":"max-image-preview:large","max-video-preview":"max-video-preview:-1"},"canonical":"https:\/\/lottohoy.com\/cs\/hrat\/hrat-el-gordo-de-la-primitiva\/","og_locale":"cs_CZ","og_type":"article","og_title":"\u0160pan\u011blsk\u00e1 loterie online","og_description":"Zahrajte si nyn\u00ed El Gordo de La Primitiva, jednu z nejzn\u00e1m\u011bj\u0161\u00edch \u0161pan\u011blsk\u00fdch loteri\u00ed s fantastick\u00fdmi v\u00fdhrami a jackpoty, kter\u00e9 v\u00e1m mohou nav\u017edy zm\u011bnit \u017eivot.","og_url":"https:\/\/lottohoy.com\/cs\/hrat\/hrat-el-gordo-de-la-primitiva\/","og_site_name":"Lottohoy","twitter_card":"summary_large_image","twitter_misc":{"Odhadovan\u00e1 doba \u010dten\u00ed":"4 minuty"},"schema":{"@context":"https:\/\/schema.org","@graph":[{"@type":"WebPage","@id":"https:\/\/lottohoy.com\/cs\/hrat\/hrat-el-gordo-de-la-primitiva\/","url":"https:\/\/lottohoy.com\/cs\/hrat\/hrat-el-gordo-de-la-primitiva\/","name":"\u0160pan\u011blsk\u00e1 loterie online","isPartOf":{"@id":"https:\/\/lottohoy.com\/cs\/#website"},"datePublished":"2019-02-13T18:44:38+00:00","dateModified":"2019-02-13T18:44:38+00:00","description":"Zahrajte si nyn\u00ed El Gordo de La Primitiva, jednu z nejzn\u00e1m\u011bj\u0161\u00edch \u0161pan\u011blsk\u00fdch loteri\u00ed s fantastick\u00fdmi v\u00fdhrami a jackpoty, kter\u00e9 v\u00e1m mohou nav\u017edy zm\u011bnit \u017eivot.","breadcrumb":{"@id":"https:\/\/lottohoy.com\/cs\/hrat\/hrat-el-gordo-de-la-primitiva\/#breadcrumb"},"inLanguage":"cs","potentialAction":[{"@type":"ReadAction","target":["https:\/\/lottohoy.com\/cs\/hrat\/hrat-el-gordo-de-la-primitiva\/"]}]},{"@type":"BreadcrumbList","@id":"https:\/\/lottohoy.com\/cs\/hrat\/hrat-el-gordo-de-la-primitiva\/#breadcrumb","itemListElement":[{"@type":"ListItem","position":1,"name":"Home","item":"https:\/\/lottohoy.com\/cs\/"},{"@type":"ListItem","position":2,"name":"Hr\u00e1t loterie","item":"https:\/\/lottohoy.com\/cs\/hrat\/"},{"@type":"ListItem","position":3,"name":"Hr\u00e1t El Gordo de la Primitiva"}]},{"@type":"WebSite","@id":"https:\/\/lottohoy.com\/cs\/#website","url":"https:\/\/lottohoy.com\/cs\/","name":"Lottohoy","description":"","potentialAction":[{"@type":"SearchAction","target":{"@type":"EntryPoint","urlTemplate":"https:\/\/lottohoy.com\/cs\/?s={search_term_string}"},"query-input":{"@type":"PropertyValueSpecification","valueRequired":true,"valueName":"search_term_string"}}],"inLanguage":"cs"}]}},"_links":{"self":[{"href":"https:\/\/lottohoy.com\/cs\/wp-json\/wp\/v2\/pages\/16664","targetHints":{"allow":["GET"]}}],"collection":[{"href":"https:\/\/lottohoy.com\/cs\/wp-json\/wp\/v2\/pages"}],"about":[{"href":"https:\/\/lottohoy.com\/cs\/wp-json\/wp\/v2\/types\/page"}],"author":[{"embeddable":true,"href":"https:\/\/lottohoy.com\/cs\/wp-json\/wp\/v2\/users\/2"}],"replies":[{"embeddable":true,"href":"https:\/\/lottohoy.com\/cs\/wp-json\/wp\/v2\/comments?post=16664"}],"version-history":[{"count":0,"href":"https:\/\/lottohoy.com\/cs\/wp-json\/wp\/v2\/pages\/16664\/revisions"}],"up":[{"embeddable":true,"href":"https:\/\/lottohoy.com\/cs\/wp-json\/wp\/v2\/pages\/16577"}],"wp:attachment":[{"href":"https:\/\/lottohoy.com\/cs\/wp-json\/wp\/v2\/media?parent=16664"}],"curies":[{"name":"wp","href":"https:\/\/api.w.org\/{rel}","templated":true}]}}