{"id":16658,"date":"2018-05-03T14:23:27","date_gmt":"2018-05-03T13:23:27","guid":{"rendered":"https:\/\/lottohoy.com\/hrat\/hrat-superenalotto\/"},"modified":"2018-05-03T14:23:27","modified_gmt":"2018-05-03T13:23:27","slug":"hrat-superenalotto","status":"publish","type":"page","link":"https:\/\/lottohoy.com\/cs\/hrat\/hrat-superenalotto\/","title":{"rendered":"Hr\u00e1t SuperEnalotto"},"content":{"rendered":"<p>Hr\u00e1t SuperEnalotto online je opravdu snadn\u00e9, sta\u010d\u00ed si na LottoHoy vytvo\u0159it u\u017eivatelsk\u00fd \u00fa\u010det, abyste m\u011bli p\u0159\u00edstup ke v\u0161em informac\u00edm o hr\u00e1ch, platb\u00e1ch, p\u0159edplatn\u00e9m, zakoupen\u00fdch tiketech, statistik\u00e1ch atd. Na t\u00e9\u017ee str\u00e1nce je p\u011bt sloupc\u016f (tiket\u016f), ka\u017ed\u00fd z t\u011bchto p\u011bti sloupc\u016f m\u00e1 pol\u00ed\u010dka o\u010d\u00edslovan\u00e1 od 1 do 90 a m\u016f\u017eete jich vyplnit, kolik chcete. Pro jednoduchou s\u00e1zku sta\u010d\u00ed vybrat \u0161est \u010d\u00edsel. Platforma n\u00e1m umo\u017e\u0148uje tato pol\u00ed\u010dka vyplnit ru\u010dn\u011b nebo pou\u017e\u00edt funkci rychl\u00e9ho v\u00fdb\u011bru a nechat syst\u00e9m, aby s\u00e1m n\u00e1hodn\u011b vybral kombinaci na\u0161\u00ed s\u00e1zky. Po v\u00fdb\u011bru \u010d\u00edsel p\u0159ejd\u011bte na tla\u010d\u00edtko CONTINUE a p\u0159ejd\u011bte k platb\u011b. Je to tak jednoduch\u00e9.<\/p>\n<h2><b><strong>Jackpot SuperEnalotto<\/strong><\/b><\/h2>\n<p>SuperEnalotto m\u00e1 garantovan\u00fd minim\u00e1ln\u00ed jackpot ve v\u00fd\u0161i 2 000 000 \u20ac (2 miliony eur). M\u016f\u017ee se to zd\u00e1t jako mal\u00e1 garance, ale rychle se zvy\u0161uje, proto\u017ee 60 % prost\u0159edk\u016f z\u00edskan\u00fdch p\u0159i ka\u017ed\u00e9m losov\u00e1n\u00ed je p\u0159id\u011bleno na v\u00fdhry. Jednou z nejd\u016fle\u017eit\u011bj\u0161\u00edch charakteristik t\u00e9to loterie je, \u017ee nen\u00ed stanoven \u017e\u00e1dn\u00fd strop pro nejvy\u0161\u0161\u00ed v\u00fdhru. To spolu s faktem, \u017ee jackpot rychle roste, vytv\u00e1\u0159\u00ed velmi zaj\u00edmav\u00e9 multimilionov\u00e9 v\u00fdhry.<\/p>\n<h2><b><strong>Rozd\u011blen\u00ed v\u00fdher SuperEnalotto<\/strong><\/b><\/h2>\n<p>SuperEnalotto m\u00e1 r\u016fzn\u00e9 \u00farovn\u011b v\u00fdher, celkem a\u017e 15, mezi hlavn\u00edmi v\u00fdhrami, Superstar a okam\u017eit\u00fdmi v\u00fdhrami. Celkov\u00e1 v\u00fd\u0161e v\u00fdher, kter\u00e9 budou rozd\u011bleny, se li\u0161\u00ed podle nasb\u00edran\u00fdch \u010d\u00e1stek. Zde se zam\u011b\u0159\u00edme na hlavn\u00ed v\u00fdhry, kter\u00e9 lze z\u00edskat z online platformy. Viz n\u00e1sleduj\u00edc\u00ed tabulka:<\/p>\n<h2><b><strong>Jak vyhr\u00e1t SuperEnalotto<\/strong><\/b><\/h2>\n<p>Shrom\u00e1\u017edili jsme pro v\u00e1s neju\u017eite\u010dn\u011bj\u0161\u00ed triky a rady, jak zv\u00fd\u0161it sv\u00e9 \u0161ance na v\u00fdhru v SuperEnalotto. Neexistuje \u017e\u00e1dn\u00e1 kouzeln\u00e1 strategie, ale ur\u010dit\u011b budete s v\u00fdsledky t\u011bchto krok\u016f spokojeni:<\/p>\n<ul>\n<li>Vyva\u017ete sud\u00e1 a lich\u00e1 \u010d\u00edsla: Zkuste si nam\u00edchat sud\u00e1 a lich\u00e1 \u010d\u00edsla, proto\u017ee jen 3 % kombinac\u00ed, kter\u00e9 vyhr\u00e1ly, byla v\u0161echna sud\u00e1 nebo v\u0161echna lich\u00e1.<\/li>\n<li>Mixujte vysok\u00e1 a n\u00edzk\u00e1 \u010d\u00edsla: Nesoust\u0159e\u010fte se pouze na n\u00edzk\u00e1 \u010d\u00edsla (jako data), v\u011bt\u0161ina lid\u00ed to d\u011bl\u00e1.<\/li>\n<li>Hrajte vyv\u00e1\u017een\u00e1 \u010d\u00edsla: Vyberte si \u010d\u00edsla a se\u010dt\u011bte je v\u0161echna dohromady, v\u00fdsledek by se m\u011bl pohybovat mezi 140 a 240. P\u0159ibli\u017en\u011b 70 procent minul\u00fdch v\u00fdhern\u00edch kombinac\u00ed bylo vyv\u00e1\u017een\u00fdch.<\/li>\n<li>Nevyb\u00edrejte po sob\u011b jdouc\u00ed posloupnosti \u010d\u00edsel.<\/li>\n<li>Vyhn\u011bte se minul\u00fdm v\u00fdhern\u00edm sekvenc\u00edm: Pokud byla va\u0161e kombinace ned\u00e1vno ocen\u011bna, pokuste se vybrat novou.<\/li>\n<li>Zkontrolujte nej\u010dast\u011bji se vyskytuj\u00edc\u00ed \u010d\u00edsla: Na str\u00e1nce s <a href=\"https:\/\/lottohoy.com\/results\/superenalotto\/\"><b><strong>v\u00fdsledky SuperEnalotto<\/strong><\/b><\/a> se m\u016f\u017eete pod\u00edvat, kter\u00e1 \u010d\u00edsla byla vybr\u00e1na \u010dast\u011bji.<\/li>\n<\/ul>\n<h2><b><strong>Kdo m\u016f\u017ee hr\u00e1t SuperEnalotto?<\/strong><\/b><\/h2>\n<p>Hr\u00e1\u010di z cel\u00e9ho sv\u011bta mohou hr\u00e1t SuperEnalotto na LottoHoy. Pro hran\u00ed v kamenn\u00e9 prodejn\u011b nen\u00ed nutn\u00e9 b\u00fdt v It\u00e1lii. Nyn\u00ed si u n\u00e1s m\u016f\u017eete koupit ofici\u00e1ln\u00ed tikety. Jednoduch\u00fd tiket stoj\u00ed jen 3,00 eura, tak pro\u010d nezkusit sv\u00e9 \u0161t\u011bst\u00ed?<\/p>\n","protected":false},"excerpt":{"rendered":"<p>Hr\u00e1t SuperEnalotto online je opravdu snadn\u00e9, sta\u010d\u00ed si na LottoHoy vytvo\u0159it u\u017eivatelsk\u00fd \u00fa\u010det, abyste m\u011bli p\u0159\u00edstup ke v\u0161em informac\u00edm o hr\u00e1ch, platb\u00e1ch, p\u0159edplatn\u00e9m, zakoupen\u00fdch tiketech, statistik\u00e1ch atd. Na t\u00e9\u017ee str\u00e1nce je p\u011bt sloupc\u016f (tiket\u016f), ka\u017ed\u00fd z t\u011bchto p\u011bti sloupc\u016f m\u00e1 pol\u00ed\u010dka o\u010d\u00edslovan\u00e1 od 1 do 90 a m\u016f\u017eete jich vyplnit, kolik chcete. Pro jednoduchou s\u00e1zku [&hellip;]<\/p>\n","protected":false},"author":2,"featured_media":0,"parent":16577,"menu_order":5,"comment_status":"closed","ping_status":"closed","template":"superenalotto.php","meta":{"_et_pb_use_builder":"","_et_pb_old_content":"","_et_gb_content_width":"","exclude_from_search":false,"footnotes":""},"class_list":["post-16658","page","type-page","status-publish","hentry"],"yoast_head":"<!-- This site is optimized with the Yoast SEO plugin v23.7 - https:\/\/yoast.com\/wordpress\/plugins\/seo\/ -->\n<title>Hrajte SuperEnalotto online - nejv\u011bt\u0161\u00ed italsk\u00e1 loterie - LottoHoy<\/title>\n<meta name=\"description\" content=\"Hr\u00e1t Superenalotto u\u017e nem\u016f\u017ee b\u00fdt jednodu\u0161\u0161\u00ed. Sta\u010d\u00ed se zaregistrovat, vybrat si sv\u00e1 obl\u00edben\u00e1 \u010d\u00edsla a st\u00e1t se dal\u0161\u00edm milion\u00e1\u0159em! ??\" \/>\n<meta name=\"robots\" content=\"index, follow, max-snippet:-1, max-image-preview:large, max-video-preview:-1\" \/>\n<link rel=\"canonical\" href=\"https:\/\/lottohoy.com\/cs\/hrat\/hrat-superenalotto\/\" \/>\n<meta property=\"og:locale\" content=\"cs_CZ\" \/>\n<meta property=\"og:type\" content=\"article\" \/>\n<meta property=\"og:title\" content=\"Hrajte SuperEnalotto online - nejv\u011bt\u0161\u00ed italsk\u00e1 loterie - LottoHoy\" \/>\n<meta property=\"og:description\" content=\"Hr\u00e1t Superenalotto u\u017e nem\u016f\u017ee b\u00fdt jednodu\u0161\u0161\u00ed. Sta\u010d\u00ed se zaregistrovat, vybrat si sv\u00e1 obl\u00edben\u00e1 \u010d\u00edsla a st\u00e1t se dal\u0161\u00edm milion\u00e1\u0159em! ??\" \/>\n<meta property=\"og:url\" content=\"https:\/\/lottohoy.com\/cs\/hrat\/hrat-superenalotto\/\" \/>\n<meta property=\"og:site_name\" content=\"Lottohoy\" \/>\n<meta name=\"twitter:card\" content=\"summary_large_image\" \/>\n<meta name=\"twitter:label1\" content=\"Odhadovan\u00e1 doba \u010dten\u00ed\" \/>\n\t<meta name=\"twitter:data1\" content=\"3 minuty\" \/>\n<script type=\"application\/ld+json\" class=\"yoast-schema-graph\">{\"@context\":\"https:\/\/schema.org\",\"@graph\":[{\"@type\":\"WebPage\",\"@id\":\"https:\/\/lottohoy.com\/cs\/hrat\/hrat-superenalotto\/\",\"url\":\"https:\/\/lottohoy.com\/cs\/hrat\/hrat-superenalotto\/\",\"name\":\"Hrajte SuperEnalotto online - nejv\u011bt\u0161\u00ed italsk\u00e1 loterie - LottoHoy\",\"isPartOf\":{\"@id\":\"https:\/\/lottohoy.com\/cs\/#website\"},\"datePublished\":\"2018-05-03T13:23:27+00:00\",\"dateModified\":\"2018-05-03T13:23:27+00:00\",\"description\":\"Hr\u00e1t Superenalotto u\u017e nem\u016f\u017ee b\u00fdt jednodu\u0161\u0161\u00ed. Sta\u010d\u00ed se zaregistrovat, vybrat si sv\u00e1 obl\u00edben\u00e1 \u010d\u00edsla a st\u00e1t se dal\u0161\u00edm milion\u00e1\u0159em! ??\",\"breadcrumb\":{\"@id\":\"https:\/\/lottohoy.com\/cs\/hrat\/hrat-superenalotto\/#breadcrumb\"},\"inLanguage\":\"cs\",\"potentialAction\":[{\"@type\":\"ReadAction\",\"target\":[\"https:\/\/lottohoy.com\/cs\/hrat\/hrat-superenalotto\/\"]}]},{\"@type\":\"BreadcrumbList\",\"@id\":\"https:\/\/lottohoy.com\/cs\/hrat\/hrat-superenalotto\/#breadcrumb\",\"itemListElement\":[{\"@type\":\"ListItem\",\"position\":1,\"name\":\"Home\",\"item\":\"https:\/\/lottohoy.com\/cs\/\"},{\"@type\":\"ListItem\",\"position\":2,\"name\":\"Hr\u00e1t loterie\",\"item\":\"https:\/\/lottohoy.com\/cs\/hrat\/\"},{\"@type\":\"ListItem\",\"position\":3,\"name\":\"Hr\u00e1t SuperEnalotto\"}]},{\"@type\":\"WebSite\",\"@id\":\"https:\/\/lottohoy.com\/cs\/#website\",\"url\":\"https:\/\/lottohoy.com\/cs\/\",\"name\":\"Lottohoy\",\"description\":\"\",\"potentialAction\":[{\"@type\":\"SearchAction\",\"target\":{\"@type\":\"EntryPoint\",\"urlTemplate\":\"https:\/\/lottohoy.com\/cs\/?s={search_term_string}\"},\"query-input\":{\"@type\":\"PropertyValueSpecification\",\"valueRequired\":true,\"valueName\":\"search_term_string\"}}],\"inLanguage\":\"cs\"}]}<\/script>\n<!-- \/ Yoast SEO plugin. -->","yoast_head_json":{"title":"Hrajte SuperEnalotto online - nejv\u011bt\u0161\u00ed italsk\u00e1 loterie - LottoHoy","description":"Hr\u00e1t Superenalotto u\u017e nem\u016f\u017ee b\u00fdt jednodu\u0161\u0161\u00ed. Sta\u010d\u00ed se zaregistrovat, vybrat si sv\u00e1 obl\u00edben\u00e1 \u010d\u00edsla a st\u00e1t se dal\u0161\u00edm milion\u00e1\u0159em! ??","robots":{"index":"index","follow":"follow","max-snippet":"max-snippet:-1","max-image-preview":"max-image-preview:large","max-video-preview":"max-video-preview:-1"},"canonical":"https:\/\/lottohoy.com\/cs\/hrat\/hrat-superenalotto\/","og_locale":"cs_CZ","og_type":"article","og_title":"Hrajte SuperEnalotto online - nejv\u011bt\u0161\u00ed italsk\u00e1 loterie - LottoHoy","og_description":"Hr\u00e1t Superenalotto u\u017e nem\u016f\u017ee b\u00fdt jednodu\u0161\u0161\u00ed. Sta\u010d\u00ed se zaregistrovat, vybrat si sv\u00e1 obl\u00edben\u00e1 \u010d\u00edsla a st\u00e1t se dal\u0161\u00edm milion\u00e1\u0159em! ??","og_url":"https:\/\/lottohoy.com\/cs\/hrat\/hrat-superenalotto\/","og_site_name":"Lottohoy","twitter_card":"summary_large_image","twitter_misc":{"Odhadovan\u00e1 doba \u010dten\u00ed":"3 minuty"},"schema":{"@context":"https:\/\/schema.org","@graph":[{"@type":"WebPage","@id":"https:\/\/lottohoy.com\/cs\/hrat\/hrat-superenalotto\/","url":"https:\/\/lottohoy.com\/cs\/hrat\/hrat-superenalotto\/","name":"Hrajte SuperEnalotto online - nejv\u011bt\u0161\u00ed italsk\u00e1 loterie - LottoHoy","isPartOf":{"@id":"https:\/\/lottohoy.com\/cs\/#website"},"datePublished":"2018-05-03T13:23:27+00:00","dateModified":"2018-05-03T13:23:27+00:00","description":"Hr\u00e1t Superenalotto u\u017e nem\u016f\u017ee b\u00fdt jednodu\u0161\u0161\u00ed. Sta\u010d\u00ed se zaregistrovat, vybrat si sv\u00e1 obl\u00edben\u00e1 \u010d\u00edsla a st\u00e1t se dal\u0161\u00edm milion\u00e1\u0159em! ??","breadcrumb":{"@id":"https:\/\/lottohoy.com\/cs\/hrat\/hrat-superenalotto\/#breadcrumb"},"inLanguage":"cs","potentialAction":[{"@type":"ReadAction","target":["https:\/\/lottohoy.com\/cs\/hrat\/hrat-superenalotto\/"]}]},{"@type":"BreadcrumbList","@id":"https:\/\/lottohoy.com\/cs\/hrat\/hrat-superenalotto\/#breadcrumb","itemListElement":[{"@type":"ListItem","position":1,"name":"Home","item":"https:\/\/lottohoy.com\/cs\/"},{"@type":"ListItem","position":2,"name":"Hr\u00e1t loterie","item":"https:\/\/lottohoy.com\/cs\/hrat\/"},{"@type":"ListItem","position":3,"name":"Hr\u00e1t SuperEnalotto"}]},{"@type":"WebSite","@id":"https:\/\/lottohoy.com\/cs\/#website","url":"https:\/\/lottohoy.com\/cs\/","name":"Lottohoy","description":"","potentialAction":[{"@type":"SearchAction","target":{"@type":"EntryPoint","urlTemplate":"https:\/\/lottohoy.com\/cs\/?s={search_term_string}"},"query-input":{"@type":"PropertyValueSpecification","valueRequired":true,"valueName":"search_term_string"}}],"inLanguage":"cs"}]}},"_links":{"self":[{"href":"https:\/\/lottohoy.com\/cs\/wp-json\/wp\/v2\/pages\/16658","targetHints":{"allow":["GET"]}}],"collection":[{"href":"https:\/\/lottohoy.com\/cs\/wp-json\/wp\/v2\/pages"}],"about":[{"href":"https:\/\/lottohoy.com\/cs\/wp-json\/wp\/v2\/types\/page"}],"author":[{"embeddable":true,"href":"https:\/\/lottohoy.com\/cs\/wp-json\/wp\/v2\/users\/2"}],"replies":[{"embeddable":true,"href":"https:\/\/lottohoy.com\/cs\/wp-json\/wp\/v2\/comments?post=16658"}],"version-history":[{"count":0,"href":"https:\/\/lottohoy.com\/cs\/wp-json\/wp\/v2\/pages\/16658\/revisions"}],"up":[{"embeddable":true,"href":"https:\/\/lottohoy.com\/cs\/wp-json\/wp\/v2\/pages\/16577"}],"wp:attachment":[{"href":"https:\/\/lottohoy.com\/cs\/wp-json\/wp\/v2\/media?parent=16658"}],"curies":[{"name":"wp","href":"https:\/\/api.w.org\/{rel}","templated":true}]}}