{"id":16650,"date":"2018-05-03T14:23:25","date_gmt":"2018-05-03T13:23:25","guid":{"rendered":"https:\/\/lottohoy.com\/hrat\/hrat-eurojackpot\/"},"modified":"2018-05-03T14:23:25","modified_gmt":"2018-05-03T13:23:25","slug":"hrat-eurojackpot","status":"publish","type":"page","link":"https:\/\/lottohoy.com\/cs\/hrat\/hrat-eurojackpot\/","title":{"rendered":"Hr\u00e1t Eurojackpot"},"content":{"rendered":"<h2><b><strong>Jak hr\u00e1t Eurojackpot?<\/strong><\/b><\/h2>\n<p>Loterie <b><strong>Eurojackpot<\/strong><\/b> je jednou z nejv\u011bt\u0161\u00edch evropsk\u00fdch loteri\u00ed a je velmi podobn\u00e1 loterii <a href=\"https:\/\/lottohoy.com\/play\/euromillions\/\"><b><strong>EuroMillions<\/strong><\/b><\/a>. Spo\u010d\u00edv\u00e1 v tom, \u017ee si vyberete nejm\u00e9n\u011b 5 \u010d\u00edsel o\u010d\u00edslovan\u00fdch od 1 do 50. Stejn\u011b tak jsou pot\u0159eba 2 dal\u0161\u00ed \u010d\u00edsla, tzv. podr\u00e1\u017eky, na druh\u00e9 \u010d\u00e1sti tiketu, o\u010d\u00edslovan\u00e9 od 1 do 12. \u010c\u00edm v\u00edce \u010d\u00edsel a podr\u00e1\u017eek tref\u00edte, t\u00edm <b><strong>vy\u0161\u0161\u00ed v\u00fdhru z\u00edsk\u00e1te<\/strong><\/b>. V\u00fdhru prvn\u00ed kategorie z\u00edsk\u00e1 tiket s p\u011bti \u010d\u00edsly a dv\u011bma pode\u0161vemi (<a href=\"https:\/\/lottohoy.com\/jackpots\/\"><b><strong>hlavn\u00ed v\u00fdhra<\/strong><\/b><\/a>) a pak existuje dal\u0161\u00edch 11 kategori\u00ed ni\u017e\u0161\u00edch v\u00fdher. <b><strong>Eurojackpot<\/strong><\/b> je evropsk\u00e1 loterie, kterou hraje 18 z\u00fa\u010dastn\u011bn\u00fdch zem\u00ed: N\u011bmecko, Chorvatsko, D\u00e1nsko, Slovensko, Slovinsko, \u0160pan\u011blsko, Estonsko, Finsko, Ma\u010farsko, It\u00e1lie, Island, Litva, Loty\u0161sko, Norsko, Nizozemsko, Polsko, \u010cesk\u00e1 republika a \u0160v\u00e9dsko. A nyn\u00ed mohou v\u0161ichni hr\u00e1\u010di loterie hr\u00e1t z domova.<\/p>\n<h2><b><strong>Kolik stoj\u00ed losy Eurojackpotu?<\/strong><\/b><\/h2>\n<p>Tikety na online <b><strong>hru Eurojackpot<\/strong><\/b> si m\u016f\u017eete koupit <b><strong>online<\/strong><\/b> za po\u010d\u00e1te\u010dn\u00ed cenu od <b><strong>3,95 \u20ac<\/strong><\/b> za tiket. Na LottoHoy nab\u00edz\u00edme nejlep\u0161\u00ed internetov\u00e9 ceny pro hru v nejbezpe\u010dn\u011bj\u0161\u00ed platform\u011b. <a href=\"https:\/\/lottohoy.com\/signup\/\"><b><strong>Otev\u0159ete si \u00fa\u010det<\/strong><\/b><\/a> a za\u010dn\u011bte nakupovat ofici\u00e1ln\u00ed losy a hr\u00e1t Eurojackpot.<\/p>\n<h2><b><strong>Jak vyhr\u00e1t na Eurojackpotu<\/strong><\/b><\/h2>\n<p>Neexistuje \u017e\u00e1dn\u00e1 strategie, kter\u00e1 by v\u00e1m zaru\u010dila, \u017ee se stanete dal\u0161\u00edm v\u00fdhercem Eurojackpotu. P\u0159esto se m\u016f\u017eete \u0159\u00eddit n\u011bkolika jednoduch\u00fdmi radami, kter\u00e9 zv\u00fd\u0161\u00ed va\u0161e \u0161ance na v\u00fdhru a zasa\u017een\u00ed n\u011bkter\u00e9 z v\u00fdhern\u00edch \u00farovn\u00ed:<\/p>\n<ul>\n<li style=\"list-style-type: none;\">\n<ul>\n<li><b><strong>Kombinujte sud\u00e1 a lich\u00e1 \u010d\u00edsla<\/strong><\/b>: Kombinace v\u0161ech sud\u00fdch nebo v\u0161ech lich\u00fdch \u010d\u00edsel se losuje z\u0159\u00eddka, statisticky m\u00e9n\u011b ne\u017e 3 %.<\/li>\n<\/ul>\n<\/li>\n<\/ul>\n<ul>\n<li style=\"list-style-type: none;\">\n<ul>\n<li><b><strong>Skupiny \u010d\u00edsel loterie<\/strong><\/b>: Vyhn\u011bte se v\u00fdb\u011bru v\u0161ech \u010d\u00edsel pat\u0159\u00edc\u00edch do stejn\u00e9 skupiny (dvac\u00edtky, t\u0159ic\u00edtky&#8230;). M\u016f\u017eete se pod\u00edvat i do skupiny, kter\u00e1 byla losov\u00e1na \u010dast\u011bji.<\/li>\n<\/ul>\n<\/li>\n<\/ul>\n<ul>\n<li style=\"list-style-type: none;\">\n<ul>\n<li>Zkontrolujte <b><strong>nej\u010dast\u011bji losovan\u00e1 \u010d\u00edsla<\/strong><\/b>: M\u016f\u017eete se pod\u00edvat na na\u0161i str\u00e1nku s <a href=\"https:\/\/lottohoy.com\/results\/eurojackpot\/\"><b><strong>v\u00fdsledky Eurojackpotu<\/strong><\/b><\/a> a vyt\u00e1hnout si seznam \u010d\u00edsel, kter\u00e1 byla vylosov\u00e1na \u010dast\u011bji.<\/li>\n<li><b><strong>Sou\u010det va\u0161ich \u010d\u00edsel<\/strong><\/b>: Po v\u00fdb\u011bru p\u011bti \u010d\u00edsel se ujist\u011bte, \u017ee je se\u010dtete a jejich sou\u010det se pohybuje mezi 90 a 160. Do tohoto rozmez\u00ed spad\u00e1 sedmdes\u00e1t procent v\u00fdhern\u00edch kombinac\u00ed.<\/li>\n<\/ul>\n<\/li>\n<\/ul>\n<ul>\n<li style=\"list-style-type: none;\">\n<ul>\n<li><b><strong>Kombinujte vysok\u00e1 a n\u00edzk\u00e1 \u010d\u00edsla<\/strong><\/b>: \u0160edes\u00e1t \u010dty\u0159i procent v\u00fdhern\u00edch kombinac\u00ed obsahuje kombinaci dvou n\u00edzk\u00fdch \u010d\u00edsel a t\u0159\u00ed vysok\u00fdch \u010d\u00edsel nebo naopak.<\/li>\n<li>Vyhledejte nej\u010dast\u011bj\u0161\u00ed po sob\u011b jdouc\u00ed a nej\u010dast\u011bj\u0161\u00ed nepokra\u010duj\u00edc\u00ed kombinace.<\/li>\n<li>\u00a0<\/li>\n<\/ul>\n<\/li>\n<\/ul>\n<h2><b><strong>Hrajte Eurojackpot online<\/strong><\/b><\/h2>\n<p>Uzav\u0159en\u00ed <b><strong>s\u00e1zky v losov\u00e1n\u00ed Eurojackpotu<\/strong><\/b> je velmi jednoduch\u00e9. Sta\u010d\u00ed si vybrat p\u011bt obl\u00edben\u00fdch \u010d\u00edsel mezi 1 a 50 a dal\u0161\u00ed dv\u011b \u010d\u00edsla mezi 1 a 12 (tzv. \u201epodr\u00e1\u017eky\u201c). Na <a href=\"https:\/\/lottohoy.com\/play\/eurojackpot\/\"><b><strong>str\u00e1nce hr\u00e1t Eurojackpot<\/strong><\/b><\/a>, m\u00e1me p\u011bt po\u010d\u00e1te\u010dn\u00edch sloupc\u016f na \u0159adu (lze roz\u0161\u00ed\u0159it a\u017e na osm, prost\u0159ednictv\u00edm mo\u017enosti V\u00cdCE \u0158AD).<\/p>\n<p>\u00darove\u0148 #x + x V\u00fdhra cca<\/p>\n<p>I 5+2 Jackpot<\/p>\n<p>II 5+1 811 146 \u20ac<\/p>\n<p>III 5+0 150 558 \u20ac<\/p>\n<p>IV 4+2 4 733 \u20ac<\/p>\n<p>V 4+1 249\u20ac<\/p>\n<p>VI 4+0 111\u20ac<\/p>\n<p>VII 3+2 61\u20ac<\/p>\n<p>VIII 2+2 22\u20ac<\/p>\n<p>IX 3+1 18\u20ac<\/p>\n<p>X 3+0 15\u20ac<\/p>\n<p>XI 1+2 10\u20ac<\/p>\n<p>XII 2+1 8\u20ac<\/p>\n<p>\u010c\u00edsla kombinace m\u016f\u017eete vybrat <b><strong>ru\u010dn\u011b nebo je nechat syst\u00e9m vybrat n\u00e1hodn\u011b<\/strong><\/b> pomoc\u00ed n\u00e1mi vyvinut\u00e9 rychl\u00e9 funkce. Pokud vyberete pouze jeden sloupec, budete hr\u00e1t jednu hru, proto nezapome\u0148te hr\u00e1t tolik sloupc\u016f, kolik chcete. Nyn\u00ed si tak\u00e9 m\u016f\u017eete zvolit, kolik tah\u016f chcete hr\u00e1t, od 1 tahu a\u017e po 16, tak\u017ee v\u00e1m neunikne \u017e\u00e1dn\u00e1 \u0161ance vyhr\u00e1t jeden z nejv\u011bt\u0161\u00edch jackpot\u016f v evropsk\u00fdch loteri\u00edch. Jakmile si vyberete sloupec nebo sloupce, kter\u00fdch se chcete z\u00fa\u010dastnit, sta\u010d\u00ed <b><strong>kliknout na tla\u010d\u00edtko pokra\u010dovat<\/strong><\/b> a p\u0159ej\u00edt k platb\u011b za tikety Eurojackpot.<\/p>\n<h3>V\u00edce s\u00e1zek v Eurojackpotu<\/h3>\n<p>Na rozd\u00edl od jednoduch\u00e9 s\u00e1zky, p\u0159i n\u00ed\u017e je v ka\u017ed\u00e9m ze sloupc\u016f nebo tiket\u016f, ve kter\u00fdch chcete hr\u00e1t, ozna\u010deno 5 + 2 \u010d\u00edsla, se p\u0159i v\u00edcen\u00e1sobn\u00e9 s\u00e1zce pou\u017eije pouze prvn\u00ed sloupec tiketu a v pol\u00ed\u010dk\u00e1ch mezi 1 a 50 hlavn\u00ed matice se ozna\u010d\u00ed 5, 6, 7, 8, 9 nebo 10 \u010d\u00edsel. V tomto prvn\u00edm sloupci m\u016f\u017eete tak\u00e9 ozna\u010dit 2, 3, 4 nebo 5 \u010d\u00edsel, ale z vedlej\u0161\u00ed matice, tedy slunce. V n\u00e1sleduj\u00edc\u00ed tabulce jsou uvedeny mo\u017en\u00e9 kombinace a celkov\u00e9 s\u00e1zky, kter\u00e9 tvo\u0159\u00ed jednotliv\u00e9 kombinace \u010d\u00edsel a slunc\u00ed.<\/p>\n<p>\u010c\u00edsla hv\u011bzd<\/p>\n<p>5 6 7 8 9 10<\/p>\n<p>2 &#8211; 6 21 56 126 252<\/p>\n<p>3 3 18 63 168 378 756<\/p>\n<p>4 6 36 126 336 756 1.512<\/p>\n<p>5 10 60 210 560 1.260 2.520<\/p>\n<h1><b><strong>Jackpoty Eurojackpotu<\/strong><\/b><\/h1>\n<p>V loterijn\u00ed h\u0159e Eurojackpot je pro v\u00fdplatu prvot\u0159\u00eddn\u00edch v\u00fdher stanoven minim\u00e1ln\u00ed jackpot ve v\u00fd\u0161i 10 milion\u016f eur. Stejn\u011b tak je v p\u0159edpisech uvedeno, \u017ee v\u00fdhra pro prvn\u00ed kategorii s kumulovan\u00fdmi jackpoty nesm\u00ed p\u0159ekro\u010dit 120 milion\u016f eur. Pokud je tato \u010d\u00e1stka p\u0159i losov\u00e1n\u00ed p\u0159ekro\u010dena, pou\u017eije se p\u0159ekro\u010den\u00e1 \u010d\u00e1stka na zv\u00fd\u0161en\u00ed v\u00fdhry do druh\u00e9 kategorie v\u00fdher. Pokud se ve 12 po sob\u011b jdouc\u00edch slosov\u00e1n\u00edch neobjev\u00ed \u017e\u00e1dn\u00fd v\u00fdherce prvn\u00ed kategorie, bude v n\u00e1sleduj\u00edc\u00edm slosov\u00e1n\u00ed povinn\u011b rozd\u011blena celkov\u00e1 v\u00fd\u0161e jackpotu nashrom\u00e1\u017ed\u011bn\u00e1 do tohoto data. Prvn\u00ed jackpot Eurojackpotu vyhr\u00e1l n\u011bmeck\u00fd ob\u010dan 11. kv\u011btna 2012 a odnesl si kr\u00e1snou \u010d\u00e1stku 19,2 milionu eur.<\/p>\n<p>* p\u00e1tek 6. prosince 2024 120 000 000 eur * \u00fater\u00fd 4. \u010dervna 2024 120 000 000 eur * \u00fater\u00fd 23. dubna 2024 120 000 000 eur * \u00fater\u00fd 16. ledna 2024 120 000 000 eur * p\u00e1tek 23. \u010dervna 2023 120 000 000 eur * \u00fater\u00fd 8. listopadu 2022 120 000 000 eur * p\u00e1tek 22. \u010dervence 2022 120 000 000 eur * p\u00e1tek 13. srpna 2021 90 000 000 eur.<\/p>\n<p>N\u00ed\u017ee jsou uvedeny n\u011bkter\u00e9 z nejv\u011bt\u0161\u00edch jackpot\u016f ud\u011blen\u00fdch v loterii Eurojackpot: A tak\u00e9 Hr\u00e1\u010di z Argentiny, Braz\u00edlie, Chile, Kostariky, Salvadoru, Hondurasu, Panamy, Paraguaye, Peru, Uruguaye, Venezuely&#8230; jsou ji\u017e sou\u010d\u00e1st\u00ed rodiny LottoHoy.com. Na\u0161e slu\u017eby jsou k dispozici hr\u00e1\u010d\u016fm v Latinsk\u00e9 Americe, abychom jim nab\u00eddli mo\u017enost \u00fa\u010dasti v r\u016fzn\u00fdch sv\u011btov\u00fdch loteri\u00edch a tak\u00e9 v loterii Eurojackpot. Nyn\u00ed si m\u016f\u017eete zakoupit tiket a hr\u00e1t online v loterii Eurojackpot, b\u00fdt jedn\u00edm z v\u00fdherc\u016f a z\u00edskat miliony eur s hlavn\u00ed v\u00fdhrou.<\/p>\n","protected":false},"excerpt":{"rendered":"<p>Jak hr\u00e1t Eurojackpot? Loterie Eurojackpot je jednou z nejv\u011bt\u0161\u00edch evropsk\u00fdch loteri\u00ed a je velmi podobn\u00e1 loterii EuroMillions. Spo\u010d\u00edv\u00e1 v tom, \u017ee si vyberete nejm\u00e9n\u011b 5 \u010d\u00edsel o\u010d\u00edslovan\u00fdch od 1 do 50. Stejn\u011b tak jsou pot\u0159eba 2 dal\u0161\u00ed \u010d\u00edsla, tzv. podr\u00e1\u017eky, na druh\u00e9 \u010d\u00e1sti tiketu, o\u010d\u00edslovan\u00e9 od 1 do 12. \u010c\u00edm v\u00edce \u010d\u00edsel a podr\u00e1\u017eek tref\u00edte, [&hellip;]<\/p>\n","protected":false},"author":2,"featured_media":0,"parent":16577,"menu_order":4,"comment_status":"closed","ping_status":"closed","template":"eurojackpot.php","meta":{"_et_pb_use_builder":"","_et_pb_old_content":"","_et_gb_content_width":"","exclude_from_search":false,"footnotes":""},"class_list":["post-16650","page","type-page","status-publish","hentry"],"yoast_head":"<!-- This site is optimized with the Yoast SEO plugin v23.7 - https:\/\/yoast.com\/wordpress\/plugins\/seo\/ -->\n<title>Eurojackpot - Hrajte Eurojackpot online - snadno a rychle!<\/title>\n<meta name=\"description\" content=\"Vyberte si alespo\u0148 5 \u010d\u00edsel a dv\u011b \u201epodr\u00e1\u017eky\u201c a z\u00edskejte tiket pro p\u0159\u00ed\u0161t\u00ed losov\u00e1n\u00ed Eurojackpotu. M\u016f\u017eete vyhr\u00e1t \u00fa\u017easn\u00e9 ceny!\" \/>\n<meta name=\"robots\" content=\"index, follow, max-snippet:-1, max-image-preview:large, max-video-preview:-1\" \/>\n<link rel=\"canonical\" href=\"https:\/\/lottohoy.com\/cs\/hrat\/hrat-eurojackpot\/\" \/>\n<meta property=\"og:locale\" content=\"cs_CZ\" \/>\n<meta property=\"og:type\" content=\"article\" \/>\n<meta property=\"og:title\" content=\"Eurojackpot - Hrajte Eurojackpot online - snadno a rychle!\" \/>\n<meta property=\"og:description\" content=\"Vyberte si alespo\u0148 5 \u010d\u00edsel a dv\u011b \u201epodr\u00e1\u017eky\u201c a z\u00edskejte tiket pro p\u0159\u00ed\u0161t\u00ed losov\u00e1n\u00ed Eurojackpotu. M\u016f\u017eete vyhr\u00e1t \u00fa\u017easn\u00e9 ceny!\" \/>\n<meta property=\"og:url\" content=\"https:\/\/lottohoy.com\/cs\/hrat\/hrat-eurojackpot\/\" \/>\n<meta property=\"og:site_name\" content=\"Lottohoy\" \/>\n<meta name=\"twitter:card\" content=\"summary_large_image\" \/>\n<meta name=\"twitter:label1\" content=\"Odhadovan\u00e1 doba \u010dten\u00ed\" \/>\n\t<meta name=\"twitter:data1\" content=\"5 minut\" \/>\n<script type=\"application\/ld+json\" class=\"yoast-schema-graph\">{\"@context\":\"https:\/\/schema.org\",\"@graph\":[{\"@type\":\"WebPage\",\"@id\":\"https:\/\/lottohoy.com\/cs\/hrat\/hrat-eurojackpot\/\",\"url\":\"https:\/\/lottohoy.com\/cs\/hrat\/hrat-eurojackpot\/\",\"name\":\"Eurojackpot - Hrajte Eurojackpot online - snadno a rychle!\",\"isPartOf\":{\"@id\":\"https:\/\/lottohoy.com\/cs\/#website\"},\"datePublished\":\"2018-05-03T13:23:25+00:00\",\"dateModified\":\"2018-05-03T13:23:25+00:00\",\"description\":\"Vyberte si alespo\u0148 5 \u010d\u00edsel a dv\u011b \u201epodr\u00e1\u017eky\u201c a z\u00edskejte tiket pro p\u0159\u00ed\u0161t\u00ed losov\u00e1n\u00ed Eurojackpotu. M\u016f\u017eete vyhr\u00e1t \u00fa\u017easn\u00e9 ceny!\",\"breadcrumb\":{\"@id\":\"https:\/\/lottohoy.com\/cs\/hrat\/hrat-eurojackpot\/#breadcrumb\"},\"inLanguage\":\"cs\",\"potentialAction\":[{\"@type\":\"ReadAction\",\"target\":[\"https:\/\/lottohoy.com\/cs\/hrat\/hrat-eurojackpot\/\"]}]},{\"@type\":\"BreadcrumbList\",\"@id\":\"https:\/\/lottohoy.com\/cs\/hrat\/hrat-eurojackpot\/#breadcrumb\",\"itemListElement\":[{\"@type\":\"ListItem\",\"position\":1,\"name\":\"Home\",\"item\":\"https:\/\/lottohoy.com\/cs\/\"},{\"@type\":\"ListItem\",\"position\":2,\"name\":\"Hr\u00e1t loterie\",\"item\":\"https:\/\/lottohoy.com\/cs\/hrat\/\"},{\"@type\":\"ListItem\",\"position\":3,\"name\":\"Hr\u00e1t Eurojackpot\"}]},{\"@type\":\"WebSite\",\"@id\":\"https:\/\/lottohoy.com\/cs\/#website\",\"url\":\"https:\/\/lottohoy.com\/cs\/\",\"name\":\"Lottohoy\",\"description\":\"\",\"potentialAction\":[{\"@type\":\"SearchAction\",\"target\":{\"@type\":\"EntryPoint\",\"urlTemplate\":\"https:\/\/lottohoy.com\/cs\/?s={search_term_string}\"},\"query-input\":{\"@type\":\"PropertyValueSpecification\",\"valueRequired\":true,\"valueName\":\"search_term_string\"}}],\"inLanguage\":\"cs\"}]}<\/script>\n<!-- \/ Yoast SEO plugin. -->","yoast_head_json":{"title":"Eurojackpot - Hrajte Eurojackpot online - snadno a rychle!","description":"Vyberte si alespo\u0148 5 \u010d\u00edsel a dv\u011b \u201epodr\u00e1\u017eky\u201c a z\u00edskejte tiket pro p\u0159\u00ed\u0161t\u00ed losov\u00e1n\u00ed Eurojackpotu. M\u016f\u017eete vyhr\u00e1t \u00fa\u017easn\u00e9 ceny!","robots":{"index":"index","follow":"follow","max-snippet":"max-snippet:-1","max-image-preview":"max-image-preview:large","max-video-preview":"max-video-preview:-1"},"canonical":"https:\/\/lottohoy.com\/cs\/hrat\/hrat-eurojackpot\/","og_locale":"cs_CZ","og_type":"article","og_title":"Eurojackpot - Hrajte Eurojackpot online - snadno a rychle!","og_description":"Vyberte si alespo\u0148 5 \u010d\u00edsel a dv\u011b \u201epodr\u00e1\u017eky\u201c a z\u00edskejte tiket pro p\u0159\u00ed\u0161t\u00ed losov\u00e1n\u00ed Eurojackpotu. M\u016f\u017eete vyhr\u00e1t \u00fa\u017easn\u00e9 ceny!","og_url":"https:\/\/lottohoy.com\/cs\/hrat\/hrat-eurojackpot\/","og_site_name":"Lottohoy","twitter_card":"summary_large_image","twitter_misc":{"Odhadovan\u00e1 doba \u010dten\u00ed":"5 minut"},"schema":{"@context":"https:\/\/schema.org","@graph":[{"@type":"WebPage","@id":"https:\/\/lottohoy.com\/cs\/hrat\/hrat-eurojackpot\/","url":"https:\/\/lottohoy.com\/cs\/hrat\/hrat-eurojackpot\/","name":"Eurojackpot - Hrajte Eurojackpot online - snadno a rychle!","isPartOf":{"@id":"https:\/\/lottohoy.com\/cs\/#website"},"datePublished":"2018-05-03T13:23:25+00:00","dateModified":"2018-05-03T13:23:25+00:00","description":"Vyberte si alespo\u0148 5 \u010d\u00edsel a dv\u011b \u201epodr\u00e1\u017eky\u201c a z\u00edskejte tiket pro p\u0159\u00ed\u0161t\u00ed losov\u00e1n\u00ed Eurojackpotu. M\u016f\u017eete vyhr\u00e1t \u00fa\u017easn\u00e9 ceny!","breadcrumb":{"@id":"https:\/\/lottohoy.com\/cs\/hrat\/hrat-eurojackpot\/#breadcrumb"},"inLanguage":"cs","potentialAction":[{"@type":"ReadAction","target":["https:\/\/lottohoy.com\/cs\/hrat\/hrat-eurojackpot\/"]}]},{"@type":"BreadcrumbList","@id":"https:\/\/lottohoy.com\/cs\/hrat\/hrat-eurojackpot\/#breadcrumb","itemListElement":[{"@type":"ListItem","position":1,"name":"Home","item":"https:\/\/lottohoy.com\/cs\/"},{"@type":"ListItem","position":2,"name":"Hr\u00e1t loterie","item":"https:\/\/lottohoy.com\/cs\/hrat\/"},{"@type":"ListItem","position":3,"name":"Hr\u00e1t Eurojackpot"}]},{"@type":"WebSite","@id":"https:\/\/lottohoy.com\/cs\/#website","url":"https:\/\/lottohoy.com\/cs\/","name":"Lottohoy","description":"","potentialAction":[{"@type":"SearchAction","target":{"@type":"EntryPoint","urlTemplate":"https:\/\/lottohoy.com\/cs\/?s={search_term_string}"},"query-input":{"@type":"PropertyValueSpecification","valueRequired":true,"valueName":"search_term_string"}}],"inLanguage":"cs"}]}},"_links":{"self":[{"href":"https:\/\/lottohoy.com\/cs\/wp-json\/wp\/v2\/pages\/16650","targetHints":{"allow":["GET"]}}],"collection":[{"href":"https:\/\/lottohoy.com\/cs\/wp-json\/wp\/v2\/pages"}],"about":[{"href":"https:\/\/lottohoy.com\/cs\/wp-json\/wp\/v2\/types\/page"}],"author":[{"embeddable":true,"href":"https:\/\/lottohoy.com\/cs\/wp-json\/wp\/v2\/users\/2"}],"replies":[{"embeddable":true,"href":"https:\/\/lottohoy.com\/cs\/wp-json\/wp\/v2\/comments?post=16650"}],"version-history":[{"count":0,"href":"https:\/\/lottohoy.com\/cs\/wp-json\/wp\/v2\/pages\/16650\/revisions"}],"up":[{"embeddable":true,"href":"https:\/\/lottohoy.com\/cs\/wp-json\/wp\/v2\/pages\/16577"}],"wp:attachment":[{"href":"https:\/\/lottohoy.com\/cs\/wp-json\/wp\/v2\/media?parent=16650"}],"curies":[{"name":"wp","href":"https:\/\/api.w.org\/{rel}","templated":true}]}}