{"id":16627,"date":"2018-05-03T14:23:26","date_gmt":"2018-05-03T13:23:26","guid":{"rendered":"https:\/\/lottohoy.com\/hrat\/hrajte-euromillions\/"},"modified":"2025-06-13T16:23:15","modified_gmt":"2025-06-13T15:23:15","slug":"hrajte-euromillions","status":"publish","type":"page","link":"https:\/\/lottohoy.com\/cs\/hrat\/hrajte-euromillions\/","title":{"rendered":"Hrajte EuroMillions"},"content":{"rendered":"<h2>Hrajte Euromillions online<\/h2>\n<p>Euromillions je loterie, kterou hraje v\u011bt\u0161ina lid\u00ed v Evrop\u011b. Organizuje ho dev\u011bt org\u00e1n\u016f odpov\u011bdn\u00fdch za loterie ve: \u0160pan\u011blsku (St\u00e1tn\u00ed loterie a hazardn\u00ed hry), Francii (La Fran\u00e7aise des Jeux) a Spojen\u00e9m kr\u00e1lovstv\u00ed (N\u00e1rodn\u00ed loterie), co\u017e byli t\u0159i pr\u016fkopn\u00edci, ke kter\u00fdm se o n\u011bkolik m\u011bs\u00edc\u016f pozd\u011bji p\u0159idaly: Rakousko, Belgie, Irsko, Lucembursko, Portugalsko a \u0160v\u00fdcarsko.<\/p>\n<p>Je jasn\u00e9, \u017ee doba jde kup\u0159edu a nov\u00e9 technologie umo\u017e\u0148uj\u00ed mnoho pohodln\u011bj\u0161\u00edch, \u010dasov\u011b nen\u00e1ro\u010dn\u00fdch a zabezpe\u010den\u00fdch \u010dinnost\u00ed. V tomto smyslu nab\u00edz\u00edme mo\u017enost hr\u00e1t loterii Euromillions online prost\u0159ednictv\u00edm na\u0161\u00ed platformy a u\u017e\u00edvat si v\u00fdhod, kter\u00e9 to p\u0159in\u00e1\u0161\u00ed.<\/p>\n<p>Pravd\u011bpodobnost v\u00fdhry jak\u00e9koli ceny za n\u00e1kup va\u0161eho tiketu Euromillions, v\u010detn\u011b velk\u00fdch jackpot\u016f v milionech eur, je p\u0159esn\u011b stejn\u00e1 p\u0159i hran\u00ed online jako prost\u0159ednictv\u00edm fyzick\u00e9ho loterijn\u00edho tiketu zakoupen\u00e9ho u autorizovan\u00e9 spr\u00e1vy loterie.<\/p>\n<h2>Jak hr\u00e1t Euromillions online?<\/h2>\n<p>Hran\u00ed Euromillions online je opravdu snadn\u00e9; jednodu\u0161e si vytvo\u0159te u\u017eivatelsk\u00fd \u00fa\u010det v LottoHoy a budete m\u00edt p\u0159\u00edstup ke v\u0161em informac\u00edm o inkasech, platb\u00e1ch, p\u0159edplatn\u00e9m, statistik\u00e1ch a m\u016f\u017eete s\u00e1zet Euromillions.<\/p>\n<p>V horn\u00ed \u010d\u00e1sti t\u00e9to sekce uvid\u00edte panel nab\u00eddek se \u010dty\u0159mi mo\u017enostmi:<\/p>\n<p>Play Euromillions : Sekce, ve kter\u00e9 si m\u016f\u017eete vybrat sv\u00e1 obl\u00edben\u00e1 \u010d\u00edsla.<br \/>\nV\u00fdsledky Euromillions: S informacemi o posledn\u00edm losov\u00e1n\u00ed, v\u00fdhern\u00ed kombinaci a rozd\u011blen\u00ed cen v r\u016fzn\u00fdch kategori\u00edch. M\u016f\u017eete tak\u00e9 z\u00edskat informace o p\u0159edchoz\u00edch losov\u00e1n\u00edch a v\u00fd\u0161i jejich cen.<br \/>\nInformace o Euromillions: V\u0161echny informace t\u00fdkaj\u00edc\u00ed se t\u00e9to hry, kategorie cen, procenta sb\u011bru p\u0159i\u0159azen\u00e1 ka\u017ed\u00e9 kategorii a mo\u017enosti v\u00fdhry v losov\u00e1n\u00ed v ka\u017ed\u00e9 kategorii.<br \/>\nNovinky Euromillions: V\u0161e o tomto typu loterie.<\/p>\n<p>N\u00ed\u017ee je prvn\u00ed \u0159\u00e1dek hry, kter\u00fd se skl\u00e1d\u00e1 z p\u011bti sloupc\u016f (neboli tiket\u016f). M\u016f\u017eete hr\u00e1t jeden sloupec nebo tolik, kolik chcete, m\u016f\u017eete dokonce p\u0159idat dal\u0161\u00ed \u0159\u00e1dky, pokud chcete hr\u00e1t v\u00edce \u010d\u00edsel.<\/p>\n<p>Ka\u017ed\u00fd z l\u00edstk\u016f Euromillions stoj\u00ed 4,25 EUR a je o\u010d\u00edslov\u00e1n od 1 do 50 a hned pod n\u00edm je 12 dal\u0161\u00edch pol\u00ed\u010dek vyhrazen\u00fdch pro hv\u011bzdy.<\/p>\n<p>Na t\u011bchto desk\u00e1ch s 50 \u010d\u00edsly a 12 hv\u011bzdi\u010dkami mus\u00edte prov\u00e9st po\u017eadovanou p\u0159edpov\u011b\u010f, po\u010d\u00ednaje z\u00e1kladnou, kde mus\u00edte ozna\u010dit p\u011bt pol\u00ed nebo \u010d\u00edsel a dv\u011b hv\u011bzdi\u010dky pro jednoduch\u00fd pohyb.<br \/>\nSyst\u00e9m n\u00e1m umo\u017e\u0148uje vyplnit tato pol\u00ed\u010dka ru\u010dn\u011b va\u0161imi obl\u00edben\u00fdmi \u010d\u00edsly nebo prost\u0159ednictv\u00edm mo\u017enosti rychl\u00e9ho v\u00fdb\u011bru, kter\u00e1 se objev\u00ed nad ka\u017edou tabul\u00ed. Syst\u00e9m si tak s\u00e1m n\u00e1hodn\u011b vybere kombinaci, se kterou budete hr\u00e1t.<\/p>\n<p>Jak v\u00edte, toto je nejv\u011bt\u0161\u00ed loterie v Evrop\u011b a ta, kter\u00e1 rozd\u011bluje nejv\u00edce cen. Proto je d\u016fle\u017eit\u00e9 zn\u00e1t r\u016fzn\u00e9 typy s\u00e1zek Euromillions, kter\u00e9 m\u016f\u017eete prov\u00e9st, abyste zv\u00fd\u0161ili sv\u00e9 \u0161ance na v\u00fdhru nejv\u011bt\u0161\u00ed ceny.<br \/>\nExistuje n\u011bkolik hern\u00edch re\u017eim\u016f:<\/p>\n<h2>Jednoduch\u00e1 s\u00e1zka Euromiliony<\/h2>\n<p>Jednoduch\u00e1 s\u00e1zka spo\u010d\u00edv\u00e1 v pou\u017eit\u00ed ka\u017ed\u00e9ho boardu nebo sloupce jednotn\u00fdm zp\u016fsobem k pod\u00e1n\u00ed s\u00e1zky. Jednodu\u0161e je nutn\u00e9 ozna\u010dit p\u011bt \u010dtvere\u010dk\u016f nebo \u010d\u00edsel a dv\u011b hv\u011bzdy.<br \/>\nAbyste mohli s\u00e1zet, m\u016f\u017eete vyplnit libovoln\u00fd po\u010det sloupc\u016f nebo tiket\u016f. Nav\u00edc m\u00e1te mo\u017enost p\u0159idat dal\u0161\u00ed \u0159\u00e1dky. Jednoduch\u00e9 nastaven\u00ed Euromillions stoj\u00ed p\u0159i h\u0159e na Lottohoy 4,25 \u20ac.<\/p>\n<h2>V\u00edcen\u00e1sobn\u00e9 s\u00e1zky Euromillions<\/h2>\n<p>Chcete-li uzav\u0159\u00edt v\u00edce s\u00e1zek, jednodu\u0161e vypl\u0148te ka\u017ed\u00fd sloupec minim\u00e1ln\u011b \u0161esti \u010d\u00edsly a maxim\u00e1ln\u011b 10 \u010d\u00edsly a od dvou hv\u011bzdi\u010dek do maxim\u00e1ln\u011b \u0161esti.<br \/>\nStejn\u011b jako v p\u0159\u00edpad\u011b jednotliv\u00e9 s\u00e1zky, tak\u00e9 v p\u0159\u00edpad\u011b v\u00edce s\u00e1zek Euromillions se m\u016f\u017eete rozhodnout pro syst\u00e9m n\u00e1hodn\u00e9ho v\u00fdb\u011bru her.<br \/>\nMnoho hr\u00e1\u010d\u016f vyu\u017e\u00edv\u00e1 v\u00edce s\u00e1zek, aby zv\u00fd\u0161ili sv\u00e9 \u0161ance na v\u00fdhru v rem\u00edze nebo alespo\u0148 na v\u00fdhru.<\/p>\n<h2>Kolik stoj\u00ed v\u00edcen\u00e1sobn\u00e1 s\u00e1zka Euromillions?<\/h2>\n<p>Celkov\u00fd po\u010det s\u00e1zek, kter\u00e9 lze hr\u00e1t, poch\u00e1z\u00ed z kombinace p\u0159edpov\u011bd\u00ed v tabulce \u010d\u00edsel a hv\u011bzdi\u010dek n\u00ed\u017ee:<\/p>\n<p>V\u00edcen\u00e1sobn\u00e1 s\u00e1zka Euromillions<br \/>\nHv\u011bzdn\u00e1 \u010d\u00edsla<br \/>\n5 6 7 8 9 10<br \/>\n2\u20136 21 56 126 252<br \/>\n3 3 18 63 168 378 756<br \/>\n4 6 36 126 336 756 1,512<br \/>\n5 10 60 210 560 1 260 2 520<\/p>\n<p>V\u00fdsledn\u00e1 cena je vyn\u00e1soben\u00edm v\u00fdsledn\u00e9ho po\u010dtu s\u00e1zek jednotkovou \u010d\u00e1stkou ka\u017ed\u00e9 s\u00e1zky.<\/p>\n<h2>Zde je n\u011bkolik p\u0159\u00edklad\u016f:<\/h2>\n<p>V\u00edcen\u00e1sobn\u00e1 kombinace 7 \u010d\u00edsel a 3 hv\u011bzdi\u010dek odpov\u00edd\u00e1 63 s\u00e1zk\u00e1m.<br \/>\nV\u00edcen\u00e1sobn\u00e1 kombinace 9 \u010d\u00edsel a 5 hv\u011bzdi\u010dek odpov\u00edd\u00e1 1 260 s\u00e1zk\u00e1m.<br \/>\nSn\u00ed\u017een\u00e1 s\u00e1zka na Euromiliony<\/p>\n<p>Syst\u00e9m sn\u00ed\u017een\u00fdch s\u00e1zek pro Euromiliony spo\u010d\u00edv\u00e1 v n\u011b\u010dem tak jednoduch\u00e9m, jako je hled\u00e1n\u00ed kombinac\u00ed, kter\u00e9 n\u00e1m umo\u017e\u0148uj\u00ed hr\u00e1t v\u00edce \u010d\u00edsel za m\u00e9n\u011b pen\u011bz.<\/p>\n<h2>Mo\u017en\u00e9 redukce jsou n\u00e1sleduj\u00edc\u00ed:<\/h2>\n<p>Ozna\u010dit 10 \u010d\u00edsel a 2 hv\u011bzdi\u010dky je ekvivalentn\u00ed 14 s\u00e1zk\u00e1m (vzhledem k 252 p\u0159\u00edm\u00fdm).<br \/>\nVyto\u010dte 10 \u010d\u00edsel a 4 hv\u011bzdi\u010dky odpov\u00edd\u00e1 28 s\u00e1zk\u00e1m (ve srovn\u00e1n\u00ed s 1512 p\u0159\u00edm\u00fdmi).<br \/>\nVyto\u010den\u00ed 10 \u010d\u00edsel a 4 hv\u011bzdi\u010dek odpov\u00edd\u00e1 84 s\u00e1zk\u00e1m (ve srovn\u00e1n\u00ed s 1512 p\u0159\u00edm\u00fdmi).<br \/>\nVyto\u010den\u00ed 12 \u010d\u00edsel a 3 hv\u011bzdi\u010dek odpov\u00edd\u00e1 114 s\u00e1zk\u00e1m (ve srovn\u00e1n\u00ed s 2376 p\u0159\u00edm\u00fdmi).<br \/>\nVyto\u010den\u00ed 15 \u010d\u00edsel a 4 hv\u011bzdi\u010dek odpov\u00edd\u00e1 30 s\u00e1zk\u00e1m (ve srovn\u00e1n\u00ed s 18018 p\u0159\u00edm\u00fdmi).<\/p>\n<h2>Kter\u00e9 dny se losuje loterie Euromillions?<\/h2>\n<p>Losov\u00e1n\u00ed Euromilion\u016fse konaj\u00ed ka\u017ed\u00e9 \u00fater\u00fd a p\u00e1tek ve 21:30 (st\u0159edoevropsk\u00e9ho \u010dasu) a konaj\u00ed se z Pa\u0159\u00ed\u017ee, losov\u00e1n\u00ed v\u00edt\u011bzn\u00e9 kombinace a spole\u010dn\u00e9 kontroly pro v\u0161echny z\u00fa\u010dastn\u011bn\u00e9 zem\u011b.<\/p>\n<p>Do slosov\u00e1n\u00ed se m\u016f\u017eete zapojit zakoupen\u00edm s\u00e1zky nebo s\u00e1zek a\u017e hodinu p\u0159ed koncem slosov\u00e1n\u00ed. M\u016f\u017eete tak\u00e9 hr\u00e1t dv\u011b losov\u00e1n\u00ed prost\u0159ednictv\u00edm t\u00fddenn\u00edho p\u0159edplatn\u00e9ho nebo o v\u0161echna losov\u00e1n\u00ed Euromillions, kter\u00e1 chcete.<\/p>\n<p>Je neomluviteln\u00e9, \u017ee prvn\u00ed s\u00e1zka z t\u011bchto tah\u016f mus\u00ed b\u00fdt potvrzena hodinu p\u0159ed datem prvn\u00edho z nich, zat\u00edmco ostatn\u00ed tahy budou potvrzeny automaticky a vy se ji\u017e o nic dal\u0161\u00edho nemus\u00edte starat.<\/p>\n<p>V\u00edt\u011bzn\u00e1 kombinace se skl\u00e1d\u00e1 ze dvou f\u00e1z\u00ed: Jedn\u00edm zp\u016fsobem je porovnat p\u011bt \u010d\u00edsel odpov\u00eddaj\u00edc\u00edch p\u011bti kuli\u010dk\u00e1m o\u010d\u00edslovan\u00fdm mezi 1 a 50 ulo\u017een\u00fdmi v basov\u00e9m bubnu a druh\u00fdm zp\u016fsobem je porovnat dal\u0161\u00ed dv\u011b \u010d\u00edsla odpov\u00eddaj\u00edc\u00ed hv\u011bzd\u00e1m dal\u0161\u00edho speci\u00e1ln\u00edho basov\u00e9ho bubnu, kter\u00e9 jsou tak\u00e9 o\u010d\u00edslov\u00e1ny od 1 do 12.<\/p>\n<p>To znamen\u00e1, \u017ee pro z\u00edsk\u00e1n\u00ed v\u00fdhern\u00ed kombinace v jej\u00ed prvn\u00ed kategorii je nutn\u00e9 uhodnout celkem sedm znak\u016f (p\u011bt \u010d\u00edsel plus dv\u011b hv\u011bzdy).<\/p>\n<h2>Kdy je uz\u00e1v\u011brka Euromilion\u016f?<\/h2>\n<p>Existuj\u00ed dv\u011b t\u00fddenn\u00ed losov\u00e1n\u00ed Euromillions, v \u00fater\u00fd a p\u00e1tek, kter\u00e1 se konaj\u00ed ve 20:30 GMT. Hodinu p\u0159edt\u00edm, v 19:30 GMT, je p\u0159\u00edjem vstupenek do slosov\u00e1n\u00ed na dan\u00fd den uzav\u0159en (\u00fater\u00fd nebo p\u00e1tek Euromillions).<\/p>\n<p>Jakmile prob\u011bhne slosov\u00e1n\u00ed a budou odhaleny v\u00edt\u011bzn\u00e9 s\u00e1zky, organizace od 22:00 znovu akceptuje n\u00e1kup a ov\u011b\u0159en\u00ed tiket\u016f pro n\u00e1sleduj\u00edc\u00ed slosov\u00e1n\u00ed.<br \/>\nJednou z online v\u00fdhod Euromillions je, \u017ee je otev\u0159en\u00e1 24 hodin denn\u011b, 7 dn\u00ed v t\u00fddnu a lze ji hr\u00e1t v kteroukoli denn\u00ed dobu.<\/p>\n<p>Tak\u00e9 m\u016f\u017eete nakupovat opakovan\u011b pro r\u016fzn\u00e1 losov\u00e1n\u00ed, ani\u017e byste se museli p\u0159izp\u016fsobovat dan\u00e9mu dni a losovat.<\/p>\n<p>S ohledem na harmonogram po\u0159adatele, pokud je n\u00e1kup proveden mimo maxim\u00e1ln\u00ed \u010das p\u0159edpokl\u00e1dan\u00fd pro slosov\u00e1n\u00ed, n\u00e1kup a odpov\u00eddaj\u00edc\u00ed Euromilionov\u00fd tiket bude validov\u00e1n pro p\u0159\u00ed\u0161t\u00ed slosov\u00e1n\u00ed, ale za stejn\u00fdch podm\u00ednek.<\/p>\n<h2>V\u00fdhody n\u00e1kupu vstupenek Euromillions online<\/h2>\n<p>S ka\u017ed\u00fdm dal\u0161\u00edm dnem se v\u00fdhody hran\u00ed online loterie st\u00e1vaj\u00ed zjevn\u011bj\u0161\u00edmi, co\u017e je d\u00e1no na jedn\u00e9 stran\u011b trendem a nov\u00fdmi zvyky spot\u0159ebitel\u016f a na druh\u00e9 stran\u011b pohodl\u00edm a v\u00fdhodami, kter\u00e9 tento zp\u016fsob umo\u017e\u0148uje.<\/p>\n<p>Jedin\u00fdm po\u017eadavkem je m\u00edt alespo\u0148 z\u00e1konn\u00fd v\u011bk pro hran\u00ed v zemi va\u0161eho bydli\u0161t\u011b. Ve v\u011bt\u0161in\u011b zem\u00ed je tento v\u011bk 18 nebo 21 let.<\/p>\n<h2>N\u00e1kup Euromillions online m\u00e1 mnoho v\u00fdhod. Zde jsou n\u011bkter\u00e9 z nich:<\/h2>\n<p>Zabezpe\u010den\u00ed v transakc\u00edch: Bezpe\u010dn\u00fd n\u00e1kup je nab\u00edzen prost\u0159ednictv\u00edm protokolu HTTPS:\/\/, p\u0159i\u010dem\u017e je t\u0159eba m\u00edt na pam\u011bti, \u017ee \u201es\u201c znamen\u00e1, \u017ee se jedn\u00e1 o zabezpe\u010den\u00fd web. Je d\u016fle\u017eit\u00e9 si tento bod ov\u011b\u0159it.<\/p>\n<p>R\u016fzn\u00e9 platebn\u00ed syst\u00e9my a refundace s plnou d\u016fv\u011brou, dostupn\u00e9 pro va\u0161e pohodl\u00ed.<\/p>\n<p>Tikety si m\u016f\u017eete zakoupit 24 hodin denn\u011b, 7 dn\u00ed v t\u00fddnu ka\u017ed\u00fd den v roce: Nebude nutn\u00e9 zn\u00e1t otev\u00edrac\u00ed a zav\u00edrac\u00ed dobu administrace loteri\u00ed. Hran\u00ed online va\u0161e okno je otev\u0159en\u00e9 24 hodin denn\u011b, ka\u017ed\u00fd den v roce.<\/p>\n<p>Odkudkoli, bez front nebo p\u0159esun\u016f: Jednodu\u0161e m\u00edt mobiln\u00ed za\u0159\u00edzen\u00ed, tablet nebo stoln\u00ed po\u010d\u00edta\u010d s p\u0159ipojen\u00edm k internetu a odkudkoli. U\u017e neexistuj\u00ed \u017e\u00e1dn\u00e9 geografick\u00e9 p\u0159ek\u00e1\u017eky pro hran\u00ed Euromillions.<\/p>\n<h2>O vstupenku nikdy nep\u0159ijdete, v\u017edy z\u016fstane na va\u0161em \u00fa\u010dtu.<\/h2>\n<p>Vyhran\u00e9 ceny obdr\u017e\u00edte okam\u017eit\u011b na sv\u016fj u\u017eivatelsk\u00fd \u00fa\u010det: Po slosov\u00e1n\u00ed a po proveden\u00ed p\u0159\u00edslu\u0161n\u00e9 kontroly budou vyhran\u00e9 \u010d\u00e1stky p\u0159ips\u00e1ny na v\u00e1\u0161 u\u017eivatelsk\u00fd \u00fa\u010det.<\/p>\n<p>Bu\u010fte informov\u00e1ni o nahromad\u011bn\u00fdch jackpotech a mimo\u0159\u00e1dn\u00fdch losov\u00e1n\u00edch: Bu\u010f prost\u0159ednictv\u00edm na\u0161ich webov\u00fdch str\u00e1nek nebo e-mailem. T\u00edmto zp\u016fsobem budete moci p\u0159edem zn\u00e1t nejd\u016fle\u017eit\u011bj\u0161\u00ed jackpoty a budete moci upravit svou s\u00e1zku tak, abyste z\u00edskali super milion\u00e1\u0159sk\u00fd jackpot.<\/p>\n<p>Dr\u017ete krok s v\u00fdsledky losov\u00e1n\u00ed Euromillions automaticky d\u00edky na\u0161emu e-mailov\u00e9mu informa\u010dn\u00edmu syst\u00e9mu.<\/p>\n","protected":false},"excerpt":{"rendered":"<p>Hrajte Euromillions online Euromillions je loterie, kterou hraje v\u011bt\u0161ina lid\u00ed v Evrop\u011b. Organizuje ho dev\u011bt org\u00e1n\u016f odpov\u011bdn\u00fdch za loterie ve: \u0160pan\u011blsku (St\u00e1tn\u00ed loterie a hazardn\u00ed hry), Francii (La Fran\u00e7aise des Jeux) a Spojen\u00e9m kr\u00e1lovstv\u00ed (N\u00e1rodn\u00ed loterie), co\u017e byli t\u0159i pr\u016fkopn\u00edci, ke kter\u00fdm se o n\u011bkolik m\u011bs\u00edc\u016f pozd\u011bji p\u0159idaly: Rakousko, Belgie, Irsko, Lucembursko, Portugalsko a \u0160v\u00fdcarsko. [&hellip;]<\/p>\n","protected":false},"author":2,"featured_media":0,"parent":16577,"menu_order":3,"comment_status":"closed","ping_status":"closed","template":"euromillions-at.php","meta":{"_et_pb_use_builder":"","_et_pb_old_content":"","_et_gb_content_width":"","exclude_from_search":false,"footnotes":""},"class_list":["post-16627","page","type-page","status-publish","hentry"],"yoast_head":"<!-- This site is optimized with the Yoast SEO plugin v23.7 - https:\/\/yoast.com\/wordpress\/plugins\/seo\/ -->\n<title>\u25b7 Zahrajte si Euromillions nyn\u00ed | Online losy - LottoHoy<\/title>\n<meta name=\"description\" content=\"Na LottoHoy si m\u016f\u017eete koupit vstupenky Euromillions za nejdostupn\u011bj\u0161\u00ed cenu. Hrajte Euromillions online na 100% bezpe\u010dn\u00e9 platform\u011b.\" \/>\n<meta name=\"robots\" content=\"index, follow, max-snippet:-1, max-image-preview:large, max-video-preview:-1\" \/>\n<link rel=\"canonical\" href=\"https:\/\/lottohoy.com\/cs\/hrat\/hrajte-euromillions\/\" \/>\n<meta property=\"og:locale\" content=\"cs_CZ\" \/>\n<meta property=\"og:type\" content=\"article\" \/>\n<meta property=\"og:title\" content=\"\u25b7 Zahrajte si Euromillions nyn\u00ed | Online losy - LottoHoy\" \/>\n<meta property=\"og:description\" content=\"Na LottoHoy si m\u016f\u017eete koupit vstupenky Euromillions za nejdostupn\u011bj\u0161\u00ed cenu. Hrajte Euromillions online na 100% bezpe\u010dn\u00e9 platform\u011b.\" \/>\n<meta property=\"og:url\" content=\"https:\/\/lottohoy.com\/cs\/hrat\/hrajte-euromillions\/\" \/>\n<meta property=\"og:site_name\" content=\"Lottohoy\" \/>\n<meta property=\"article:modified_time\" content=\"2025-06-13T15:23:15+00:00\" \/>\n<meta name=\"twitter:card\" content=\"summary_large_image\" \/>\n<meta name=\"twitter:label1\" content=\"Odhadovan\u00e1 doba \u010dten\u00ed\" \/>\n\t<meta name=\"twitter:data1\" content=\"6 minut\" \/>\n<script type=\"application\/ld+json\" class=\"yoast-schema-graph\">{\"@context\":\"https:\/\/schema.org\",\"@graph\":[{\"@type\":\"WebPage\",\"@id\":\"https:\/\/lottohoy.com\/cs\/hrat\/hrajte-euromillions\/\",\"url\":\"https:\/\/lottohoy.com\/cs\/hrat\/hrajte-euromillions\/\",\"name\":\"\u25b7 Zahrajte si Euromillions nyn\u00ed | Online losy - LottoHoy\",\"isPartOf\":{\"@id\":\"https:\/\/lottohoy.com\/cs\/#website\"},\"datePublished\":\"2018-05-03T13:23:26+00:00\",\"dateModified\":\"2025-06-13T15:23:15+00:00\",\"description\":\"Na LottoHoy si m\u016f\u017eete koupit vstupenky Euromillions za nejdostupn\u011bj\u0161\u00ed cenu. Hrajte Euromillions online na 100% bezpe\u010dn\u00e9 platform\u011b.\",\"breadcrumb\":{\"@id\":\"https:\/\/lottohoy.com\/cs\/hrat\/hrajte-euromillions\/#breadcrumb\"},\"inLanguage\":\"cs\",\"potentialAction\":[{\"@type\":\"ReadAction\",\"target\":[\"https:\/\/lottohoy.com\/cs\/hrat\/hrajte-euromillions\/\"]}]},{\"@type\":\"BreadcrumbList\",\"@id\":\"https:\/\/lottohoy.com\/cs\/hrat\/hrajte-euromillions\/#breadcrumb\",\"itemListElement\":[{\"@type\":\"ListItem\",\"position\":1,\"name\":\"Home\",\"item\":\"https:\/\/lottohoy.com\/cs\/\"},{\"@type\":\"ListItem\",\"position\":2,\"name\":\"Hr\u00e1t loterie\",\"item\":\"https:\/\/lottohoy.com\/cs\/hrat\/\"},{\"@type\":\"ListItem\",\"position\":3,\"name\":\"Hrajte EuroMillions\"}]},{\"@type\":\"WebSite\",\"@id\":\"https:\/\/lottohoy.com\/cs\/#website\",\"url\":\"https:\/\/lottohoy.com\/cs\/\",\"name\":\"Lottohoy\",\"description\":\"\",\"potentialAction\":[{\"@type\":\"SearchAction\",\"target\":{\"@type\":\"EntryPoint\",\"urlTemplate\":\"https:\/\/lottohoy.com\/cs\/?s={search_term_string}\"},\"query-input\":{\"@type\":\"PropertyValueSpecification\",\"valueRequired\":true,\"valueName\":\"search_term_string\"}}],\"inLanguage\":\"cs\"}]}<\/script>\n<!-- \/ Yoast SEO plugin. -->","yoast_head_json":{"title":"\u25b7 Zahrajte si Euromillions nyn\u00ed | Online losy - LottoHoy","description":"Na LottoHoy si m\u016f\u017eete koupit vstupenky Euromillions za nejdostupn\u011bj\u0161\u00ed cenu. Hrajte Euromillions online na 100% bezpe\u010dn\u00e9 platform\u011b.","robots":{"index":"index","follow":"follow","max-snippet":"max-snippet:-1","max-image-preview":"max-image-preview:large","max-video-preview":"max-video-preview:-1"},"canonical":"https:\/\/lottohoy.com\/cs\/hrat\/hrajte-euromillions\/","og_locale":"cs_CZ","og_type":"article","og_title":"\u25b7 Zahrajte si Euromillions nyn\u00ed | Online losy - LottoHoy","og_description":"Na LottoHoy si m\u016f\u017eete koupit vstupenky Euromillions za nejdostupn\u011bj\u0161\u00ed cenu. Hrajte Euromillions online na 100% bezpe\u010dn\u00e9 platform\u011b.","og_url":"https:\/\/lottohoy.com\/cs\/hrat\/hrajte-euromillions\/","og_site_name":"Lottohoy","article_modified_time":"2025-06-13T15:23:15+00:00","twitter_card":"summary_large_image","twitter_misc":{"Odhadovan\u00e1 doba \u010dten\u00ed":"6 minut"},"schema":{"@context":"https:\/\/schema.org","@graph":[{"@type":"WebPage","@id":"https:\/\/lottohoy.com\/cs\/hrat\/hrajte-euromillions\/","url":"https:\/\/lottohoy.com\/cs\/hrat\/hrajte-euromillions\/","name":"\u25b7 Zahrajte si Euromillions nyn\u00ed | Online losy - LottoHoy","isPartOf":{"@id":"https:\/\/lottohoy.com\/cs\/#website"},"datePublished":"2018-05-03T13:23:26+00:00","dateModified":"2025-06-13T15:23:15+00:00","description":"Na LottoHoy si m\u016f\u017eete koupit vstupenky Euromillions za nejdostupn\u011bj\u0161\u00ed cenu. Hrajte Euromillions online na 100% bezpe\u010dn\u00e9 platform\u011b.","breadcrumb":{"@id":"https:\/\/lottohoy.com\/cs\/hrat\/hrajte-euromillions\/#breadcrumb"},"inLanguage":"cs","potentialAction":[{"@type":"ReadAction","target":["https:\/\/lottohoy.com\/cs\/hrat\/hrajte-euromillions\/"]}]},{"@type":"BreadcrumbList","@id":"https:\/\/lottohoy.com\/cs\/hrat\/hrajte-euromillions\/#breadcrumb","itemListElement":[{"@type":"ListItem","position":1,"name":"Home","item":"https:\/\/lottohoy.com\/cs\/"},{"@type":"ListItem","position":2,"name":"Hr\u00e1t loterie","item":"https:\/\/lottohoy.com\/cs\/hrat\/"},{"@type":"ListItem","position":3,"name":"Hrajte EuroMillions"}]},{"@type":"WebSite","@id":"https:\/\/lottohoy.com\/cs\/#website","url":"https:\/\/lottohoy.com\/cs\/","name":"Lottohoy","description":"","potentialAction":[{"@type":"SearchAction","target":{"@type":"EntryPoint","urlTemplate":"https:\/\/lottohoy.com\/cs\/?s={search_term_string}"},"query-input":{"@type":"PropertyValueSpecification","valueRequired":true,"valueName":"search_term_string"}}],"inLanguage":"cs"}]}},"_links":{"self":[{"href":"https:\/\/lottohoy.com\/cs\/wp-json\/wp\/v2\/pages\/16627","targetHints":{"allow":["GET"]}}],"collection":[{"href":"https:\/\/lottohoy.com\/cs\/wp-json\/wp\/v2\/pages"}],"about":[{"href":"https:\/\/lottohoy.com\/cs\/wp-json\/wp\/v2\/types\/page"}],"author":[{"embeddable":true,"href":"https:\/\/lottohoy.com\/cs\/wp-json\/wp\/v2\/users\/2"}],"replies":[{"embeddable":true,"href":"https:\/\/lottohoy.com\/cs\/wp-json\/wp\/v2\/comments?post=16627"}],"version-history":[{"count":1,"href":"https:\/\/lottohoy.com\/cs\/wp-json\/wp\/v2\/pages\/16627\/revisions"}],"predecessor-version":[{"id":20495,"href":"https:\/\/lottohoy.com\/cs\/wp-json\/wp\/v2\/pages\/16627\/revisions\/20495"}],"up":[{"embeddable":true,"href":"https:\/\/lottohoy.com\/cs\/wp-json\/wp\/v2\/pages\/16577"}],"wp:attachment":[{"href":"https:\/\/lottohoy.com\/cs\/wp-json\/wp\/v2\/media?parent=16627"}],"curies":[{"name":"wp","href":"https:\/\/api.w.org\/{rel}","templated":true}]}}