{"id":16621,"date":"2018-05-03T14:23:26","date_gmt":"2018-05-03T13:23:26","guid":{"rendered":"https:\/\/lottohoy.com\/hrat\/zahrajte-si-mega-millions\/"},"modified":"2025-05-27T16:34:20","modified_gmt":"2025-05-27T15:34:20","slug":"zahrajte-si-mega-millions","status":"publish","type":"page","link":"https:\/\/lottohoy.com\/cs\/hrat\/zahrajte-si-mega-millions\/","title":{"rendered":"Zahrajte si Mega Millions"},"content":{"rendered":"<h1 data-start=\"150\" data-end=\"183\"><strong data-start=\"152\" data-end=\"183\">Hrajte Mega Millions online<\/strong><\/h1>\n<p data-start=\"185\" data-end=\"424\">Loterie <strong data-start=\"193\" data-end=\"210\">Mega Millions<\/strong>, spolu s <a href=\"https:\/\/lottohoy.com\/cs\/hrat\/powerball\/\"><strong data-start=\"220\" data-end=\"235\">Powerballem<\/strong>,<\/a> pat\u0159\u00ed mezi ty, kter\u00e9 ud\u011bluj\u00ed nejvy\u0161\u0161\u00ed v\u00fdhry v\u00fdherc\u016fm prvn\u00ed kategorie. A nyn\u00ed, d\u00edky nov\u00e9 \u00faprav\u011b pravidel hry, mohou i v\u00fdherci ni\u017e\u0161\u00edch kategori\u00ed zaznamenat <strong data-start=\"391\" data-end=\"423\">exponenci\u00e1ln\u00ed nav\u00fd\u0161en\u00ed v\u00fdher<\/strong>.<\/p>\n<p data-start=\"426\" data-end=\"624\">V t\u00e9to nov\u00e9 f\u00e1zi je ke ka\u017ed\u00e9 s\u00e1zence automaticky p\u0159id\u00e1n <strong data-start=\"482\" data-end=\"495\">n\u00e1sobitel<\/strong>, kter\u00fd je n\u00e1hodn\u011b vybr\u00e1n syst\u00e9mem. To znamen\u00e1, \u017ee v\u00fdhra (krom\u011b jackpotu) m\u016f\u017ee b\u00fdt zn\u00e1sobena <strong data-start=\"588\" data-end=\"623\">x2, x3, x4, x5 nebo dokonce x10<\/strong>.<\/p>\n<p data-start=\"626\" data-end=\"875\">D\u00edky platform\u011b <strong data-start=\"641\" data-end=\"697\"><a class=\"\" href=\"https:\/\/lottohoy.com\/cs\/hrat\/\" target=\"_new\" rel=\"noopener\" data-start=\"643\" data-end=\"695\">LottoHoy<\/a><\/strong> si m\u016f\u017eete vsadit online a vyu\u017e\u00edt jej\u00edch v\u00fdhod: <strong data-start=\"745\" data-end=\"767\">bezpe\u010dn\u00e9 transakce<\/strong>, <strong data-start=\"769\" data-end=\"810\">rychl\u00e1 a efektivn\u00ed z\u00e1kaznick\u00e1 podpora<\/strong> a hlavn\u011b <strong data-start=\"820\" data-end=\"850\">nen\u00ed nutn\u00e9 cestovat do USA<\/strong>, abyste si mohli zahr\u00e1t.<\/p>\n<p data-start=\"877\" data-end=\"1115\">Hr\u00e1t Mega Millions je velmi jednoduch\u00e9: sta\u010d\u00ed si vybrat <strong data-start=\"933\" data-end=\"955\">5 \u010d\u00edsel od 1 do 70<\/strong> a jedno speci\u00e1ln\u00ed \u010d\u00edslo naz\u00fdvan\u00e9 <strong data-start=\"989\" data-end=\"1002\">Mega Ball<\/strong> v rozmez\u00ed od 1 do 25. Pot\u0159ebujete pouze p\u0159ipojen\u00ed k internetu a libovoln\u00e9 za\u0159\u00edzen\u00ed \u2013 mobil, tablet nebo po\u010d\u00edta\u010d.<\/p>\n<p data-start=\"1117\" data-end=\"1221\">Cena za jednu jednoduchou s\u00e1zku je <strong data-start=\"1152\" data-end=\"1162\">11 EUR<\/strong> (tato \u010d\u00e1stka se m\u016f\u017ee m\u011bnit v z\u00e1vislosti na kurzu USD\/EUR).<\/p>\n<p data-start=\"1223\" data-end=\"1360\">A co je nejd\u016fle\u017eit\u011bj\u0161\u00ed \u2013 <strong data-start=\"1248\" data-end=\"1278\">v\u00fdhry do v\u00fd\u0161e +\/- 2500 $\/\u20ac<\/strong> jsou <strong data-start=\"1284\" data-end=\"1326\">automaticky p\u0159ips\u00e1ny na \u00fa\u010det u\u017eivatele<\/strong>, a jsou tak okam\u017eit\u011b k dispozici.<\/p>\n<h2 data-start=\"1367\" data-end=\"1395\"><strong data-start=\"1370\" data-end=\"1395\">V\u00fdhry v Mega Millions<\/strong><\/h2>\n<p data-start=\"1397\" data-end=\"1551\">V\u00fdchoz\u00ed v\u00fdhra pro v\u00fdherce jackpotu v Mega Millions (5 \u010d\u00edsel + Mega Ball) za\u010d\u00edn\u00e1 na \u010d\u00e1stce <strong data-start=\"1487\" data-end=\"1508\">20 milion\u016f dolar\u016f<\/strong>. V sou\u010dasnosti \u010din\u00ed <strong data-start=\"1529\" data-end=\"1550\">50 milion\u016f dolar\u016f<\/strong>.<\/p>\n<p data-start=\"1553\" data-end=\"1707\">Tato \u010d\u00e1stka se zvy\u0161uje podle mno\u017estv\u00ed vsazen\u00fdch pen\u011bz v dan\u00e9m slosov\u00e1n\u00ed. Pokud nikdo nez\u00edsk\u00e1 v\u00fdhru prvn\u00ed kategorie, <strong data-start=\"1669\" data-end=\"1706\">\u010d\u00e1stka se p\u0159ev\u00e1d\u00ed do dal\u0161\u00edho tahu<\/strong>.<\/p>\n<p data-start=\"1709\" data-end=\"1839\">Na rozd\u00edl od jin\u00fdch loteri\u00ed nem\u00e1 Mega Millions <strong data-start=\"1756\" data-end=\"1783\">\u017e\u00e1dn\u00fd maxim\u00e1ln\u00ed jackpot<\/strong>, tak\u017ee v\u00fdhry mohou dosahovat <strong data-start=\"1813\" data-end=\"1838\">astronomick\u00fdch \u010d\u00e1stek<\/strong>.<\/p>\n<p data-start=\"1841\" data-end=\"1945\">Krom\u011b jackpotu nab\u00edz\u00ed Mega Millions <strong data-start=\"1877\" data-end=\"1910\">dal\u0161\u00edch 8 v\u00fdhern\u00edch kategori\u00ed<\/strong>, kter\u00e9 maj\u00ed <strong data-start=\"1923\" data-end=\"1944\">pevn\u011b dan\u00e9 \u010d\u00e1stky<\/strong>.<\/p>\n<div class=\"_tableContainer_16hzy_1\">\n<div class=\"_tableWrapper_16hzy_14 group flex w-fit flex-col-reverse\">\n<table class=\"w-fit min-w-(--thread-content-width)\" data-start=\"1989\" data-end=\"2481\">\n<thead data-start=\"1989\" data-end=\"2032\">\n<tr data-start=\"1989\" data-end=\"2032\">\n<th data-start=\"1989\" data-end=\"2001\" data-col-size=\"sm\">Kategorie<\/th>\n<th data-start=\"2001\" data-end=\"2015\" data-col-size=\"sm\">Shoda \u010d\u00edsel<\/th>\n<th data-start=\"2015\" data-end=\"2032\" data-col-size=\"sm\">V\u00fdhra<\/th>\n<\/tr>\n<\/thead>\n<tbody data-start=\"2077\" data-end=\"2481\">\n<tr data-start=\"2077\" data-end=\"2121\">\n<td data-start=\"2077\" data-end=\"2089\" data-col-size=\"sm\">I<\/td>\n<td data-col-size=\"sm\" data-start=\"2089\" data-end=\"2103\">5 + 1<\/td>\n<td data-col-size=\"sm\" data-start=\"2103\" data-end=\"2121\">Jackpot<\/td>\n<\/tr>\n<tr data-start=\"2122\" data-end=\"2166\">\n<td data-start=\"2122\" data-end=\"2134\" data-col-size=\"sm\">II<\/td>\n<td data-col-size=\"sm\" data-start=\"2134\" data-end=\"2148\">5 + 0<\/td>\n<td data-col-size=\"sm\" data-start=\"2148\" data-end=\"2166\">1 000 000 $<\/td>\n<\/tr>\n<tr data-start=\"2167\" data-end=\"2211\">\n<td data-start=\"2167\" data-end=\"2179\" data-col-size=\"sm\">III<\/td>\n<td data-col-size=\"sm\" data-start=\"2179\" data-end=\"2193\">4 + 1<\/td>\n<td data-col-size=\"sm\" data-start=\"2193\" data-end=\"2211\">10 000 $<\/td>\n<\/tr>\n<tr data-start=\"2212\" data-end=\"2256\">\n<td data-start=\"2212\" data-end=\"2224\" data-col-size=\"sm\">IV<\/td>\n<td data-col-size=\"sm\" data-start=\"2224\" data-end=\"2238\">4 + 0<\/td>\n<td data-col-size=\"sm\" data-start=\"2238\" data-end=\"2256\">500 $<\/td>\n<\/tr>\n<tr data-start=\"2257\" data-end=\"2301\">\n<td data-start=\"2257\" data-end=\"2269\" data-col-size=\"sm\">V<\/td>\n<td data-col-size=\"sm\" data-start=\"2269\" data-end=\"2283\">3 + 1<\/td>\n<td data-col-size=\"sm\" data-start=\"2283\" data-end=\"2301\">200 $<\/td>\n<\/tr>\n<tr data-start=\"2302\" data-end=\"2346\">\n<td data-start=\"2302\" data-end=\"2314\" data-col-size=\"sm\">VI<\/td>\n<td data-col-size=\"sm\" data-start=\"2314\" data-end=\"2328\">3 + 0<\/td>\n<td data-col-size=\"sm\" data-start=\"2328\" data-end=\"2346\">10 $<\/td>\n<\/tr>\n<tr data-start=\"2347\" data-end=\"2391\">\n<td data-start=\"2347\" data-end=\"2359\" data-col-size=\"sm\">VII<\/td>\n<td data-col-size=\"sm\" data-start=\"2359\" data-end=\"2373\">2 + 1<\/td>\n<td data-col-size=\"sm\" data-start=\"2373\" data-end=\"2391\">10 $<\/td>\n<\/tr>\n<tr data-start=\"2392\" data-end=\"2436\">\n<td data-start=\"2392\" data-end=\"2404\" data-col-size=\"sm\">VIII<\/td>\n<td data-col-size=\"sm\" data-start=\"2404\" data-end=\"2418\">1 + 1<\/td>\n<td data-col-size=\"sm\" data-start=\"2418\" data-end=\"2436\">7 $<\/td>\n<\/tr>\n<tr data-start=\"2437\" data-end=\"2481\">\n<td data-start=\"2437\" data-end=\"2449\" data-col-size=\"sm\">IX<\/td>\n<td data-col-size=\"sm\" data-start=\"2449\" data-end=\"2463\">0 + 1<\/td>\n<td data-col-size=\"sm\" data-start=\"2463\" data-end=\"2481\">5 $<\/td>\n<\/tr>\n<\/tbody>\n<\/table>\n<div class=\"sticky end-(--thread-content-margin) h-0 self-end select-none\">\n<div class=\"absolute end-0 flex items-end\"><\/div>\n<\/div>\n<\/div>\n<\/div>\n<p data-start=\"2483\" data-end=\"2645\">A nyn\u00ed, od <strong data-start=\"2494\" data-end=\"2508\">dubna 2025<\/strong>, bude ke ka\u017ed\u00e9 s\u00e1zce automaticky p\u0159id\u011blen <strong data-start=\"2551\" data-end=\"2564\">n\u00e1sobitel<\/strong>, tak\u017ee kategorie od <strong data-start=\"2585\" data-end=\"2597\">II do IX<\/strong> mohou b\u00fdt n\u00e1sobeny <strong data-start=\"2617\" data-end=\"2644\">x2, x3, x4, x5 nebo x10<\/strong>.<\/p>\n<p data-start=\"2647\" data-end=\"2755\">Nap\u0159\u00edklad v\u00fdhra druh\u00e9 kategorie ve v\u00fd\u0161i <strong data-start=\"2687\" data-end=\"2702\">1 000 000 $<\/strong> se p\u0159i n\u00e1sobiteli <strong data-start=\"2721\" data-end=\"2728\">x10<\/strong> zm\u011bn\u00ed na <strong data-start=\"2738\" data-end=\"2754\">10 000 000 $<\/strong>.<\/p>\n<p data-start=\"2757\" data-end=\"2838\">Nebo v\u00fdhra IV. kategorie 500 $ m\u016f\u017ee b\u00fdt nav\u00fd\u0161ena na 1000 $, dokonce a\u017e na 5000 $.<\/p>\n<h2 data-start=\"2845\" data-end=\"2884\"><strong data-start=\"2848\" data-end=\"2884\">Milionov\u00e9 jackpoty Mega Millions<\/strong><\/h2>\n<p data-start=\"2886\" data-end=\"3058\">Jak jsme ji\u017e zm\u00ednili, pokud jackpot nikdo nez\u00edsk\u00e1, <strong data-start=\"2937\" data-end=\"2986\">\u010d\u00e1stka se p\u0159ev\u00e1d\u00ed do dal\u0161\u00edch tah\u016f bez omezen\u00ed<\/strong>. D\u00edky tomu jsou n\u011bkter\u00e9 v\u00fdhry extr\u00e9mn\u011b vysok\u00e9. Zde je n\u011bkolik p\u0159\u00edklad\u016f:<\/p>\n<ul data-start=\"3060\" data-end=\"3370\">\n<li data-start=\"3060\" data-end=\"3111\">\n<p data-start=\"3062\" data-end=\"3111\">1,602 miliardy $ (Mega Millions): 9. srpna 2023<\/p>\n<\/li>\n<li data-start=\"3112\" data-end=\"3181\">\n<p data-start=\"3114\" data-end=\"3181\">1,537 miliardy $ (Mega Millions): 23. \u0159\u00edjna 2018 \u2013 Ji\u017en\u00ed Karol\u00edna<\/p>\n<\/li>\n<li data-start=\"3182\" data-end=\"3242\">\n<p data-start=\"3184\" data-end=\"3242\">1,348 miliardy $ (Mega Millions): 13. ledna 2023 \u2013 Maine<\/p>\n<\/li>\n<li data-start=\"3243\" data-end=\"3309\">\n<p data-start=\"3245\" data-end=\"3309\">1,337 miliardy $ (Mega Millions): 29. \u010dervence 2022 \u2013 Illinois<\/p>\n<\/li>\n<li data-start=\"3310\" data-end=\"3370\">\n<p data-start=\"3312\" data-end=\"3370\">1,250 miliardy $ (Mega Millions): losov\u00e1n\u00ed 4. srpna 2023<\/p>\n<\/li>\n<\/ul>\n<p data-start=\"3372\" data-end=\"3485\">V\u0161echny <a href=\"https:\/\/lottohoy.com\/cs\/vysledky-loterie\/vysledky-souteze-mega-millions\/\"><strong data-start=\"3380\" data-end=\"3406\">v\u00fdsledky Mega Millions<\/strong><\/a> si m\u016f\u017eete prohl\u00e9dnout zde:<\/p>\n<h2 data-start=\"3372\" data-end=\"3485\"><strong data-start=\"3495\" data-end=\"3527\">Kdy se losuje Mega Millions?<\/strong><\/h2>\n<p data-start=\"3529\" data-end=\"3632\">Losov\u00e1n\u00ed Mega Millions prob\u00edh\u00e1 ka\u017ed\u00fd <strong data-start=\"3566\" data-end=\"3608\">\u00fater\u00fd a p\u00e1tek ve 23:00 EST (03:00 GMT)<\/strong> v <strong data-start=\"3611\" data-end=\"3631\">Atlant\u011b, Georgia<\/strong>.<\/p>\n<p data-start=\"3634\" data-end=\"3755\">Obvykle se s\u00e1zky uzav\u00edraj\u00ed hodinu p\u0159ed losov\u00e1n\u00edm, ale p\u0159i online \u00fa\u010dasti je t\u0159eba se \u0159\u00eddit podm\u00ednkami konkr\u00e9tn\u00ed platformy.<\/p>\n<h2 data-start=\"3762\" data-end=\"3795\"><strong data-start=\"3765\" data-end=\"3795\">Kolik stoj\u00ed Mega Millions?<\/strong><\/h2>\n<p data-start=\"3797\" data-end=\"3934\">Na na\u0161\u00ed platform\u011b za\u010d\u00edn\u00e1 cena jedn\u00e9 s\u00e1zky v Mega Millions od <strong data-start=\"3858\" data-end=\"3866\">11 \u20ac<\/strong>, co\u017e v\u00e1m d\u00e1v\u00e1 mo\u017enost hr\u00e1t o jackpoty v hodnot\u011b <strong data-start=\"3915\" data-end=\"3933\">milion\u016f dolar\u016f<\/strong>.<\/p>\n<p data-start=\"3936\" data-end=\"4094\">Cena se m\u016f\u017ee li\u0161it v z\u00e1vislosti na <strong data-start=\"3971\" data-end=\"3988\">kurzu USD\/EUR<\/strong> a po\u010dtu vsazen\u00fdch \u0159\u00e1dk\u016f. M\u016f\u017eete si p\u0159idat tolik \u0159\u00e1dk\u016f, kolik chcete, a t\u00edm <strong data-start=\"4064\" data-end=\"4093\">zv\u00fd\u0161it sv\u00e9 \u0161ance na v\u00fdhru<\/strong>.<\/p>\n<p data-start=\"4096\" data-end=\"4298\">Chcete-li si koupit svou s\u00e1zku v Mega Millions, sta\u010d\u00ed se zaregistrovat na <strong data-start=\"4170\" data-end=\"4246\"><a class=\"\" href=\"https:\/\/lottohoy.com\/cs\/registrace\/\" target=\"_new\" rel=\"noopener\" data-start=\"4172\" data-end=\"4244\">LottoHoy<\/a><\/strong> a vybrat si sv\u00e1 obl\u00edben\u00e1 \u010d\u00edsla. Na co je\u0161t\u011b \u010dek\u00e1te?<\/p>\n","protected":false},"excerpt":{"rendered":"<p>Hrajte Mega Millions online Loterie Mega Millions, spolu s Powerballem, pat\u0159\u00ed mezi ty, kter\u00e9 ud\u011bluj\u00ed nejvy\u0161\u0161\u00ed v\u00fdhry v\u00fdherc\u016fm prvn\u00ed kategorie. A nyn\u00ed, d\u00edky nov\u00e9 \u00faprav\u011b pravidel hry, mohou i v\u00fdherci ni\u017e\u0161\u00edch kategori\u00ed zaznamenat exponenci\u00e1ln\u00ed nav\u00fd\u0161en\u00ed v\u00fdher. V t\u00e9to nov\u00e9 f\u00e1zi je ke ka\u017ed\u00e9 s\u00e1zence automaticky p\u0159id\u00e1n n\u00e1sobitel, kter\u00fd je n\u00e1hodn\u011b vybr\u00e1n syst\u00e9mem. To znamen\u00e1, \u017ee [&hellip;]<\/p>\n","protected":false},"author":2,"featured_media":0,"parent":16577,"menu_order":2,"comment_status":"closed","ping_status":"closed","template":"megamillion.php","meta":{"_et_pb_use_builder":"","_et_pb_old_content":"","_et_gb_content_width":"","exclude_from_search":false,"footnotes":""},"class_list":["post-16621","page","type-page","status-publish","hentry"],"yoast_head":"<!-- This site is optimized with the Yoast SEO plugin v23.7 - https:\/\/yoast.com\/wordpress\/plugins\/seo\/ -->\n<title>Hrajte Mega Millions online \u2013 snadn\u00e9 a 100% bezpe\u010dn\u00e9 \u2013 Lottohoy<\/title>\n<meta name=\"description\" content=\"MegaMillions je loterie, kter\u00e1 nab\u00edz\u00ed jedny z nejv\u011bt\u0161\u00edch v\u00fdher. Na LottoHoy m\u016f\u017eete hr\u00e1t Megamillions online a vyhr\u00e1t velk\u00e9 \u010d\u00e1stky. Zkuste to hned!\" \/>\n<meta name=\"robots\" content=\"index, follow, max-snippet:-1, max-image-preview:large, max-video-preview:-1\" \/>\n<link rel=\"canonical\" href=\"https:\/\/lottohoy.com\/cs\/hrat\/zahrajte-si-mega-millions\/\" \/>\n<meta property=\"og:locale\" content=\"cs_CZ\" \/>\n<meta property=\"og:type\" content=\"article\" \/>\n<meta property=\"og:title\" content=\"Hrajte Mega Millions online \u2013 snadn\u00e9 a 100% bezpe\u010dn\u00e9 \u2013 Lottohoy\" \/>\n<meta property=\"og:description\" content=\"MegaMillions je loterie, kter\u00e1 nab\u00edz\u00ed jedny z nejv\u011bt\u0161\u00edch v\u00fdher. Na LottoHoy m\u016f\u017eete hr\u00e1t Megamillions online a vyhr\u00e1t velk\u00e9 \u010d\u00e1stky. Zkuste to hned!\" \/>\n<meta property=\"og:url\" content=\"https:\/\/lottohoy.com\/cs\/hrat\/zahrajte-si-mega-millions\/\" \/>\n<meta property=\"og:site_name\" content=\"Lottohoy\" \/>\n<meta property=\"article:modified_time\" content=\"2025-05-27T15:34:20+00:00\" \/>\n<meta name=\"twitter:card\" content=\"summary_large_image\" \/>\n<meta name=\"twitter:label1\" content=\"Odhadovan\u00e1 doba \u010dten\u00ed\" \/>\n\t<meta name=\"twitter:data1\" content=\"3 minuty\" \/>\n<script type=\"application\/ld+json\" class=\"yoast-schema-graph\">{\"@context\":\"https:\/\/schema.org\",\"@graph\":[{\"@type\":\"WebPage\",\"@id\":\"https:\/\/lottohoy.com\/cs\/hrat\/zahrajte-si-mega-millions\/\",\"url\":\"https:\/\/lottohoy.com\/cs\/hrat\/zahrajte-si-mega-millions\/\",\"name\":\"Hrajte Mega Millions online \u2013 snadn\u00e9 a 100% bezpe\u010dn\u00e9 \u2013 Lottohoy\",\"isPartOf\":{\"@id\":\"https:\/\/lottohoy.com\/cs\/#website\"},\"datePublished\":\"2018-05-03T13:23:26+00:00\",\"dateModified\":\"2025-05-27T15:34:20+00:00\",\"description\":\"MegaMillions je loterie, kter\u00e1 nab\u00edz\u00ed jedny z nejv\u011bt\u0161\u00edch v\u00fdher. Na LottoHoy m\u016f\u017eete hr\u00e1t Megamillions online a vyhr\u00e1t velk\u00e9 \u010d\u00e1stky. Zkuste to hned!\",\"breadcrumb\":{\"@id\":\"https:\/\/lottohoy.com\/cs\/hrat\/zahrajte-si-mega-millions\/#breadcrumb\"},\"inLanguage\":\"cs\",\"potentialAction\":[{\"@type\":\"ReadAction\",\"target\":[\"https:\/\/lottohoy.com\/cs\/hrat\/zahrajte-si-mega-millions\/\"]}]},{\"@type\":\"BreadcrumbList\",\"@id\":\"https:\/\/lottohoy.com\/cs\/hrat\/zahrajte-si-mega-millions\/#breadcrumb\",\"itemListElement\":[{\"@type\":\"ListItem\",\"position\":1,\"name\":\"Home\",\"item\":\"https:\/\/lottohoy.com\/cs\/\"},{\"@type\":\"ListItem\",\"position\":2,\"name\":\"Hr\u00e1t loterie\",\"item\":\"https:\/\/lottohoy.com\/cs\/hrat\/\"},{\"@type\":\"ListItem\",\"position\":3,\"name\":\"Zahrajte si Mega Millions\"}]},{\"@type\":\"WebSite\",\"@id\":\"https:\/\/lottohoy.com\/cs\/#website\",\"url\":\"https:\/\/lottohoy.com\/cs\/\",\"name\":\"Lottohoy\",\"description\":\"\",\"potentialAction\":[{\"@type\":\"SearchAction\",\"target\":{\"@type\":\"EntryPoint\",\"urlTemplate\":\"https:\/\/lottohoy.com\/cs\/?s={search_term_string}\"},\"query-input\":{\"@type\":\"PropertyValueSpecification\",\"valueRequired\":true,\"valueName\":\"search_term_string\"}}],\"inLanguage\":\"cs\"}]}<\/script>\n<!-- \/ Yoast SEO plugin. -->","yoast_head_json":{"title":"Hrajte Mega Millions online \u2013 snadn\u00e9 a 100% bezpe\u010dn\u00e9 \u2013 Lottohoy","description":"MegaMillions je loterie, kter\u00e1 nab\u00edz\u00ed jedny z nejv\u011bt\u0161\u00edch v\u00fdher. Na LottoHoy m\u016f\u017eete hr\u00e1t Megamillions online a vyhr\u00e1t velk\u00e9 \u010d\u00e1stky. Zkuste to hned!","robots":{"index":"index","follow":"follow","max-snippet":"max-snippet:-1","max-image-preview":"max-image-preview:large","max-video-preview":"max-video-preview:-1"},"canonical":"https:\/\/lottohoy.com\/cs\/hrat\/zahrajte-si-mega-millions\/","og_locale":"cs_CZ","og_type":"article","og_title":"Hrajte Mega Millions online \u2013 snadn\u00e9 a 100% bezpe\u010dn\u00e9 \u2013 Lottohoy","og_description":"MegaMillions je loterie, kter\u00e1 nab\u00edz\u00ed jedny z nejv\u011bt\u0161\u00edch v\u00fdher. Na LottoHoy m\u016f\u017eete hr\u00e1t Megamillions online a vyhr\u00e1t velk\u00e9 \u010d\u00e1stky. Zkuste to hned!","og_url":"https:\/\/lottohoy.com\/cs\/hrat\/zahrajte-si-mega-millions\/","og_site_name":"Lottohoy","article_modified_time":"2025-05-27T15:34:20+00:00","twitter_card":"summary_large_image","twitter_misc":{"Odhadovan\u00e1 doba \u010dten\u00ed":"3 minuty"},"schema":{"@context":"https:\/\/schema.org","@graph":[{"@type":"WebPage","@id":"https:\/\/lottohoy.com\/cs\/hrat\/zahrajte-si-mega-millions\/","url":"https:\/\/lottohoy.com\/cs\/hrat\/zahrajte-si-mega-millions\/","name":"Hrajte Mega Millions online \u2013 snadn\u00e9 a 100% bezpe\u010dn\u00e9 \u2013 Lottohoy","isPartOf":{"@id":"https:\/\/lottohoy.com\/cs\/#website"},"datePublished":"2018-05-03T13:23:26+00:00","dateModified":"2025-05-27T15:34:20+00:00","description":"MegaMillions je loterie, kter\u00e1 nab\u00edz\u00ed jedny z nejv\u011bt\u0161\u00edch v\u00fdher. Na LottoHoy m\u016f\u017eete hr\u00e1t Megamillions online a vyhr\u00e1t velk\u00e9 \u010d\u00e1stky. Zkuste to hned!","breadcrumb":{"@id":"https:\/\/lottohoy.com\/cs\/hrat\/zahrajte-si-mega-millions\/#breadcrumb"},"inLanguage":"cs","potentialAction":[{"@type":"ReadAction","target":["https:\/\/lottohoy.com\/cs\/hrat\/zahrajte-si-mega-millions\/"]}]},{"@type":"BreadcrumbList","@id":"https:\/\/lottohoy.com\/cs\/hrat\/zahrajte-si-mega-millions\/#breadcrumb","itemListElement":[{"@type":"ListItem","position":1,"name":"Home","item":"https:\/\/lottohoy.com\/cs\/"},{"@type":"ListItem","position":2,"name":"Hr\u00e1t loterie","item":"https:\/\/lottohoy.com\/cs\/hrat\/"},{"@type":"ListItem","position":3,"name":"Zahrajte si Mega Millions"}]},{"@type":"WebSite","@id":"https:\/\/lottohoy.com\/cs\/#website","url":"https:\/\/lottohoy.com\/cs\/","name":"Lottohoy","description":"","potentialAction":[{"@type":"SearchAction","target":{"@type":"EntryPoint","urlTemplate":"https:\/\/lottohoy.com\/cs\/?s={search_term_string}"},"query-input":{"@type":"PropertyValueSpecification","valueRequired":true,"valueName":"search_term_string"}}],"inLanguage":"cs"}]}},"_links":{"self":[{"href":"https:\/\/lottohoy.com\/cs\/wp-json\/wp\/v2\/pages\/16621","targetHints":{"allow":["GET"]}}],"collection":[{"href":"https:\/\/lottohoy.com\/cs\/wp-json\/wp\/v2\/pages"}],"about":[{"href":"https:\/\/lottohoy.com\/cs\/wp-json\/wp\/v2\/types\/page"}],"author":[{"embeddable":true,"href":"https:\/\/lottohoy.com\/cs\/wp-json\/wp\/v2\/users\/2"}],"replies":[{"embeddable":true,"href":"https:\/\/lottohoy.com\/cs\/wp-json\/wp\/v2\/comments?post=16621"}],"version-history":[{"count":2,"href":"https:\/\/lottohoy.com\/cs\/wp-json\/wp\/v2\/pages\/16621\/revisions"}],"predecessor-version":[{"id":19908,"href":"https:\/\/lottohoy.com\/cs\/wp-json\/wp\/v2\/pages\/16621\/revisions\/19908"}],"up":[{"embeddable":true,"href":"https:\/\/lottohoy.com\/cs\/wp-json\/wp\/v2\/pages\/16577"}],"wp:attachment":[{"href":"https:\/\/lottohoy.com\/cs\/wp-json\/wp\/v2\/media?parent=16621"}],"curies":[{"name":"wp","href":"https:\/\/api.w.org\/{rel}","templated":true}]}}