{"id":16619,"date":"2018-05-03T14:23:27","date_gmt":"2018-05-03T13:23:27","guid":{"rendered":"https:\/\/lottohoy.com\/?page_id=16619"},"modified":"2025-03-25T08:16:04","modified_gmt":"2025-03-25T08:16:04","slug":"powerball","status":"publish","type":"page","link":"https:\/\/lottohoy.com\/cs\/hrat\/powerball\/","title":{"rendered":"Hrajte Powerball"},"content":{"rendered":"<h2>Jak hr\u00e1t Powerball<\/h2>\n<p>Hran\u00ed lotto Powerball je opravdu jednoduch\u00e9, sta\u010d\u00ed si vybrat p\u011bt \u010d\u00edsel mezi 1 a 69 a pak dal\u0161\u00ed \u010d\u00edslo (naz\u00fdvan\u00e9 Powerball) mezi 1 a 26.<\/p>\n<p>Ale poj\u010fme do detail\u016f; prvn\u00ed v\u011bc, kterou byste m\u011bli ud\u011blat, je otev\u0159\u00edt si \u00fa\u010det u LottoHoy. Jakmile se zaregistrujete, m\u016f\u017eete si koupit ofici\u00e1ln\u00ed losy online podle n\u00e1sleduj\u00edc\u00edch pokyn\u016f:<\/p>\n<p>V \u010d\u00e1sti hry je \u0159\u00e1dek nebo \u0159\u00e1dek slo\u017een\u00fd z 5 sloupc\u016f. Ka\u017ed\u00fd z t\u011bchto sloupc\u016f je tiketem Powerball.<br \/>\nJednotliv\u00e1 j\u00edzdenka stoj\u00ed pouh\u00fdch 3,50 EUR, co\u017e je jedna z nejlep\u0161\u00edch cen, kter\u00e9 najdete online. (Tato \u010d\u00e1stka se m\u016f\u017ee li\u0161it v z\u00e1vislosti na sm\u011bnn\u00e9m kurzu dolaru v\u016f\u010di euru.<br \/>\nV horn\u00ed \u010d\u00e1sti sloupce mus\u00edte vybrat p\u011bt \u010d\u00edsel z pol\u00ed o\u010d\u00edslovan\u00fdch od 1 do 69.<br \/>\nVe spodn\u00ed \u010d\u00e1sti uveden\u00e9 tabulky je dal\u0161\u00edch 26 \u010d\u00edsel, z nich\u017e jedno mus\u00edme vybrat. Toto \u010d\u00edslo je Powerball.<\/p>\n<p>Pokud chcete, m\u016f\u017eete tak\u00e9 pou\u017e\u00edt mo\u017enosti rychl\u00e9ho v\u00fdb\u011bru, tak\u017ee kombinaci n\u00e1hodn\u011b vybere samotn\u00fd syst\u00e9m.<\/p>\n<p>Pamatujte, \u017ee pokud si chcete koupit v\u00edce ne\u017e p\u011bt vstupenek najednou, m\u016f\u017eete p\u0159idat v\u0161echny pot\u0159ebn\u00e9 \u0159\u00e1dky kliknut\u00edm na tla\u010d\u00edtko \u201eDal\u0161\u00ed \u0159\u00e1dky\u201c. Pamatujte, \u017ee \u010d\u00edm v\u00edce \u010d\u00edsel hrajete, t\u00edm v\u011bt\u0161\u00ed je pravd\u011bpodobnost v\u00fdhry jackpotu, kter\u00fd m\u00e1te.<\/p>\n<h2>Dny losov\u00e1n\u00ed powerballu<\/h2>\n<p>Losov\u00e1n\u00ed USA Powerball se konaj\u00ed ka\u017edou st\u0159edu a sobotu ve 22:59 ET \u010dasu (\u010dtvrtek a ned\u011ble ve 4:59 SE\u010c). Prodej vstupenek bude otev\u0159en do 3 hodin p\u0159ed za\u010d\u00e1tkem slosov\u00e1n\u00ed.<\/p>\n<p>Kr\u00e1tce po dokon\u010den\u00ed losov\u00e1n\u00ed budete moci zkontrolovat ofici\u00e1ln\u00ed v\u00fdsledky Powerball a obdr\u017eet sv\u00e9 v\u00fdhry p\u0159\u00edmo na sv\u016fj hr\u00e1\u010dsk\u00fd \u00fa\u010det.<\/p>\n<h2>Kolik je jackpot Powerball?<\/h2>\n<p>Jackpot Powerball se aktualizuje ihned po ka\u017ed\u00e9m losov\u00e1n\u00ed a m\u016f\u017eete si jej kdykoli zkontrolovat na na\u0161em webu.<\/p>\n<p>Minim\u00e1ln\u00ed jackpot pro Powerball je\u00a040 000 000 $, co\u017e je mnohem v\u00edce ne\u017e maxim\u00e1ln\u00ed jackpot v jin\u00fdch loteri\u00edch.<\/p>\n<p>Pokud po slosov\u00e1n\u00ed nebudou \u017e\u00e1dn\u00ed v\u00fdherci v prvn\u00ed kategorii nebo hlavn\u00ed cen\u011b, \u010d\u00e1stka jackpotu se p\u0159esune do dal\u0161\u00edho slosov\u00e1n\u00ed. Proto\u017ee neexistuje \u017e\u00e1dn\u00fd maxim\u00e1ln\u00ed jackpot, je pom\u011brn\u011b \u010dasto vid\u011bt nov\u00fd rekordn\u00ed jackpot<\/p>\n<p>\u00darove\u0148 #x + x Cena<br \/>\nI Jackpot 5+1<br \/>\nII 5+0 1 000 000 $<br \/>\nIII 4+1 50 000 $<br \/>\nIV 4+0 100 $<br \/>\nV 3+1 100 $<br \/>\nVI 3+0 7 $<br \/>\nVII 2+1 7 $<br \/>\nVIII 1+1 4$<br \/>\nIX 0+1 4 $<\/p>\n<p>Odhadovan\u00e1 cena jackpotu je jedin\u00e1 \u010d\u00e1stka, kter\u00e1 se p\u0159evaluje, ostatn\u00ed ceny Powerball maj\u00ed pevnou \u010d\u00e1stku.<\/p>\n<h2>Jak vyhr\u00e1t loterii Powerball<\/h2>\n<p>Neexistuj\u00ed \u017e\u00e1dn\u00e9 metody, kter\u00e9 by zaru\u010dily v\u00fdhru, ale m\u016f\u017eete se \u0159\u00eddit n\u011bkolika jednoduch\u00fdmi kroky, kter\u00e9 v\u00e1m mohou pomoci zv\u00fd\u0161it va\u0161e \u0161ance st\u00e1t se jedn\u00edm z v\u00edt\u011bz\u016f Powerballu:<\/p>\n<p>Sm\u00edchejte n\u00edzk\u00e1 a\u00a0vysok\u00e1 \u010d\u00edsla.<br \/>\nNepou\u017e\u00edvejte data jako \u010d\u00edsla. D\u011bl\u00e1 to spousta lid\u00ed.<br \/>\nZjist\u011bte, kter\u00e1 \u010d\u00edsla jsou na na\u0161\u00ed str\u00e1nce s v\u00fdsledky PowerBallu nej\u010dast\u011bj\u0161\u00ed.<br \/>\nRovnov\u00e1ha mezi lich\u00fdmi a sud\u00fdmi \u010d\u00edsly.<br \/>\nVyhn\u011bte se kombinac\u00edm, kter\u00e9 ji\u017e byly vybr\u00e1ny.<br \/>\nPou\u017eijte mo\u017enost rychl\u00e9ho v\u00fdb\u011bru.<\/p>\n<p>Hrajte co nejv\u00edce tiket\u016f, abyste zv\u00fd\u0161ili sv\u00e9 \u0161ance na v\u00fdhru ka\u017edou st\u0159edu a sobotu.<\/p>\n<h2>Koupit Powerball online<\/h2>\n<p>L\u00edstky Powerball si m\u016f\u017eete zakoupit na LottoHoy.com, jsme provozovatelem loterie. Jedna vstupenka na Powerball stoj\u00ed 3,07 \u20ac a v\u0161echny vstupenky se kupuj\u00ed prost\u0159ednictv\u00edm ofici\u00e1ln\u00edch z\u00e1stupc\u016f v autorizovan\u00fdch za\u0159\u00edzen\u00edch.<\/p>\n<h2>N\u00e1kup Powerball online m\u00e1 ve srovn\u00e1n\u00ed s fyzick\u00fdm n\u00e1kupem mnoho v\u00fdhod:<\/h2>\n<p>Do podniku nen\u00ed nutn\u00e9 cestovat.<br \/>\nO otev\u00edrac\u00ed a zav\u00edrac\u00ed dobu se nemus\u00edte starat. Otev\u0159eno je 24 hodin denn\u011b a 7 dn\u00ed v t\u00fddnu.<br \/>\nZabezpe\u010den\u00ed, aby byla vstupenka v bezpe\u010d\u00ed, aby se neztratila nebo nezapomn\u011bla.<br \/>\nVstupenku na Powerball m\u016f\u017eete z\u00edskat z jak\u00e9koli zem\u011b, jednodu\u0161e p\u0159ipojen\u00edm k internetu, a to bu\u010f z mobilu, tabletu nebo po\u010d\u00edta\u010de.<br \/>\nCeny jsou vypl\u00e1ceny p\u0159\u00edmo na v\u00e1\u0161 hr\u00e1\u010dsk\u00fd \u00fa\u010det.<br \/>\nPomoc\u00ed rychl\u00e9ho v\u00fdb\u011bru m\u016f\u017eete m\u00edt n\u00e1hodn\u00e9 kombinace.<\/p>\n<p>Hran\u00ed Powerballu online nem\u016f\u017ee b\u00fdt jednodu\u0161\u0161\u00ed. Zkuste sv\u00e9 \u0161t\u011bst\u00ed nyn\u00ed a sta\u0148te se jedn\u00edm ze \u0161\u0165astn\u00fdch v\u00fdherc\u016f!<\/p>\n","protected":false},"excerpt":{"rendered":"<p>Jak hr\u00e1t Powerball Hran\u00ed lotto Powerball je opravdu jednoduch\u00e9, sta\u010d\u00ed si vybrat p\u011bt \u010d\u00edsel mezi 1 a 69 a pak dal\u0161\u00ed \u010d\u00edslo (naz\u00fdvan\u00e9 Powerball) mezi 1 a 26. Ale poj\u010fme do detail\u016f; prvn\u00ed v\u011bc, kterou byste m\u011bli ud\u011blat, je otev\u0159\u00edt si \u00fa\u010det u LottoHoy. Jakmile se zaregistrujete, m\u016f\u017eete si koupit ofici\u00e1ln\u00ed losy online podle n\u00e1sleduj\u00edc\u00edch [&hellip;]<\/p>\n","protected":false},"author":7,"featured_media":0,"parent":16577,"menu_order":1,"comment_status":"closed","ping_status":"closed","template":"powerball-usa.php","meta":{"_et_pb_use_builder":"","_et_pb_old_content":"","_et_gb_content_width":"","exclude_from_search":false,"footnotes":""},"class_list":["post-16619","page","type-page","status-publish","hentry"],"yoast_head":"<!-- This site is optimized with the Yoast SEO plugin v23.7 - https:\/\/yoast.com\/wordpress\/plugins\/seo\/ -->\n<title>\u25b7 Hr\u00e1t Powerball online | Kdekoli a kdykoli - LottoHoy<\/title>\n<meta name=\"description\" content=\"Hran\u00ed Powerballu je jednoduch\u00e9: vyberte si 5 \u010d\u00edsel mezi 1 a 69 a pak dal\u0161\u00ed \u010d\u00edslo (naz\u00fdvan\u00e9 Powerball) mezi 1 a 26. Z\u00edskejte tiket na Porweball hned te\u010f!\" \/>\n<meta name=\"robots\" content=\"index, follow, max-snippet:-1, max-image-preview:large, max-video-preview:-1\" \/>\n<link rel=\"canonical\" href=\"https:\/\/lottohoy.com\/cs\/hrat\/powerball\/\" \/>\n<meta property=\"og:locale\" content=\"cs_CZ\" \/>\n<meta property=\"og:type\" content=\"article\" \/>\n<meta property=\"og:title\" content=\"\u25b7 Hr\u00e1t Powerball online | Kdekoli a kdykoli - LottoHoy\" \/>\n<meta property=\"og:description\" content=\"Hran\u00ed Powerballu je jednoduch\u00e9: vyberte si 5 \u010d\u00edsel mezi 1 a 69 a pak dal\u0161\u00ed \u010d\u00edslo (naz\u00fdvan\u00e9 Powerball) mezi 1 a 26. Z\u00edskejte tiket na Porweball hned te\u010f!\" \/>\n<meta property=\"og:url\" content=\"https:\/\/lottohoy.com\/cs\/hrat\/powerball\/\" \/>\n<meta property=\"og:site_name\" content=\"Lottohoy\" \/>\n<meta property=\"article:modified_time\" content=\"2025-03-25T08:16:04+00:00\" \/>\n<meta name=\"twitter:card\" content=\"summary_large_image\" \/>\n<meta name=\"twitter:label1\" content=\"Odhadovan\u00e1 doba \u010dten\u00ed\" \/>\n\t<meta name=\"twitter:data1\" content=\"3 minuty\" \/>\n<script type=\"application\/ld+json\" class=\"yoast-schema-graph\">{\"@context\":\"https:\/\/schema.org\",\"@graph\":[{\"@type\":\"WebPage\",\"@id\":\"https:\/\/lottohoy.com\/cs\/hrat\/powerball\/\",\"url\":\"https:\/\/lottohoy.com\/cs\/hrat\/powerball\/\",\"name\":\"\u25b7 Hr\u00e1t Powerball online | Kdekoli a kdykoli - LottoHoy\",\"isPartOf\":{\"@id\":\"https:\/\/lottohoy.com\/cs\/#website\"},\"datePublished\":\"2018-05-03T13:23:27+00:00\",\"dateModified\":\"2025-03-25T08:16:04+00:00\",\"description\":\"Hran\u00ed Powerballu je jednoduch\u00e9: vyberte si 5 \u010d\u00edsel mezi 1 a 69 a pak dal\u0161\u00ed \u010d\u00edslo (naz\u00fdvan\u00e9 Powerball) mezi 1 a 26. Z\u00edskejte tiket na Porweball hned te\u010f!\",\"breadcrumb\":{\"@id\":\"https:\/\/lottohoy.com\/cs\/hrat\/powerball\/#breadcrumb\"},\"inLanguage\":\"cs\",\"potentialAction\":[{\"@type\":\"ReadAction\",\"target\":[\"https:\/\/lottohoy.com\/cs\/hrat\/powerball\/\"]}]},{\"@type\":\"BreadcrumbList\",\"@id\":\"https:\/\/lottohoy.com\/cs\/hrat\/powerball\/#breadcrumb\",\"itemListElement\":[{\"@type\":\"ListItem\",\"position\":1,\"name\":\"Home\",\"item\":\"https:\/\/lottohoy.com\/cs\/\"},{\"@type\":\"ListItem\",\"position\":2,\"name\":\"Hr\u00e1t loterie\",\"item\":\"https:\/\/lottohoy.com\/cs\/hrat\/\"},{\"@type\":\"ListItem\",\"position\":3,\"name\":\"Hrajte Powerball\"}]},{\"@type\":\"WebSite\",\"@id\":\"https:\/\/lottohoy.com\/cs\/#website\",\"url\":\"https:\/\/lottohoy.com\/cs\/\",\"name\":\"Lottohoy\",\"description\":\"\",\"potentialAction\":[{\"@type\":\"SearchAction\",\"target\":{\"@type\":\"EntryPoint\",\"urlTemplate\":\"https:\/\/lottohoy.com\/cs\/?s={search_term_string}\"},\"query-input\":{\"@type\":\"PropertyValueSpecification\",\"valueRequired\":true,\"valueName\":\"search_term_string\"}}],\"inLanguage\":\"cs\"}]}<\/script>\n<!-- \/ Yoast SEO plugin. -->","yoast_head_json":{"title":"\u25b7 Hr\u00e1t Powerball online | Kdekoli a kdykoli - LottoHoy","description":"Hran\u00ed Powerballu je jednoduch\u00e9: vyberte si 5 \u010d\u00edsel mezi 1 a 69 a pak dal\u0161\u00ed \u010d\u00edslo (naz\u00fdvan\u00e9 Powerball) mezi 1 a 26. Z\u00edskejte tiket na Porweball hned te\u010f!","robots":{"index":"index","follow":"follow","max-snippet":"max-snippet:-1","max-image-preview":"max-image-preview:large","max-video-preview":"max-video-preview:-1"},"canonical":"https:\/\/lottohoy.com\/cs\/hrat\/powerball\/","og_locale":"cs_CZ","og_type":"article","og_title":"\u25b7 Hr\u00e1t Powerball online | Kdekoli a kdykoli - LottoHoy","og_description":"Hran\u00ed Powerballu je jednoduch\u00e9: vyberte si 5 \u010d\u00edsel mezi 1 a 69 a pak dal\u0161\u00ed \u010d\u00edslo (naz\u00fdvan\u00e9 Powerball) mezi 1 a 26. Z\u00edskejte tiket na Porweball hned te\u010f!","og_url":"https:\/\/lottohoy.com\/cs\/hrat\/powerball\/","og_site_name":"Lottohoy","article_modified_time":"2025-03-25T08:16:04+00:00","twitter_card":"summary_large_image","twitter_misc":{"Odhadovan\u00e1 doba \u010dten\u00ed":"3 minuty"},"schema":{"@context":"https:\/\/schema.org","@graph":[{"@type":"WebPage","@id":"https:\/\/lottohoy.com\/cs\/hrat\/powerball\/","url":"https:\/\/lottohoy.com\/cs\/hrat\/powerball\/","name":"\u25b7 Hr\u00e1t Powerball online | Kdekoli a kdykoli - LottoHoy","isPartOf":{"@id":"https:\/\/lottohoy.com\/cs\/#website"},"datePublished":"2018-05-03T13:23:27+00:00","dateModified":"2025-03-25T08:16:04+00:00","description":"Hran\u00ed Powerballu je jednoduch\u00e9: vyberte si 5 \u010d\u00edsel mezi 1 a 69 a pak dal\u0161\u00ed \u010d\u00edslo (naz\u00fdvan\u00e9 Powerball) mezi 1 a 26. Z\u00edskejte tiket na Porweball hned te\u010f!","breadcrumb":{"@id":"https:\/\/lottohoy.com\/cs\/hrat\/powerball\/#breadcrumb"},"inLanguage":"cs","potentialAction":[{"@type":"ReadAction","target":["https:\/\/lottohoy.com\/cs\/hrat\/powerball\/"]}]},{"@type":"BreadcrumbList","@id":"https:\/\/lottohoy.com\/cs\/hrat\/powerball\/#breadcrumb","itemListElement":[{"@type":"ListItem","position":1,"name":"Home","item":"https:\/\/lottohoy.com\/cs\/"},{"@type":"ListItem","position":2,"name":"Hr\u00e1t loterie","item":"https:\/\/lottohoy.com\/cs\/hrat\/"},{"@type":"ListItem","position":3,"name":"Hrajte Powerball"}]},{"@type":"WebSite","@id":"https:\/\/lottohoy.com\/cs\/#website","url":"https:\/\/lottohoy.com\/cs\/","name":"Lottohoy","description":"","potentialAction":[{"@type":"SearchAction","target":{"@type":"EntryPoint","urlTemplate":"https:\/\/lottohoy.com\/cs\/?s={search_term_string}"},"query-input":{"@type":"PropertyValueSpecification","valueRequired":true,"valueName":"search_term_string"}}],"inLanguage":"cs"}]}},"_links":{"self":[{"href":"https:\/\/lottohoy.com\/cs\/wp-json\/wp\/v2\/pages\/16619","targetHints":{"allow":["GET"]}}],"collection":[{"href":"https:\/\/lottohoy.com\/cs\/wp-json\/wp\/v2\/pages"}],"about":[{"href":"https:\/\/lottohoy.com\/cs\/wp-json\/wp\/v2\/types\/page"}],"author":[{"embeddable":true,"href":"https:\/\/lottohoy.com\/cs\/wp-json\/wp\/v2\/users\/7"}],"replies":[{"embeddable":true,"href":"https:\/\/lottohoy.com\/cs\/wp-json\/wp\/v2\/comments?post=16619"}],"version-history":[{"count":1,"href":"https:\/\/lottohoy.com\/cs\/wp-json\/wp\/v2\/pages\/16619\/revisions"}],"predecessor-version":[{"id":16620,"href":"https:\/\/lottohoy.com\/cs\/wp-json\/wp\/v2\/pages\/16619\/revisions\/16620"}],"up":[{"embeddable":true,"href":"https:\/\/lottohoy.com\/cs\/wp-json\/wp\/v2\/pages\/16577"}],"wp:attachment":[{"href":"https:\/\/lottohoy.com\/cs\/wp-json\/wp\/v2\/media?parent=16619"}],"curies":[{"name":"wp","href":"https:\/\/api.w.org\/{rel}","templated":true}]}}