{"id":16595,"date":"2018-05-03T14:23:31","date_gmt":"2018-05-03T13:23:31","guid":{"rendered":"https:\/\/lottohoy.com\/?page_id=16595"},"modified":"2025-04-02T09:42:18","modified_gmt":"2025-04-02T08:42:18","slug":"domu","status":"publish","type":"page","link":"https:\/\/lottohoy.com\/cs\/","title":{"rendered":"Dom\u016f"},"content":{"rendered":"<h1 id=\"tw-target-text\" class=\"tw-data-text tw-text-large tw-ta\" dir=\"ltr\" data-placeholder=\"Traducci\u00f3n\" data-ved=\"2ahUKEwis6O3r87iMAxURrlYBHUGvPOgQ3ewLegQICRAV\" aria-label=\"Texto traducido: K\u00f6p lotter och vinn de st\u00f6rsta jackpottarna i v\u00e4rlden\n\nDe viktigaste onlinelotterierna i v\u00e4rlden finns i LottoHoy. De st\u00f6rsta jackpottarna EuroMillions, Powerball, Megamillions,... 100% s\u00e4kert.\"><span class=\"Y2IQFc\" lang=\"sv\">K\u00f6p lotter och vinn de st\u00f6rsta jackpottarna i v\u00e4rlden<\/span><\/h1>\n<p>Hran\u00ed sv\u011btov\u00fdch loteri\u00ed a hran\u00ed z pohodl\u00ed domova, v pr\u00e1ci, v autobuse nebo kdekoli jinde&#8230; pouh\u00fdm p\u0159ipojen\u00edm k internetu otev\u00edr\u00e1 \u0159adu mo\u017enost\u00ed, jak vyhr\u00e1t milionov\u00e9 ceny.<\/p>\n<p>Pokud jste nikdy p\u0159edt\u00edm nehr\u00e1li loterie online, lottohoy.com v\u00e1m nyn\u00ed a odtud nab\u00edz\u00ed mo\u017enost p\u0159\u00edstupu ke sv\u011btov\u00fdm loteri\u00edm, kter\u00e9 hraj\u00ed nejv\u011bt\u0161\u00ed jackpoty v ka\u017ed\u00e9m losov\u00e1n\u00ed.<\/p>\n<h2>Hr\u00e1t m\u00edstn\u00ed loterii nebo hr\u00e1t jakoukoli loterii na sv\u011bt\u011b?<\/h2>\n<p>N\u011bkdy m\u016f\u017ee b\u00fdt p\u0159\u00edjemn\u00e9 zaj\u00edt na sv\u00e9 obvykl\u00e9 m\u00edsto, kde si koup\u00edte dan\u00fd tiket, zahr\u00e1t si m\u00edstn\u00ed loterii a m\u00edt tento tiket v ruce, abyste v den slosov\u00e1n\u00ed zkontrolovali, zda jste vyhr\u00e1li n\u011bjak\u00e9 ceny.<\/p>\n<p>Ale co je je\u0161t\u011b lep\u0161\u00ed, dnes v\u00e1m internet prost\u0159ednictv\u00edm platforem, jako je ta na\u0161e, nab\u00edz\u00ed mo\u017enost pokra\u010dovat ve h\u0159e stejn\u00fdch m\u00edstn\u00edch loteri\u00ed a otev\u0159\u00edt \u0161ir\u0161\u00ed \u0161k\u00e1lu mo\u017enost\u00ed, z\u00edskat p\u0159\u00edstup k mezin\u00e1rodn\u00edm loteri\u00edm, kter\u00e9 nab\u00edzej\u00ed mimo\u0159\u00e1dn\u00e9 v\u00fdhry v milionech dolar\u016f, kter\u00e9 n\u011bkdy p\u0159esahuj\u00ed jednu miliardu.<\/p>\n<p>Pokud k tomu p\u0159id\u00e1te klid, \u017ee si m\u016f\u017eete zahr\u00e1t jak\u00e9koli slosov\u00e1n\u00ed p\u0159edem, budete informov\u00e1ni o vyhran\u00fdch cen\u00e1ch p\u0159\u00edmo a v z\u00e1vislosti na vyhran\u00e9 \u010d\u00e1stce jsou \u010d\u00e1stky zas\u00edl\u00e1ny p\u0159\u00edmo na v\u00e1\u0161 \u00fa\u010det \u2013 m\u00e1te chu\u0165 hr\u00e1t s lottohoy.com?<\/p>\n<p>Nez\u00e1le\u017e\u00ed na tom, ve kter\u00e9 zemi \u017eijete, abyste mohli hr\u00e1t loterie online.<\/p>\n<p>P\u0159i n\u00e1kupu los\u016f online nez\u00e1le\u017e\u00ed na tom, ve kter\u00e9 zemi \u017eijete. Pro n\u00e1kup losu nen\u00ed nutn\u00e9 cestovat do ciz\u00ed zem\u011b.<\/p>\n<p>Na\u0161imi glob\u00e1ln\u00edmi slu\u017ebami obsluhujeme z\u00e1kazn\u00edky t\u00e9m\u011b\u0159 ze v\u0161ech zem\u00ed.<\/p>\n<p>Jak funguje slu\u017eba online loterijn\u00edch tiket\u016f<\/p>\n<p>Na lottohoy.com m\u016f\u017eete vid\u011bt celou \u0159adu r\u016fzn\u00fdch loterijn\u00edch her z cel\u00e9ho sv\u011bta. M\u016f\u017eete si vybrat ty, kter\u00e9 chcete hr\u00e1t, a koupit je online. Je to mnohem jednodu\u0161\u0161\u00ed, ne\u017e si mo\u017en\u00e1 mysl\u00edte.<\/p>\n<h2>M\u016f\u017eete si vybrat v\u0161e, co souvis\u00ed s va\u0161\u00edm losem:<\/h2>\n<p>\u2022 Pokud si p\u0159ejete, vyberte loterii, kter\u00e1 nab\u00edz\u00ed nejvy\u0161\u0161\u00ed jackpot<\/p>\n<p>\u2022 Vyberte \u010d\u00edsla ru\u010dn\u011b nebo nechte syst\u00e9m, aby za v\u00e1s n\u00e1hodn\u011b vybral kombinaci.<\/p>\n<p>\u2022 M\u016f\u017eete hr\u00e1t tolik s\u00e1zek (lini\u00ed) s kombinacemi, kter\u00e9 chcete<\/p>\n<p>\u2022 M\u016f\u017eete si vybrat mezi hran\u00edm jednoho tahu nebo n\u011bkolika tah\u016f za sebou<\/p>\n<p>Super loterie se stamilionov\u00fdmi jackpoty<\/p>\n<p>Loterie jako American Powerball nebo MegaMillions, evropsk\u00e9 Euromillions, Eurojackpot a SuperEnalotto Italian.<\/p>\n<p>V\u011bd\u011bli jste, \u017ee dosud nejv\u011bt\u0161\u00ed cena Powerball byla 2,04 miliardy dolar\u016f a byla vyhr\u00e1na v roce 2022? M\u016f\u017ee se to zd\u00e1t jako sen, vyhr\u00e1t cenu za stovky milion\u016f, ale je to realita!<\/p>\n<h2>Jist\u011b si m\u016f\u017eete polo\u017eit mnoho ot\u00e1zek:<\/h2>\n<p>\u2022 M\u011bli byste v\u017edy j\u00edt o nejvy\u0161\u0161\u00ed jackpot?<\/p>\n<p>\u2022 Je hodnota nejvy\u0161\u0161\u00edho jackpotu jedin\u00fdm krit\u00e9riem p\u0159i v\u00fdb\u011bru loterie, kterou hr\u00e1t online?<\/p>\n<p>\u2022 Ale co kdy\u017e je cena druh\u00e9ho stupn\u011b dost velk\u00e1 na to, aby zm\u011bnila v\u00e1\u0161 \u017eivot?<\/p>\n<p>\u2022 N\u011bkter\u00e9 jackpoty rostou tak velk\u00e9, proto\u017ee je t\u011b\u017ek\u00e9 je vyhr\u00e1t. Co kdy\u017e jsou \u0161ance na v\u00fdhru ve druh\u00e9 \u0159ad\u011b mnohem lep\u0161\u00ed ne\u017e na v\u00fdhru jackpotu v jak\u00e9koli loterii?<\/p>\n<p>\u2022 Existuj\u00ed n\u011bjak\u00e9 dal\u0161\u00ed faktory, kter\u00e9 je t\u0159eba vz\u00edt v \u00favahu p\u0159i hran\u00ed loteri\u00ed online?<\/p>\n<p>Ne v\u0161echny loterie maj\u00ed stejn\u00e9 \u0161ance na v\u00fdhru. Je naprost\u00fd smysl hledat nejv\u011bt\u0161\u00ed jackpoty, ale tak\u00e9 d\u00e1v\u00e1 smysl kontrolovat, kde v\u00e1m nab\u00edz\u00ed nejlep\u0161\u00ed \u0161ance na v\u00fdhru velk\u00e9 ceny.<\/p>\n<p>M\u00e1me \u0161irokou \u0161k\u00e1lu loteri\u00ed pro v\u0161echny chut\u011b.<br \/>\nU\u017eijte si zkou\u0161en\u00ed n\u011b\u010deho nov\u00e9ho, her, kter\u00e9 jste mo\u017en\u00e1 nikdy p\u0159edt\u00edm nevid\u011bli ani o nich nesly\u0161eli. Mo\u017en\u00e1 budete p\u0159ekvapeni v\u0161emi mo\u017enostmi, kter\u00e9 nab\u00edz\u00edme.<\/p>\n<h2>Jak funguje slu\u017eba nab\u00edzen\u00e1 lottohoy.com?<\/h2>\n<p>Jakmile vytvo\u0159\u00edte sv\u016fj tah nebo po\u017eadovan\u00e9 tahy, sta\u010d\u00ed potvrdit objedn\u00e1vku a prov\u00e9st platbu online (existuje n\u011bkolik mo\u017enost\u00ed online platby)<\/p>\n<p>Pokud jste sv\u016fj u\u017eivatelsk\u00fd \u00fa\u010det nevytvo\u0159ili d\u0159\u00edve, budete jej muset vytvo\u0159it a ov\u011b\u0159it b\u011bhem tohoto procesu pomoc\u00ed platn\u00e9 e-mailov\u00e9 adresy a hesla pro dal\u0161\u00ed p\u0159ihl\u00e1\u0161en\u00ed.<\/p>\n<p>Jakmile bude va\u0161e objedn\u00e1vka ov\u011b\u0159ena a platba potvrzena, jeden z na\u0161ich agent\u016f p\u0159istoup\u00ed k n\u00e1kupu losu(\u016f) v zemi, kde se losov\u00e1n\u00ed kon\u00e1.<\/p>\n<p>Sken va\u0161\u00ed vstupenky se pot\u00e9 na\u010dte do va\u0161eho u\u017eivatelsk\u00e9ho \u00fa\u010dtu.<\/p>\n<p>Zpracov\u00e1n\u00ed t\u00e9to operace a zobrazen\u00ed skenu ve va\u0161em \u00fa\u010dtu vy\u017eaduje ur\u010ditou dobu. Kdykoli m\u016f\u017eete nahl\u00e9dnout do sv\u00e9ho u\u017eivatelsk\u00e9ho \u00fa\u010dtu v sekci \u201emoje vstupenky\u201c, kde si m\u016f\u017eete zkontrolovat svou objedn\u00e1vku a \u010d\u00edsla, kter\u00e1 jste si vybrali.<\/p>\n<p>Po proveden\u00ed slosov\u00e1n\u00ed budou k dispozici v\u00fdhern\u00ed \u00fadaje a na va\u0161em \u00fa\u010dtu se objev\u00ed va\u0161e odpov\u00eddaj\u00edc\u00ed \u010d\u00edsla a p\u0159\u00edpadn\u011b i v\u00fd\u0161e z\u00edskan\u00e9 ceny.<\/p>\n<h2>Dob\u0159e, tak co kdy\u017e vyhraju?<\/h2>\n<p>P\u00e9\u010de o na\u0161e z\u00e1kazn\u00edky po cel\u00e9m sv\u011bt\u011b, kdy\u017e vyhraj\u00ed, je d\u016fle\u017eitou sou\u010d\u00e1st\u00ed na\u0161\u00ed online slu\u017eby vstupenek.<\/p>\n<p>Nemus\u00edte m\u00edt bydli\u0161t\u011b v zemi, kde se loterie kon\u00e1. L\u00edstky pro v\u00e1s jednodu\u0161e zakoup\u00edme na m\u00edst\u011b, jako byste v t\u00e9to zemi tr\u00e1vili dovolenou! Sou\u010d\u00e1st\u00ed na\u0161\u00ed online slu\u017eby prodeje vstupenek je tak\u00e9 zaji\u0161t\u011bn\u00ed toho, \u017ee dostanete zaplaceno, kdy\u017e vyhrajete.<\/p>\n<p>V\u00fdhry a\u017e do v\u00fd\u0161e p\u0159ibli\u017en\u011b 2500 \u20ac\/$ jsou vyplaceny a p\u0159ips\u00e1ny p\u0159\u00edmo va\u0161emu u\u017eivateli\/<br \/>\nhr\u00e1\u010dsk\u00fd \u00fa\u010det a jsou ihned k dispozici t<\/p>\n<p>o po\u017e\u00e1dat o v\u00fdb\u011br nebo pou\u017e\u00edt k n\u00e1kupu n\u00e1sledn\u00fdch losov\u00e1n\u00ed n\u011bkter\u00e9 z loteri\u00ed.<\/p>\n<p>Pro v\u011bt\u0161\u00ed v\u00fdhry v\u00e1m n\u00e1\u0161 z\u00e1kaznick\u00fd servis poskytne na\u0161i VIP slu\u017ebu pro v\u00fdherce.<\/p>\n<p>Pokud m\u00e1te n\u011bjak\u00e9 pochybnosti, tato slu\u017eba je zcela leg\u00e1ln\u00ed a my v\u00e1m porad\u00edme a pom\u016f\u017eeme s vym\u00e1h\u00e1n\u00edm pohled\u00e1vek.<\/p>\n<p>Va\u0161e cena bude vyplacena v pln\u00e9 v\u00fd\u0161i a z va\u0161ich v\u00fdher nebudou nikdy ode\u010dteny \u017e\u00e1dn\u00e9 poplatky ani provize, s v\u00fdjimkou da\u0148ov\u00fdch p\u0159edpis\u016f zem\u011b loterie a p\u0159edpis\u016f zem\u011b va\u0161eho bydli\u0161t\u011b.<\/p>\n<p>V n\u011bkter\u00fdch v\u00fdjime\u010dn\u00fdch p\u0159\u00edpadech mohou vzniknout n\u00e1klady na spr\u00e1vu sb\u00edrky v p\u0159\u00edpad\u011b, \u017ee v\u00fdherce nem\u016f\u017ee odcestovat do zem\u011b vypl\u00e1cej\u00edc\u00ed cenu a osoba nebo spole\u010dnost k tomu \u0159\u00e1dn\u011b akreditovan\u00e1 mus\u00ed zas\u00e1hnout jeho jm\u00e9nem.<\/p>\n<h2>Na lottohoy.com najdete informace a tipy pro hran\u00ed nejlep\u0161\u00edch online loteri\u00ed.<\/h2>\n<p>To v\u0161e najdete p\u0159\u00edmo zde na na\u0161em webu. Nejen, \u017ee v\u00e1m d\u00e1v\u00e1me p\u0159esn\u00e9 kurzy a pravidla pro ka\u017edou loterii, ale m\u00e1me tak\u00e9 \u010dl\u00e1nky o nejr\u016fzn\u011bj\u0161\u00edch aspektech loterie.<\/p>\n<p>Doporu\u010dujeme v\u00e1m, abyste zv\u00fd\u0161ili sv\u00e9 \u0161ance na v\u00fdhru a na na\u0161ich webov\u00fdch str\u00e1nk\u00e1ch tak\u00e9 najdete nejnov\u011bj\u0161\u00ed v\u00fdsledky a archiv nejnov\u011bj\u0161\u00edch v\u00fdsledk\u016f v\u0161ech loteri\u00ed.<\/p>\n","protected":false},"excerpt":{"rendered":"<p>K\u00f6p lotter och vinn de st\u00f6rsta jackpottarna i v\u00e4rlden Hran\u00ed sv\u011btov\u00fdch loteri\u00ed a hran\u00ed z pohodl\u00ed domova, v pr\u00e1ci, v autobuse nebo kdekoli jinde&#8230; pouh\u00fdm p\u0159ipojen\u00edm k internetu otev\u00edr\u00e1 \u0159adu mo\u017enost\u00ed, jak vyhr\u00e1t milionov\u00e9 ceny. Pokud jste nikdy p\u0159edt\u00edm nehr\u00e1li loterie online, lottohoy.com v\u00e1m nyn\u00ed a odtud nab\u00edz\u00ed mo\u017enost p\u0159\u00edstupu ke sv\u011btov\u00fdm loteri\u00edm, kter\u00e9 hraj\u00ed [&hellip;]<\/p>\n","protected":false},"author":7,"featured_media":0,"parent":0,"menu_order":1,"comment_status":"closed","ping_status":"closed","template":"lotto.php","meta":{"_et_pb_use_builder":"","_et_pb_old_content":"","_et_gb_content_width":"","exclude_from_search":false,"footnotes":""},"class_list":["post-16595","page","type-page","status-publish","hentry"],"yoast_head":"<!-- This site is optimized with the Yoast SEO plugin v23.7 - https:\/\/yoast.com\/wordpress\/plugins\/seo\/ -->\n<title>Kupte si losy a vyhrajte nejv\u011bt\u0161\u00ed sv\u011btov\u00e9 jackpoty<\/title>\n<meta name=\"description\" content=\"Dom\u016f. Nakupte nejobl\u00edben\u011bj\u0161\u00ed loterie na LottoHoy. Vyhrajte nejv\u011bt\u0161\u00ed jackpoty EuroMillions, Powerball, MegaMillions a mnoho dal\u0161\u00edch \u2713 Rychle, snadno a bezpe\u010dn\u011b!\" \/>\n<meta name=\"robots\" content=\"index, follow, max-snippet:-1, max-image-preview:large, max-video-preview:-1\" \/>\n<link rel=\"canonical\" href=\"https:\/\/lottohoy.com\/cs\/\" \/>\n<meta property=\"og:locale\" content=\"cs_CZ\" \/>\n<meta property=\"og:type\" content=\"article\" \/>\n<meta property=\"og:title\" content=\"Kupte si losy a vyhrajte nejv\u011bt\u0161\u00ed sv\u011btov\u00e9 jackpoty\" \/>\n<meta property=\"og:description\" content=\"Dom\u016f. Nakupte nejobl\u00edben\u011bj\u0161\u00ed loterie na LottoHoy. Vyhrajte nejv\u011bt\u0161\u00ed jackpoty EuroMillions, Powerball, MegaMillions a mnoho dal\u0161\u00edch \u2713 Rychle, snadno a bezpe\u010dn\u011b!\" \/>\n<meta property=\"og:url\" content=\"https:\/\/lottohoy.com\/cs\/\" \/>\n<meta property=\"og:site_name\" content=\"Lottohoy\" \/>\n<meta property=\"article:modified_time\" content=\"2025-04-02T08:42:18+00:00\" \/>\n<meta name=\"twitter:card\" content=\"summary_large_image\" \/>\n<meta name=\"twitter:label1\" content=\"Odhadovan\u00e1 doba \u010dten\u00ed\" \/>\n\t<meta name=\"twitter:data1\" content=\"5 minut\" \/>\n<script type=\"application\/ld+json\" class=\"yoast-schema-graph\">{\"@context\":\"https:\/\/schema.org\",\"@graph\":[{\"@type\":\"WebPage\",\"@id\":\"https:\/\/lottohoy.com\/cs\/\",\"url\":\"https:\/\/lottohoy.com\/cs\/\",\"name\":\"Kupte si losy a vyhrajte nejv\u011bt\u0161\u00ed sv\u011btov\u00e9 jackpoty\",\"isPartOf\":{\"@id\":\"https:\/\/lottohoy.com\/cs\/#website\"},\"datePublished\":\"2018-05-03T13:23:31+00:00\",\"dateModified\":\"2025-04-02T08:42:18+00:00\",\"description\":\"Dom\u016f. Nakupte nejobl\u00edben\u011bj\u0161\u00ed loterie na LottoHoy. Vyhrajte nejv\u011bt\u0161\u00ed jackpoty EuroMillions, Powerball, MegaMillions a mnoho dal\u0161\u00edch \u2713 Rychle, snadno a bezpe\u010dn\u011b!\",\"breadcrumb\":{\"@id\":\"https:\/\/lottohoy.com\/cs\/#breadcrumb\"},\"inLanguage\":\"cs\",\"potentialAction\":[{\"@type\":\"ReadAction\",\"target\":[\"https:\/\/lottohoy.com\/cs\/\"]}]},{\"@type\":\"BreadcrumbList\",\"@id\":\"https:\/\/lottohoy.com\/cs\/#breadcrumb\",\"itemListElement\":[{\"@type\":\"ListItem\",\"position\":1,\"name\":\"Home\",\"item\":\"https:\/\/lottohoy.com\/cs\/\"},{\"@type\":\"ListItem\",\"position\":2,\"name\":\"Dom\u016f\"}]},{\"@type\":\"WebSite\",\"@id\":\"https:\/\/lottohoy.com\/cs\/#website\",\"url\":\"https:\/\/lottohoy.com\/cs\/\",\"name\":\"Lottohoy\",\"description\":\"\",\"potentialAction\":[{\"@type\":\"SearchAction\",\"target\":{\"@type\":\"EntryPoint\",\"urlTemplate\":\"https:\/\/lottohoy.com\/cs\/?s={search_term_string}\"},\"query-input\":{\"@type\":\"PropertyValueSpecification\",\"valueRequired\":true,\"valueName\":\"search_term_string\"}}],\"inLanguage\":\"cs\"}]}<\/script>\n<!-- \/ Yoast SEO plugin. -->","yoast_head_json":{"title":"Kupte si losy a vyhrajte nejv\u011bt\u0161\u00ed sv\u011btov\u00e9 jackpoty","description":"Dom\u016f. Nakupte nejobl\u00edben\u011bj\u0161\u00ed loterie na LottoHoy. Vyhrajte nejv\u011bt\u0161\u00ed jackpoty EuroMillions, Powerball, MegaMillions a mnoho dal\u0161\u00edch \u2713 Rychle, snadno a bezpe\u010dn\u011b!","robots":{"index":"index","follow":"follow","max-snippet":"max-snippet:-1","max-image-preview":"max-image-preview:large","max-video-preview":"max-video-preview:-1"},"canonical":"https:\/\/lottohoy.com\/cs\/","og_locale":"cs_CZ","og_type":"article","og_title":"Kupte si losy a vyhrajte nejv\u011bt\u0161\u00ed sv\u011btov\u00e9 jackpoty","og_description":"Dom\u016f. Nakupte nejobl\u00edben\u011bj\u0161\u00ed loterie na LottoHoy. Vyhrajte nejv\u011bt\u0161\u00ed jackpoty EuroMillions, Powerball, MegaMillions a mnoho dal\u0161\u00edch \u2713 Rychle, snadno a bezpe\u010dn\u011b!","og_url":"https:\/\/lottohoy.com\/cs\/","og_site_name":"Lottohoy","article_modified_time":"2025-04-02T08:42:18+00:00","twitter_card":"summary_large_image","twitter_misc":{"Odhadovan\u00e1 doba \u010dten\u00ed":"5 minut"},"schema":{"@context":"https:\/\/schema.org","@graph":[{"@type":"WebPage","@id":"https:\/\/lottohoy.com\/cs\/","url":"https:\/\/lottohoy.com\/cs\/","name":"Kupte si losy a vyhrajte nejv\u011bt\u0161\u00ed sv\u011btov\u00e9 jackpoty","isPartOf":{"@id":"https:\/\/lottohoy.com\/cs\/#website"},"datePublished":"2018-05-03T13:23:31+00:00","dateModified":"2025-04-02T08:42:18+00:00","description":"Dom\u016f. Nakupte nejobl\u00edben\u011bj\u0161\u00ed loterie na LottoHoy. Vyhrajte nejv\u011bt\u0161\u00ed jackpoty EuroMillions, Powerball, MegaMillions a mnoho dal\u0161\u00edch \u2713 Rychle, snadno a bezpe\u010dn\u011b!","breadcrumb":{"@id":"https:\/\/lottohoy.com\/cs\/#breadcrumb"},"inLanguage":"cs","potentialAction":[{"@type":"ReadAction","target":["https:\/\/lottohoy.com\/cs\/"]}]},{"@type":"BreadcrumbList","@id":"https:\/\/lottohoy.com\/cs\/#breadcrumb","itemListElement":[{"@type":"ListItem","position":1,"name":"Home","item":"https:\/\/lottohoy.com\/cs\/"},{"@type":"ListItem","position":2,"name":"Dom\u016f"}]},{"@type":"WebSite","@id":"https:\/\/lottohoy.com\/cs\/#website","url":"https:\/\/lottohoy.com\/cs\/","name":"Lottohoy","description":"","potentialAction":[{"@type":"SearchAction","target":{"@type":"EntryPoint","urlTemplate":"https:\/\/lottohoy.com\/cs\/?s={search_term_string}"},"query-input":{"@type":"PropertyValueSpecification","valueRequired":true,"valueName":"search_term_string"}}],"inLanguage":"cs"}]}},"_links":{"self":[{"href":"https:\/\/lottohoy.com\/cs\/wp-json\/wp\/v2\/pages\/16595","targetHints":{"allow":["GET"]}}],"collection":[{"href":"https:\/\/lottohoy.com\/cs\/wp-json\/wp\/v2\/pages"}],"about":[{"href":"https:\/\/lottohoy.com\/cs\/wp-json\/wp\/v2\/types\/page"}],"author":[{"embeddable":true,"href":"https:\/\/lottohoy.com\/cs\/wp-json\/wp\/v2\/users\/7"}],"replies":[{"embeddable":true,"href":"https:\/\/lottohoy.com\/cs\/wp-json\/wp\/v2\/comments?post=16595"}],"version-history":[{"count":6,"href":"https:\/\/lottohoy.com\/cs\/wp-json\/wp\/v2\/pages\/16595\/revisions"}],"predecessor-version":[{"id":17870,"href":"https:\/\/lottohoy.com\/cs\/wp-json\/wp\/v2\/pages\/16595\/revisions\/17870"}],"wp:attachment":[{"href":"https:\/\/lottohoy.com\/cs\/wp-json\/wp\/v2\/media?parent=16595"}],"curies":[{"name":"wp","href":"https:\/\/api.w.org\/{rel}","templated":true}]}}