{"id":16577,"date":"2018-05-03T14:23:25","date_gmt":"2018-05-03T13:23:25","guid":{"rendered":"https:\/\/lottohoy.com\/?page_id=16577"},"modified":"2025-03-30T12:04:36","modified_gmt":"2025-03-30T11:04:36","slug":"hrat","status":"publish","type":"page","link":"https:\/\/lottohoy.com\/cs\/hrat\/","title":{"rendered":"Hr\u00e1t loterie"},"content":{"rendered":"<h2>N\u00e1kup los\u016f do jak\u00e9koli online loterie na Lottohoy je jednoduch\u00fd, rychl\u00fd a bezpe\u010dn\u00fd.<\/h2>\n<p>Je to jednoduch\u00e9, proto\u017ee n\u00e1kup m\u016f\u017eete prov\u00e9st odkudkoliv, sta\u010d\u00ed m\u00edt p\u0159ipojen\u00ed k internetu prost\u0159ednictv\u00edm mobilu, tabletu nebo po\u010d\u00edta\u010de.<br \/>\nje to rychl\u00e9. B\u011bhem n\u011bkolika sekund m\u016f\u017eete hr\u00e1t jakoukoli loterii, kterou chcete, ze \u0161irok\u00e9 \u0161k\u00e1ly loteri\u00ed nab\u00edzen\u00fdch LottoHoy. Sta\u010d\u00ed si vybrat sv\u00e1 obl\u00edben\u00e1 \u010d\u00edsla a nakoupit zp\u016fsobem platby, kter\u00fd v\u00e1m nejl\u00e9pe vyhovuje\u2026 To je v\u0161e! Va\u0161e v\u00fdhern\u00ed kombinace je na cest\u011b!<br \/>\nJe to bezpe\u010dn\u00e9, proto\u017ee jakmile je n\u00e1kup proveden, prom\u00edtne se do u\u017eivatelsk\u00e9ho \u00fa\u010dtu, dokud neprob\u011bhne slosov\u00e1n\u00ed a elektronick\u00e9 potvrzen\u00ed.Vytvo\u0159te si \u00fa\u010det je\u0161t\u011b dnes a za\u010dn\u011bte s n\u00e1mi hr\u00e1t!<br \/>\nJak hr\u00e1t loterii online<\/p>\n<p>V LottoHoy je k dispozici obrovsk\u00fd v\u00fdb\u011br denn\u00edch loteri\u00ed. M\u016f\u017eete si vybrat, kter\u00e9 se chcete z\u00fa\u010dastnit, a k dispozici je \u0161irok\u00e1 \u0161k\u00e1la informac\u00ed a loterijn\u00edch statistik, kter\u00e9 v\u00e1m pomohou vybrat si s\u00e1zku a pochopit vlastnosti a pravidla hry.<\/p>\n<p>Kombinaci \u010d\u00edsel, kter\u00e1 chcete hr\u00e1t, si m\u016f\u017eete vybrat ru\u010dn\u011b v\u00fdb\u011brem \u010d\u00edsel, nebo m\u016f\u017eete tak\u00e9 ponechat funkci rychl\u00e9ho v\u00fdb\u011bru loterie, kter\u00e1 \u010d\u00edsla a koule vybere n\u00e1hodn\u011b.<\/p>\n<p>Jakmile je hra definov\u00e1na, sta\u010d\u00ed p\u0159istoupit k platb\u011b. M\u00e1me k dispozici \u0161irokou \u0161k\u00e1lu platebn\u00edch metod, abychom vyhov\u011bli pot\u0159eb\u00e1m v\u0161ech hr\u00e1\u010d\u016f.<\/p>\n<h2>Jak z\u00edskat v\u00fdhry v loterii<\/h2>\n<p>Po losov\u00e1n\u00ed loterie jsou v\u0161echny v\u00fdhry okam\u017eit\u011b vlo\u017eeny na \u00fa\u010det u\u017eivatele, tak\u017ee jsou okam\u017eit\u011b k dispozici.<\/p>\n<p>Jsou-li v\u00fdhry vysok\u00e9, je klientovi doporu\u010deno nejlep\u0161\u00ed pr\u00e1vn\u00ed \u0159e\u0161en\u00ed, aby tyto ceny z\u00edskal.<\/p>\n<p>Ka\u017ed\u00e1 loterie se \u0159\u00edd\u00ed da\u0148ov\u00fdm pr\u00e1vem zem\u011b, kde je organizov\u00e1na, proto\u017ee mohou existovat fisk\u00e1ln\u00ed a jin\u00e9 n\u00e1klady, kter\u00e9 mohou ovlivnit ud\u011blen\u00e9 \u010d\u00e1stky.<\/p>\n<p>V\u00fdhody hran\u00ed online loterie<br \/>\n\u00daspora \u010dasu je mo\u017en\u00e1 nejv\u011bt\u0161\u00ed v\u00fdhodou, kterou nab\u00edz\u00ed online hran\u00ed loterie.<br \/>\nProst\u0159ednictv\u00edm LottoHoy si m\u016f\u017eete koupit vstupenky 24 hodin denn\u011b, 7 dn\u00ed v t\u00fddnu a 365 dn\u00ed v roce, bez dovolen\u00fdch nebo rozvrh\u016f.<br \/>\nDostupnost \u0161irok\u00e9 \u0161k\u00e1ly loteri\u00ed online z cel\u00e9ho sv\u011bta. Loterie, kter\u00e9 nab\u00edzej\u00ed nejlep\u0161\u00ed jackpoty.<br \/>\nMo\u017enost hr\u00e1t odkudkoli a kdykoli, doma, v pr\u00e1ci, p\u0159i \u010dek\u00e1n\u00ed na autobus nebo za jak\u00fdchkoli okolnost\u00ed va\u0161eho ka\u017edodenn\u00edho \u017eivota. M\u00edt z\u00e1kladn\u00ed p\u0159ipojen\u00ed k internetu z jak\u00e9hokoli typu za\u0159\u00edzen\u00ed: mobil, tablet nebo po\u010d\u00edta\u010d.<br \/>\njistotu, \u017ee o cenu nep\u0159ijdete, proto\u017ee jste ztratili tiket, proto\u017ee nebyl zkontrolov\u00e1n v\u00fdsledek slosov\u00e1n\u00ed nebo vypr\u0161ela lh\u016fta pro jeho uplatn\u011bn\u00ed.<br \/>\nZakoupen\u00e9 vstupenky se projev\u00ed v\u00a0u\u017eivatelsk\u00e9m \u00fa\u010dtu i\u00a0dal\u0161\u00ed transakce.<br \/>\nV p\u0159\u00edpad\u011b v\u00fdhry ceny se vyhran\u00e1 \u010d\u00e1stka okam\u017eit\u011b p\u0159ip\u00ed\u0161e na z\u016fstatek u\u017eivatele.<br \/>\nZkontrolujte v\u00fdsledky a v\u00fdhern\u00ed kombinace nejv\u011bt\u0161\u00edch loteri\u00ed v re\u00e1ln\u00e9m \u010dase.<\/p>\n<h2>\nKdo m\u016f\u017ee hr\u00e1t loterii online?<\/h2>\n<p>Ka\u017ed\u00fd m\u016f\u017ee hr\u00e1t na LottoHoy! Zem\u011b va\u0161eho pobytu nen\u00ed nep\u0159\u00edjemn\u00e1, i kdy\u017e to d\u011bl\u00e1te z druh\u00e9ho konce sv\u011bta. Pokud jste ze \u0160v\u00e9dska, Finska, \u0160pan\u011blska, Francie, Ji\u017en\u00ed Afriky, Austr\u00e1lie, v\u0161ichni jsou v\u00edt\u00e1ni! Sta\u010d\u00ed se zaregistrovat a za\u010d\u00edt hr\u00e1t loterii!<\/p>\n<p>Zvy\u0161te sv\u00e9 \u0161ance na v\u00fdhru n\u00e1kupem vstupenek online nikdy nebylo tak snadn\u00e9.<\/p>\n<h2>Jak\u00e9 loterie lze hr\u00e1t na Lottohoy?<\/h2>\n<p>Na t\u00e9to loterijn\u00ed str\u00e1nce si m\u016f\u017eete koupit losy pro nejv\u011bt\u0161\u00ed loterie na sv\u011bt\u011b a zv\u00fd\u0161it sv\u00e9 \u0161ance na v\u00fdhru kter\u00e9hokoli z milion\u00e1\u0159sk\u00fdch jackpot\u016f, kter\u00e9 nab\u00edz\u00edme: Hrajte USA Powerball, MegaMillions, UK Lotto, Euromillions, Eurojackpot, California Superlotto, Oz Powerball, New York Lotto a mnoho dal\u0161\u00edch.<\/p>\n<h2>Kupte si ofici\u00e1ln\u00ed losy<\/h2>\n<p>Kdy\u017e hrajete loterii v LottoHoy, kupujete si ofici\u00e1ln\u00ed losy do loterie a ve sv\u00e9m u\u017eivatelsk\u00e9m profilu budete moci vid\u011bt naskenovanou kopii sv\u00e9ho losu z USA Powerball, megamilion\u016f, Euromilion\u016f nebo jak\u00e9hokoli jin\u00e9ho loto.<\/p>\n<p>LottoHoy je loterijn\u00ed concierge nab\u00edzej\u00edc\u00ed \u0161irokou \u0161k\u00e1lu loteri\u00ed. Nenab\u00edz\u00edme loterijn\u00ed s\u00e1zen\u00ed.<\/p>\n","protected":false},"excerpt":{"rendered":"<p>N\u00e1kup los\u016f do jak\u00e9koli online loterie na Lottohoy je jednoduch\u00fd, rychl\u00fd a bezpe\u010dn\u00fd. Je to jednoduch\u00e9, proto\u017ee n\u00e1kup m\u016f\u017eete prov\u00e9st odkudkoliv, sta\u010d\u00ed m\u00edt p\u0159ipojen\u00ed k internetu prost\u0159ednictv\u00edm mobilu, tabletu nebo po\u010d\u00edta\u010de. je to rychl\u00e9. B\u011bhem n\u011bkolika sekund m\u016f\u017eete hr\u00e1t jakoukoli loterii, kterou chcete, ze \u0161irok\u00e9 \u0161k\u00e1ly loteri\u00ed nab\u00edzen\u00fdch LottoHoy. Sta\u010d\u00ed si vybrat sv\u00e1 obl\u00edben\u00e1 \u010d\u00edsla [&hellip;]<\/p>\n","protected":false},"author":7,"featured_media":0,"parent":0,"menu_order":2,"comment_status":"closed","ping_status":"closed","template":"Play-all.php","meta":{"_et_pb_use_builder":"","_et_pb_old_content":"","_et_gb_content_width":"","exclude_from_search":false,"footnotes":""},"class_list":["post-16577","page","type-page","status-publish","hentry"],"yoast_head":"<!-- This site is optimized with the Yoast SEO plugin v23.7 - https:\/\/yoast.com\/wordpress\/plugins\/seo\/ -->\n<title>\u25b7 Zahrajte si loterii online | Online loterijn\u00ed hry - LottoHoy<\/title>\n<meta name=\"description\" content=\"V LottoHoy nab\u00edz\u00edme obrovsk\u00fd v\u00fdb\u011br mezin\u00e1rodn\u00edch loterijn\u00edch her. Nau\u010dte se je hr\u00e1t, vyberte si svou obl\u00edbenou loterii a spl\u0148te si sv\u00e9 sny!\" \/>\n<meta name=\"robots\" content=\"index, follow, max-snippet:-1, max-image-preview:large, max-video-preview:-1\" \/>\n<link rel=\"canonical\" href=\"https:\/\/lottohoy.com\/cs\/hrat\/\" \/>\n<meta property=\"og:locale\" content=\"cs_CZ\" \/>\n<meta property=\"og:type\" content=\"article\" \/>\n<meta property=\"og:title\" content=\"\u25b7 Zahrajte si loterii online | Online loterijn\u00ed hry - LottoHoy\" \/>\n<meta property=\"og:description\" content=\"V LottoHoy nab\u00edz\u00edme obrovsk\u00fd v\u00fdb\u011br mezin\u00e1rodn\u00edch loterijn\u00edch her. Nau\u010dte se je hr\u00e1t, vyberte si svou obl\u00edbenou loterii a spl\u0148te si sv\u00e9 sny!\" \/>\n<meta property=\"og:url\" content=\"https:\/\/lottohoy.com\/cs\/hrat\/\" \/>\n<meta property=\"og:site_name\" content=\"Lottohoy\" \/>\n<meta property=\"article:modified_time\" content=\"2025-03-30T11:04:36+00:00\" \/>\n<meta name=\"twitter:card\" content=\"summary_large_image\" \/>\n<meta name=\"twitter:label1\" content=\"Odhadovan\u00e1 doba \u010dten\u00ed\" \/>\n\t<meta name=\"twitter:data1\" content=\"3 minuty\" \/>\n<script type=\"application\/ld+json\" class=\"yoast-schema-graph\">{\"@context\":\"https:\/\/schema.org\",\"@graph\":[{\"@type\":\"WebPage\",\"@id\":\"https:\/\/lottohoy.com\/cs\/hrat\/\",\"url\":\"https:\/\/lottohoy.com\/cs\/hrat\/\",\"name\":\"\u25b7 Zahrajte si loterii online | Online loterijn\u00ed hry - LottoHoy\",\"isPartOf\":{\"@id\":\"https:\/\/lottohoy.com\/cs\/#website\"},\"datePublished\":\"2018-05-03T13:23:25+00:00\",\"dateModified\":\"2025-03-30T11:04:36+00:00\",\"description\":\"V LottoHoy nab\u00edz\u00edme obrovsk\u00fd v\u00fdb\u011br mezin\u00e1rodn\u00edch loterijn\u00edch her. Nau\u010dte se je hr\u00e1t, vyberte si svou obl\u00edbenou loterii a spl\u0148te si sv\u00e9 sny!\",\"breadcrumb\":{\"@id\":\"https:\/\/lottohoy.com\/cs\/hrat\/#breadcrumb\"},\"inLanguage\":\"cs\",\"potentialAction\":[{\"@type\":\"ReadAction\",\"target\":[\"https:\/\/lottohoy.com\/cs\/hrat\/\"]}]},{\"@type\":\"BreadcrumbList\",\"@id\":\"https:\/\/lottohoy.com\/cs\/hrat\/#breadcrumb\",\"itemListElement\":[{\"@type\":\"ListItem\",\"position\":1,\"name\":\"Home\",\"item\":\"https:\/\/lottohoy.com\/cs\/\"},{\"@type\":\"ListItem\",\"position\":2,\"name\":\"Hr\u00e1t loterie\"}]},{\"@type\":\"WebSite\",\"@id\":\"https:\/\/lottohoy.com\/cs\/#website\",\"url\":\"https:\/\/lottohoy.com\/cs\/\",\"name\":\"Lottohoy\",\"description\":\"\",\"potentialAction\":[{\"@type\":\"SearchAction\",\"target\":{\"@type\":\"EntryPoint\",\"urlTemplate\":\"https:\/\/lottohoy.com\/cs\/?s={search_term_string}\"},\"query-input\":{\"@type\":\"PropertyValueSpecification\",\"valueRequired\":true,\"valueName\":\"search_term_string\"}}],\"inLanguage\":\"cs\"}]}<\/script>\n<!-- \/ Yoast SEO plugin. -->","yoast_head_json":{"title":"\u25b7 Zahrajte si loterii online | Online loterijn\u00ed hry - LottoHoy","description":"V LottoHoy nab\u00edz\u00edme obrovsk\u00fd v\u00fdb\u011br mezin\u00e1rodn\u00edch loterijn\u00edch her. Nau\u010dte se je hr\u00e1t, vyberte si svou obl\u00edbenou loterii a spl\u0148te si sv\u00e9 sny!","robots":{"index":"index","follow":"follow","max-snippet":"max-snippet:-1","max-image-preview":"max-image-preview:large","max-video-preview":"max-video-preview:-1"},"canonical":"https:\/\/lottohoy.com\/cs\/hrat\/","og_locale":"cs_CZ","og_type":"article","og_title":"\u25b7 Zahrajte si loterii online | Online loterijn\u00ed hry - LottoHoy","og_description":"V LottoHoy nab\u00edz\u00edme obrovsk\u00fd v\u00fdb\u011br mezin\u00e1rodn\u00edch loterijn\u00edch her. Nau\u010dte se je hr\u00e1t, vyberte si svou obl\u00edbenou loterii a spl\u0148te si sv\u00e9 sny!","og_url":"https:\/\/lottohoy.com\/cs\/hrat\/","og_site_name":"Lottohoy","article_modified_time":"2025-03-30T11:04:36+00:00","twitter_card":"summary_large_image","twitter_misc":{"Odhadovan\u00e1 doba \u010dten\u00ed":"3 minuty"},"schema":{"@context":"https:\/\/schema.org","@graph":[{"@type":"WebPage","@id":"https:\/\/lottohoy.com\/cs\/hrat\/","url":"https:\/\/lottohoy.com\/cs\/hrat\/","name":"\u25b7 Zahrajte si loterii online | Online loterijn\u00ed hry - LottoHoy","isPartOf":{"@id":"https:\/\/lottohoy.com\/cs\/#website"},"datePublished":"2018-05-03T13:23:25+00:00","dateModified":"2025-03-30T11:04:36+00:00","description":"V LottoHoy nab\u00edz\u00edme obrovsk\u00fd v\u00fdb\u011br mezin\u00e1rodn\u00edch loterijn\u00edch her. Nau\u010dte se je hr\u00e1t, vyberte si svou obl\u00edbenou loterii a spl\u0148te si sv\u00e9 sny!","breadcrumb":{"@id":"https:\/\/lottohoy.com\/cs\/hrat\/#breadcrumb"},"inLanguage":"cs","potentialAction":[{"@type":"ReadAction","target":["https:\/\/lottohoy.com\/cs\/hrat\/"]}]},{"@type":"BreadcrumbList","@id":"https:\/\/lottohoy.com\/cs\/hrat\/#breadcrumb","itemListElement":[{"@type":"ListItem","position":1,"name":"Home","item":"https:\/\/lottohoy.com\/cs\/"},{"@type":"ListItem","position":2,"name":"Hr\u00e1t loterie"}]},{"@type":"WebSite","@id":"https:\/\/lottohoy.com\/cs\/#website","url":"https:\/\/lottohoy.com\/cs\/","name":"Lottohoy","description":"","potentialAction":[{"@type":"SearchAction","target":{"@type":"EntryPoint","urlTemplate":"https:\/\/lottohoy.com\/cs\/?s={search_term_string}"},"query-input":{"@type":"PropertyValueSpecification","valueRequired":true,"valueName":"search_term_string"}}],"inLanguage":"cs"}]}},"_links":{"self":[{"href":"https:\/\/lottohoy.com\/cs\/wp-json\/wp\/v2\/pages\/16577","targetHints":{"allow":["GET"]}}],"collection":[{"href":"https:\/\/lottohoy.com\/cs\/wp-json\/wp\/v2\/pages"}],"about":[{"href":"https:\/\/lottohoy.com\/cs\/wp-json\/wp\/v2\/types\/page"}],"author":[{"embeddable":true,"href":"https:\/\/lottohoy.com\/cs\/wp-json\/wp\/v2\/users\/7"}],"replies":[{"embeddable":true,"href":"https:\/\/lottohoy.com\/cs\/wp-json\/wp\/v2\/comments?post=16577"}],"version-history":[{"count":2,"href":"https:\/\/lottohoy.com\/cs\/wp-json\/wp\/v2\/pages\/16577\/revisions"}],"predecessor-version":[{"id":17774,"href":"https:\/\/lottohoy.com\/cs\/wp-json\/wp\/v2\/pages\/16577\/revisions\/17774"}],"wp:attachment":[{"href":"https:\/\/lottohoy.com\/cs\/wp-json\/wp\/v2\/media?parent=16577"}],"curies":[{"name":"wp","href":"https:\/\/api.w.org\/{rel}","templated":true}]}}