{"id":16575,"date":"2024-10-30T14:47:32","date_gmt":"2024-10-30T14:47:32","guid":{"rendered":"https:\/\/lottohoy.com\/proc-si-nemohu-koupit-letenku-ze-sve-zeme\/"},"modified":"2024-10-30T14:47:32","modified_gmt":"2024-10-30T14:47:32","slug":"proc-si-nemohu-koupit-letenku-ze-sve-zeme","status":"publish","type":"page","link":"https:\/\/lottohoy.com\/cs\/proc-si-nemohu-koupit-letenku-ze-sve-zeme\/","title":{"rendered":"Pro\u010d si nemohu koupit letenku ze sv\u00e9 zem\u011b?"},"content":{"rendered":"<p>Z pr\u00e1vn\u00edch d\u016fvod\u016f nem\u016f\u017eeme p\u0159ij\u00edmat z\u00e1kazn\u00edky ze zem\u011b va\u0161eho bydli\u0161t\u011b.<\/p>\n","protected":false},"excerpt":{"rendered":"<p>Z pr\u00e1vn\u00edch d\u016fvod\u016f nem\u016f\u017eeme p\u0159ij\u00edmat z\u00e1kazn\u00edky ze zem\u011b va\u0161eho bydli\u0161t\u011b.<\/p>\n","protected":false},"author":1,"featured_media":0,"parent":0,"menu_order":0,"comment_status":"closed","ping_status":"closed","template":"","meta":{"_et_pb_use_builder":"","_et_pb_old_content":"","_et_gb_content_width":"","exclude_from_search":false,"footnotes":""},"class_list":["post-16575","page","type-page","status-publish","hentry"],"yoast_head":"<!-- This site is optimized with the Yoast SEO plugin v23.7 - https:\/\/yoast.com\/wordpress\/plugins\/seo\/ -->\n<title>Pro\u010d si nemohu koupit letenku ze sv\u00e9 zem\u011b? - Lottohoy<\/title>\n<meta name=\"robots\" content=\"index, follow, max-snippet:-1, max-image-preview:large, max-video-preview:-1\" \/>\n<link rel=\"canonical\" href=\"https:\/\/lottohoy.com\/cs\/proc-si-nemohu-koupit-letenku-ze-sve-zeme\/\" \/>\n<meta property=\"og:locale\" content=\"cs_CZ\" \/>\n<meta property=\"og:type\" content=\"article\" \/>\n<meta property=\"og:title\" content=\"Pro\u010d si nemohu koupit letenku ze sv\u00e9 zem\u011b? - Lottohoy\" \/>\n<meta property=\"og:description\" content=\"Z pr\u00e1vn\u00edch d\u016fvod\u016f nem\u016f\u017eeme p\u0159ij\u00edmat z\u00e1kazn\u00edky ze zem\u011b va\u0161eho bydli\u0161t\u011b.\" \/>\n<meta property=\"og:url\" content=\"https:\/\/lottohoy.com\/cs\/proc-si-nemohu-koupit-letenku-ze-sve-zeme\/\" \/>\n<meta property=\"og:site_name\" content=\"Lottohoy\" \/>\n<meta name=\"twitter:card\" content=\"summary_large_image\" \/>\n<script type=\"application\/ld+json\" class=\"yoast-schema-graph\">{\"@context\":\"https:\/\/schema.org\",\"@graph\":[{\"@type\":\"WebPage\",\"@id\":\"https:\/\/lottohoy.com\/cs\/proc-si-nemohu-koupit-letenku-ze-sve-zeme\/\",\"url\":\"https:\/\/lottohoy.com\/cs\/proc-si-nemohu-koupit-letenku-ze-sve-zeme\/\",\"name\":\"Pro\u010d si nemohu koupit letenku ze sv\u00e9 zem\u011b? - Lottohoy\",\"isPartOf\":{\"@id\":\"https:\/\/lottohoy.com\/cs\/#website\"},\"datePublished\":\"2024-10-30T14:47:32+00:00\",\"dateModified\":\"2024-10-30T14:47:32+00:00\",\"breadcrumb\":{\"@id\":\"https:\/\/lottohoy.com\/cs\/proc-si-nemohu-koupit-letenku-ze-sve-zeme\/#breadcrumb\"},\"inLanguage\":\"cs\",\"potentialAction\":[{\"@type\":\"ReadAction\",\"target\":[\"https:\/\/lottohoy.com\/cs\/proc-si-nemohu-koupit-letenku-ze-sve-zeme\/\"]}]},{\"@type\":\"BreadcrumbList\",\"@id\":\"https:\/\/lottohoy.com\/cs\/proc-si-nemohu-koupit-letenku-ze-sve-zeme\/#breadcrumb\",\"itemListElement\":[{\"@type\":\"ListItem\",\"position\":1,\"name\":\"Home\",\"item\":\"https:\/\/lottohoy.com\/cs\/\"},{\"@type\":\"ListItem\",\"position\":2,\"name\":\"Pro\u010d si nemohu koupit letenku ze sv\u00e9 zem\u011b?\"}]},{\"@type\":\"WebSite\",\"@id\":\"https:\/\/lottohoy.com\/cs\/#website\",\"url\":\"https:\/\/lottohoy.com\/cs\/\",\"name\":\"Lottohoy\",\"description\":\"\",\"potentialAction\":[{\"@type\":\"SearchAction\",\"target\":{\"@type\":\"EntryPoint\",\"urlTemplate\":\"https:\/\/lottohoy.com\/cs\/?s={search_term_string}\"},\"query-input\":{\"@type\":\"PropertyValueSpecification\",\"valueRequired\":true,\"valueName\":\"search_term_string\"}}],\"inLanguage\":\"cs\"}]}<\/script>\n<!-- \/ Yoast SEO plugin. -->","yoast_head_json":{"title":"Pro\u010d si nemohu koupit letenku ze sv\u00e9 zem\u011b? - Lottohoy","robots":{"index":"index","follow":"follow","max-snippet":"max-snippet:-1","max-image-preview":"max-image-preview:large","max-video-preview":"max-video-preview:-1"},"canonical":"https:\/\/lottohoy.com\/cs\/proc-si-nemohu-koupit-letenku-ze-sve-zeme\/","og_locale":"cs_CZ","og_type":"article","og_title":"Pro\u010d si nemohu koupit letenku ze sv\u00e9 zem\u011b? - Lottohoy","og_description":"Z pr\u00e1vn\u00edch d\u016fvod\u016f nem\u016f\u017eeme p\u0159ij\u00edmat z\u00e1kazn\u00edky ze zem\u011b va\u0161eho bydli\u0161t\u011b.","og_url":"https:\/\/lottohoy.com\/cs\/proc-si-nemohu-koupit-letenku-ze-sve-zeme\/","og_site_name":"Lottohoy","twitter_card":"summary_large_image","schema":{"@context":"https:\/\/schema.org","@graph":[{"@type":"WebPage","@id":"https:\/\/lottohoy.com\/cs\/proc-si-nemohu-koupit-letenku-ze-sve-zeme\/","url":"https:\/\/lottohoy.com\/cs\/proc-si-nemohu-koupit-letenku-ze-sve-zeme\/","name":"Pro\u010d si nemohu koupit letenku ze sv\u00e9 zem\u011b? - Lottohoy","isPartOf":{"@id":"https:\/\/lottohoy.com\/cs\/#website"},"datePublished":"2024-10-30T14:47:32+00:00","dateModified":"2024-10-30T14:47:32+00:00","breadcrumb":{"@id":"https:\/\/lottohoy.com\/cs\/proc-si-nemohu-koupit-letenku-ze-sve-zeme\/#breadcrumb"},"inLanguage":"cs","potentialAction":[{"@type":"ReadAction","target":["https:\/\/lottohoy.com\/cs\/proc-si-nemohu-koupit-letenku-ze-sve-zeme\/"]}]},{"@type":"BreadcrumbList","@id":"https:\/\/lottohoy.com\/cs\/proc-si-nemohu-koupit-letenku-ze-sve-zeme\/#breadcrumb","itemListElement":[{"@type":"ListItem","position":1,"name":"Home","item":"https:\/\/lottohoy.com\/cs\/"},{"@type":"ListItem","position":2,"name":"Pro\u010d si nemohu koupit letenku ze sv\u00e9 zem\u011b?"}]},{"@type":"WebSite","@id":"https:\/\/lottohoy.com\/cs\/#website","url":"https:\/\/lottohoy.com\/cs\/","name":"Lottohoy","description":"","potentialAction":[{"@type":"SearchAction","target":{"@type":"EntryPoint","urlTemplate":"https:\/\/lottohoy.com\/cs\/?s={search_term_string}"},"query-input":{"@type":"PropertyValueSpecification","valueRequired":true,"valueName":"search_term_string"}}],"inLanguage":"cs"}]}},"_links":{"self":[{"href":"https:\/\/lottohoy.com\/cs\/wp-json\/wp\/v2\/pages\/16575","targetHints":{"allow":["GET"]}}],"collection":[{"href":"https:\/\/lottohoy.com\/cs\/wp-json\/wp\/v2\/pages"}],"about":[{"href":"https:\/\/lottohoy.com\/cs\/wp-json\/wp\/v2\/types\/page"}],"author":[{"embeddable":true,"href":"https:\/\/lottohoy.com\/cs\/wp-json\/wp\/v2\/users\/1"}],"replies":[{"embeddable":true,"href":"https:\/\/lottohoy.com\/cs\/wp-json\/wp\/v2\/comments?post=16575"}],"version-history":[{"count":0,"href":"https:\/\/lottohoy.com\/cs\/wp-json\/wp\/v2\/pages\/16575\/revisions"}],"wp:attachment":[{"href":"https:\/\/lottohoy.com\/cs\/wp-json\/wp\/v2\/media?parent=16575"}],"curies":[{"name":"wp","href":"https:\/\/api.w.org\/{rel}","templated":true}]}}